{"id":101,"date":"2013-12-10T10:00:25","date_gmt":"2013-12-10T09:00:25","guid":{"rendered":"http:\/\/tothbalint.tk\/arcus\/hun\/?page_id=101"},"modified":"2014-01-29T15:30:53","modified_gmt":"2014-01-29T14:30:53","slug":"zold-napok-a-kornyezet-es-termeszetvedelemben","status":"publish","type":"page","link":"https:\/\/arcus.org.rs\/hun\/zold-napok-a-kornyezet-es-termeszetvedelemben\/","title":{"rendered":"Z\u00f6ld napok a k\u00f6rnyezet- \u00e9s term\u00e9szetv\u00e9delemben"},"content":{"rendered":"<p><span style=\"font-size: 14px;\">Febru\u00e1r 2. &#8211; A Vizes \u00c9l\u0151helyek Vil\u00e1gnapja<\/span><\/p>\n<p>M\u00e1rcius 6. &#8211; Nemzetk\u00f6zi Energiatakar\u00e9koss\u00e1gi Vil\u00e1gnap<\/p>\n<p>M\u00e1rcius 22. &#8211; A V\u00edz Vil\u00e1gnapja<\/p>\n<p>M\u00e1rcius 23. &#8211; Meteorol\u00f3giai Vil\u00e1gnap<\/p>\n<p>\u00c1prilis 18. &#8211; M\u0171eml\u00e9kv\u00e9delmi Vil\u00e1gnap<\/p>\n<p>\u00c1prilis 22. &#8211; A F\u00f6ld Napja<\/p>\n<p>M\u00e1jus 10. &#8211; Madarak \u00e9s F\u00e1k Napja<\/p>\n<p>M\u00e1jus 15. &#8211; Nemzetk\u00f6zi Kl\u00edma Akci\u00f3nap<\/p>\n<p>M\u00e1jus 22. &#8211; Biol\u00f3giai Sokf\u00e9les\u00e9g Nemzetk\u00f6zi Napja<\/p>\n<p>M\u00e1jus 24. &#8211; Eur\u00f3pai Nemzeti Parkok Napja<\/p>\n<p>J\u00fanius 5. &#8211; K\u00f6rnyezetv\u00e9delmi Vil\u00e1gnap<\/p>\n<p>J\u00fanius 8. &#8211; Az \u00d3ce\u00e1nok Vil\u00e1gnapja<\/p>\n<p>J\u00falius 1. &#8211; \u00c9p\u00edt\u00e9szeti Vil\u00e1gnap<\/p>\n<p>Szeptember 16. &#8211; Az \u00d3zonr\u00e9teg V\u00e9delm\u00e9nek Napja<\/p>\n<p>Szeptember 22. &#8211; Eur\u00f3pai Aut\u00f3mentes Nap<\/p>\n<p>Szeptember 3. szombatja &#8211; Takar\u00edt\u00e1si Vil\u00e1gnap<\/p>\n<p>Szeptember 26. &#8211; A Tiszta Hegyek Napja<\/p>\n<p>Okt\u00f3ber 1. &#8211; Habitat Vil\u00e1gnap<\/p>\n<p>Okt\u00f3ber 4. &#8211; Az \u00c1llatok Vil\u00e1gnapja<\/p>\n<p>Okt\u00f3ber 21. &#8211; F\u00f6ld\u00fcnk\u00e9rt Vil\u00e1gnap<\/p>\n<p>November 29. &#8211; \u201eNe v\u00e1s\u00e1rolj semmit\u201d Nap<\/p>\n<p>December 29. &#8211; Biodiverzit\u00e1s V\u00e9delm\u00e9nek Vil\u00e1gnapja<\/p>\n<div class=\"fcbkbttn_buttons_block\" id=\"fcbkbttn_left\"><div class=\"fcbkbttn_like \"><fb:like href=\"https:\/\/arcus.org.rs\/hun\/zold-napok-a-kornyezet-es-termeszetvedelemben\/\" action=\"like\" colorscheme=\"light\" layout=\"standard\" show-faces='false' width=\"450px\" size=\"small\"><\/fb:like><\/div><\/div>","protected":false},"excerpt":{"rendered":"<p>Febru\u00e1r 2. &#8211; A Vizes \u00c9l\u0151helyek Vil\u00e1gnapja M\u00e1rcius 6. &#8211; Nemzetk\u00f6zi Energiatakar\u00e9koss\u00e1gi Vil\u00e1gnap M\u00e1rcius 22. &#8211; A V\u00edz Vil\u00e1gnapja M\u00e1rcius 23. &#8211; Meteorol\u00f3giai Vil\u00e1gnap \u00c1prilis 18. &#8211; M\u0171eml\u00e9kv\u00e9delmi Vil\u00e1gnap \u00c1prilis 22. &#8211; A F\u00f6ld Napja M\u00e1jus 10. &#8211; Madarak \u00e9s&hellip; <\/p>\n","protected":false},"author":2,"featured_media":0,"parent":0,"menu_order":0,"comment_status":"closed","ping_status":"open","template":"","meta":{"_mi_skip_tracking":false,"spay_email":""},"jetpack_shortlink":"https:\/\/wp.me\/P40Haz-1D","jetpack_sharing_enabled":true,"jetpack_likes_enabled":false,"_links":{"self":[{"href":"https:\/\/arcus.org.rs\/hun\/wp-json\/wp\/v2\/pages\/101"}],"collection":[{"href":"https:\/\/arcus.org.rs\/hun\/wp-json\/wp\/v2\/pages"}],"about":[{"href":"https:\/\/arcus.org.rs\/hun\/wp-json\/wp\/v2\/types\/page"}],"author":[{"embeddable":true,"href":"https:\/\/arcus.org.rs\/hun\/wp-json\/wp\/v2\/users\/2"}],"replies":[{"embeddable":true,"href":"https:\/\/arcus.org.rs\/hun\/wp-json\/wp\/v2\/comments?post=101"}],"version-history":[{"count":0,"href":"https:\/\/arcus.org.rs\/hun\/wp-json\/wp\/v2\/pages\/101\/revisions"}],"wp:attachment":[{"href":"https:\/\/arcus.org.rs\/hun\/wp-json\/wp\/v2\/media?parent=101"}],"curies":[{"name":"wp","href":"https:\/\/api.w.org\/{rel}","templated":true}]}}