{"id":103,"date":"2013-12-10T10:05:28","date_gmt":"2013-12-10T09:05:28","guid":{"rendered":"http:\/\/tothbalint.tk\/arcus\/hun\/?page_id=103"},"modified":"2014-01-29T14:18:20","modified_gmt":"2014-01-29T13:18:20","slug":"partnereink","status":"publish","type":"page","link":"https:\/\/arcus.org.rs\/hun\/partnereink\/","title":{"rendered":"Partnereink"},"content":{"rendered":"<h2 style=\"text-align: center;\">Topolyai M\u00fazeum<\/h2>\n<p><em>Sz\u00e9khely: Topolya, Szerbia<\/em><\/p>\n<p style=\"text-align: justify;\"><a href=\"http:\/\/arcustest2.dreamhosters.com\/hun\/wp-content\/uploads\/2013\/12\/muzeum.png\"><img loading=\"lazy\" class=\"alignleft  wp-image-263\" alt=\"Topolyai M\u00fazeum\" src=\"http:\/\/arcustest2.dreamhosters.com\/hun\/wp-content\/uploads\/2013\/12\/muzeum.png\" width=\"248\" height=\"199\" \/><\/a>A Topolyai M\u00fazeum, a szabadkai V\u00e1rosi M\u00fazeum kihelyezett r\u00e9szlegek\u00e9nt, 2002 szeptember\u00e9ben kezdte meg munk\u00e1j\u00e1t a v\u00e1rost alap\u00edt\u00f3 Kray csal\u00e1d 1802-ben \u00e9p\u00fclt b\u00e1r\u00f3i kast\u00e9ly\u00e1ban. A m\u00fazeumban biol\u00f3giai, r\u00e9g\u00e9szeti, helyt\u00f6rt\u00e9neti, irodalmi \u00e9s k\u00e9pz\u0151m\u0171v\u00e9szeti \u00e1lland\u00f3 ki\u00e1ll\u00edt\u00e1s tal\u00e1lhat\u00f3. A t\u00e1rlatn\u00e9z\u0151k betekint\u00e9st nyerhetnek a B\u00e1cs\u00e9r partj\u00e1nak \u00e9l\u0151vil\u00e1g\u00e1ba, a k\u00f6rny\u00e9k \u0151s-, szarmata-, avar- \u00e9s k\u00f6z\u00e9pkori r\u00e9g\u00e9szeti lel\u0151helyeinek anyag\u00e1ba, valamint k\u00e9pz\u0151m\u0171v\u00e9szeink \u00e9s irodalm\u00e1raink munk\u00e1ss\u00e1g\u00e1ba. Bekukkanthatnak dr. Harkai Imre \u00e9p\u00edt\u00e9sz k\u00f6nyvt\u00e1r\u00e1ba, \u00e9s megismerkedhetnek dr. Hadzsy J\u00e1nos orvos eml\u00e9kszob\u00e1j\u00e1val is.<\/p>\n<h2 style=\"text-align: center;\">33. Szent Gell\u00e9rt cserk\u00e9szcsapat<\/h2>\n<p style=\"text-align: left;\"><em>Sz\u00e9khely: Topolya, Szerbia<\/em><\/p>\n<p style=\"text-align: justify;\"><a href=\"http:\/\/arcustest2.dreamhosters.com\/hun\/wp-content\/uploads\/2013\/12\/lobogo.jpg\"><img loading=\"lazy\" class=\"alignleft size-medium wp-image-265\" alt=\"Cserk\u00e9sz lobog\u00f3\" src=\"http:\/\/arcustest2.dreamhosters.com\/hun\/wp-content\/uploads\/2013\/12\/lobogo-214x300.jpg\" width=\"214\" height=\"300\" srcset=\"https:\/\/arcus.org.rs\/hun\/wp-content\/uploads\/2013\/12\/lobogo-214x300.jpg 214w, https:\/\/arcus.org.rs\/hun\/wp-content\/uploads\/2013\/12\/lobogo.jpg 358w\" sizes=\"(max-width: 214px) 100vw, 214px\" \/><\/a>A topolyai 33. sz\u00e1m\u00fa Szent Gell\u00e9rt cserk\u00e9szcsapat 1996-ban alakult meg azzal a c\u00e9llal, amelyet ma m\u00e1r t\u00f6bb mint sz\u00e1z \u00e9ve Sir Robert Baden-Powell angol gener\u00e1lis fogalmazott meg &#8211; \u00f6sszetartsa a fiatalokat \u00e9s testi-lelki n\u00f6veked\u00e9s\u00fckre szolg\u00e1ljon h\u00edv\u0151 k\u00f6z\u00f6ss\u00e9g szellem\u00e9ben. A csapat hossz\u00fa \u00e9vekig fontos szerepet j\u00e1tszott az ifj\u00fas\u00e1g \u00e9let\u00e9ben szervezett programjaival, t\u00far\u00e1kkal, kir\u00e1ndul\u00e1sokkal, t\u00e1borokkal \u00e9s k\u00f6z\u00f6ss\u00e9g\u00e9p\u00edt\u0151 munk\u00e1j\u00e1val. K\u00e9s\u0151bb, sajnos vezet\u0151s\u00e9g hi\u00e1ny\u00e1ban munk\u00e1ja n\u00e9h\u00e1ny \u00e9vre megsz\u0171nt. Ezt k\u00f6vet\u0151en 2012 szeptember\u00e9ben a kezdetekkor felavatott \u201cr\u00e9gi\u201d cserk\u00e9szek friss er\u0151vel \u00e9s lelkesed\u00e9ssel \u00e9lesztett\u00e9k \u00fajj\u00e1 a csapat szellem\u00e9t, melynek l\u00e9tsz\u00e1ma az\u00f3ta folyamatosan gyarapszik.<\/p>\n<div class=\"fcbkbttn_buttons_block\" id=\"fcbkbttn_left\"><div class=\"fcbkbttn_like \"><fb:like href=\"https:\/\/arcus.org.rs\/hun\/partnereink\/\" action=\"like\" colorscheme=\"light\" layout=\"standard\" show-faces='false' width=\"450px\" size=\"small\"><\/fb:like><\/div><\/div>","protected":false},"excerpt":{"rendered":"<p>Topolyai M\u00fazeum Sz\u00e9khely: Topolya, Szerbia A Topolyai M\u00fazeum, a szabadkai V\u00e1rosi M\u00fazeum kihelyezett r\u00e9szlegek\u00e9nt, 2002 szeptember\u00e9ben kezdte meg munk\u00e1j\u00e1t a v\u00e1rost alap\u00edt\u00f3 Kray csal\u00e1d 1802-ben \u00e9p\u00fclt b\u00e1r\u00f3i kast\u00e9ly\u00e1ban. A m\u00fazeumban biol\u00f3giai, r\u00e9g\u00e9szeti, helyt\u00f6rt\u00e9neti, irodalmi \u00e9s k\u00e9pz\u0151m\u0171v\u00e9szeti \u00e1lland\u00f3 ki\u00e1ll\u00edt\u00e1s tal\u00e1lhat\u00f3. A&hellip; <\/p>\n","protected":false},"author":2,"featured_media":0,"parent":0,"menu_order":0,"comment_status":"closed","ping_status":"open","template":"","meta":{"_mi_skip_tracking":false,"spay_email":""},"jetpack_shortlink":"https:\/\/wp.me\/P40Haz-1F","jetpack_sharing_enabled":true,"jetpack_likes_enabled":false,"_links":{"self":[{"href":"https:\/\/arcus.org.rs\/hun\/wp-json\/wp\/v2\/pages\/103"}],"collection":[{"href":"https:\/\/arcus.org.rs\/hun\/wp-json\/wp\/v2\/pages"}],"about":[{"href":"https:\/\/arcus.org.rs\/hun\/wp-json\/wp\/v2\/types\/page"}],"author":[{"embeddable":true,"href":"https:\/\/arcus.org.rs\/hun\/wp-json\/wp\/v2\/users\/2"}],"replies":[{"embeddable":true,"href":"https:\/\/arcus.org.rs\/hun\/wp-json\/wp\/v2\/comments?post=103"}],"version-history":[{"count":0,"href":"https:\/\/arcus.org.rs\/hun\/wp-json\/wp\/v2\/pages\/103\/revisions"}],"wp:attachment":[{"href":"https:\/\/arcus.org.rs\/hun\/wp-json\/wp\/v2\/media?parent=103"}],"curies":[{"name":"wp","href":"https:\/\/api.w.org\/{rel}","templated":true}]}}