{"id":118,"date":"2013-12-10T10:59:00","date_gmt":"2013-12-10T09:59:00","guid":{"rendered":"http:\/\/tothbalint.tk\/arcus\/hun\/?page_id=118"},"modified":"2023-10-25T12:19:01","modified_gmt":"2023-10-25T11:19:01","slug":"gyongybagolyvedelmi-program-2","status":"publish","type":"page","link":"https:\/\/arcus.org.rs\/hun\/gyongybagolyvedelmi-program-2\/","title":{"rendered":"Gy\u00f6ngybagolyv\u00e9delmi Program"},"content":{"rendered":"<div id=\"attachment_4005\" style=\"width: 275px\" class=\"wp-caption alignright\"><a href=\"https:\/\/arcus.org.rs\/hun\/wp-content\/uploads\/2023\/10\/barn.owl_.conservation.programme.logo_.jpg\"><img aria-describedby=\"caption-attachment-4005\" loading=\"lazy\" class=\"wp-image-4005\" title=\"A Gy\u00f6ngybagolyv\u00e9delmi Program log\u00f3ja\" src=\"https:\/\/arcus.org.rs\/hun\/wp-content\/uploads\/2023\/10\/barn.owl_.conservation.programme.logo_-300x300.jpg\" alt=\"A Gy\u00f6ngybagolyv\u00e9delmi Program log\u00f3ja\" width=\"265\" height=\"265\" srcset=\"https:\/\/arcus.org.rs\/hun\/wp-content\/uploads\/2023\/10\/barn.owl_.conservation.programme.logo_-300x300.jpg 300w, https:\/\/arcus.org.rs\/hun\/wp-content\/uploads\/2023\/10\/barn.owl_.conservation.programme.logo_-1024x1024.jpg 1024w, https:\/\/arcus.org.rs\/hun\/wp-content\/uploads\/2023\/10\/barn.owl_.conservation.programme.logo_-150x150.jpg 150w, https:\/\/arcus.org.rs\/hun\/wp-content\/uploads\/2023\/10\/barn.owl_.conservation.programme.logo_-768x768.jpg 768w, https:\/\/arcus.org.rs\/hun\/wp-content\/uploads\/2023\/10\/barn.owl_.conservation.programme.logo_-230x230.jpg 230w, https:\/\/arcus.org.rs\/hun\/wp-content\/uploads\/2023\/10\/barn.owl_.conservation.programme.logo_.jpg 1220w\" sizes=\"(max-width: 265px) 100vw, 265px\" \/><\/a><p id=\"caption-attachment-4005\" class=\"wp-caption-text\">A Gy\u00f6ngybagolyv\u00e9delmi Program log\u00f3ja<\/p><\/div>\n<p style=\"text-align: justify;\">Az Arcus K\u00f6rnyezetv\u00e9d\u0151 Egyes\u00fclet Ornitol\u00f3giai Szakcsoportja \u00e1ltal 2008-ban ind\u00edtott gyakorlati mad\u00e1rv\u00e9delmi tev\u00e9kenys\u00e9ge a Gy\u00f6ngybagolyv\u00e9delmi Program. C\u00e9lja a Topolya \u00e9s Kishegyes k\u00f6zs\u00e9gek ter\u00fclet\u00e9n tal\u00e1lhat\u00f3 telep\u00fcl\u00e9seken, valamint azok k\u00f6rny\u00e9k\u00e9n felm\u00e9rni a <strong>gy\u00f6ngybagoly<\/strong> (<em>Tyto alba<\/em>) \u00e1llom\u00e1ny\u00e1t, \u00e9s v\u00e9delmi int\u00e9zked\u00e9seket foganatos\u00edtani fennmarad\u00e1sa, meg\u0151rz\u00e9se, illetve n\u00f6vel\u00e9se \u00e9rdek\u00e9ben. A program keret\u00e9ben nem csak e k\u00e9t k\u00f6zs\u00e9g ter\u00fclet\u00e9n tal\u00e1lhat\u00f3 telep\u00fcl\u00e9sek ker\u00fcltek felm\u00e9r\u00e9sre, mellett\u00fck a szomsz\u00e9dos k\u00f6zs\u00e9gek k\u00f6zelebb fekv\u0151 falvai \u00e9s tany\u00e1i is szerepelnek a v\u00e9delmi programban.<\/p>\n<div id=\"attachment_4006\" style=\"width: 275px\" class=\"wp-caption alignleft\"><a href=\"https:\/\/arcus.org.rs\/hun\/wp-content\/uploads\/2023\/10\/tyto.alba_.3.Photo_.Sihelnik.J..jpg\"><img aria-describedby=\"caption-attachment-4006\" loading=\"lazy\" class=\"wp-image-4006\" title=\"Gy\u00f6ngybagoly fi\u00f3k\u00e1k (Photo: Sihelnik J\u00f3zsef)\" src=\"https:\/\/arcus.org.rs\/hun\/wp-content\/uploads\/2023\/10\/tyto.alba_.3.Photo_.Sihelnik.J.-300x200.jpg\" alt=\"Gy\u00f6ngybagoly fi\u00f3k\u00e1k (Photo: Sihelnik J\u00f3zsef)\" width=\"265\" height=\"177\" srcset=\"https:\/\/arcus.org.rs\/hun\/wp-content\/uploads\/2023\/10\/tyto.alba_.3.Photo_.Sihelnik.J.-300x200.jpg 300w, https:\/\/arcus.org.rs\/hun\/wp-content\/uploads\/2023\/10\/tyto.alba_.3.Photo_.Sihelnik.J.-768x512.jpg 768w, https:\/\/arcus.org.rs\/hun\/wp-content\/uploads\/2023\/10\/tyto.alba_.3.Photo_.Sihelnik.J..jpg 840w\" sizes=\"(max-width: 265px) 100vw, 265px\" \/><\/a><p id=\"caption-attachment-4006\" class=\"wp-caption-text\">Gy\u00f6ngybagoly fi\u00f3k\u00e1k (Photo: Sihelnik J\u00f3zsef)<\/p><\/div>\n<p style=\"text-align: justify;\">Els\u0151 l\u00e9p\u00e9sk\u00e9nt a gy\u00f6ngybagoly \u00e1llom\u00e1nyfelm\u00e9r\u00e9se zajlott a m\u0171k\u00f6d\u00e9si ter\u00fcleten, majd ennek ismeret\u00e9ben ker\u00fclt kidolgoz\u00e1sra a v\u00e9gleges v\u00e9delmi strat\u00e9gia, melynek kivitelez\u00e9se minden alkalmas f\u00e9szkel\u0151helyen m\u00e1s \u00e9s m\u00e1s lehet. Els\u0151sorban a telep\u00fcl\u00e9sek templomaira, elhagyott, lakatlan tany\u00e1ira, valamint nagyobb gazdas\u00e1gi udvarok \u00e1tvizsg\u00e1l\u00e1s\u00e1ra helyez\u0151d\u00f6tt a hangs\u00faly, mivel vid\u00e9k\u00fcnk\u00f6n e helyek jelentik a gy\u00f6ngybagoly els\u0151dleges, potenci\u00e1lis f\u00e9szkel\u0151helyeit. Nagy k\u00f6r\u00fcltekint\u00e9s mellett, m\u00e1s \u00e9rt\u00e9kes fajok (denev\u00e9rek) jelenl\u00e9t\u00e9nek figyelembev\u00e9tel\u00e9vel ker\u00fcl m\u00e9rlegel\u00e9sre egy-egy f\u00e9szkel\u00e9sre alkalmas, \u00e1m lez\u00e1rt vagy m\u00e1s okb\u00f3l jelenleg a gy\u00f6ngybagoly sz\u00e1m\u00e1ra nem hozz\u00e1f\u00e9rhet\u0151 \u00e9p\u00fclet megnyit\u00e1sa \u00e9s a f\u00e9szkel\u00e9shez sz\u00fcks\u00e9ges hely kialak\u00edt\u00e1sa. V\u00e9delmi int\u00e9zked\u00e9sk\u00e9nt a program sor\u00e1n imm\u00e1r t\u00f6bb mint h\u00fasz, gy\u00f6ngybagoly sz\u00e1m\u00e1ra alkalmas k\u00f6lt\u0151l\u00e1da ker\u00fclt kihelyez\u00e9sre a m\u0171k\u00f6d\u00e9si ter\u00fclethez tartoz\u00f3 telep\u00fcl\u00e9seken \u00e9s azok k\u00f6rny\u00e9k\u00e9n. E mad\u00e1rv\u00e9delmi eszk\u00f6z\u00f6k f\u0151k\u00e9nt tany\u00e1k pajt\u00e1iba, gazdas\u00e1gi \u00e9p\u00fcletek padl\u00e1saira, illetve templomok padl\u00e1s- \u00e9s toronyr\u00e9sz\u00e9be ker\u00fcltek kihelyez\u00e9sre.<\/p>\n<div id=\"attachment_3685\" style=\"width: 275px\" class=\"wp-caption alignright\"><a href=\"https:\/\/arcus.org.rs\/hun\/wp-content\/uploads\/2022\/12\/asio.otus_.Photo_.Sihelnik.J..jpg\"><img aria-describedby=\"caption-attachment-3685\" loading=\"lazy\" class=\"wp-image-3685\" title=\"Erdei f\u00fclesbagoly (Photo: Sihelnik J\u00f3zsef)\" src=\"https:\/\/arcus.org.rs\/hun\/wp-content\/uploads\/2022\/12\/asio.otus_.Photo_.Sihelnik.J.-300x200.jpg\" alt=\"Erdei f\u00fclesbagoly (Photo: Sihelnik J\u00f3zsef)\" width=\"265\" height=\"177\" srcset=\"https:\/\/arcus.org.rs\/hun\/wp-content\/uploads\/2022\/12\/asio.otus_.Photo_.Sihelnik.J.-300x200.jpg 300w, https:\/\/arcus.org.rs\/hun\/wp-content\/uploads\/2022\/12\/asio.otus_.Photo_.Sihelnik.J.-768x512.jpg 768w, https:\/\/arcus.org.rs\/hun\/wp-content\/uploads\/2022\/12\/asio.otus_.Photo_.Sihelnik.J..jpg 840w\" sizes=\"(max-width: 265px) 100vw, 265px\" \/><\/a><p id=\"caption-attachment-3685\" class=\"wp-caption-text\">Erdei f\u00fclesbagoly (Photo: Sihelnik J\u00f3zsef)<\/p><\/div>\n<p style=\"text-align: justify;\">A program keret\u00e9ben nem csak kiz\u00e1r\u00f3lag a gy\u00f6ngybagoly v\u00e9delm\u00e9vel foglalkozunk, felm\u00e9r\u00e9sek folynak a m\u00e1sik jelent\u0151s, telep\u00fcl\u00e9seken \u00e9s azok k\u00f6rny\u00e9k\u00e9n \u00e9l\u0151, \u00e9p\u00fcletlak\u00f3 faj, a <strong>kuvik<\/strong> (<em>Athene noctua<\/em>) v\u00e9delm\u00e9nek \u00e9rdek\u00e9ben is. A terepbej\u00e1r\u00e1sok sor\u00e1n az <strong>erdei f\u00fclesbagoly<\/strong> (<em>Asio otus<\/em>) \u00e9s az ritka <strong>f\u00fcleskuvik<\/strong> (<em>Otus scops<\/em>) sem marad ki a felm\u00e9r\u00e9sekb\u0151l. A k\u00e9zre ker\u00fclt egyedek, valamint a m\u00e9g r\u00f6pk\u00e9ptelen fi\u00f3k\u00e1k minden faj eset\u00e9ben egyedi azonos\u00edt\u00e1sra alkalmas jel\u00f6l\u0151gy\u0171r\u0171t kapnak, melyek seg\u00edts\u00e9g\u00e9vel hossz\u00fat\u00e1von inform\u00e1ci\u00f3k nyerhet\u0151k az egyes egyedek mozg\u00e1smint\u00e1zat\u00e1r\u00f3l \u00e9s \u00e9letkor\u00e1r\u00f3l.<\/p>\n<p style=\"text-align: justify;\">A programban \u00e9rintett telep\u00fcl\u00e9sek \u00e9vente \u00e1tvizsg\u00e1l\u00e1sra ker\u00fclnek az adatok friss\u00edt\u00e9se \u00e9s \u00faj inform\u00e1ci\u00f3k gy\u0171jt\u00e9se c\u00e9lj\u00e1b\u00f3l. A v\u00e9delem ter\u00e9n a lehet\u0151 legnagyobb szakmai k\u00f6r\u00fcltekint\u00e9s, illetve el\u0151rel\u00e1t\u00e1s mellett zajlik a munka.<\/p>\n<div class=\"fcbkbttn_buttons_block\" id=\"fcbkbttn_left\"><div class=\"fcbkbttn_like \"><fb:like href=\"https:\/\/arcus.org.rs\/hun\/gyongybagolyvedelmi-program-2\/\" action=\"like\" colorscheme=\"light\" layout=\"standard\" show-faces='false' width=\"450px\" size=\"small\"><\/fb:like><\/div><\/div>","protected":false},"excerpt":{"rendered":"<p>Az Arcus K\u00f6rnyezetv\u00e9d\u0151 Egyes\u00fclet Ornitol\u00f3giai Szakcsoportja \u00e1ltal 2008-ban ind\u00edtott gyakorlati mad\u00e1rv\u00e9delmi tev\u00e9kenys\u00e9ge a Gy\u00f6ngybagolyv\u00e9delmi Program. C\u00e9lja a Topolya \u00e9s Kishegyes k\u00f6zs\u00e9gek ter\u00fclet\u00e9n tal\u00e1lhat\u00f3 telep\u00fcl\u00e9seken, valamint azok k\u00f6rny\u00e9k\u00e9n felm\u00e9rni a gy\u00f6ngybagoly (Tyto alba) \u00e1llom\u00e1ny\u00e1t, \u00e9s v\u00e9delmi int\u00e9zked\u00e9seket foganatos\u00edtani fennmarad\u00e1sa, meg\u0151rz\u00e9se, illetve&hellip; <\/p>\n","protected":false},"author":2,"featured_media":0,"parent":0,"menu_order":0,"comment_status":"closed","ping_status":"open","template":"","meta":{"_mi_skip_tracking":false,"spay_email":""},"jetpack_shortlink":"https:\/\/wp.me\/P40Haz-1U","jetpack_sharing_enabled":true,"jetpack_likes_enabled":false,"_links":{"self":[{"href":"https:\/\/arcus.org.rs\/hun\/wp-json\/wp\/v2\/pages\/118"}],"collection":[{"href":"https:\/\/arcus.org.rs\/hun\/wp-json\/wp\/v2\/pages"}],"about":[{"href":"https:\/\/arcus.org.rs\/hun\/wp-json\/wp\/v2\/types\/page"}],"author":[{"embeddable":true,"href":"https:\/\/arcus.org.rs\/hun\/wp-json\/wp\/v2\/users\/2"}],"replies":[{"embeddable":true,"href":"https:\/\/arcus.org.rs\/hun\/wp-json\/wp\/v2\/comments?post=118"}],"version-history":[{"count":2,"href":"https:\/\/arcus.org.rs\/hun\/wp-json\/wp\/v2\/pages\/118\/revisions"}],"predecessor-version":[{"id":4007,"href":"https:\/\/arcus.org.rs\/hun\/wp-json\/wp\/v2\/pages\/118\/revisions\/4007"}],"wp:attachment":[{"href":"https:\/\/arcus.org.rs\/hun\/wp-json\/wp\/v2\/media?parent=118"}],"curies":[{"name":"wp","href":"https:\/\/api.w.org\/{rel}","templated":true}]}}