{"id":120,"date":"2013-12-10T10:04:37","date_gmt":"2013-12-10T09:04:37","guid":{"rendered":"http:\/\/tothbalint.tk\/arcus\/hun\/?page_id=120"},"modified":"2023-10-25T22:13:22","modified_gmt":"2023-10-25T21:13:22","slug":"botanikai-szakcsoport","status":"publish","type":"page","link":"https:\/\/arcus.org.rs\/hun\/botanikai-szakcsoport\/","title":{"rendered":"Botanikai Szakcsoport"},"content":{"rendered":"<div id=\"attachment_2109\" style=\"width: 275px\" class=\"wp-caption alignright\"><a href=\"https:\/\/arcus.org.rs\/hun\/wp-content\/uploads\/2018\/10\/astragalus.exscapus.Photo_.Sihelnik.J..jpg\"><img aria-describedby=\"caption-attachment-2109\" loading=\"lazy\" class=\"wp-image-2109\" title=\"Sz\u00e1rtalan cs\u00fcdf\u0171 (Photo: Sihelnik J\u00f3zsef)\" src=\"https:\/\/arcus.org.rs\/hun\/wp-content\/uploads\/2018\/10\/astragalus.exscapus.Photo_.Sihelnik.J.-300x200.jpg\" alt=\"Sz\u00e1rtalan cs\u00fcdf\u0171 (Photo: Sihelnik J\u00f3zsef)\" width=\"265\" height=\"177\" srcset=\"https:\/\/arcus.org.rs\/hun\/wp-content\/uploads\/2018\/10\/astragalus.exscapus.Photo_.Sihelnik.J.-300x200.jpg 300w, https:\/\/arcus.org.rs\/hun\/wp-content\/uploads\/2018\/10\/astragalus.exscapus.Photo_.Sihelnik.J.-768x512.jpg 768w, https:\/\/arcus.org.rs\/hun\/wp-content\/uploads\/2018\/10\/astragalus.exscapus.Photo_.Sihelnik.J..jpg 840w\" sizes=\"(max-width: 265px) 100vw, 265px\" \/><\/a><p id=\"caption-attachment-2109\" class=\"wp-caption-text\">Sz\u00e1rtalan cs\u00fcdf\u0171 (Photo: Sihelnik J\u00f3zsef)<\/p><\/div>\n<p style=\"text-align: justify;\">Az Arcus K\u00f6rnyezetv\u00e9d\u0151 Egyes\u00fclet m\u00e1sodikk\u00e9nt l\u00e9trehozott szakmai jelleg\u0171 csoportja a Botanikai Szakcsoport, melyet 2002-ben egy maroknyi, n\u00f6v\u00e9nyek ir\u00e1nt \u00e9rdekl\u0151d\u0151 ember h\u00edvott \u00e9letre. Term\u00e9szetesen ezen szakcsoport munk\u00e1j\u00e1hoz is b\u00e1rki szabadon csatlakozhatott az egyes\u00fclet tagjai k\u00f6z\u00fcl. Voltak olyanok, akik t\u00f6bb szakcsoport munk\u00e1j\u00e1b\u00f3l is kivett\u00e9k r\u00e9sz\u00fcket. Kezdetben akt\u00edvan folyt a munka, mely els\u0151sorban n\u00f6v\u00e9nytani felm\u00e9r\u00e9sekben \u00e9s botanikai t\u00e9m\u00e1j\u00fa el\u0151ad\u00e1sokban mer\u00fclt ki. A felm\u00e9r\u00e9seknek k\u00f6sz\u00f6nhet\u0151en \u00f6ssze\u00edr\u00e1sra ker\u00fcltek a topolyai v\u00e1rosi park fa- \u00e9s cserjefajai, valamint kezdet\u00e9t vette a Topolyai-t\u00f3 fels\u0151 szakasz\u00e1n tal\u00e1lhat\u00f3 gyepek n\u00f6v\u00e9nyzet\u00e9nek vizsg\u00e1lata. Az\u00f3ta m\u00e1r ezen ter\u00fcletekr\u0151l is k\u00e9sz\u00fcltek fajlist\u00e1k, melyek j\u00f3l t\u00fckr\u00f6zik a l\u00f6szgyepek felbecs\u00fclhetetlen botanikai \u00e9rt\u00e9k\u00e9t.<\/p>\n<div id=\"attachment_2108\" style=\"width: 275px\" class=\"wp-caption alignleft\"><a href=\"https:\/\/arcus.org.rs\/hun\/wp-content\/uploads\/2018\/10\/crocus.reticulatus2.Photo_.Sihelnik.J..jpg\"><img aria-describedby=\"caption-attachment-2108\" loading=\"lazy\" class=\"wp-image-2108\" title=\"Tarka s\u00e1fr\u00e1ny (Photo: Sihelnik J\u00f3zsef)\" src=\"https:\/\/arcus.org.rs\/hun\/wp-content\/uploads\/2018\/10\/crocus.reticulatus2.Photo_.Sihelnik.J.-300x200.jpg\" alt=\"Tarka s\u00e1fr\u00e1ny (Photo: Sihelnik J\u00f3zsef)\" width=\"265\" height=\"177\" srcset=\"https:\/\/arcus.org.rs\/hun\/wp-content\/uploads\/2018\/10\/crocus.reticulatus2.Photo_.Sihelnik.J.-300x200.jpg 300w, https:\/\/arcus.org.rs\/hun\/wp-content\/uploads\/2018\/10\/crocus.reticulatus2.Photo_.Sihelnik.J.-768x512.jpg 768w, https:\/\/arcus.org.rs\/hun\/wp-content\/uploads\/2018\/10\/crocus.reticulatus2.Photo_.Sihelnik.J..jpg 840w\" sizes=\"(max-width: 265px) 100vw, 265px\" \/><\/a><p id=\"caption-attachment-2108\" class=\"wp-caption-text\">Tarka s\u00e1fr\u00e1ny (Photo: Sihelnik J\u00f3zsef)<\/p><\/div>\n<p style=\"text-align: justify;\">A Botanikai Szakcsoport munk\u00e1ja az\u00f3ta is t\u00f6retlen, \u00e1m az ut\u00f3bbi \u00e9vekben ink\u00e1bb csak az egyes\u00fclet ny\u00e1ri t\u00e1boraira, az <a href=\"https:\/\/arcus.org.rs\/hun\/oko-camp\/\"><em>\u00d6KO-CAMP<\/em><\/a> t\u00e1borokra korl\u00e1toz\u00f3dott. Persze itt is nagyon fontos tev\u00e9kenys\u00e9g zajlik, hiszen els\u0151sorban a fiatals\u00e1g n\u00f6v\u00e9nytani ismeret\u00e9t hivatott fejleszteni. A k\u00fcl\u00f6nf\u00e9le term\u00e9szetismereti t\u00far\u00e1k alkalm\u00e1val pedig minden esetben sz\u00f3 esik vid\u00e9k\u00fcnk gazdag n\u00f6v\u00e9nyvil\u00e1g\u00e1r\u00f3l. Kor\u00e1bban n\u00e9pszer\u0171 \u00e9s l\u00e1togatott volt a Biol\u00f3giai Sokf\u00e9les\u00e9g Nemzetk\u00f6zi Napja alkalm\u00e1b\u00f3l szervezett gyalogt\u00fara, m\u00edg \u00fajabban a S\u00e1fr\u00e1ny-t\u00fara \u00e9s a H\u00e9rics-t\u00fara nevet visel\u0151 term\u00e9szetismereti t\u00far\u00e1ink kedveltek a topolyaiak k\u00f6r\u00e9ben.<\/p>\n<div class=\"fcbkbttn_buttons_block\" id=\"fcbkbttn_left\"><div class=\"fcbkbttn_like \"><fb:like href=\"https:\/\/arcus.org.rs\/hun\/botanikai-szakcsoport\/\" action=\"like\" colorscheme=\"light\" layout=\"standard\" show-faces='false' width=\"450px\" size=\"small\"><\/fb:like><\/div><\/div>","protected":false},"excerpt":{"rendered":"<p>Az Arcus K\u00f6rnyezetv\u00e9d\u0151 Egyes\u00fclet m\u00e1sodikk\u00e9nt l\u00e9trehozott szakmai jelleg\u0171 csoportja a Botanikai Szakcsoport, melyet 2002-ben egy maroknyi, n\u00f6v\u00e9nyek ir\u00e1nt \u00e9rdekl\u0151d\u0151 ember h\u00edvott \u00e9letre. Term\u00e9szetesen ezen szakcsoport munk\u00e1j\u00e1hoz is b\u00e1rki szabadon csatlakozhatott az egyes\u00fclet tagjai k\u00f6z\u00fcl. Voltak olyanok, akik t\u00f6bb szakcsoport munk\u00e1j\u00e1b\u00f3l&hellip; <\/p>\n","protected":false},"author":2,"featured_media":0,"parent":0,"menu_order":0,"comment_status":"closed","ping_status":"open","template":"","meta":{"_mi_skip_tracking":false,"spay_email":""},"jetpack_shortlink":"https:\/\/wp.me\/P40Haz-1W","jetpack_sharing_enabled":true,"jetpack_likes_enabled":false,"_links":{"self":[{"href":"https:\/\/arcus.org.rs\/hun\/wp-json\/wp\/v2\/pages\/120"}],"collection":[{"href":"https:\/\/arcus.org.rs\/hun\/wp-json\/wp\/v2\/pages"}],"about":[{"href":"https:\/\/arcus.org.rs\/hun\/wp-json\/wp\/v2\/types\/page"}],"author":[{"embeddable":true,"href":"https:\/\/arcus.org.rs\/hun\/wp-json\/wp\/v2\/users\/2"}],"replies":[{"embeddable":true,"href":"https:\/\/arcus.org.rs\/hun\/wp-json\/wp\/v2\/comments?post=120"}],"version-history":[{"count":3,"href":"https:\/\/arcus.org.rs\/hun\/wp-json\/wp\/v2\/pages\/120\/revisions"}],"predecessor-version":[{"id":4016,"href":"https:\/\/arcus.org.rs\/hun\/wp-json\/wp\/v2\/pages\/120\/revisions\/4016"}],"wp:attachment":[{"href":"https:\/\/arcus.org.rs\/hun\/wp-json\/wp\/v2\/media?parent=120"}],"curies":[{"name":"wp","href":"https:\/\/api.w.org\/{rel}","templated":true}]}}