{"id":1428,"date":"2013-12-10T13:39:59","date_gmt":"2013-12-10T12:39:59","guid":{"rendered":"http:\/\/arcus.org.rs\/hun\/?page_id=1428"},"modified":"2025-10-05T22:09:50","modified_gmt":"2025-10-05T21:09:50","slug":"letoltheto-anyagok","status":"publish","type":"page","link":"https:\/\/arcus.org.rs\/hun\/letoltheto-anyagok\/","title":{"rendered":"Let\u00f6lthet\u0151 anyagok"},"content":{"rendered":"<p style=\"text-align: justify;\">Ezen az oldalon olyan dokumentumokat tesz\u00fcnk k\u00f6zz\u00e9, melyek szabadon let\u00f6lthet\u0151ek \u00e9s terjeszthet\u0151ek. Els\u0151sorban egyes\u00fclet\u00fcnk szakemberei \u00e1ltal \u00f6ssze\u00e1ll\u00edtott anyagok tal\u00e1lhat\u00f3ak itt, \u00e1m m\u00e1s k\u00f6zhaszn\u00fa inform\u00e1ci\u00f3k szint\u00e9n el\u00e9rhet\u0151ek. A let\u00f6lthet\u0151 dokumentumok k\u00f6re folyamatosan b\u0151v\u00fcl!<\/p>\n<p style=\"text-align: justify;\"><strong>A let\u00f6lthet\u0151 anyagok list\u00e1ja:<\/strong><\/p>\n<p>Absztrakt k\u00f6tet- <em><a href=\"https:\/\/arcus.org.rs\/hun\/wp-content\/uploads\/2025\/10\/x_vftt_absztrakt_kotet.pdf\" target=\"_blank\" rel=\"noopener\">X. Vajdas\u00e1gi Fiatal Term\u00e9szetkutat\u00f3k Tal\u00e1lkoz\u00f3ja<\/a> (.pdf) &#8211; 2025. okt\u00f3ber 4.<\/em><\/p>\n<p>Konferenciak\u00f6tet- <a href=\"https:\/\/arcus.org.rs\/hun\/wp-content\/uploads\/2024\/12\/utmenti_keresztek_konferenciakotet.pdf\" target=\"_blank\" rel=\"noopener\"><em>Az \u00fatmenti keresztek jelene \u00e9s j\u00f6v\u0151je Vajdas\u00e1gban<\/em><\/a><em> (.pdf) &#8211; 2024. december 2.<\/em><\/p>\n<p>Absztrakt k\u00f6tet- <em><a href=\"https:\/\/arcus.org.rs\/hun\/wp-content\/uploads\/2024\/10\/ix_vftt_absztrakt_kotet.pdf\" target=\"_blank\" rel=\"noopener\">IX. Vajdas\u00e1gi Fiatal Term\u00e9szetkutat\u00f3k Tal\u00e1lkoz\u00f3ja<\/a><\/em> <em>(.pdf) &#8211; 2024. okt\u00f3ber 5.<\/em><\/p>\n<p>Absztrakt k\u00f6tet-\u00a0<em><a href=\"https:\/\/arcus.org.rs\/hun\/wp-content\/uploads\/2023\/10\/viii_vftt_absztrakt_kotet.pdf\" target=\"_blank\" rel=\"noopener\">VIII. Vajdas\u00e1gi Fiatal Term\u00e9szetkutat\u00f3k Tal\u00e1lkoz\u00f3ja<\/a> (.pdf) &#8211; 2023. okt\u00f3ber 10.<\/em><\/p>\n<p>Absztrakt k\u00f6tet- <em><a href=\"https:\/\/arcus.org.rs\/hun\/wp-content\/uploads\/2022\/10\/vii_vftt_absztrakt_kotet.pdf\" target=\"_blank\" rel=\"noopener\">VII. Vajdas\u00e1gi Fiatal Term\u00e9szetkutat\u00f3k Tal\u00e1lkoz\u00f3ja<\/a> (.pdf) &#8211; 2022. okt\u00f3ber 4.<\/em><\/p>\n<p>Absztrakt k\u00f6tet- <em><a href=\"https:\/\/arcus.org.rs\/hun\/wp-content\/uploads\/2021\/10\/vi_vftt_absztrakt_kotet.pdf\" target=\"_blank\" rel=\"noopener\">VI. Vajdas\u00e1gi Fiatal Term\u00e9szetkutat\u00f3k Tal\u00e1lkoz\u00f3ja<\/a> (.pdf) &#8211; 2021. okt\u00f3ber 5.<\/em><\/p>\n<p>Absztrakt k\u00f6tet- <a href=\"https:\/\/arcus.org.rs\/hun\/wp-content\/uploads\/2020\/10\/v_vftt_absztrakt_kotet.pdf\" target=\"_blank\" rel=\"noopener noreferrer\"><em>V. Vajdas\u00e1gi Fiatal Term\u00e9szetkutat\u00f3k Tal\u00e1lkoz\u00f3ja<\/em><\/a><em> (.pdf) &#8211; 2020. okt\u00f3ber 7.<\/em><\/p>\n<p>Absztrakt k\u00f6tet- <em><a href=\"https:\/\/arcus.org.rs\/hun\/wp-content\/uploads\/2019\/09\/iv_vftt_absztrakt_kotet.pdf\" target=\"_blank\" rel=\"noopener noreferrer\">IV. Vajdas\u00e1gi Fiatal Term\u00e9szetkutat\u00f3k Tal\u00e1lkoz\u00f3ja<\/a> (.pdf) &#8211; 2019. szeptember 22.<\/em><\/p>\n<p>Absztrakt k\u00f6tet-\u00a0<em><a href=\"https:\/\/arcus.org.rs\/hun\/wp-content\/uploads\/2018\/09\/iii_vftt_absztrakt_kotet.pdf\" target=\"_blank\" rel=\"noopener noreferrer\">III. Vajdas\u00e1gi Fiatal Term\u00e9szetkutat\u00f3k Tal\u00e1lkoz\u00f3ja<\/a> (.pdf) &#8211; 2018. szeptember 21.<\/em><\/p>\n<p>Absztrakt k\u00f6tet- <em><a href=\"http:\/\/arcus.org.rs\/hun\/wp-content\/uploads\/2013\/12\/ii_vftt_absztrakt_kotet.pdf\" target=\"_blank\" rel=\"noopener noreferrer\">II. Vajdas\u00e1gi Fiatal Term\u00e9szetkutat\u00f3k Tal\u00e1lkoz\u00f3ja<\/a> (.pdf) &#8211; 2017. december 9.<\/em><\/p>\n<p>El\u0151ad\u00e1s- <em><a href=\"http:\/\/arcus.org.rs\/hun\/wp-content\/uploads\/2013\/12\/termeszetvedelem_a_haz_korul.pdf\" target=\"_blank\" rel=\"noopener noreferrer\">Term\u00e9szetv\u00e9delem a h\u00e1z k\u00f6r\u00fcl<\/a> (.pdf)<\/em><\/p>\n<div class=\"fcbkbttn_buttons_block\" id=\"fcbkbttn_left\"><div class=\"fcbkbttn_like \"><fb:like href=\"https:\/\/arcus.org.rs\/hun\/letoltheto-anyagok\/\" action=\"like\" colorscheme=\"light\" layout=\"standard\" show-faces='false' width=\"450px\" size=\"small\"><\/fb:like><\/div><\/div>","protected":false},"excerpt":{"rendered":"<p>Ezen az oldalon olyan dokumentumokat tesz\u00fcnk k\u00f6zz\u00e9, melyek szabadon let\u00f6lthet\u0151ek \u00e9s terjeszthet\u0151ek. Els\u0151sorban egyes\u00fclet\u00fcnk szakemberei \u00e1ltal \u00f6ssze\u00e1ll\u00edtott anyagok tal\u00e1lhat\u00f3ak itt, \u00e1m m\u00e1s k\u00f6zhaszn\u00fa inform\u00e1ci\u00f3k szint\u00e9n el\u00e9rhet\u0151ek. A let\u00f6lthet\u0151 dokumentumok k\u00f6re folyamatosan b\u0151v\u00fcl! A let\u00f6lthet\u0151 anyagok list\u00e1ja: Absztrakt k\u00f6tet- X. Vajdas\u00e1gi&hellip; <\/p>\n","protected":false},"author":5,"featured_media":0,"parent":0,"menu_order":0,"comment_status":"closed","ping_status":"open","template":"","meta":{"_mi_skip_tracking":false,"spay_email":""},"jetpack_shortlink":"https:\/\/wp.me\/P40Haz-n2","jetpack_sharing_enabled":true,"jetpack_likes_enabled":false,"_links":{"self":[{"href":"https:\/\/arcus.org.rs\/hun\/wp-json\/wp\/v2\/pages\/1428"}],"collection":[{"href":"https:\/\/arcus.org.rs\/hun\/wp-json\/wp\/v2\/pages"}],"about":[{"href":"https:\/\/arcus.org.rs\/hun\/wp-json\/wp\/v2\/types\/page"}],"author":[{"embeddable":true,"href":"https:\/\/arcus.org.rs\/hun\/wp-json\/wp\/v2\/users\/5"}],"replies":[{"embeddable":true,"href":"https:\/\/arcus.org.rs\/hun\/wp-json\/wp\/v2\/comments?post=1428"}],"version-history":[{"count":19,"href":"https:\/\/arcus.org.rs\/hun\/wp-json\/wp\/v2\/pages\/1428\/revisions"}],"predecessor-version":[{"id":4666,"href":"https:\/\/arcus.org.rs\/hun\/wp-json\/wp\/v2\/pages\/1428\/revisions\/4666"}],"wp:attachment":[{"href":"https:\/\/arcus.org.rs\/hun\/wp-json\/wp\/v2\/media?parent=1428"}],"curies":[{"name":"wp","href":"https:\/\/api.w.org\/{rel}","templated":true}]}}