{"id":1468,"date":"2014-12-15T12:32:14","date_gmt":"2014-12-15T11:32:14","guid":{"rendered":"http:\/\/arcus.org.rs\/hun\/?page_id=1468"},"modified":"2023-10-24T10:48:45","modified_gmt":"2023-10-24T09:48:45","slug":"online-belepesi-nyilatkozat","status":"publish","type":"page","link":"https:\/\/arcus.org.rs\/hun\/online-belepesi-nyilatkozat\/","title":{"rendered":"Online bel\u00e9p\u00e9si nyilatkozat"},"content":{"rendered":"<p style=\"text-align: justify;\">Ezen oldalon kereszt\u00fcl, az al\u00e1bb tal\u00e1lhat\u00f3 online bel\u00e9p\u00e9si nyilatkozat kit\u00f6lt\u00e9s\u00e9vel \u00e9s elk\u00fcld\u00e9s\u00e9vel k\u00e9relmezheti tags\u00e1g\u00e1nak r\u00f6gz\u00edt\u00e9s\u00e9t az Arcus K\u00f6rnyezetv\u00e9d\u0151 Egyes\u00fclet tags\u00e1g nyilv\u00e1ntart\u00e1si adatb\u00e1zis\u00e1ba.<\/p>\n<p style=\"text-align: justify;\"><em>Tagjaink szem\u00e9lyes adatait harmadik f\u00e9l sz\u00e1m\u00e1ra nem adjuk ki, \u00e9s nem haszn\u00e1ljuk fel az egyes\u00fclet tev\u00e9kenys\u00e9g\u00e9t\u0151l elt\u00e9r\u0151 c\u00e9lokra!<\/em><\/p>\n<p><em><strong>Online bel\u00e9p\u00e9si nyilatkozat:<\/strong><\/em><\/p>\n<div id='contact-form-1468'>\n<form action='https:\/\/arcus.org.rs\/hun\/online-belepesi-nyilatkozat\/#contact-form-1468' method='post' class='contact-form commentsblock'>\n<script>\n\t\t\t( function () {\n\t\t\t\tconst contact_forms = document.getElementsByClassName('contact-form');\n\n\t\t\t\tfor ( const form of contact_forms ) {\n\t\t\t\t\tform.onsubmit = function() {\n\t\t\t\t\t\tconst buttons = form.getElementsByTagName('button');\n\n\t\t\t\t\t\tfor( const button of buttons ) {\n\t\t\t\t\t\t\tbutton.setAttribute('disabled', true);\n\t\t\t\t\t\t}\n\t\t\t\t\t}\n\t\t\t\t}\n\t\t\t} )();\n\t\t<\/script>\n<div class='grunion-field-wrap grunion-field-name-wrap'  >\n<label\n\t\t\t\tfor='g1468-vezetksutnv'\n\t\t\t\tclass='grunion-field-label name'\n\t\t\t\t>Vezet\u00e9k- \u00e9s ut\u00f3n\u00e9v<span>(required)<\/span><\/label>\n<input\n\t\t\t\t\ttype='text'\n\t\t\t\t\tname='g1468-vezetksutnv'\n\t\t\t\t\tid='g1468-vezetksutnv'\n\t\t\t\t\tvalue=''\n\t\t\t\t\tclass='name' \n\t\t\t\t\trequired aria-required='true'\n\t\t\t\t\/>\n\t<\/div>\n\n<div class='grunion-field-wrap grunion-field-text-wrap'  >\n<label\n\t\t\t\tfor='g1468-szletsiid'\n\t\t\t\tclass='grunion-field-label text'\n\t\t\t\t>Sz\u00fclet\u00e9si id\u0151<span>(required)<\/span><\/label>\n<input\n\t\t\t\t\ttype='text'\n\t\t\t\t\tname='g1468-szletsiid'\n\t\t\t\t\tid='g1468-szletsiid'\n\t\t\t\t\tvalue=''\n\t\t\t\t\tclass='text' \n\t\t\t\t\trequired aria-required='true'\n\t\t\t\t\/>\n\t<\/div>\n\n<div class='grunion-field-wrap grunion-field-text-wrap'  >\n<label\n\t\t\t\tfor='g1468-szletsihely'\n\t\t\t\tclass='grunion-field-label text'\n\t\t\t\t>Sz\u00fclet\u00e9si hely<span>(required)<\/span><\/label>\n<input\n\t\t\t\t\ttype='text'\n\t\t\t\t\tname='g1468-szletsihely'\n\t\t\t\t\tid='g1468-szletsihely'\n\t\t\t\t\tvalue=''\n\t\t\t\t\tclass='text' \n\t\t\t\t\trequired aria-required='true'\n\t\t\t\t\/>\n\t<\/div>\n\n<div class='grunion-field-wrap grunion-field-text-wrap'  >\n<label\n\t\t\t\tfor='g1468-lakcmirnytszmteleplsutcahzszmorszg'\n\t\t\t\tclass='grunion-field-label text'\n\t\t\t\t>Lakc\u00edm (ir\u00e1ny\u00edt\u00f3sz\u00e1m, telep\u00fcl\u00e9s, utca, h\u00e1zsz\u00e1m, orsz\u00e1g)<span>(required)<\/span><\/label>\n<input\n\t\t\t\t\ttype='text'\n\t\t\t\t\tname='g1468-lakcmirnytszmteleplsutcahzszmorszg'\n\t\t\t\t\tid='g1468-lakcmirnytszmteleplsutcahzszmorszg'\n\t\t\t\t\tvalue=''\n\t\t\t\t\tclass='text' \n\t\t\t\t\trequired aria-required='true'\n\t\t\t\t\/>\n\t<\/div>\n\n<div class='grunion-field-wrap grunion-field-text-wrap'  >\n<label\n\t\t\t\tfor='g1468-telefonvezetkessmobil'\n\t\t\t\tclass='grunion-field-label text'\n\t\t\t\t>Telefon (vezet\u00e9kes \u00e9s mobil)<span>(required)<\/span><\/label>\n<input\n\t\t\t\t\ttype='text'\n\t\t\t\t\tname='g1468-telefonvezetkessmobil'\n\t\t\t\t\tid='g1468-telefonvezetkessmobil'\n\t\t\t\t\tvalue=''\n\t\t\t\t\tclass='text' \n\t\t\t\t\trequired aria-required='true'\n\t\t\t\t\/>\n\t<\/div>\n\n<div class='grunion-field-wrap grunion-field-email-wrap'  >\n<label\n\t\t\t\tfor='g1468-emailcm'\n\t\t\t\tclass='grunion-field-label email'\n\t\t\t\t>E-mail c\u00edm<\/label>\n<input\n\t\t\t\t\ttype='email'\n\t\t\t\t\tname='g1468-emailcm'\n\t\t\t\t\tid='g1468-emailcm'\n\t\t\t\t\tvalue=''\n\t\t\t\t\tclass='email' \n\t\t\t\t\t\n\t\t\t\t\/>\n\t<\/div>\n\n<div class='grunion-field-wrap grunion-field-radio-wrap'  >\n<label\n\t\t\t\tfor='g1468-krjkvlasszontagsgiformt'\n\t\t\t\tclass='grunion-field-label'\n\t\t\t\t>K\u00e9rj\u00fck, v\u00e1lasszon tags\u00e1gi form\u00e1t!<span>(required)<\/span><\/label>\n\t\t<label class='grunion-radio-label radio'><input\n\t\t\t\t\t\t\t\t\ttype='radio'\n\t\t\t\t\t\t\t\t\tname='g1468-krjkvlasszontagsgiformt'\n\t\t\t\t\t\t\t\t\tvalue='Akt\u00edv tag' class='radio'  required aria-required='true'\/> Akt\u00edv tag<\/label>\n\t\t<div class='clear-form'><\/div>\n\t\t<label class='grunion-radio-label radio'><input\n\t\t\t\t\t\t\t\t\ttype='radio'\n\t\t\t\t\t\t\t\t\tname='g1468-krjkvlasszontagsgiformt'\n\t\t\t\t\t\t\t\t\tvalue='P\u00e1rtol\u00f3i tag' class='radio'  required aria-required='true'\/> P\u00e1rtol\u00f3i tag<\/label>\n\t\t<div class='clear-form'><\/div>\n\t<\/div>\n\n<div class='grunion-field-wrap grunion-field-checkbox-wrap'  >\n<label class='grunion-field-label checkbox'>\t\t<input type='checkbox' name='g1468-tjkozdtamazarcuskrnyezetvdegyeslettevkenysgvelsclkitzseivelkapcsolatban' value='Yes' class='checkbox'  required aria-required='true'\/> \n\t\tT\u00e1j\u00e9koz\u00f3dtam az Arcus K\u00f6rnyezetv\u00e9d\u0151 Egyes\u00fclet tev\u00e9kenys\u00e9g\u00e9vel \u00e9s c\u00e9lkit\u0171z\u00e9seivel kapcsolatban!<span>(required)<\/span><\/label>\n<div class='clear-form'><\/div>\n\t<\/div>\n\n<div class='grunion-field-wrap grunion-field-checkbox-wrap'  >\n<label class='grunion-field-label checkbox'>\t\t<input type='checkbox' name='g1468-elfogadomazarcuskrnyezetvdegyesletalapszablyzattsazegyeslettagjakvnoklenni' value='Yes' class='checkbox'  required aria-required='true'\/> \n\t\tElfogadom az Arcus K\u00f6rnyezetv\u00e9d\u0151 Egyes\u00fclet alapszab\u00e1lyzat\u00e1t, \u00e9s az egyes\u00fclet tagja k\u00edv\u00e1nok lenni!<span>(required)<\/span><\/label>\n<div class='clear-form'><\/div>\n\t<\/div>\n\t<p class='contact-submit'>\n\t\t<button type='submit' class='pushbutton-wide'>Submit<\/button>\t\t<input type='hidden' name='contact-form-id' value='1468' \/>\n\t\t<input type='hidden' name='action' value='grunion-contact-form' \/>\n\t\t<input type='hidden' name='contact-form-hash' value='b7ae5783b0ae4ef418909a60971ac1de8d87d902' \/>\n\t<\/p>\n<\/form>\n<\/div>\n<div class=\"fcbkbttn_buttons_block\" id=\"fcbkbttn_left\"><div class=\"fcbkbttn_like \"><fb:like href=\"https:\/\/arcus.org.rs\/hun\/online-belepesi-nyilatkozat\/\" action=\"like\" colorscheme=\"light\" layout=\"standard\" show-faces='false' width=\"450px\" size=\"small\"><\/fb:like><\/div><\/div>","protected":false},"excerpt":{"rendered":"<p>Ezen oldalon kereszt\u00fcl, az al\u00e1bb tal\u00e1lhat\u00f3 online bel\u00e9p\u00e9si nyilatkozat kit\u00f6lt\u00e9s\u00e9vel \u00e9s elk\u00fcld\u00e9s\u00e9vel k\u00e9relmezheti tags\u00e1g\u00e1nak r\u00f6gz\u00edt\u00e9s\u00e9t az Arcus K\u00f6rnyezetv\u00e9d\u0151 Egyes\u00fclet tags\u00e1g nyilv\u00e1ntart\u00e1si adatb\u00e1zis\u00e1ba. Tagjaink szem\u00e9lyes adatait harmadik f\u00e9l sz\u00e1m\u00e1ra nem adjuk ki, \u00e9s nem haszn\u00e1ljuk fel az egyes\u00fclet tev\u00e9kenys\u00e9g\u00e9t\u0151l elt\u00e9r\u0151 c\u00e9lokra!&hellip; <\/p>\n","protected":false},"author":5,"featured_media":0,"parent":0,"menu_order":0,"comment_status":"closed","ping_status":"open","template":"","meta":{"_mi_skip_tracking":false,"spay_email":""},"jetpack_shortlink":"https:\/\/wp.me\/P40Haz-nG","jetpack_sharing_enabled":true,"jetpack_likes_enabled":false,"_links":{"self":[{"href":"https:\/\/arcus.org.rs\/hun\/wp-json\/wp\/v2\/pages\/1468"}],"collection":[{"href":"https:\/\/arcus.org.rs\/hun\/wp-json\/wp\/v2\/pages"}],"about":[{"href":"https:\/\/arcus.org.rs\/hun\/wp-json\/wp\/v2\/types\/page"}],"author":[{"embeddable":true,"href":"https:\/\/arcus.org.rs\/hun\/wp-json\/wp\/v2\/users\/5"}],"replies":[{"embeddable":true,"href":"https:\/\/arcus.org.rs\/hun\/wp-json\/wp\/v2\/comments?post=1468"}],"version-history":[{"count":4,"href":"https:\/\/arcus.org.rs\/hun\/wp-json\/wp\/v2\/pages\/1468\/revisions"}],"predecessor-version":[{"id":3986,"href":"https:\/\/arcus.org.rs\/hun\/wp-json\/wp\/v2\/pages\/1468\/revisions\/3986"}],"wp:attachment":[{"href":"https:\/\/arcus.org.rs\/hun\/wp-json\/wp\/v2\/media?parent=1468"}],"curies":[{"name":"wp","href":"https:\/\/api.w.org\/{rel}","templated":true}]}}