{"id":1695,"date":"2017-08-12T20:04:19","date_gmt":"2017-08-12T19:04:19","guid":{"rendered":"http:\/\/arcus.org.rs\/hun\/?page_id=1695"},"modified":"2024-11-04T12:14:29","modified_gmt":"2024-11-04T11:14:29","slug":"az-oko-camp-esztorszagi-vendegei","status":"publish","type":"page","link":"https:\/\/arcus.org.rs\/hun\/az-oko-camp-esztorszagi-vendegei\/","title":{"rendered":"Az \u00d6KO-CAMP \u00e9sztorsz\u00e1gi vend\u00e9gei"},"content":{"rendered":"<p lang=\"hu-HU\" style=\"text-align: justify;\">A huszonh\u00e9t \u00e9ve rendszeresen megszervezett \u00d6KO-CAMP elnevez\u00e9s\u0171 k\u00f6rnyezet- \u00e9s term\u00e9szetismerettel foglalkoz\u00f3 t\u00e1bor t\u00f6bb szempontb\u00f3l is h\u00edress\u00e9 v\u00e1lt a k\u00f6zel harminc \u00e9v alatt. A t\u00e1bor szervez\u0151i, az Arcus K\u00f6rnyezetv\u00e9d\u0151 Egyes\u00fclet mindig is ig\u00e9nyes volt vend\u00e9gel\u0151ad\u00f3i tekintet\u00e9ben, \u00e9s t\u00f6rekedett arra, hogy lehet\u0151s\u00e9geikhez m\u00e9rten t\u00e1boruk \u00e9vr\u0151l \u00e9vre megtartsa nemzetk\u00f6zi jelleg\u00e9t, mely \u00e1ltal a r\u00e9sztvev\u0151k nem csak a szakmai jelleg\u0171 dolgokat saj\u00e1t\u00edthatj\u00e1k el, hanem m\u00e1s kult\u00far\u00e1kkal is megismerkedhetnek. J\u00f3 kapcsolatot \u00e1polnak t\u00f6bb magyarorsz\u00e1gi szervezettel, mint p\u00e9ld\u00e1ul a Somosi K\u00f6rnyezetnevel\u00e9si K\u00f6zponttal. T\u00f6bb \u00e9vre visszamen\u0151leg rendszeresen fogadnak vend\u00e9g t\u00e1boroz\u00f3kat a N\u00f3gr\u00e1d megyei Somosk\u0151\u00fajfalur\u00f3l, ezen k\u00edv\u00fcl pedig visszat\u00e9r\u0151 budapesti t\u00e1boroz\u00f3ik is vannak. Arra azonban m\u00e9g a huszonh\u00e9t \u00e9v alatt sem volt p\u00e9lda, hogy eg\u00e9szen \u00c9sztorsz\u00e1gb\u00f3l \u00e9rkezzenek vend\u00e9gek a t\u00e1borukba.<\/p>\n<p lang=\"hu-HU\" style=\"text-align: justify;\">Az idei \u00e9v ebb\u0151l a szempontb\u00f3l rendhagy\u00f3 volt, ugyanis m\u00e9g \u00e9v elej\u00e9n felvette a kapcsolatot az egyes\u00fclettel az <strong>Estonian Survival Society<\/strong> k\u00e9pviselet\u00e9ben Kaidi-Mari Liping, aki azzal az \u00f6tlettel kereste fel az Arcus K\u00f6rnyezetv\u00e9d\u0151 Egyes\u00fcletet, hogy szeretn\u00e9nek ell\u00e1togatni Szerbi\u00e1ba, azon bel\u00fcl pedig Topoly\u00e1ra, hogy megismerkedjenek az egyes\u00fclet tagjaival \u00e9s tev\u00e9kenys\u00e9g\u00fckkel. Az Arcus tagjai \u00f6r\u00f6mmel fogadt\u00e1k ezt az \u00f6tletet, \u00e9s megh\u00edvt\u00e1k \u0151ket t\u00e1borukba.<\/p>\n<div id=\"attachment_1705\" style=\"width: 280px\" class=\"wp-caption alignleft\"><a href=\"http:\/\/arcus.org.rs\/hun\/wp-content\/uploads\/2017\/08\/liping.1.Photo_.Szekula.V..jpg\"><img aria-describedby=\"caption-attachment-1705\" loading=\"lazy\" class=\"wp-image-1705\" title=\"Aigar \u00e9s Kaidi-Mari Liping el\u0151ad\u00e1sa (Photo: Szekula Veronika)\" src=\"http:\/\/arcus.org.rs\/hun\/wp-content\/uploads\/2017\/08\/liping.1.Photo_.Szekula.V.-300x200.jpg\" alt=\"Aigar \u00e9s Kaidi-Mari Liping el\u0151ad\u00e1sa (Photo: Szekula Veronika)\" width=\"270\" height=\"180\" srcset=\"https:\/\/arcus.org.rs\/hun\/wp-content\/uploads\/2017\/08\/liping.1.Photo_.Szekula.V.-300x200.jpg 300w, https:\/\/arcus.org.rs\/hun\/wp-content\/uploads\/2017\/08\/liping.1.Photo_.Szekula.V.-768x512.jpg 768w, https:\/\/arcus.org.rs\/hun\/wp-content\/uploads\/2017\/08\/liping.1.Photo_.Szekula.V..jpg 840w\" sizes=\"(max-width: 270px) 100vw, 270px\" \/><\/a><p id=\"caption-attachment-1705\" class=\"wp-caption-text\">Aigar \u00e9s Kaidi-Mari Liping el\u0151ad\u00e1sa (Photo: Szekula Veronika)<\/p><\/div>\n<p lang=\"hu-HU\" style=\"text-align: justify;\">Az Estonian Survival Society k\u00e9t tagja, <strong>Aigar<\/strong> \u00e9s <strong>Kaidi-Mari Liping<\/strong>, valamint k\u00e9t gyermek\u00fck, a t\u00edz \u00e9ves <strong>Ville<\/strong>, \u00e9s a h\u00e9t \u00e9ves <strong>Kirke<\/strong> 2017. j\u00falius 27-\u00e9n \u00e9rkeztek Topoly\u00e1ra.<\/p>\n<p lang=\"hu-HU\" style=\"text-align: justify;\">Aigar Liping k\u00e9t \u00e9vig a szovjet, majd tov\u00e1bbi t\u00edz \u00e9vig az \u00e9szt hadsereg k\u00f6tel\u00e9k\u00e9ben szolg\u00e1lt. Nyug\u00e1llom\u00e1nyba vonul\u00e1s\u00e1t k\u00f6vet\u0151en kezdett azzal foglalkozni, hogy t\u00fal\u00e9l\u00e9si technik\u00e1kat oktasson \u00e9s mutasson be civileknek, akik \u00e9rdekl\u0151dnek a t\u00e9ma ir\u00e1nt. Feles\u00e9ge Kaidi-Mari Liping, aki v\u00e9gzetts\u00e9g\u00e9t tekintve k\u00f6zgazd\u00e1sz, az egyes\u00fclet megalakul\u00e1sa \u00f3ta p\u00e1ly\u00e1zatok \u00edr\u00e1s\u00e1val, valamint az egyes\u00fclet k\u00f6r\u00fcli munk\u00e1kkal foglalkozik. Ezen k\u00edv\u00fcl term\u00e9szetesen a terepi foglalkoz\u00e1soknak is akt\u00edv r\u00e9sztvev\u0151je. Gyermekeik pedig m\u00e1r eg\u00e9szen kis koruk \u00f3ta r\u00e9szt vesznek a terepi munk\u00e1kban.<\/p>\n<p lang=\"hu-HU\" style=\"text-align: justify;\">Mivel az Arcus K\u00f6rnyezetv\u00e9d\u0151 Egyes\u00fclet tagjai k\u00f6z\u00fcl t\u00f6bben is j\u00f3l \u00e9rtik \u00e9s besz\u00e9lik az angol nyelvet, <strong>Suturovi\u0107 Edita<\/strong> \u00e9s <strong>Roman Andrej<\/strong> nagyban hozz\u00e1j\u00e1rultak a sikeres kommunik\u00e1ci\u00f3hoz a t\u00e1bor ideje alatt.<\/p>\n<p lang=\"hu-HU\" style=\"text-align: justify;\"><strong>Mivel foglalkozik tulajdonk\u00e9ppen az Estonian Survival Society, \u00e9s h\u00e1ny tagot sz\u00e1ml\u00e1l jelenleg?<\/strong><\/p>\n<div id=\"attachment_1707\" style=\"width: 280px\" class=\"wp-caption alignright\"><a href=\"http:\/\/arcus.org.rs\/hun\/wp-content\/uploads\/2017\/08\/liping.2.Photo_.Szekula.V..jpg\"><img aria-describedby=\"caption-attachment-1707\" loading=\"lazy\" class=\"wp-image-1707\" title=\"Az \u00e9jjell\u00e1t\u00f3 kameracsapda bemutat\u00e1sa (Photo: Szekula Veronika)\" src=\"http:\/\/arcus.org.rs\/hun\/wp-content\/uploads\/2017\/08\/liping.2.Photo_.Szekula.V.-300x200.jpg\" alt=\"Az \u00e9jjell\u00e1t\u00f3 kameracsapda bemutat\u00e1sa (Photo: Szekula Veronika)\" width=\"270\" height=\"180\" srcset=\"https:\/\/arcus.org.rs\/hun\/wp-content\/uploads\/2017\/08\/liping.2.Photo_.Szekula.V.-300x200.jpg 300w, https:\/\/arcus.org.rs\/hun\/wp-content\/uploads\/2017\/08\/liping.2.Photo_.Szekula.V.-768x512.jpg 768w, https:\/\/arcus.org.rs\/hun\/wp-content\/uploads\/2017\/08\/liping.2.Photo_.Szekula.V..jpg 840w\" sizes=\"(max-width: 270px) 100vw, 270px\" \/><\/a><p id=\"caption-attachment-1707\" class=\"wp-caption-text\">Az \u00e9jjell\u00e1t\u00f3 kameracsapda bemutat\u00e1sa (Photo: Szekula Veronika)<\/p><\/div>\n<p lang=\"hu-HU\" style=\"text-align: justify;\">Az Estonian Survival Society (\u00c9szt T\u00fal\u00e9l\u0151 Egyes\u00fclet) 2001-ben alakult. Jelenleg tizenn\u00e9gy akt\u00edv tagja van, ezen k\u00edv\u00fcl pedig p\u00e1rtol\u00f3i tagok is r\u00e9szt vesznek az egyes\u00fclet munk\u00e1j\u00e1ban. Az \u00e1ltalunk szervezett programokat k\u00e9t kateg\u00f3ri\u00e1ba osztottuk. Az els\u0151 kateg\u00f3ri\u00e1ba a gyerekek, fiatalok sz\u00e1m\u00e1ra ingyenesen megszervezett programok sorolhat\u00f3ak. Esetenk\u00e9nt iskol\u00e1kkal k\u00f6zrem\u0171k\u00f6dve szervezz\u00fck meg ezeket. A m\u00e1sik kateg\u00f3ri\u00e1ba a feln\u0151ttek sz\u00e1m\u00e1ra szervezett programok, melyeknek r\u00e9szv\u00e9teli d\u00edja van. Ezt a bev\u00e9telt az egyes\u00fclet felszerel\u00e9sek, eszk\u00f6z\u00f6k v\u00e1s\u00e1rl\u00e1s\u00e1ra ford\u00edtja. Mindk\u00e9t kateg\u00f3ri\u00e1ban f\u0151k\u00e9nt a term\u00e9szetben val\u00f3 t\u00fal\u00e9l\u00e9shez sz\u00fcks\u00e9ges technik\u00e1kat mutatjuk be, ezeket tan\u00edtjuk meg a programok r\u00e9sztvev\u0151inek. T\u00f6bbek k\u00f6z\u00f6tt a t\u0171zgy\u00fajt\u00e1si technik\u00e1kat, \u00e9lelemszerz\u00e9st \u00e9s annak elk\u00e9sz\u00edt\u00e9s\u00e9t, olyasmit, amire az embernek alapvet\u0151en sz\u00fcks\u00e9ge van a t\u00fal\u00e9l\u00e9shez, ha valami folyt\u00e1n p\u00e9ld\u00e1ul egy erd\u0151ben marad, \u00e9s nem tud kapcsolatot teremteni, seg\u00edts\u00e9get h\u00edvni &#8211; \u00e1rulta el Aigar Liping.<\/p>\n<p lang=\"hu-HU\" style=\"text-align: justify;\"><strong>Mik\u00e9nt ker\u00fclt kapcsolatba egy \u00e9sztorsz\u00e1gi civil szervezet az Arcus K\u00f6rnyezetv\u00e9d\u0151 Egyes\u00fclettel?<\/strong><\/p>\n<div id=\"attachment_1709\" style=\"width: 280px\" class=\"wp-caption alignleft\"><a href=\"http:\/\/arcus.org.rs\/hun\/wp-content\/uploads\/2017\/08\/liping.3.Photo_.Szekula.V..jpg\"><img aria-describedby=\"caption-attachment-1709\" loading=\"lazy\" class=\"wp-image-1709\" title=\"Ville Liping dr\u00f3n vez\u00e9rl\u00e9se k\u00f6zben (Photo: Szekula Veronika)\" src=\"http:\/\/arcus.org.rs\/hun\/wp-content\/uploads\/2017\/08\/liping.3.Photo_.Szekula.V.-300x200.jpg\" alt=\"Ville Liping dr\u00f3n vez\u00e9rl\u00e9se k\u00f6zben (Photo: Szekula Veronika)\" width=\"270\" height=\"180\" srcset=\"https:\/\/arcus.org.rs\/hun\/wp-content\/uploads\/2017\/08\/liping.3.Photo_.Szekula.V.-300x200.jpg 300w, https:\/\/arcus.org.rs\/hun\/wp-content\/uploads\/2017\/08\/liping.3.Photo_.Szekula.V.-768x512.jpg 768w, https:\/\/arcus.org.rs\/hun\/wp-content\/uploads\/2017\/08\/liping.3.Photo_.Szekula.V..jpg 840w\" sizes=\"(max-width: 270px) 100vw, 270px\" \/><\/a><p id=\"caption-attachment-1709\" class=\"wp-caption-text\">Ville Liping dr\u00f3n vez\u00e9rl\u00e9se k\u00f6zben (Photo: Szekula Veronika)<\/p><\/div>\n<p lang=\"hu-HU\" style=\"text-align: justify;\">Volt egy olyan terv\u00fcnk, ami jelenleg folyamatban is van, hogy tizenegy h\u00f3nap alatt huszonegy orsz\u00e1gba l\u00e1togatunk el. Az \u00fatvonalunkat k\u00e9pez\u0151 orsz\u00e1gok civil szervezetei k\u00f6z\u00fcl kerest\u00fcnk ki t\u00f6bbet is egy adatb\u00e1zisb\u00f3l. T\u00f6bb szervezetn\u00e9l is jelentkezt\u00fcnk, k\u00f6z\u00f6tt\u00fck az Arcus K\u00f6rnyezetv\u00e9d\u0151 Egyes\u00fcletn\u00e9l is. Szerencs\u00e9re v\u00e1laszoltak az e-mail\u00fcnkre, \u00e9s a levelez\u00e9sek sor\u00e1n egyre ink\u00e1bb megtetszett nek\u00fcnk az egyes\u00fclet tev\u00e9kenys\u00e9gi k\u00f6re. Komoly egyes\u00fcletnek \u00edt\u00e9lt\u00fck meg az Arcust, \u00e9s beiktattuk az \u00fatiterv\u00fcnkbe. Az Estonian Survival Society \u00e9s az Arcus K\u00f6rnyezetv\u00e9d\u0151 Egyes\u00fclet munk\u00e1ss\u00e1ga, b\u00e1r nem egyezik meg teljes m\u00e9rt\u00e9kben, de vannak k\u00f6z\u00f6s von\u00e1sai, \u00e9s egym\u00e1s munk\u00e1ss\u00e1g\u00e1nak megismer\u00e9se a tapasztalatszerz\u00e9s szempontj\u00e1b\u00f3l sem elhanyagolhat\u00f3 &#8211; v\u00e1laszolta Kaidi-Mari Liping.<\/p>\n<p lang=\"hu-HU\" style=\"text-align: justify;\"><strong>Viszonylag r\u00f6vid ideje tart\u00f3zkodnak Topoly\u00e1n, \u00e9s a t\u00e1borban. Ett\u0151l f\u00fcggetlen\u00fcl viszont m\u00e1r minden bizonnyal kialakult \u00f6n\u00f6kben egyfajta k\u00e9p a v\u00e1rosr\u00f3l, a k\u00f6rny\u00e9kr\u0151l, \u00e9s a t\u00e1borr\u00f3l is. Hogyan tetszik \u00f6n\u00f6knek mindez?<\/strong><\/p>\n<div id=\"attachment_1711\" style=\"width: 280px\" class=\"wp-caption alignright\"><a href=\"http:\/\/arcus.org.rs\/hun\/wp-content\/uploads\/2017\/08\/liping.4.Photo_.Szekula.V.-1.jpg\"><img aria-describedby=\"caption-attachment-1711\" loading=\"lazy\" class=\"wp-image-1711\" title=\"A Liping csal\u00e1d is j\u00f3l \u00e9rezte mag\u00e1t a t\u00e1borban (Photo: Szekula Veronika)\" src=\"http:\/\/arcus.org.rs\/hun\/wp-content\/uploads\/2017\/08\/liping.4.Photo_.Szekula.V.-1-300x200.jpg\" alt=\"A Liping csal\u00e1d is j\u00f3l \u00e9rezte mag\u00e1t a t\u00e1borban (Photo: Szekula Veronika)\" width=\"270\" height=\"180\" srcset=\"https:\/\/arcus.org.rs\/hun\/wp-content\/uploads\/2017\/08\/liping.4.Photo_.Szekula.V.-1-300x200.jpg 300w, https:\/\/arcus.org.rs\/hun\/wp-content\/uploads\/2017\/08\/liping.4.Photo_.Szekula.V.-1-768x512.jpg 768w, https:\/\/arcus.org.rs\/hun\/wp-content\/uploads\/2017\/08\/liping.4.Photo_.Szekula.V.-1.jpg 840w\" sizes=\"(max-width: 270px) 100vw, 270px\" \/><\/a><p id=\"caption-attachment-1711\" class=\"wp-caption-text\">A Liping csal\u00e1d is j\u00f3l \u00e9rezte mag\u00e1t a t\u00e1borban (Photo: Szekula Veronika)<\/p><\/div>\n<p lang=\"hu-HU\" style=\"text-align: justify;\">Szerbi\u00e1ban Topolya, \u00e9s az \u00d6KO-CAMP az els\u0151 \u00e1llom\u00e1sunk. Az orsz\u00e1gr\u00f3l \u00e9rdemben tal\u00e1n k\u00e9t h\u00e9t m\u00falva tudn\u00e1nk nyilatkozni. \u00c9s, mivel hossz\u00fa \u00e9vekig katona voltam, a jellememhez tartozik m\u00e1r a ny\u00edlt \u00e9s egyenes besz\u00e9d, teh\u00e1t kertel\u00e9s \u00e9s sz\u00e9p\u00edt\u00e9s n\u00e9lk\u00fcl mondom el a v\u00e9lem\u00e9nyem. K\u00f6r\u00fcln\u00e9ztem a t\u00e1bort, l\u00e1ttam, hogy mennyire sokr\u00e9t\u0171 programokat ny\u00fajtanak, \u00e9s mennyi vend\u00e9g el\u0151ad\u00f3t fogadnak, akik nem csak a term\u00e9szet- \u00e9s k\u00f6rnyezetismerettel foglalkoznak. Felt\u00e9tlen\u00fcl pozit\u00edv dolog az, hogy viszonylag kev\u00e9s p\u00e9nzb\u0151l is ilyen gazdag programmal szolg\u00e1l ez a t\u00e1bor a gyerekeknek. Az el\u0151z\u0151 \u00e1llom\u00e1sunk Bosznia \u00e9s Hercegovina volt, onnan \u00e9rkezt\u00fcnk Szerbi\u00e1ba. Az itteni t\u00e1bor sokkal jobban tetszik. Azonban r\u00f6vid id\u0151 alatt el\u00e9g sok szemetet l\u00e1ttunk utak ment\u00e9n, bokrok \u00e9s f\u00e1k alatt, elrejtve, szinte \u00e1lc\u00e1zva. Tal\u00e1n ez az egyetlen olyan dolog, ami elrontja az \u00f6sszk\u00e9pet. Erre jobban oda kellene figyelni\u00fck az embereknek, hiszen nem csak eszt\u00e9tikailag jelent probl\u00e9m\u00e1t. Ami viszont j\u00f3 dolog, hogy sok j\u00e1tsz\u00f3teret l\u00e1ttunk, sok olyan hely van, ahov\u00e1 a sz\u00fcl\u0151k kivihetik a gyerekeiket. A v\u00e1rosban is sok kisgyermekes sz\u00fcl\u0151vel tal\u00e1lkoztunk. Boszni\u00e1r\u00f3l ugyanez nem mondhat\u00f3 el &#8211; mondta v\u00e9gezet\u00fcl Aigar Liping.<\/p>\n<p lang=\"hu-HU\" style=\"text-align: justify;\">Rem\u00e9lj\u00fck, hogy ez a nem mindennapi nemzetk\u00f6zi kapcsolat tov\u00e1bbra is fennmarad, \u00e9s lesz m\u00e9g alkalmunk k\u00f6reinkben \u00fcdv\u00f6z\u00f6lni a Liping csal\u00e1dot!<\/p>\n<p lang=\"hu-HU\" style=\"text-align: right;\">Sihelnik \u00c1gnes<\/p>\n<p lang=\"hu-HU\" style=\"text-align: justify;\">\u2039\u2039\u2039 <a href=\"https:\/\/arcus.org.rs\/hun\/a-tagsag-tollabol\/\"><em>vissza<\/em><\/a><\/p>\n<div class=\"fcbkbttn_buttons_block\" id=\"fcbkbttn_left\"><div class=\"fcbkbttn_like \"><fb:like href=\"https:\/\/arcus.org.rs\/hun\/az-oko-camp-esztorszagi-vendegei\/\" action=\"like\" colorscheme=\"light\" layout=\"standard\" show-faces='false' width=\"450px\" size=\"small\"><\/fb:like><\/div><\/div>","protected":false},"excerpt":{"rendered":"<p>A huszonh\u00e9t \u00e9ve rendszeresen megszervezett \u00d6KO-CAMP elnevez\u00e9s\u0171 k\u00f6rnyezet- \u00e9s term\u00e9szetismerettel foglalkoz\u00f3 t\u00e1bor t\u00f6bb szempontb\u00f3l is h\u00edress\u00e9 v\u00e1lt a k\u00f6zel harminc \u00e9v alatt. A t\u00e1bor szervez\u0151i, az Arcus K\u00f6rnyezetv\u00e9d\u0151 Egyes\u00fclet mindig is ig\u00e9nyes volt vend\u00e9gel\u0151ad\u00f3i tekintet\u00e9ben, \u00e9s t\u00f6rekedett arra, hogy lehet\u0151s\u00e9geikhez&hellip; <\/p>\n","protected":false},"author":5,"featured_media":0,"parent":0,"menu_order":0,"comment_status":"closed","ping_status":"open","template":"","meta":{"_mi_skip_tracking":false,"spay_email":""},"jetpack_shortlink":"https:\/\/wp.me\/P40Haz-rl","jetpack_sharing_enabled":true,"jetpack_likes_enabled":false,"_links":{"self":[{"href":"https:\/\/arcus.org.rs\/hun\/wp-json\/wp\/v2\/pages\/1695"}],"collection":[{"href":"https:\/\/arcus.org.rs\/hun\/wp-json\/wp\/v2\/pages"}],"about":[{"href":"https:\/\/arcus.org.rs\/hun\/wp-json\/wp\/v2\/types\/page"}],"author":[{"embeddable":true,"href":"https:\/\/arcus.org.rs\/hun\/wp-json\/wp\/v2\/users\/5"}],"replies":[{"embeddable":true,"href":"https:\/\/arcus.org.rs\/hun\/wp-json\/wp\/v2\/comments?post=1695"}],"version-history":[{"count":10,"href":"https:\/\/arcus.org.rs\/hun\/wp-json\/wp\/v2\/pages\/1695\/revisions"}],"predecessor-version":[{"id":4372,"href":"https:\/\/arcus.org.rs\/hun\/wp-json\/wp\/v2\/pages\/1695\/revisions\/4372"}],"wp:attachment":[{"href":"https:\/\/arcus.org.rs\/hun\/wp-json\/wp\/v2\/media?parent=1695"}],"curies":[{"name":"wp","href":"https:\/\/api.w.org\/{rel}","templated":true}]}}