{"id":1945,"date":"2018-04-24T16:47:34","date_gmt":"2018-04-24T15:47:34","guid":{"rendered":"https:\/\/arcus.org.rs\/hun\/?page_id=1945"},"modified":"2018-05-01T17:52:59","modified_gmt":"2018-05-01T16:52:59","slug":"egy-kisbagoly-tortenete","status":"publish","type":"page","link":"https:\/\/arcus.org.rs\/hun\/egy-kisbagoly-tortenete\/","title":{"rendered":"Egy kisbagoly t\u00f6rt\u00e9nete"},"content":{"rendered":"<p style=\"text-align: justify;\">Besz\u00e9lj\u00fcnk egy kicsit az \u00e9n \u00e9rdekes, \u00f6tvenhat f\u0151s oszt\u00e1lyomr\u00f3l, ahov\u00e1 tizenhat gyerek, \u00e9s negyven bagoly j\u00e1r!<\/p>\n<p style=\"text-align: justify;\">Nap mint nap, ha kin\u00e9z\u00fcnk az oszt\u00e1lyterem ablak\u00e1b\u00f3l, legal\u00e1bb negyven baglyot pillanthatunk meg. Nagy, g\u00f6mb\u00f6ly\u0171 szemeikkel k\u00edv\u00e1ncsian n\u00e9znek be a tan\u00f3r\u00e1kra, ahol \u0151k is biztosan sz\u00edvesen r\u00e9szt venn\u00e9nek. Ezekre az \u00e1llatk\u00e1kra az oszt\u00e1lyunk eddig mindig vigy\u00e1zott, \u00e1m egy nap \u00e9szrevettem, hogy a fi\u00fak kr\u00e9t\u00e1val dob\u00e1lj\u00e1k \u0151ket. Nagyon felh\u00faztam magam, ez\u00e9rt \u00fagy d\u00f6nt\u00f6ttem, hogy odamegyek, \u00e9s r\u00e1juk sz\u00f3lok.<\/p>\n<p style=\"text-align: justify;\">&#8211; K\u00e9rlek, ne dob\u00e1lj\u00e1tok \u0151ket, mert a v\u00e9g\u00e9n m\u00e9g megs\u00e9r\u00fclnek! &#8211; mondtam kicsit b\u00e1tortalanul.<\/p>\n<p style=\"text-align: justify;\">&#8211; Nem mindegy neked, hogy mi mit csin\u00e1lunk? &#8211; v\u00e1gott vissza sz\u00f6rnyen modortalanul Pisti.<\/p>\n<div id=\"attachment_1948\" style=\"width: 275px\" class=\"wp-caption alignleft\"><a href=\"https:\/\/arcus.org.rs\/hun\/wp-content\/uploads\/2018\/05\/asio.otus_.pull_.Photo_.Sihelnik.J..jpg\"><img aria-describedby=\"caption-attachment-1948\" loading=\"lazy\" class=\"wp-image-1948\" title=\"Erdei f\u00fclesbagoly fi\u00f3ka (Photo: Sihelnik J\u00f3zsef)\" src=\"https:\/\/arcus.org.rs\/hun\/wp-content\/uploads\/2018\/05\/asio.otus_.pull_.Photo_.Sihelnik.J.-300x200.jpg\" alt=\"Erdei f\u00fclesbagoly fi\u00f3ka (Photo: Sihelnik J\u00f3zsef)\" width=\"265\" height=\"177\" srcset=\"https:\/\/arcus.org.rs\/hun\/wp-content\/uploads\/2018\/05\/asio.otus_.pull_.Photo_.Sihelnik.J.-300x200.jpg 300w, https:\/\/arcus.org.rs\/hun\/wp-content\/uploads\/2018\/05\/asio.otus_.pull_.Photo_.Sihelnik.J.-768x512.jpg 768w, https:\/\/arcus.org.rs\/hun\/wp-content\/uploads\/2018\/05\/asio.otus_.pull_.Photo_.Sihelnik.J..jpg 840w\" sizes=\"(max-width: 265px) 100vw, 265px\" \/><\/a><p id=\"caption-attachment-1948\" class=\"wp-caption-text\">Erdei f\u00fclesbagoly fi\u00f3ka (Photo: Sihelnik J\u00f3zsef)<\/p><\/div>\n<p style=\"text-align: justify;\">Nem akartam vel\u00fck veszekedni, ez\u00e9rt ink\u00e1bb vissza\u00fcltem a helyemre, \u00e9s els\u00edrtam magam. Igaz\u00e1b\u00f3l nem tudtam, hogy az\u00e9rt s\u00edrok, mert ilyen undokul besz\u00e9ltek velem, vagy az\u00e9rt, mert azok a szeg\u00e9ny \u00e1llatok nem tudnak tenni a dob\u00e1l\u00e1s ellen semmit. V\u00e9ge volt az iskol\u00e1nak, ez\u00e9rt \u00e9n is ugyan\u00fagy, mint a t\u00f6bbi oszt\u00e1lyt\u00e1rsam, elindultam haza. Amikor a f\u00e1hoz \u00e9rtem, megl\u00e1ttam egy szeg\u00e9ny kis baglyot a f\u00f6ld\u00f6n fek\u00fcdve. A fi\u00fak eltal\u00e1lt\u00e1k a szem\u00e9t kr\u00e9t\u00e1val, \u00e9s a sz\u00e9d\u00fcl\u00e9st\u0151l leesett a f\u00e1r\u00f3l. Nagyon megesett rajta a sz\u00edvem, h\u00e1t \u00fagy d\u00f6nt\u00f6ttem, seg\u00edtek neki. Visszamentem az iskol\u00e1ba a technika dobozom\u00e9rt, \u00e9s egy rongy\u00e9rt. Beletettem \u0151t a dobozba a rongy seg\u00edts\u00e9g\u00e9vel, \u00e9s elindultam az \u00e1llatorvoshoz.<\/p>\n<p style=\"text-align: justify;\">&#8211; Szeg\u00e9ny p\u00e1r\u00e1nak nagyon megs\u00e9r\u00fclt a szeme. Tudn\u00e1l r\u00f3la gondoskodni k\u00e9t h\u00e9tig, am\u00edg fel nem \u00e9p\u00fcl? &#8211; k\u00e9rdezte t\u0151lem az orvos.<\/p>\n<p style=\"text-align: justify;\">El\u0151sz\u00f6r nagyon meglep\u0151dtem, de v\u00e9g\u00fcl \u00edgy feleltem:<\/p>\n<p style=\"text-align: justify;\">&#8211; Igen, megpr\u00f3b\u00e1lom. De m\u00e9gis, mi lenne a feladatom? &#8211; k\u00e9rdeztem, mivel p\u00f3t bagolymama lettem.<\/p>\n<p style=\"text-align: justify;\">&#8211; Fel\u00edrok neki egy szemcseppet, amit minden nap be kell adnod neki. &#8211; adta ki a parancsot a doktor b\u00e1csi.<\/p>\n<p style=\"text-align: justify;\">&#8211; K\u00f6sz\u00f6n\u00f6k mindent! &#8211; mondtam, majd kil\u00e9ptem a rendel\u0151b\u0151l.<\/p>\n<p style=\"text-align: justify;\">Haza \u00e9rve anyuk\u00e1m egy kicsit meglep\u0151d\u00f6tt, de mivel szereti az \u00e1llatokat, megengedte, hogy n\u00e1lunk l\u00e1badozzon. Elneveztem a kicsit Bogy\u00f3nak. Teltek m\u00faltak a napok, \u00e9s Bogy\u00f3val nagyon j\u00f3l \u00f6sszebar\u00e1tkoztunk. Letelt a k\u00e9t h\u00e9t, \u00e9s sz\u00e1rnyas kis bar\u00e1tom \u00fajra eg\u00e9szs\u00e9ges volt. Visszavittem \u0151t az orvoshoz. Alaposan megvizsg\u00e1lta, \u00e9s \u00edgy sz\u00f3lt:<\/p>\n<p style=\"text-align: justify;\">&#8211; A fi\u00f3ka \u00fajra eg\u00e9szs\u00e9ges! L\u00e1tom, hogy j\u00f3l gondj\u00e1t viselted. Ez\u00e9rt b\u00fcszke vagyok r\u00e1d! &#8211; mondta az orvos elismer\u0151en.<\/p>\n<p style=\"text-align: justify;\">&#8211; Most szabadon kell engedni? &#8211; k\u00e9rdeztem k\u00f6nnyezve.<\/p>\n<p style=\"text-align: justify;\">&#8211; Tudom, hogy nagyon megszeretted, de neki a term\u00e9szetben a helye. &#8211; mondta az orvos.<\/p>\n<p style=\"text-align: justify;\">Tudom\u00e1sul vettem, \u00e9s \u00fagy d\u00f6nt\u00f6ttem, hogy m\u00e1snap kor\u00e1bban megyek az iskol\u00e1ba, \u00e9s szabadon engedem. Az iskola fel\u00e9 menet nagyon f\u00e1jt \u00e9rte a sz\u00edvem, de tudtam, hogy ez \u00edgy helyes. Oda\u00e9rtem a f\u00e1hoz, \u00e9s l\u00e1ttam, hogy egy bagoly le sem veszi a szem\u00e9t Bogy\u00f3r\u00f3l, \u00edgy h\u00e1t r\u00e1j\u00f6ttem, hogy biztosan \u0151 az anyuk\u00e1ja. Meg\u00f6leltem, \u00e9s elb\u00facs\u00faztam t\u0151le, majd egy lel\u00f3g\u00f3 fa\u00e1gra helyeztem. R\u00f6gt\u00f6n az anyuk\u00e1j\u00e1hoz ment, aki nagyon \u00f6r\u00fclt, hogy visszakapta a kicsiny\u00e9t. Akkor m\u00e1r nem voltam szomor\u00fa, mert tudtam, hogy Bogy\u00f3 j\u00f3 helyen van, a szerettei k\u00f6z\u00f6tt.<\/p>\n<p style=\"text-align: justify;\">Ezek az \u00e1llatok rendk\u00edv\u00fcl \u00e9rdekesek, de ami m\u00e9g fontosabb, hogy nagyon okosak, ez\u00e9rt vigy\u00e1znunk kell r\u00e1juk, mert ha nem gondoskodunk r\u00f3luk, k\u00f6nnyen kipusztulhatnak.<\/p>\n<p style=\"text-align: right;\">K\u00e1ntor M\u00f3nika, Moh\u00e1cs<\/p>\n<div class=\"fcbkbttn_buttons_block\" id=\"fcbkbttn_left\"><div class=\"fcbkbttn_like \"><fb:like href=\"https:\/\/arcus.org.rs\/hun\/egy-kisbagoly-tortenete\/\" action=\"like\" colorscheme=\"light\" layout=\"standard\" show-faces='false' width=\"450px\" size=\"small\"><\/fb:like><\/div><\/div>","protected":false},"excerpt":{"rendered":"<p>Besz\u00e9lj\u00fcnk egy kicsit az \u00e9n \u00e9rdekes, \u00f6tvenhat f\u0151s oszt\u00e1lyomr\u00f3l, ahov\u00e1 tizenhat gyerek, \u00e9s negyven bagoly j\u00e1r! Nap mint nap, ha kin\u00e9z\u00fcnk az oszt\u00e1lyterem ablak\u00e1b\u00f3l, legal\u00e1bb negyven baglyot pillanthatunk meg. Nagy, g\u00f6mb\u00f6ly\u0171 szemeikkel k\u00edv\u00e1ncsian n\u00e9znek be a tan\u00f3r\u00e1kra, ahol \u0151k is&hellip; <\/p>\n","protected":false},"author":5,"featured_media":0,"parent":0,"menu_order":0,"comment_status":"closed","ping_status":"open","template":"","meta":{"_mi_skip_tracking":false,"spay_email":""},"jetpack_shortlink":"https:\/\/wp.me\/P40Haz-vn","jetpack_sharing_enabled":true,"jetpack_likes_enabled":false,"_links":{"self":[{"href":"https:\/\/arcus.org.rs\/hun\/wp-json\/wp\/v2\/pages\/1945"}],"collection":[{"href":"https:\/\/arcus.org.rs\/hun\/wp-json\/wp\/v2\/pages"}],"about":[{"href":"https:\/\/arcus.org.rs\/hun\/wp-json\/wp\/v2\/types\/page"}],"author":[{"embeddable":true,"href":"https:\/\/arcus.org.rs\/hun\/wp-json\/wp\/v2\/users\/5"}],"replies":[{"embeddable":true,"href":"https:\/\/arcus.org.rs\/hun\/wp-json\/wp\/v2\/comments?post=1945"}],"version-history":[{"count":3,"href":"https:\/\/arcus.org.rs\/hun\/wp-json\/wp\/v2\/pages\/1945\/revisions"}],"predecessor-version":[{"id":1950,"href":"https:\/\/arcus.org.rs\/hun\/wp-json\/wp\/v2\/pages\/1945\/revisions\/1950"}],"wp:attachment":[{"href":"https:\/\/arcus.org.rs\/hun\/wp-json\/wp\/v2\/media?parent=1945"}],"curies":[{"name":"wp","href":"https:\/\/api.w.org\/{rel}","templated":true}]}}