{"id":2307,"date":"2019-05-24T21:28:02","date_gmt":"2019-05-24T20:28:02","guid":{"rendered":"https:\/\/arcus.org.rs\/hun\/?page_id=2307"},"modified":"2019-06-01T21:48:34","modified_gmt":"2019-06-01T20:48:34","slug":"oko-camp-2019-online-jelentkezesi-lap","status":"publish","type":"page","link":"https:\/\/arcus.org.rs\/hun\/oko-camp-2019-online-jelentkezesi-lap\/","title":{"rendered":"\u00d6KO-CAMP 2019 &#8211; Online jelentkez\u00e9si lap"},"content":{"rendered":"<p style=\"text-align: justify;\">Ezen oldalon kereszt\u00fcl, az al\u00e1bb tal\u00e1lhat\u00f3 online jelentkez\u00e9si lap kit\u00f6lt\u00e9s\u00e9vel \u00e9s elk\u00fcld\u00e9s\u00e9vel jelentkezhetsz az Arcus K\u00f6rnyezetv\u00e9d\u0151 Egyes\u00fclet \u00d6KO-CAMP 2019 elnevez\u00e9s\u0171 term\u00e9szettudom\u00e1nyos ismeretterjeszt\u0151, k\u00f6rnyezet- \u00e9s term\u00e9szetv\u00e9delmi oktat\u00f3t\u00e1bor\u00e1ba.<\/p>\n<p style=\"text-align: left;\">A t\u00e1bor id\u0151pontja: <strong>2019. j\u00falius 21-t\u0151l 28-ig.<\/strong><\/p>\n<p style=\"text-align: left;\">A t\u00e1bor helysz\u00edne: <strong>Topolya, Topolyai-t\u00f3 partja, az egykori Kiss Lajos kast\u00e9ly mellett.<\/strong><\/p>\n<p style=\"text-align: left;\">Jelentkez\u00e9si hat\u00e1rid\u0151: <strong>2019. j\u00falius 14-e.<\/strong><\/p>\n<p style=\"text-align: left;\"><em><strong>Online jelentkez\u00e9si lap:<\/strong><\/em><\/p>\n<div id='contact-form-2307'>\n<form action='https:\/\/arcus.org.rs\/hun\/oko-camp-2019-online-jelentkezesi-lap\/#contact-form-2307' method='post' class='contact-form commentsblock'>\n<script>\n\t\t\t( function () {\n\t\t\t\tconst contact_forms = document.getElementsByClassName('contact-form');\n\n\t\t\t\tfor ( const form of contact_forms ) {\n\t\t\t\t\tform.onsubmit = function() {\n\t\t\t\t\t\tconst buttons = form.getElementsByTagName('button');\n\n\t\t\t\t\t\tfor( const button of buttons ) {\n\t\t\t\t\t\t\tbutton.setAttribute('disabled', true);\n\t\t\t\t\t\t}\n\t\t\t\t\t}\n\t\t\t\t}\n\t\t\t} )();\n\t\t<\/script>\n<div class='grunion-field-wrap grunion-field-text-wrap'  >\n<label\n\t\t\t\tfor='g2307-aszlvagygondviselnevevezetksutnv-figyelemkiskorakesetbenktelezkitlteniamezt'\n\t\t\t\tclass='grunion-field-label text'\n\t\t\t\t>A sz\u00fcl\u0151 vagy gondvisel\u0151 neve (vezet\u00e9k- \u00e9s ut\u00f3n\u00e9v). FIGYELEM! Kiskor\u00faak eset\u00e9ben k\u00f6telez\u0151 kit\u00f6lteni a mez\u0151t!<\/label>\n<input\n\t\t\t\t\ttype='text'\n\t\t\t\t\tname='g2307-aszlvagygondviselnevevezetksutnv-figyelemkiskorakesetbenktelezkitlteniamezt'\n\t\t\t\t\tid='g2307-aszlvagygondviselnevevezetksutnv-figyelemkiskorakesetbenktelezkitlteniamezt'\n\t\t\t\t\tvalue=''\n\t\t\t\t\tclass='text' \n\t\t\t\t\t\n\t\t\t\t\/>\n\t<\/div>\n\n<div class='grunion-field-wrap grunion-field-name-wrap'  >\n<label\n\t\t\t\tfor='g2307-ajelentkeznevevezetksutnv'\n\t\t\t\tclass='grunion-field-label name'\n\t\t\t\t>A jelentkez\u0151 neve (vezet\u00e9k- \u00e9s ut\u00f3n\u00e9v)<span>(required)<\/span><\/label>\n<input\n\t\t\t\t\ttype='text'\n\t\t\t\t\tname='g2307-ajelentkeznevevezetksutnv'\n\t\t\t\t\tid='g2307-ajelentkeznevevezetksutnv'\n\t\t\t\t\tvalue=''\n\t\t\t\t\tclass='name' \n\t\t\t\t\trequired aria-required='true'\n\t\t\t\t\/>\n\t<\/div>\n\n<div class='grunion-field-wrap grunion-field-text-wrap'  >\n<label\n\t\t\t\tfor='g2307-szletsidtum'\n\t\t\t\tclass='grunion-field-label text'\n\t\t\t\t>Sz\u00fclet\u00e9si d\u00e1tum<span>(required)<\/span><\/label>\n<input\n\t\t\t\t\ttype='text'\n\t\t\t\t\tname='g2307-szletsidtum'\n\t\t\t\t\tid='g2307-szletsidtum'\n\t\t\t\t\tvalue=''\n\t\t\t\t\tclass='text' \n\t\t\t\t\trequired aria-required='true'\n\t\t\t\t\/>\n\t<\/div>\n\n<div class='grunion-field-wrap grunion-field-text-wrap'  >\n<label\n\t\t\t\tfor='g2307-lakcmirnytszmteleplsutcahzszmorszg'\n\t\t\t\tclass='grunion-field-label text'\n\t\t\t\t>Lakc\u00edm (ir\u00e1ny\u00edt\u00f3sz\u00e1m, telep\u00fcl\u00e9s, utca, h\u00e1zsz\u00e1m, orsz\u00e1g)<span>(required)<\/span><\/label>\n<input\n\t\t\t\t\ttype='text'\n\t\t\t\t\tname='g2307-lakcmirnytszmteleplsutcahzszmorszg'\n\t\t\t\t\tid='g2307-lakcmirnytszmteleplsutcahzszmorszg'\n\t\t\t\t\tvalue=''\n\t\t\t\t\tclass='text' \n\t\t\t\t\trequired aria-required='true'\n\t\t\t\t\/>\n\t<\/div>\n\n<div class='grunion-field-wrap grunion-field-text-wrap'  >\n<label\n\t\t\t\tfor='g2307-telefonvezetkesvagymobil'\n\t\t\t\tclass='grunion-field-label text'\n\t\t\t\t>Telefon (vezet\u00e9kes vagy mobil)<span>(required)<\/span><\/label>\n<input\n\t\t\t\t\ttype='text'\n\t\t\t\t\tname='g2307-telefonvezetkesvagymobil'\n\t\t\t\t\tid='g2307-telefonvezetkesvagymobil'\n\t\t\t\t\tvalue=''\n\t\t\t\t\tclass='text' \n\t\t\t\t\trequired aria-required='true'\n\t\t\t\t\/>\n\t<\/div>\n\n<div class='grunion-field-wrap grunion-field-email-wrap'  >\n<label\n\t\t\t\tfor='g2307-emailcm'\n\t\t\t\tclass='grunion-field-label email'\n\t\t\t\t>E-mail c\u00edm<\/label>\n<input\n\t\t\t\t\ttype='email'\n\t\t\t\t\tname='g2307-emailcm'\n\t\t\t\t\tid='g2307-emailcm'\n\t\t\t\t\tvalue=''\n\t\t\t\t\tclass='email' \n\t\t\t\t\t\n\t\t\t\t\/>\n\t<\/div>\n\n<div class='grunion-field-wrap grunion-field-select-wrap'  >\n<label\n\t\t\t\tfor='g2307-melyszakcsoportbanszeretnlrsztvenni'\n\t\t\t\tclass='grunion-field-label select'\n\t\t\t\t>Mely szakcsoportban szeretn\u00e9l r\u00e9szt venni?<span>(required)<\/span><\/label>\n\t<select name='g2307-melyszakcsoportbanszeretnlrsztvenni' id='g2307-melyszakcsoportbanszeretnlrsztvenni' class='select' required aria-required='true'>\n\t\t<option value='Madar\u00e1sz (Ornitol\u00f3gia)'>Madar\u00e1sz (Ornitol\u00f3gia)<\/option>\n\t\t<option value='K\u00e9t\u00e9lt\u0171ek \u00e9s h\u00fcll\u0151k (Herpetol\u00f3gia)'>K\u00e9t\u00e9lt\u0171ek \u00e9s h\u00fcll\u0151k (Herpetol\u00f3gia)<\/option>\n\t\t<option value='Haltani (Ichtiol\u00f3gia)'>Haltani (Ichtiol\u00f3gia)<\/option>\n\t\t<option value='P\u00f3ktani (Arachnol\u00f3gia)'>P\u00f3ktani (Arachnol\u00f3gia)<\/option>\n\t\t<option value='N\u00f6v\u00e9nytani (Botanika)'>N\u00f6v\u00e9nytani (Botanika)<\/option>\n\t\t<option value='Mikrobiol\u00f3giai'>Mikrobiol\u00f3giai<\/option>\n\t\t<option value='K\u00f6rnyezettudom\u00e1nyi'>K\u00f6rnyezettudom\u00e1nyi<\/option>\n\t<\/select>\n\t<\/div>\n\n<div class='grunion-field-wrap grunion-field-radio-wrap'  >\n<label\n\t\t\t\tfor='g2307-tudszestrathozniamennyibennemegyesletnkbiztostszmodra'\n\t\t\t\tclass='grunion-field-label'\n\t\t\t\t>Tudsz-e s\u00e1trat hozni? (Amennyiben nem, egyes\u00fclet\u00fcnk biztos\u00edt sz\u00e1modra)<span>(required)<\/span><\/label>\n\t\t<label class='grunion-radio-label radio'><input\n\t\t\t\t\t\t\t\t\ttype='radio'\n\t\t\t\t\t\t\t\t\tname='g2307-tudszestrathozniamennyibennemegyesletnkbiztostszmodra'\n\t\t\t\t\t\t\t\t\tvalue='Igen' class='radio'  required aria-required='true'\/> Igen<\/label>\n\t\t<div class='clear-form'><\/div>\n\t\t<label class='grunion-radio-label radio'><input\n\t\t\t\t\t\t\t\t\ttype='radio'\n\t\t\t\t\t\t\t\t\tname='g2307-tudszestrathozniamennyibennemegyesletnkbiztostszmodra'\n\t\t\t\t\t\t\t\t\tvalue='Nem' class='radio'  required aria-required='true'\/> Nem<\/label>\n\t\t<div class='clear-form'><\/div>\n\t<\/div>\n\n<div class='grunion-field-wrap grunion-field-text-wrap'  >\n<label\n\t\t\t\tfor='g2307-vanevalamilyenbetegsgedamirltudnunkkellsrlsekallergiastb'\n\t\t\t\tclass='grunion-field-label text'\n\t\t\t\t>Van-e valamilyen betegs\u00e9ged, amir\u0151l tudnunk kell? (S\u00e9r\u00fcl\u00e9sek, allergia, stb.)<span>(required)<\/span><\/label>\n<input\n\t\t\t\t\ttype='text'\n\t\t\t\t\tname='g2307-vanevalamilyenbetegsgedamirltudnunkkellsrlsekallergiastb'\n\t\t\t\t\tid='g2307-vanevalamilyenbetegsgedamirltudnunkkellsrlsekallergiastb'\n\t\t\t\t\tvalue=''\n\t\t\t\t\tclass='text' \n\t\t\t\t\trequired aria-required='true'\n\t\t\t\t\/>\n\t<\/div>\n\t<p class='contact-submit'>\n\t\t<button type='submit' class='pushbutton-wide'>Submit<\/button>\t\t<input type='hidden' name='contact-form-id' value='2307' \/>\n\t\t<input type='hidden' name='action' value='grunion-contact-form' \/>\n\t\t<input type='hidden' name='contact-form-hash' value='504912d63da365bde0ce8acdc1879919a98c2e57' \/>\n\t<\/p>\n<\/form>\n<\/div>\n<div class=\"fcbkbttn_buttons_block\" id=\"fcbkbttn_left\"><div class=\"fcbkbttn_like \"><fb:like href=\"https:\/\/arcus.org.rs\/hun\/oko-camp-2019-online-jelentkezesi-lap\/\" action=\"like\" colorscheme=\"light\" layout=\"standard\" show-faces='false' width=\"450px\" size=\"small\"><\/fb:like><\/div><\/div>","protected":false},"excerpt":{"rendered":"<p>Ezen oldalon kereszt\u00fcl, az al\u00e1bb tal\u00e1lhat\u00f3 online jelentkez\u00e9si lap kit\u00f6lt\u00e9s\u00e9vel \u00e9s elk\u00fcld\u00e9s\u00e9vel jelentkezhetsz az Arcus K\u00f6rnyezetv\u00e9d\u0151 Egyes\u00fclet \u00d6KO-CAMP 2019 elnevez\u00e9s\u0171 term\u00e9szettudom\u00e1nyos ismeretterjeszt\u0151, k\u00f6rnyezet- \u00e9s term\u00e9szetv\u00e9delmi oktat\u00f3t\u00e1bor\u00e1ba. A t\u00e1bor id\u0151pontja: 2019. j\u00falius 21-t\u0151l 28-ig. A t\u00e1bor helysz\u00edne: Topolya, Topolyai-t\u00f3 partja, az&hellip; <\/p>\n","protected":false},"author":5,"featured_media":0,"parent":0,"menu_order":0,"comment_status":"closed","ping_status":"closed","template":"","meta":{"_mi_skip_tracking":false,"spay_email":""},"jetpack_shortlink":"https:\/\/wp.me\/P40Haz-Bd","jetpack_sharing_enabled":true,"jetpack_likes_enabled":false,"_links":{"self":[{"href":"https:\/\/arcus.org.rs\/hun\/wp-json\/wp\/v2\/pages\/2307"}],"collection":[{"href":"https:\/\/arcus.org.rs\/hun\/wp-json\/wp\/v2\/pages"}],"about":[{"href":"https:\/\/arcus.org.rs\/hun\/wp-json\/wp\/v2\/types\/page"}],"author":[{"embeddable":true,"href":"https:\/\/arcus.org.rs\/hun\/wp-json\/wp\/v2\/users\/5"}],"replies":[{"embeddable":true,"href":"https:\/\/arcus.org.rs\/hun\/wp-json\/wp\/v2\/comments?post=2307"}],"version-history":[{"count":1,"href":"https:\/\/arcus.org.rs\/hun\/wp-json\/wp\/v2\/pages\/2307\/revisions"}],"predecessor-version":[{"id":2308,"href":"https:\/\/arcus.org.rs\/hun\/wp-json\/wp\/v2\/pages\/2307\/revisions\/2308"}],"wp:attachment":[{"href":"https:\/\/arcus.org.rs\/hun\/wp-json\/wp\/v2\/media?parent=2307"}],"curies":[{"name":"wp","href":"https:\/\/api.w.org\/{rel}","templated":true}]}}