{"id":2811,"date":"2013-12-10T19:18:55","date_gmt":"2013-12-10T18:18:55","guid":{"rendered":"https:\/\/arcus.org.rs\/hun\/?page_id=2811"},"modified":"2021-04-23T01:17:42","modified_gmt":"2021-04-23T00:17:42","slug":"rolunk-irtak","status":"publish","type":"page","link":"https:\/\/arcus.org.rs\/hun\/rolunk-irtak\/","title":{"rendered":"R\u00f3lunk \u00edrt\u00e1k"},"content":{"rendered":"<p><strong>TARKA VIL\u00c1G &#8211; A Magyar Sz\u00f3 m\u0171sorf\u00fczete \u00e9s sz\u00f3rakoztat\u00f3 mell\u00e9klete (<em>2021. \u00e1prilis 22.<\/em>)<\/strong><\/p>\n<p><a href=\"https:\/\/arcus.org.rs\/hun\/wp-content\/uploads\/2021\/04\/Arcus.1.jpg\"><img loading=\"lazy\" class=\"alignleft wp-image-2812\" src=\"https:\/\/arcus.org.rs\/hun\/wp-content\/uploads\/2021\/04\/Arcus.1-211x300.jpg\" alt=\"\" width=\"270\" height=\"383\" srcset=\"https:\/\/arcus.org.rs\/hun\/wp-content\/uploads\/2021\/04\/Arcus.1-211x300.jpg 211w, https:\/\/arcus.org.rs\/hun\/wp-content\/uploads\/2021\/04\/Arcus.1-722x1024.jpg 722w, https:\/\/arcus.org.rs\/hun\/wp-content\/uploads\/2021\/04\/Arcus.1-768x1090.jpg 768w, https:\/\/arcus.org.rs\/hun\/wp-content\/uploads\/2021\/04\/Arcus.1-1083x1536.jpg 1083w, https:\/\/arcus.org.rs\/hun\/wp-content\/uploads\/2021\/04\/Arcus.1.jpg 1225w\" sizes=\"(max-width: 270px) 100vw, 270px\" \/><\/a><a href=\"https:\/\/arcus.org.rs\/hun\/wp-content\/uploads\/2021\/04\/Arcus.2.jpg\"><img loading=\"lazy\" class=\"alignright wp-image-2813\" src=\"https:\/\/arcus.org.rs\/hun\/wp-content\/uploads\/2021\/04\/Arcus.2-211x300.jpg\" alt=\"\" width=\"270\" height=\"384\" srcset=\"https:\/\/arcus.org.rs\/hun\/wp-content\/uploads\/2021\/04\/Arcus.2-211x300.jpg 211w, https:\/\/arcus.org.rs\/hun\/wp-content\/uploads\/2021\/04\/Arcus.2-721x1024.jpg 721w, https:\/\/arcus.org.rs\/hun\/wp-content\/uploads\/2021\/04\/Arcus.2-768x1091.jpg 768w, https:\/\/arcus.org.rs\/hun\/wp-content\/uploads\/2021\/04\/Arcus.2-1081x1536.jpg 1081w, https:\/\/arcus.org.rs\/hun\/wp-content\/uploads\/2021\/04\/Arcus.2.jpg 1226w\" sizes=\"(max-width: 270px) 100vw, 270px\" \/><\/a><a href=\"https:\/\/arcus.org.rs\/hun\/wp-content\/uploads\/2021\/04\/Arcus.3.jpg\"><img loading=\"lazy\" class=\"aligncenter wp-image-2814\" src=\"https:\/\/arcus.org.rs\/hun\/wp-content\/uploads\/2021\/04\/Arcus.3-208x300.jpg\" alt=\"\" width=\"270\" height=\"390\" srcset=\"https:\/\/arcus.org.rs\/hun\/wp-content\/uploads\/2021\/04\/Arcus.3-208x300.jpg 208w, https:\/\/arcus.org.rs\/hun\/wp-content\/uploads\/2021\/04\/Arcus.3-709x1024.jpg 709w, https:\/\/arcus.org.rs\/hun\/wp-content\/uploads\/2021\/04\/Arcus.3-768x1109.jpg 768w, https:\/\/arcus.org.rs\/hun\/wp-content\/uploads\/2021\/04\/Arcus.3-1064x1536.jpg 1064w, https:\/\/arcus.org.rs\/hun\/wp-content\/uploads\/2021\/04\/Arcus.3.jpg 1199w\" sizes=\"(max-width: 270px) 100vw, 270px\" \/><\/a><\/p>\n<div class=\"fcbkbttn_buttons_block\" id=\"fcbkbttn_left\"><div class=\"fcbkbttn_like \"><fb:like href=\"https:\/\/arcus.org.rs\/hun\/rolunk-irtak\/\" action=\"like\" colorscheme=\"light\" layout=\"standard\" show-faces='false' width=\"450px\" size=\"small\"><\/fb:like><\/div><\/div>","protected":false},"excerpt":{"rendered":"<p>TARKA VIL\u00c1G &#8211; A Magyar Sz\u00f3 m\u0171sorf\u00fczete \u00e9s sz\u00f3rakoztat\u00f3 mell\u00e9klete (2021. \u00e1prilis 22.)<\/p>\n","protected":false},"author":5,"featured_media":0,"parent":0,"menu_order":0,"comment_status":"closed","ping_status":"open","template":"","meta":{"_mi_skip_tracking":false,"spay_email":""},"jetpack_shortlink":"https:\/\/wp.me\/P40Haz-Jl","jetpack_sharing_enabled":true,"jetpack_likes_enabled":false,"_links":{"self":[{"href":"https:\/\/arcus.org.rs\/hun\/wp-json\/wp\/v2\/pages\/2811"}],"collection":[{"href":"https:\/\/arcus.org.rs\/hun\/wp-json\/wp\/v2\/pages"}],"about":[{"href":"https:\/\/arcus.org.rs\/hun\/wp-json\/wp\/v2\/types\/page"}],"author":[{"embeddable":true,"href":"https:\/\/arcus.org.rs\/hun\/wp-json\/wp\/v2\/users\/5"}],"replies":[{"embeddable":true,"href":"https:\/\/arcus.org.rs\/hun\/wp-json\/wp\/v2\/comments?post=2811"}],"version-history":[{"count":5,"href":"https:\/\/arcus.org.rs\/hun\/wp-json\/wp\/v2\/pages\/2811\/revisions"}],"predecessor-version":[{"id":2820,"href":"https:\/\/arcus.org.rs\/hun\/wp-json\/wp\/v2\/pages\/2811\/revisions\/2820"}],"wp:attachment":[{"href":"https:\/\/arcus.org.rs\/hun\/wp-json\/wp\/v2\/media?parent=2811"}],"curies":[{"name":"wp","href":"https:\/\/api.w.org\/{rel}","templated":true}]}}