{"id":2872,"date":"2021-05-10T22:06:09","date_gmt":"2021-05-10T21:06:09","guid":{"rendered":"https:\/\/arcus.org.rs\/hun\/?page_id=2872"},"modified":"2021-06-04T17:52:05","modified_gmt":"2021-06-04T16:52:05","slug":"tarka-safrany-crocus-reticulatus","status":"publish","type":"page","link":"https:\/\/arcus.org.rs\/hun\/tarka-safrany-crocus-reticulatus\/","title":{"rendered":"Tarka s\u00e1fr\u00e1ny (Crocus reticulatus)"},"content":{"rendered":"<div id=\"attachment_2873\" style=\"width: 275px\" class=\"wp-caption alignright\"><a href=\"https:\/\/arcus.org.rs\/hun\/wp-content\/uploads\/2021\/05\/crocus.reticulatus.Photo_.Sihelnik.J..jpg\"><img aria-describedby=\"caption-attachment-2873\" loading=\"lazy\" class=\"wp-image-2873\" title=\"Tarka s\u00e1fr\u00e1ny (Photo: Sihelnik J\u00f3zsef)\" src=\"https:\/\/arcus.org.rs\/hun\/wp-content\/uploads\/2021\/05\/crocus.reticulatus.Photo_.Sihelnik.J.-300x200.jpg\" alt=\"Tarka s\u00e1fr\u00e1ny (Photo: Sihelnik J\u00f3zsef)\" width=\"265\" height=\"177\" srcset=\"https:\/\/arcus.org.rs\/hun\/wp-content\/uploads\/2021\/05\/crocus.reticulatus.Photo_.Sihelnik.J.-300x200.jpg 300w, https:\/\/arcus.org.rs\/hun\/wp-content\/uploads\/2021\/05\/crocus.reticulatus.Photo_.Sihelnik.J.-768x512.jpg 768w, https:\/\/arcus.org.rs\/hun\/wp-content\/uploads\/2021\/05\/crocus.reticulatus.Photo_.Sihelnik.J..jpg 840w\" sizes=\"(max-width: 265px) 100vw, 265px\" \/><\/a><p id=\"caption-attachment-2873\" class=\"wp-caption-text\">Tarka s\u00e1fr\u00e1ny (Photo: Sihelnik J\u00f3zsef)<\/p><\/div>\n<p style=\"text-align: justify;\">A tarka s\u00e1fr\u00e1ny 4-10 cm-es, kora tavaszi vadvir\u00e1gunk. T\u0151levelei, hasonl\u00f3an a t\u00f6bbi s\u00e1fr\u00e1nyfajhoz, keskeny-sz\u00e1lasak, a k\u00f6z\u00e9p\u00e9ren hosszanti feh\u00e9res cs\u00edkkal. A lepel hattag\u00fa, de nem t\u00fal ritka a rendhagy\u00f3, enn\u00e9l nagyobb lepelsz\u00e1m sem. Cimp\u00e1i hegyesed\u0151k, sz\u00edn\u00fck a feh\u00e9rt\u0151l a lil\u00e1ig v\u00e1ltoz\u00f3. A k\u00fcls\u0151 lepelcimp\u00e1k h\u00e1t\u00e1n h\u00e1rom er\u0151teljes (ritk\u00e1n halv\u00e1ny), iboly\u00e1s cs\u00edk h\u00faz\u00f3dik. A cs\u00facs\u00e1n h\u00e1rom has\u00e1bra \u00e1gaz\u00f3 bibe sz\u00edne a halv\u00e1nys\u00e1rg\u00e1t\u00f3l a s\u00f6t\u00e9tv\u00f6r\u00f6sig v\u00e1ltozhat. Term\u00e9se tokterm\u00e9s.<\/p>\n<div id=\"attachment_866\" style=\"width: 275px\" class=\"wp-caption alignleft\"><a href=\"https:\/\/arcus.org.rs\/hun\/wp-content\/uploads\/2015\/02\/crocus.reticulatus.Photo_.Sihelnik.J..jpg\"><img aria-describedby=\"caption-attachment-866\" loading=\"lazy\" class=\"wp-image-866\" title=\"Tarka s\u00e1fr\u00e1ny (Photo: Sihelnik J\u00f3zsef)\" src=\"https:\/\/arcus.org.rs\/hun\/wp-content\/uploads\/2015\/02\/crocus.reticulatus.Photo_.Sihelnik.J.-300x200.jpg\" alt=\"Tarka s\u00e1fr\u00e1ny (Photo: Sihelnik J\u00f3zsef)\" width=\"265\" height=\"177\" srcset=\"https:\/\/arcus.org.rs\/hun\/wp-content\/uploads\/2015\/02\/crocus.reticulatus.Photo_.Sihelnik.J.-300x200.jpg 300w, https:\/\/arcus.org.rs\/hun\/wp-content\/uploads\/2015\/02\/crocus.reticulatus.Photo_.Sihelnik.J..jpg 840w\" sizes=\"(max-width: 265px) 100vw, 265px\" \/><\/a><p id=\"caption-attachment-866\" class=\"wp-caption-text\">Tarka s\u00e1fr\u00e1ny (Photo: Sihelnik J\u00f3zsef)<\/p><\/div>\n<p style=\"text-align: justify;\">K\u00f6zvetlen\u00fcl h\u00f3olvad\u00e1st k\u00f6vet\u0151en, febru\u00e1r k\u00f6zep\u00e9t\u0151l m\u00e1rcius m\u00e1sodik fel\u00e9ig, v\u00e9g\u00e9ig vir\u00e1gzik. Ink\u00e1bb m\u00e9szkedvel\u0151 n\u00f6v\u00e9ny, \u00edgy l\u00f6szgyepek, homokpuszt\u00e1k, homoki r\u00e9tek, sz\u00e1raz t\u00f6lgyesek, homoki t\u00f6lgyesek \u00e9s ak\u00e1cosok vir\u00e1ga. El\u0151fordul\u00e1s\u00e1t tekintve pontusi-(mediterr\u00e1n) fl\u00f3raelem. Vid\u00e9k\u00fcnk\u00f6n m\u00e9g \u00e1llom\u00e1nya jelent\u0151s, \u00e1m kiz\u00e1r\u00f3lag a Krivaja patak v\u00f6lgyh\u00e1l\u00f3zat\u00e1ban maradt fenn.<\/p>\n<p style=\"text-align: justify;\">Igen jellegzetes n\u00f6v\u00e9nyfaj. A vele azonos \u00e9l\u0151helyeken, de k\u00e9s\u0151bb ny\u00edl\u00f3 mad\u00e1rtejfajok (<em>Ornithogalum spp.<\/em>) levelei szint\u00e9n feh\u00e9res cs\u00edkot viselnek, \u00edgy ezekkel, kiz\u00e1r\u00f3lag lev\u00e9l alapj\u00e1n esetlegesen \u00f6sszet\u00e9veszthet\u0151. Szerbi\u00e1ban nem v\u00e9dett, de v\u00e9dend\u0151 faj.<\/p>\n<p style=\"text-align: right;\">Sihelnik J\u00f3zsef<\/p>\n<p style=\"text-align: left;\">\u2039\u2039\u2039 <a href=\"https:\/\/arcus.org.rs\/hun\/termeszeti-ertekeink\/\"><em>vissza<\/em><\/a><\/p>\n<div class=\"fcbkbttn_buttons_block\" id=\"fcbkbttn_left\"><div class=\"fcbkbttn_like \"><fb:like href=\"https:\/\/arcus.org.rs\/hun\/tarka-safrany-crocus-reticulatus\/\" action=\"like\" colorscheme=\"light\" layout=\"standard\" show-faces='false' width=\"450px\" size=\"small\"><\/fb:like><\/div><\/div>","protected":false},"excerpt":{"rendered":"<p>A tarka s\u00e1fr\u00e1ny 4-10 cm-es, kora tavaszi vadvir\u00e1gunk. T\u0151levelei, hasonl\u00f3an a t\u00f6bbi s\u00e1fr\u00e1nyfajhoz, keskeny-sz\u00e1lasak, a k\u00f6z\u00e9p\u00e9ren hosszanti feh\u00e9res cs\u00edkkal. A lepel hattag\u00fa, de nem t\u00fal ritka a rendhagy\u00f3, enn\u00e9l nagyobb lepelsz\u00e1m sem. Cimp\u00e1i hegyesed\u0151k, sz\u00edn\u00fck a feh\u00e9rt\u0151l a lil\u00e1ig v\u00e1ltoz\u00f3.&hellip; <\/p>\n","protected":false},"author":5,"featured_media":0,"parent":0,"menu_order":0,"comment_status":"closed","ping_status":"open","template":"","meta":{"_mi_skip_tracking":false,"spay_email":""},"jetpack_shortlink":"https:\/\/wp.me\/P40Haz-Kk","jetpack_sharing_enabled":true,"jetpack_likes_enabled":false,"_links":{"self":[{"href":"https:\/\/arcus.org.rs\/hun\/wp-json\/wp\/v2\/pages\/2872"}],"collection":[{"href":"https:\/\/arcus.org.rs\/hun\/wp-json\/wp\/v2\/pages"}],"about":[{"href":"https:\/\/arcus.org.rs\/hun\/wp-json\/wp\/v2\/types\/page"}],"author":[{"embeddable":true,"href":"https:\/\/arcus.org.rs\/hun\/wp-json\/wp\/v2\/users\/5"}],"replies":[{"embeddable":true,"href":"https:\/\/arcus.org.rs\/hun\/wp-json\/wp\/v2\/comments?post=2872"}],"version-history":[{"count":9,"href":"https:\/\/arcus.org.rs\/hun\/wp-json\/wp\/v2\/pages\/2872\/revisions"}],"predecessor-version":[{"id":3173,"href":"https:\/\/arcus.org.rs\/hun\/wp-json\/wp\/v2\/pages\/2872\/revisions\/3173"}],"wp:attachment":[{"href":"https:\/\/arcus.org.rs\/hun\/wp-json\/wp\/v2\/media?parent=2872"}],"curies":[{"name":"wp","href":"https:\/\/api.w.org\/{rel}","templated":true}]}}