{"id":2884,"date":"2021-05-10T23:32:48","date_gmt":"2021-05-10T22:32:48","guid":{"rendered":"https:\/\/arcus.org.rs\/hun\/?page_id=2884"},"modified":"2021-06-04T17:45:57","modified_gmt":"2021-06-04T16:45:57","slug":"szartalan-csudfu-astragalus-exscapus","status":"publish","type":"page","link":"https:\/\/arcus.org.rs\/hun\/szartalan-csudfu-astragalus-exscapus\/","title":{"rendered":"Sz\u00e1rtalan cs\u00fcdf\u0171 (Astragalus exscapus)"},"content":{"rendered":"<div id=\"attachment_2109\" style=\"width: 275px\" class=\"wp-caption alignright\"><a href=\"https:\/\/arcus.org.rs\/hun\/wp-content\/uploads\/2018\/10\/astragalus.exscapus.Photo_.Sihelnik.J..jpg\"><img aria-describedby=\"caption-attachment-2109\" loading=\"lazy\" class=\"wp-image-2109\" title=\"Sz\u00e1rtalan cs\u00fcdf\u0171 (Photo: Sihelnik J\u00f3zsef)\" src=\"https:\/\/arcus.org.rs\/hun\/wp-content\/uploads\/2018\/10\/astragalus.exscapus.Photo_.Sihelnik.J.-300x200.jpg\" alt=\"Sz\u00e1rtalan cs\u00fcdf\u0171 (Photo: Sihelnik J\u00f3zsef)\" width=\"265\" height=\"177\" srcset=\"https:\/\/arcus.org.rs\/hun\/wp-content\/uploads\/2018\/10\/astragalus.exscapus.Photo_.Sihelnik.J.-300x200.jpg 300w, https:\/\/arcus.org.rs\/hun\/wp-content\/uploads\/2018\/10\/astragalus.exscapus.Photo_.Sihelnik.J.-768x512.jpg 768w, https:\/\/arcus.org.rs\/hun\/wp-content\/uploads\/2018\/10\/astragalus.exscapus.Photo_.Sihelnik.J..jpg 840w\" sizes=\"(max-width: 265px) 100vw, 265px\" \/><\/a><p id=\"caption-attachment-2109\" class=\"wp-caption-text\">Sz\u00e1rtalan cs\u00fcdf\u0171 (Photo: Sihelnik J\u00f3zsef)<\/p><\/div>\n<p style=\"text-align: justify;\">A sz\u00e1rtalan cs\u00fcdf\u0171 a h\u00fcvelyesek rendj\u00e9be, ezen bel\u00fcl a pillang\u00f3svir\u00e1g\u00faak csal\u00e1dj\u00e1ba tartoz\u00f3 faj. Alacsony, 3-10 cm nagys\u00e1g\u00fa, a talaj felsz\u00edn\u00e9n sz\u00e9tter\u00fcl\u0151, \u00edgy \u00e1tm\u00e9r\u0151je 50-60 cm is lehet. \u00c9vel\u0151 n\u00f6v\u00e9ny. F\u00f6ld feletti sz\u00e1ra nincs, viszont a f\u00f6ldalatti sz\u00e1r nagyon r\u00f6vid, mely a vastag, elf\u00e1sod\u00f3 gy\u00f6kt\u00f6rzsb\u0151l n\u0151 ki. Az eg\u00e9sz n\u00f6v\u00e9ny s\u0171r\u0171n sz\u0151r\u00f6s-molyhos. A levelek t\u0151lev\u00e9lr\u00f3zs\u00e1t alkotnak, p\u00e1ratlanul sz\u00e1rnyasan osztottak, 21-31 elliptikus vagy toj\u00e1sdad lev\u00e9lk\u00e9b\u0151l \u00e1llnak. A 3-9 (ritk\u00e1n ak\u00e1r 12) vir\u00e1g t\u0151\u00e1ll\u00f3, kocs\u00e1nyuk igen r\u00f6vid. A term\u0151t \u00e9s porz\u00f3t is tartalmaz\u00f3 vir\u00e1g a pillang\u00f3svir\u00e1g\u00faakn\u00e1l megszokott m\u00f3don aszimmetrikus (zigomorf), \u00f6t szirma \u00e9l\u00e9nks\u00e1rga. A cs\u00e9szelevelek molyhosak. H\u00fcvelyterm\u00e9se van, mely 1,5-2,5 cm hossz\u00fa, er\u0151sen sz\u0151r\u00f6z\u00f6tt. Magr\u00f3l \u00e9s vegetat\u00edvan is terjed.<\/p>\n<p style=\"text-align: justify;\">\u00c1prilis v\u00e9g\u00e9t\u0151l j\u00faniusig vir\u00e1gzik. M\u00e9szkedvel\u0151 faj, \u00edgy \u00e9l\u0151helye a homoki- \u00e9s l\u00f6szgyepek, legel\u0151k \u00e9s l\u00f6szt\u00f6lgyesek. Vid\u00e9k\u00fcnk\u00f6n kis sz\u00e1mban fordul el\u0151, kiz\u00e1r\u00f3lag a Krivaja patak v\u00f6lgyh\u00e1l\u00f3zat\u00e1ban.<\/p>\n<p style=\"text-align: justify;\">A sz\u00e1raz, k\u00f6t\u00f6tt talajt prefer\u00e1lja, az \u00e1rny\u00e9kot nem t\u0171ri. K\u00e9pes megk\u00f6tni a nitrog\u00e9nt. Szerbi\u00e1ban fokozottan v\u00e9dett faj.<\/p>\n<p style=\"text-align: right;\">Vukajlovi\u0107 Pecze Nat\u00e1lia<\/p>\n<p>\u2039\u2039\u2039 <a href=\"https:\/\/arcus.org.rs\/hun\/termeszeti-ertekeink\/\"><em>vissza<\/em><\/a><\/p>\n<div class=\"fcbkbttn_buttons_block\" id=\"fcbkbttn_left\"><div class=\"fcbkbttn_like \"><fb:like href=\"https:\/\/arcus.org.rs\/hun\/szartalan-csudfu-astragalus-exscapus\/\" action=\"like\" colorscheme=\"light\" layout=\"standard\" show-faces='false' width=\"450px\" size=\"small\"><\/fb:like><\/div><\/div>","protected":false},"excerpt":{"rendered":"<p>A sz\u00e1rtalan cs\u00fcdf\u0171 a h\u00fcvelyesek rendj\u00e9be, ezen bel\u00fcl a pillang\u00f3svir\u00e1g\u00faak csal\u00e1dj\u00e1ba tartoz\u00f3 faj. Alacsony, 3-10 cm nagys\u00e1g\u00fa, a talaj felsz\u00edn\u00e9n sz\u00e9tter\u00fcl\u0151, \u00edgy \u00e1tm\u00e9r\u0151je 50-60 cm is lehet. \u00c9vel\u0151 n\u00f6v\u00e9ny. F\u00f6ld feletti sz\u00e1ra nincs, viszont a f\u00f6ldalatti sz\u00e1r nagyon r\u00f6vid, mely&hellip; <\/p>\n","protected":false},"author":5,"featured_media":0,"parent":0,"menu_order":0,"comment_status":"closed","ping_status":"open","template":"","meta":{"_mi_skip_tracking":false,"spay_email":""},"jetpack_shortlink":"https:\/\/wp.me\/P40Haz-Kw","jetpack_sharing_enabled":true,"jetpack_likes_enabled":false,"_links":{"self":[{"href":"https:\/\/arcus.org.rs\/hun\/wp-json\/wp\/v2\/pages\/2884"}],"collection":[{"href":"https:\/\/arcus.org.rs\/hun\/wp-json\/wp\/v2\/pages"}],"about":[{"href":"https:\/\/arcus.org.rs\/hun\/wp-json\/wp\/v2\/types\/page"}],"author":[{"embeddable":true,"href":"https:\/\/arcus.org.rs\/hun\/wp-json\/wp\/v2\/users\/5"}],"replies":[{"embeddable":true,"href":"https:\/\/arcus.org.rs\/hun\/wp-json\/wp\/v2\/comments?post=2884"}],"version-history":[{"count":3,"href":"https:\/\/arcus.org.rs\/hun\/wp-json\/wp\/v2\/pages\/2884\/revisions"}],"predecessor-version":[{"id":3169,"href":"https:\/\/arcus.org.rs\/hun\/wp-json\/wp\/v2\/pages\/2884\/revisions\/3169"}],"wp:attachment":[{"href":"https:\/\/arcus.org.rs\/hun\/wp-json\/wp\/v2\/media?parent=2884"}],"curies":[{"name":"wp","href":"https:\/\/api.w.org\/{rel}","templated":true}]}}