{"id":2901,"date":"2021-05-12T14:54:17","date_gmt":"2021-05-12T13:54:17","guid":{"rendered":"https:\/\/arcus.org.rs\/hun\/?page_id=2901"},"modified":"2022-10-23T20:55:01","modified_gmt":"2022-10-23T19:55:01","slug":"budai-imola-centaurea-sadleriana","status":"publish","type":"page","link":"https:\/\/arcus.org.rs\/hun\/budai-imola-centaurea-sadleriana\/","title":{"rendered":"Budai imola (Centaurea sadleriana)"},"content":{"rendered":"<div id=\"attachment_2902\" style=\"width: 275px\" class=\"wp-caption alignright\"><a href=\"https:\/\/arcus.org.rs\/hun\/wp-content\/uploads\/2021\/05\/centaurea.sadleriana.Photo_.Sihelnik.J..jpg\"><img aria-describedby=\"caption-attachment-2902\" loading=\"lazy\" class=\"wp-image-2902\" title=\"Budai imola (Photo: Sihelnik J\u00f3zsef)\" src=\"https:\/\/arcus.org.rs\/hun\/wp-content\/uploads\/2021\/05\/centaurea.sadleriana.Photo_.Sihelnik.J.-300x200.jpg\" alt=\"Budai imola (Photo: Sihelnik J\u00f3zsef)\" width=\"265\" height=\"177\" srcset=\"https:\/\/arcus.org.rs\/hun\/wp-content\/uploads\/2021\/05\/centaurea.sadleriana.Photo_.Sihelnik.J.-300x200.jpg 300w, https:\/\/arcus.org.rs\/hun\/wp-content\/uploads\/2021\/05\/centaurea.sadleriana.Photo_.Sihelnik.J.-768x512.jpg 768w, https:\/\/arcus.org.rs\/hun\/wp-content\/uploads\/2021\/05\/centaurea.sadleriana.Photo_.Sihelnik.J..jpg 840w\" sizes=\"(max-width: 265px) 100vw, 265px\" \/><\/a><p id=\"caption-attachment-2902\" class=\"wp-caption-text\">Budai imola (Photo: Sihelnik J\u00f3zsef)<\/p><\/div>\n<p style=\"text-align: justify;\">A budai imola 80-100 cm magas, el\u00e1gaz\u00f3 sz\u00e1r\u00fa, bokrosod\u00f3 \u00e9vel\u0151 n\u00f6v\u00e9ny. Levelei \u00e9rdesek, m\u00e9lyen osztottak, sz\u0151r\u00f6s-molyhosak. A lev\u00e9lszeletek l\u00e1ndzs\u00e1sak, \u00e9pek vagy \u00fajb\u00f3l kar\u00e9josak. A f\u00e9szkek ny\u00fal\u00e1nk kocs\u00e1nyokon mag\u00e1nosan \u00e1llnak, melyek 15-25 mm vastagok. A bels\u0151 f\u00e9szekpikkelyek f\u00fcggel\u00e9ke h\u00e1rty\u00e1s, f\u00e9nyl\u0151, feh\u00e9res, \u00e1ltal\u00e1ban rojtos-hasogatott. A t\u00f6bbi f\u00e9szekpikkely sz\u00e9le keskeny, s\u00f6t\u00e9tbarna, hegyesed\u0151. A vir\u00e1gzatok v\u00f6r\u00f6seslila cs\u00f6ves vir\u00e1gokb\u00f3l \u00e1llnak, vir\u00e1gai egyes\u00e9vel ny\u00edlnak.<\/p>\n<p style=\"text-align: justify;\">M\u00e1jus \u00e9s okt\u00f3ber k\u00f6z\u00f6tt vir\u00e1gzik. Ink\u00e1bb m\u00e9szkedvel\u0151, endemikus faj. Sziklagyepek, szikla- \u00e9s pusztaf\u00fcves lejt\u0151k, erd\u0151ssztyep-r\u00e9tek, l\u00f6szpusztar\u00e9tek, homokpuszt\u00e1k, homoki r\u00e9tek \u00e9s legel\u0151k, l\u00f6szlegel\u0151k, karsztbokorerd\u0151k, cserj\u00e9sek, erd\u0151sz\u00e9lek n\u00f6v\u00e9nye. El\u0151fordul\u00e1s tekintet\u00e9ben pannon-endemikus fl\u00f3raelem. Vid\u00e9k\u00fcnk\u00f6n \u00e1llom\u00e1nya m\u00e9g jelent\u0151s, \u00e1m kiz\u00e1r\u00f3lag a Krivaja patak v\u00f6lgyh\u00e1l\u00f3zat\u00e1ban maradt fenn.<\/p>\n<p style=\"text-align: justify;\">A nemzets\u00e9gen bel\u00fcl gyakori a hibridiz\u00e1ci\u00f3. E fajt legk\u00f6nnyebben tal\u00e1n bimb\u00f3s \u00e1llapotban, a bimb\u00f3k m\u00e1r messzebbr\u0151l is l\u00e1that\u00f3 csontfeh\u00e9r cs\u00facs\u00e1r\u00f3l lehet felismerni. Szerbi\u00e1ban fokozottan v\u00e9dett faj.<\/p>\n<p style=\"text-align: right;\">Sihelnik J\u00f3zsef<\/p>\n<p>\u2039\u2039\u2039 <a href=\"https:\/\/arcus.org.rs\/hun\/termeszeti-ertekeink\/\"><em>vissza<\/em><\/a><\/p>\n<div class=\"fcbkbttn_buttons_block\" id=\"fcbkbttn_left\"><div class=\"fcbkbttn_like \"><fb:like href=\"https:\/\/arcus.org.rs\/hun\/budai-imola-centaurea-sadleriana\/\" action=\"like\" colorscheme=\"light\" layout=\"standard\" show-faces='false' width=\"450px\" size=\"small\"><\/fb:like><\/div><\/div>","protected":false},"excerpt":{"rendered":"<p>A budai imola 80-100 cm magas, el\u00e1gaz\u00f3 sz\u00e1r\u00fa, bokrosod\u00f3 \u00e9vel\u0151 n\u00f6v\u00e9ny. Levelei \u00e9rdesek, m\u00e9lyen osztottak, sz\u0151r\u00f6s-molyhosak. A lev\u00e9lszeletek l\u00e1ndzs\u00e1sak, \u00e9pek vagy \u00fajb\u00f3l kar\u00e9josak. A f\u00e9szkek ny\u00fal\u00e1nk kocs\u00e1nyokon mag\u00e1nosan \u00e1llnak, melyek 15-25 mm vastagok. A bels\u0151 f\u00e9szekpikkelyek f\u00fcggel\u00e9ke h\u00e1rty\u00e1s, f\u00e9nyl\u0151, feh\u00e9res,&hellip; <\/p>\n","protected":false},"author":5,"featured_media":0,"parent":0,"menu_order":0,"comment_status":"closed","ping_status":"open","template":"","meta":{"_mi_skip_tracking":false,"spay_email":""},"jetpack_shortlink":"https:\/\/wp.me\/P40Haz-KN","jetpack_sharing_enabled":true,"jetpack_likes_enabled":false,"_links":{"self":[{"href":"https:\/\/arcus.org.rs\/hun\/wp-json\/wp\/v2\/pages\/2901"}],"collection":[{"href":"https:\/\/arcus.org.rs\/hun\/wp-json\/wp\/v2\/pages"}],"about":[{"href":"https:\/\/arcus.org.rs\/hun\/wp-json\/wp\/v2\/types\/page"}],"author":[{"embeddable":true,"href":"https:\/\/arcus.org.rs\/hun\/wp-json\/wp\/v2\/users\/5"}],"replies":[{"embeddable":true,"href":"https:\/\/arcus.org.rs\/hun\/wp-json\/wp\/v2\/comments?post=2901"}],"version-history":[{"count":4,"href":"https:\/\/arcus.org.rs\/hun\/wp-json\/wp\/v2\/pages\/2901\/revisions"}],"predecessor-version":[{"id":3677,"href":"https:\/\/arcus.org.rs\/hun\/wp-json\/wp\/v2\/pages\/2901\/revisions\/3677"}],"wp:attachment":[{"href":"https:\/\/arcus.org.rs\/hun\/wp-json\/wp\/v2\/media?parent=2901"}],"curies":[{"name":"wp","href":"https:\/\/api.w.org\/{rel}","templated":true}]}}