{"id":2904,"date":"2021-05-12T15:01:08","date_gmt":"2021-05-12T14:01:08","guid":{"rendered":"https:\/\/arcus.org.rs\/hun\/?page_id=2904"},"modified":"2021-06-04T17:31:23","modified_gmt":"2021-06-04T16:31:23","slug":"ligeti-zsalya-salvia-nemorosa","status":"publish","type":"page","link":"https:\/\/arcus.org.rs\/hun\/ligeti-zsalya-salvia-nemorosa\/","title":{"rendered":"Ligeti zs\u00e1lya (Salvia nemorosa)"},"content":{"rendered":"<div id=\"attachment_2905\" style=\"width: 187px\" class=\"wp-caption alignright\"><a href=\"https:\/\/arcus.org.rs\/hun\/wp-content\/uploads\/2021\/05\/salvia.nemorosa.Photo_.Sihelnik.J..jpg\"><img aria-describedby=\"caption-attachment-2905\" loading=\"lazy\" class=\"wp-image-2905\" title=\"Ligeti zs\u00e1lya (Photo: Sihelnik J\u00f3zsef)\" src=\"https:\/\/arcus.org.rs\/hun\/wp-content\/uploads\/2021\/05\/salvia.nemorosa.Photo_.Sihelnik.J.-200x300.jpg\" alt=\"Ligeti zs\u00e1lya (Photo: Sihelnik J\u00f3zsef)\" width=\"177\" height=\"266\" srcset=\"https:\/\/arcus.org.rs\/hun\/wp-content\/uploads\/2021\/05\/salvia.nemorosa.Photo_.Sihelnik.J.-200x300.jpg 200w, https:\/\/arcus.org.rs\/hun\/wp-content\/uploads\/2021\/05\/salvia.nemorosa.Photo_.Sihelnik.J..jpg 560w\" sizes=\"(max-width: 177px) 100vw, 177px\" \/><\/a><p id=\"caption-attachment-2905\" class=\"wp-caption-text\">Ligeti zs\u00e1lya (Photo: Sihelnik J\u00f3zsef)<\/p><\/div>\n<p style=\"text-align: justify;\">A ligeti zs\u00e1lya vagy Szent-Ilona f\u00fcve k\u00f6zepes termet\u0171, \u00e9vel\u0151 n\u00f6v\u00e9ny, mely El\u0151-\u00c1zsia \u00e9s Eur\u00f3pa ter\u00fclet\u00e9n elterjedt. A zs\u00e1ly\u00e1k az \u00e1rvacsal\u00e1nf\u00e9l\u00e9k k\u00f6z\u00e9 tartoznak. Ennek a csal\u00e1dnak \u00e1ltal\u00e1ban k\u00f6z\u00f6s jellemz\u0151je a sz\u00f6gletes sz\u00e1r, \u00e9s hogy valamilyen ill\u00f3olajat tartalmaznak. A zs\u00e1lya level\u00e9t vagy sz\u00e1r\u00e1t megd\u00f6rzs\u00f6lve \u00e9rezhet\u0151 jellegzetes illata. Els\u0151 pillant\u00e1sra nagyon hasonl\u00edt a mezei zs\u00e1ly\u00e1hoz, de a ligeti zs\u00e1lya kev\u00e9sb\u00e9 termetes, sz\u00f6gletes, n\u00e9gy \u00e9l\u0171 sz\u00e1ra is v\u00e9konyabb. Vir\u00e1gai kisebbek, nem s\u00f6t\u00e9t iboly\u00e1s lil\u00e1k, vil\u00e1gosabbnak t\u0171nnek, melynek oka a halv\u00e1nysz\u00edn\u0171 murvalev\u00e9l. A vir\u00e1gok keskeny, d\u00fas f\u00fcrt\u00f6t alkotnak, s\u00f6t\u00e9tlil\u00e1k. Levelei toj\u00e1sdadok vagy l\u00e1ndzs\u00e1sak, a sz\u00e9l\u00fck f\u0171r\u00e9szes. A sz\u00e1ron p\u00e1ros\u00e1val \u00e1llnak. Term\u00e9se a makkocska.<\/p>\n<p style=\"text-align: justify;\">M\u00e1just\u00f3l, ak\u00e1r okt\u00f3ber elej\u00e9ig is vir\u00e1gzik. R\u00e9tek, legel\u0151k, kasz\u00e1l\u00f3k, \u00e1rokpartok n\u00f6v\u00e9nye. Vid\u00e9k\u00fcnk\u00f6n \u00e1ltal\u00e1nosan elterjedt, m\u00e9g a lakott ter\u00fcleteken is el\u0151fordul. Szerbi\u00e1ban nem v\u00e9dett faj.<\/p>\n<p style=\"text-align: right;\">Vukajlovi\u0107 Pecze Nat\u00e1lia<\/p>\n<p>\u2039\u2039\u2039 <a href=\"https:\/\/arcus.org.rs\/hun\/termeszeti-ertekeink\/\"><em>vissza<\/em><\/a><\/p>\n<div class=\"fcbkbttn_buttons_block\" id=\"fcbkbttn_left\"><div class=\"fcbkbttn_like \"><fb:like href=\"https:\/\/arcus.org.rs\/hun\/ligeti-zsalya-salvia-nemorosa\/\" action=\"like\" colorscheme=\"light\" layout=\"standard\" show-faces='false' width=\"450px\" size=\"small\"><\/fb:like><\/div><\/div>","protected":false},"excerpt":{"rendered":"<p>A ligeti zs\u00e1lya vagy Szent-Ilona f\u00fcve k\u00f6zepes termet\u0171, \u00e9vel\u0151 n\u00f6v\u00e9ny, mely El\u0151-\u00c1zsia \u00e9s Eur\u00f3pa ter\u00fclet\u00e9n elterjedt. A zs\u00e1ly\u00e1k az \u00e1rvacsal\u00e1nf\u00e9l\u00e9k k\u00f6z\u00e9 tartoznak. Ennek a csal\u00e1dnak \u00e1ltal\u00e1ban k\u00f6z\u00f6s jellemz\u0151je a sz\u00f6gletes sz\u00e1r, \u00e9s hogy valamilyen ill\u00f3olajat tartalmaznak. A zs\u00e1lya level\u00e9t vagy&hellip; <\/p>\n","protected":false},"author":5,"featured_media":0,"parent":0,"menu_order":0,"comment_status":"closed","ping_status":"open","template":"","meta":{"_mi_skip_tracking":false,"spay_email":""},"jetpack_shortlink":"https:\/\/wp.me\/P40Haz-KQ","jetpack_sharing_enabled":true,"jetpack_likes_enabled":false,"_links":{"self":[{"href":"https:\/\/arcus.org.rs\/hun\/wp-json\/wp\/v2\/pages\/2904"}],"collection":[{"href":"https:\/\/arcus.org.rs\/hun\/wp-json\/wp\/v2\/pages"}],"about":[{"href":"https:\/\/arcus.org.rs\/hun\/wp-json\/wp\/v2\/types\/page"}],"author":[{"embeddable":true,"href":"https:\/\/arcus.org.rs\/hun\/wp-json\/wp\/v2\/users\/5"}],"replies":[{"embeddable":true,"href":"https:\/\/arcus.org.rs\/hun\/wp-json\/wp\/v2\/comments?post=2904"}],"version-history":[{"count":4,"href":"https:\/\/arcus.org.rs\/hun\/wp-json\/wp\/v2\/pages\/2904\/revisions"}],"predecessor-version":[{"id":3162,"href":"https:\/\/arcus.org.rs\/hun\/wp-json\/wp\/v2\/pages\/2904\/revisions\/3162"}],"wp:attachment":[{"href":"https:\/\/arcus.org.rs\/hun\/wp-json\/wp\/v2\/media?parent=2904"}],"curies":[{"name":"wp","href":"https:\/\/api.w.org\/{rel}","templated":true}]}}