{"id":2909,"date":"2021-05-12T15:10:21","date_gmt":"2021-05-12T14:10:21","guid":{"rendered":"https:\/\/arcus.org.rs\/hun\/?page_id=2909"},"modified":"2021-06-04T17:44:34","modified_gmt":"2021-06-04T16:44:34","slug":"sotet-hagyma-allium-atroviolaceum","status":"publish","type":"page","link":"https:\/\/arcus.org.rs\/hun\/sotet-hagyma-allium-atroviolaceum\/","title":{"rendered":"S\u00f6t\u00e9t hagyma (Allium atroviolaceum)"},"content":{"rendered":"<div id=\"attachment_2910\" style=\"width: 275px\" class=\"wp-caption alignright\"><a href=\"https:\/\/arcus.org.rs\/hun\/wp-content\/uploads\/2021\/05\/allium.atroviolaceum.Photo_.Vukajlovic.P.N..jpg\"><img aria-describedby=\"caption-attachment-2910\" loading=\"lazy\" class=\"wp-image-2910\" title=\"S\u00f6t\u00e9t hagyma (Photo: Vukajlovi\u0107 Pecze Nat\u00e1lia)\" src=\"https:\/\/arcus.org.rs\/hun\/wp-content\/uploads\/2021\/05\/allium.atroviolaceum.Photo_.Vukajlovic.P.N.-300x200.jpg\" alt=\"S\u00f6t\u00e9t hagyma (Photo: Vukajlovi\u0107 Pecze Nat\u00e1lia)\" width=\"265\" height=\"177\" srcset=\"https:\/\/arcus.org.rs\/hun\/wp-content\/uploads\/2021\/05\/allium.atroviolaceum.Photo_.Vukajlovic.P.N.-300x200.jpg 300w, https:\/\/arcus.org.rs\/hun\/wp-content\/uploads\/2021\/05\/allium.atroviolaceum.Photo_.Vukajlovic.P.N.-768x512.jpg 768w, https:\/\/arcus.org.rs\/hun\/wp-content\/uploads\/2021\/05\/allium.atroviolaceum.Photo_.Vukajlovic.P.N..jpg 840w\" sizes=\"(max-width: 265px) 100vw, 265px\" \/><\/a><p id=\"caption-attachment-2910\" class=\"wp-caption-text\">S\u00f6t\u00e9t hagyma (Photo: Vukajlovi\u0107 Pecze Nat\u00e1lia)<\/p><\/div>\n<p style=\"text-align: justify;\">A s\u00f6t\u00e9t hagyma egyszik\u0171, hagym\u00e1s n\u00f6v\u00e9ny, mely a liliomf\u00e9l\u00e9khez tartozik. Sz\u00e1ra 30-t\u00f3l, ak\u00e1r 90 cm magas is lehet, karcs\u00fa, \u00e9s nem \u00e1gazik el. N\u00e9h\u00e1ny sz\u00e1las, \u00e9p sz\u00e9l\u0171 levele 15-40 cm hossz\u00fa. S\u00f6t\u00e9tb\u00edbor-lila vir\u00e1gai t\u00f6m\u00f6tt fejecsk\u00e9ben ny\u00edlnak, illatosak, kifejezetten hagymaillatuk van. F\u00f6ldalatti hagym\u00e1ja feh\u00e9r sz\u00edn\u0171, g\u00f6mb\u00f6lyded. Term\u00e9se tokterm\u00e9s.<\/p>\n<p style=\"text-align: justify;\">A sz\u00e1raz, meleg sztyeppek, gyepek, valamint r\u00e9tek ny\u00e1ri d\u00edsze, mely j\u00fanius-j\u00faliusban bontja vir\u00e1gait. Kedveli a karbon\u00e1tos talajt, \u00edgy jellegzetes k\u00e9pvisel\u0151je a valamikori sztyepp n\u00f6v\u00e9nyzetnek Vajdas\u00e1gban. Pontusi, azaz medterr\u00e1n-szubmediterr\u00e1n jelleg\u0171 fl\u00f3raelem. Ma m\u00e1r csak maradv\u00e1nyk\u00e9nt fordul el\u0151, \u00edgy \u00e9rt\u00e9kes reliktum faj. Topolya k\u00f6rny\u00e9k\u00e9n igen kis sz\u00e1mban lelhet\u0151 fel, mind\u00f6ssze n\u00e9h\u00e1ny term\u0151helye ismert.<\/p>\n<p style=\"text-align: justify;\">Szerbiai szubpopul\u00e1ci\u00f3i csek\u00e9ly sz\u00e1m\u00faak. Az er\u0151s emberi tev\u00e9kenys\u00e9g hat\u00e1sa miatt \u00e9l\u0151helye vesz\u00e9lybe ker\u00fclt, pusztul\u00e1snak van kit\u00e9ve, ez\u00e9rt kritikusan vesz\u00e9lyeztetett faj. Szerbi\u00e1ban fokozottan v\u00e9dett n\u00f6v\u00e9ny.<\/p>\n<p style=\"text-align: right;\">Vukajlovi\u0107 Pecze Nat\u00e1lia<\/p>\n<p>\u2039\u2039\u2039 <a href=\"https:\/\/arcus.org.rs\/hun\/termeszeti-ertekeink\/\"><em>vissza<\/em><\/a><\/p>\n<div class=\"fcbkbttn_buttons_block\" id=\"fcbkbttn_left\"><div class=\"fcbkbttn_like \"><fb:like href=\"https:\/\/arcus.org.rs\/hun\/sotet-hagyma-allium-atroviolaceum\/\" action=\"like\" colorscheme=\"light\" layout=\"standard\" show-faces='false' width=\"450px\" size=\"small\"><\/fb:like><\/div><\/div>","protected":false},"excerpt":{"rendered":"<p>A s\u00f6t\u00e9t hagyma egyszik\u0171, hagym\u00e1s n\u00f6v\u00e9ny, mely a liliomf\u00e9l\u00e9khez tartozik. Sz\u00e1ra 30-t\u00f3l, ak\u00e1r 90 cm magas is lehet, karcs\u00fa, \u00e9s nem \u00e1gazik el. N\u00e9h\u00e1ny sz\u00e1las, \u00e9p sz\u00e9l\u0171 levele 15-40 cm hossz\u00fa. S\u00f6t\u00e9tb\u00edbor-lila vir\u00e1gai t\u00f6m\u00f6tt fejecsk\u00e9ben ny\u00edlnak, illatosak, kifejezetten hagymaillatuk van.&hellip; <\/p>\n","protected":false},"author":5,"featured_media":0,"parent":0,"menu_order":0,"comment_status":"closed","ping_status":"open","template":"","meta":{"_mi_skip_tracking":false,"spay_email":""},"jetpack_shortlink":"https:\/\/wp.me\/P40Haz-KV","jetpack_sharing_enabled":true,"jetpack_likes_enabled":false,"_links":{"self":[{"href":"https:\/\/arcus.org.rs\/hun\/wp-json\/wp\/v2\/pages\/2909"}],"collection":[{"href":"https:\/\/arcus.org.rs\/hun\/wp-json\/wp\/v2\/pages"}],"about":[{"href":"https:\/\/arcus.org.rs\/hun\/wp-json\/wp\/v2\/types\/page"}],"author":[{"embeddable":true,"href":"https:\/\/arcus.org.rs\/hun\/wp-json\/wp\/v2\/users\/5"}],"replies":[{"embeddable":true,"href":"https:\/\/arcus.org.rs\/hun\/wp-json\/wp\/v2\/comments?post=2909"}],"version-history":[{"count":2,"href":"https:\/\/arcus.org.rs\/hun\/wp-json\/wp\/v2\/pages\/2909\/revisions"}],"predecessor-version":[{"id":3168,"href":"https:\/\/arcus.org.rs\/hun\/wp-json\/wp\/v2\/pages\/2909\/revisions\/3168"}],"wp:attachment":[{"href":"https:\/\/arcus.org.rs\/hun\/wp-json\/wp\/v2\/media?parent=2909"}],"curies":[{"name":"wp","href":"https:\/\/api.w.org\/{rel}","templated":true}]}}