{"id":2912,"date":"2021-05-12T15:16:36","date_gmt":"2021-05-12T14:16:36","guid":{"rendered":"https:\/\/arcus.org.rs\/hun\/?page_id=2912"},"modified":"2021-06-04T17:21:46","modified_gmt":"2021-06-04T16:21:46","slug":"kesei-pitypang-taraxacum-serotinum","status":"publish","type":"page","link":"https:\/\/arcus.org.rs\/hun\/kesei-pitypang-taraxacum-serotinum\/","title":{"rendered":"K\u00e9sei pitypang (Taraxacum serotinum)"},"content":{"rendered":"<div id=\"attachment_2913\" style=\"width: 275px\" class=\"wp-caption alignright\"><a href=\"https:\/\/arcus.org.rs\/hun\/wp-content\/uploads\/2021\/05\/taraxacum.serotinum.Photo_.Stefan.L..jpg\"><img aria-describedby=\"caption-attachment-2913\" loading=\"lazy\" class=\"wp-image-2913\" title=\"K\u00e9sei pitypang (Photo: Stefan Lefnaer)\" src=\"https:\/\/arcus.org.rs\/hun\/wp-content\/uploads\/2021\/05\/taraxacum.serotinum.Photo_.Stefan.L.-300x200.jpg\" alt=\"K\u00e9sei pitypang (Photo: Stefan Lefnaer)\" width=\"265\" height=\"177\" srcset=\"https:\/\/arcus.org.rs\/hun\/wp-content\/uploads\/2021\/05\/taraxacum.serotinum.Photo_.Stefan.L.-300x200.jpg 300w, https:\/\/arcus.org.rs\/hun\/wp-content\/uploads\/2021\/05\/taraxacum.serotinum.Photo_.Stefan.L.-768x512.jpg 768w, https:\/\/arcus.org.rs\/hun\/wp-content\/uploads\/2021\/05\/taraxacum.serotinum.Photo_.Stefan.L..jpg 840w\" sizes=\"(max-width: 265px) 100vw, 265px\" \/><\/a><p id=\"caption-attachment-2913\" class=\"wp-caption-text\">K\u00e9sei pitypang (Photo: Stefan Lefnaer)<\/p><\/div>\n<p style=\"text-align: justify;\">A k\u00e9sei pitypang tejnedvet tartalmaz\u00f3, t\u0151lev\u00e9lr\u00f3zs\u00e1s, \u00e9vel\u0151 n\u00f6v\u00e9ny. T\u0151kocs\u00e1nya p\u00f3kh\u00e1l\u00f3s-gyapjas. Vaskos, b\u0151rszer\u0171, talajra simul\u00f3 levelei 10-20 cm-esek, r\u00f6vid nyel\u0171ek, megny\u00falt, ford\u00edtott toj\u00e1sdadok, legal\u00e1bb a fon\u00e1kjuk sz\u0151r\u00f6s. Tagolts\u00e1guk v\u00e1ltozatos, \u00edgy lehetnek \u00e9pek \u00e9s \u00e9p sz\u00e9l\u0171ek, fogacsk\u00e1s sz\u00e9l\u0171ek vagy \u00f6bl\u00f6sen kar\u00e9jos-kac\u00farosak is. Vir\u00e1gzata cs\u00facs\u00e1ll\u00f3, mag\u00e1nyos f\u00e9szek, mely 3-4 cm-es \u00e1tm\u00e9r\u0151j\u0171. A f\u00e9szket \u00f6vez\u0151 f\u00e9szekpikkelyek v\u00f6r\u00f6sl\u0151k vagy z\u00f6ldesbarn\u00e1k, a k\u00fcls\u0151k visszahajl\u00f3k. A vir\u00e1gzat csak s\u00f6t\u00e9ts\u00e1rga sz\u00edn\u0171, nyelves vir\u00e1gokat tartalmaz. Term\u00e9se 4,5-6 mm hossz\u00fa kaszat, rajta kiss\u00e9 v\u00f6r\u00f6sl\u0151 vagy s\u00e1rg\u00e1s b\u00f3bit\u00e1val.<\/p>\n<p style=\"text-align: justify;\">Augusztust\u00f3l okt\u00f3berig vir\u00e1gzik. \u00c9l\u0151helye a sz\u00e1raz gyepek \u00e9s sztyeppr\u00e9tek. F\u0151leg l\u00f6sztalajon fordul el\u0151. Vid\u00e9k\u00fcnk\u00f6n m\u00e9g t\u00f6bb helyen tal\u00e1lkozhatunk vele, \u00e1m kiz\u00e1r\u00f3lag a Krivaja patak v\u00f6lgyh\u00e1l\u00f3zat\u00e1ban maradt fenn.<\/p>\n<p style=\"text-align: justify;\">A k\u00e9sei pitypang vesz\u00e9lyeztetett faj, els\u0151sorban \u00e9l\u0151hely\u00e9nek sz\u0171k\u00fcl\u00e9se miatt, mely a t\u00falzott emberi tev\u00e9kenys\u00e9g k\u00f6vetkezt\u00e9ben kifejezett. Szerbi\u00e1ban v\u00e9dett n\u00f6v\u00e9nyfaj.<\/p>\n<p style=\"text-align: right;\">Vukajlovi\u0107 Pecze Nat\u00e1lia<\/p>\n<p>\u2039\u2039\u2039 <a href=\"https:\/\/arcus.org.rs\/hun\/termeszeti-ertekeink\/\"><em>vissza<\/em><\/a><\/p>\n<div class=\"fcbkbttn_buttons_block\" id=\"fcbkbttn_left\"><div class=\"fcbkbttn_like \"><fb:like href=\"https:\/\/arcus.org.rs\/hun\/kesei-pitypang-taraxacum-serotinum\/\" action=\"like\" colorscheme=\"light\" layout=\"standard\" show-faces='false' width=\"450px\" size=\"small\"><\/fb:like><\/div><\/div>","protected":false},"excerpt":{"rendered":"<p>A k\u00e9sei pitypang tejnedvet tartalmaz\u00f3, t\u0151lev\u00e9lr\u00f3zs\u00e1s, \u00e9vel\u0151 n\u00f6v\u00e9ny. T\u0151kocs\u00e1nya p\u00f3kh\u00e1l\u00f3s-gyapjas. Vaskos, b\u0151rszer\u0171, talajra simul\u00f3 levelei 10-20 cm-esek, r\u00f6vid nyel\u0171ek, megny\u00falt, ford\u00edtott toj\u00e1sdadok, legal\u00e1bb a fon\u00e1kjuk sz\u0151r\u00f6s. Tagolts\u00e1guk v\u00e1ltozatos, \u00edgy lehetnek \u00e9pek \u00e9s \u00e9p sz\u00e9l\u0171ek, fogacsk\u00e1s sz\u00e9l\u0171ek vagy \u00f6bl\u00f6sen kar\u00e9jos-kac\u00farosak is.&hellip; <\/p>\n","protected":false},"author":5,"featured_media":0,"parent":0,"menu_order":0,"comment_status":"closed","ping_status":"open","template":"","meta":{"_mi_skip_tracking":false,"spay_email":""},"jetpack_shortlink":"https:\/\/wp.me\/P40Haz-KY","jetpack_sharing_enabled":true,"jetpack_likes_enabled":false,"_links":{"self":[{"href":"https:\/\/arcus.org.rs\/hun\/wp-json\/wp\/v2\/pages\/2912"}],"collection":[{"href":"https:\/\/arcus.org.rs\/hun\/wp-json\/wp\/v2\/pages"}],"about":[{"href":"https:\/\/arcus.org.rs\/hun\/wp-json\/wp\/v2\/types\/page"}],"author":[{"embeddable":true,"href":"https:\/\/arcus.org.rs\/hun\/wp-json\/wp\/v2\/users\/5"}],"replies":[{"embeddable":true,"href":"https:\/\/arcus.org.rs\/hun\/wp-json\/wp\/v2\/comments?post=2912"}],"version-history":[{"count":2,"href":"https:\/\/arcus.org.rs\/hun\/wp-json\/wp\/v2\/pages\/2912\/revisions"}],"predecessor-version":[{"id":3159,"href":"https:\/\/arcus.org.rs\/hun\/wp-json\/wp\/v2\/pages\/2912\/revisions\/3159"}],"wp:attachment":[{"href":"https:\/\/arcus.org.rs\/hun\/wp-json\/wp\/v2\/media?parent=2912"}],"curies":[{"name":"wp","href":"https:\/\/api.w.org\/{rel}","templated":true}]}}