{"id":2921,"date":"2021-05-13T15:37:40","date_gmt":"2021-05-13T14:37:40","guid":{"rendered":"https:\/\/arcus.org.rs\/hun\/?page_id=2921"},"modified":"2021-06-04T17:25:50","modified_gmt":"2021-06-04T16:25:50","slug":"keskenylevelu-koris-fraxinus-angustifolia","status":"publish","type":"page","link":"https:\/\/arcus.org.rs\/hun\/keskenylevelu-koris-fraxinus-angustifolia\/","title":{"rendered":"Keskenylevel\u0171 k\u0151ris (Fraxinus angustifolia)"},"content":{"rendered":"<div id=\"attachment_2923\" style=\"width: 275px\" class=\"wp-caption alignright\"><a href=\"https:\/\/arcus.org.rs\/hun\/wp-content\/uploads\/2021\/05\/fraxinus.angustifolia.2.Photo_.Sihelnik.J..jpg\"><img aria-describedby=\"caption-attachment-2923\" loading=\"lazy\" class=\"wp-image-2923\" title=\"Keskenylevel\u0171 k\u0151ris (Photo: Sihelnik J\u00f3zsef)\" src=\"https:\/\/arcus.org.rs\/hun\/wp-content\/uploads\/2021\/05\/fraxinus.angustifolia.2.Photo_.Sihelnik.J.-300x200.jpg\" alt=\"Keskenylevel\u0171 k\u0151ris (Photo: Sihelnik J\u00f3zsef)\" width=\"265\" height=\"177\" srcset=\"https:\/\/arcus.org.rs\/hun\/wp-content\/uploads\/2021\/05\/fraxinus.angustifolia.2.Photo_.Sihelnik.J.-300x200.jpg 300w, https:\/\/arcus.org.rs\/hun\/wp-content\/uploads\/2021\/05\/fraxinus.angustifolia.2.Photo_.Sihelnik.J.-768x512.jpg 768w, https:\/\/arcus.org.rs\/hun\/wp-content\/uploads\/2021\/05\/fraxinus.angustifolia.2.Photo_.Sihelnik.J..jpg 840w\" sizes=\"(max-width: 265px) 100vw, 265px\" \/><\/a><p id=\"caption-attachment-2923\" class=\"wp-caption-text\">Keskenylevel\u0171 k\u0151ris (Photo: Sihelnik J\u00f3zsef)<\/p><\/div>\n<p style=\"text-align: justify;\">A keskenylevel\u0171 k\u0151ris 25-30 m\u00e9teres magass\u00e1got is el\u00e9r\u0151 lombhullat\u00f3 fafaj, mely id\u0151sen sz\u00e9lesebb, m\u00edg fiatalon keskeny k\u00fap form\u00e1j\u00fa lombkoron\u00e1val pomp\u00e1zik. K\u00e9rge 20-25 \u00e9ves korban elveszti simas\u00e1g\u00e1t, \u00e9s a barn\u00e1ssz\u00fcrke h\u00e9jk\u00e9reg nemcsak hosszanti, hanem keresztir\u00e1nyban is s\u0171r\u0171n repedezik. Vessz\u0151i s\u00f6t\u00e9t- vagy olajz\u00f6ld sz\u00edn\u0171ek, f\u00e9nyl\u0151k, a paraszem\u00f6lcs\u00f6k kerekdedek, a lev\u00e9lripacsok keskenyek. R\u00fcgye v\u00f6r\u00f6sl\u0151 s\u00f6t\u00e9tbarna. Vir\u00e1gzata egyszer\u0171 f\u00fcrtvir\u00e1gzat. A 15-25 cm hossz\u00fa, 7-13 l\u00e1ndzs\u00e1s, kihegyezett lev\u00e9lk\u00e9b\u0151l \u00e1ll\u00f3 \u00f6sszetett leveleiben a lev\u00e9lk\u00e9k \u00e9kv\u00e1ll\u00faak, a sz\u00e9l\u00fck el\u00e1ll\u00f3 f\u0171r\u00e9szfog\u00fa. A levelek fon\u00e1kja kopasz. Az egy\u00e9bk\u00e9nt s\u00f6t\u00e9tz\u00f6ld sz\u00edn\u0171 levelek alkotta lombozat \u0151sszel s\u00e1rg\u00e1ra vagy iboly\u00e1sv\u00f6r\u00f6sre sz\u00ednez\u0151dik. Term\u00e9se sz\u00e1rnyas lepend\u00e9k term\u00e9s, melynek cs\u00facsa kerekded.<\/p>\n<p style=\"text-align: justify;\">A keskenylevel\u0171 k\u0151ris f\u00e9nyig\u00e9nyes n\u00f6v\u00e9ny. Talajt\u00edpusra egy\u00e1ltal\u00e1n nem \u00e9rz\u00e9keny. Elviseli a r\u00f6vid ideig tart\u00f3 sz\u00e1razs\u00e1got, de nedves talajban \u00e9rzi igaz\u00e1n j\u00f3l mag\u00e1t. Alfaja a Vajdas\u00e1gban is el\u0151fordul\u00f3 magyar vagy pannon k\u0151ris.<\/p>\n<p style=\"text-align: justify;\">J\u00f3l viseli a v\u00e1rosi kl\u00edm\u00e1t, parkf\u00e1nak, szoliternek, valamint utak f\u00e1s\u00edt\u00e1s\u00e1ra is \u00fcltethet\u0151. Vid\u00e9k\u00fcnk\u00f6n a kocs\u00e1nyos t\u00f6lgyh\u00f6z hasonl\u00f3an els\u0151sorban az \u00f6reg parkokban tal\u00e1lhat\u00f3ak id\u0151sebb p\u00e9ld\u00e1nyai, \u00e1m tal\u00e1lkozhatunk vele a lakott ter\u00fcleteken k\u00edv\u00fcl is, els\u0151sorban az alacsonyabban fekv\u0151 ter\u00fcltek facsoportjaiban. Nem v\u00e9dett fafaj.<\/p>\n<p style=\"text-align: right;\">Sihelnik J\u00f3zsef<\/p>\n<p>\u2039\u2039\u2039 <a href=\"https:\/\/arcus.org.rs\/hun\/termeszeti-ertekeink\/\"><em>vissza<\/em><\/a><\/p>\n<div class=\"fcbkbttn_buttons_block\" id=\"fcbkbttn_left\"><div class=\"fcbkbttn_like \"><fb:like href=\"https:\/\/arcus.org.rs\/hun\/keskenylevelu-koris-fraxinus-angustifolia\/\" action=\"like\" colorscheme=\"light\" layout=\"standard\" show-faces='false' width=\"450px\" size=\"small\"><\/fb:like><\/div><\/div>","protected":false},"excerpt":{"rendered":"<p>A keskenylevel\u0171 k\u0151ris 25-30 m\u00e9teres magass\u00e1got is el\u00e9r\u0151 lombhullat\u00f3 fafaj, mely id\u0151sen sz\u00e9lesebb, m\u00edg fiatalon keskeny k\u00fap form\u00e1j\u00fa lombkoron\u00e1val pomp\u00e1zik. K\u00e9rge 20-25 \u00e9ves korban elveszti simas\u00e1g\u00e1t, \u00e9s a barn\u00e1ssz\u00fcrke h\u00e9jk\u00e9reg nemcsak hosszanti, hanem keresztir\u00e1nyban is s\u0171r\u0171n repedezik. Vessz\u0151i s\u00f6t\u00e9t- vagy&hellip; <\/p>\n","protected":false},"author":5,"featured_media":0,"parent":0,"menu_order":0,"comment_status":"closed","ping_status":"open","template":"","meta":{"_mi_skip_tracking":false,"spay_email":""},"jetpack_shortlink":"https:\/\/wp.me\/P40Haz-L7","jetpack_sharing_enabled":true,"jetpack_likes_enabled":false,"_links":{"self":[{"href":"https:\/\/arcus.org.rs\/hun\/wp-json\/wp\/v2\/pages\/2921"}],"collection":[{"href":"https:\/\/arcus.org.rs\/hun\/wp-json\/wp\/v2\/pages"}],"about":[{"href":"https:\/\/arcus.org.rs\/hun\/wp-json\/wp\/v2\/types\/page"}],"author":[{"embeddable":true,"href":"https:\/\/arcus.org.rs\/hun\/wp-json\/wp\/v2\/users\/5"}],"replies":[{"embeddable":true,"href":"https:\/\/arcus.org.rs\/hun\/wp-json\/wp\/v2\/comments?post=2921"}],"version-history":[{"count":5,"href":"https:\/\/arcus.org.rs\/hun\/wp-json\/wp\/v2\/pages\/2921\/revisions"}],"predecessor-version":[{"id":3160,"href":"https:\/\/arcus.org.rs\/hun\/wp-json\/wp\/v2\/pages\/2921\/revisions\/3160"}],"wp:attachment":[{"href":"https:\/\/arcus.org.rs\/hun\/wp-json\/wp\/v2\/media?parent=2921"}],"curies":[{"name":"wp","href":"https:\/\/api.w.org\/{rel}","templated":true}]}}