{"id":2937,"date":"2021-05-15T23:10:08","date_gmt":"2021-05-15T22:10:08","guid":{"rendered":"https:\/\/arcus.org.rs\/hun\/?page_id=2937"},"modified":"2021-06-04T17:18:11","modified_gmt":"2021-06-04T16:18:11","slug":"imadkozo-saska-mantis-religiosa","status":"publish","type":"page","link":"https:\/\/arcus.org.rs\/hun\/imadkozo-saska-mantis-religiosa\/","title":{"rendered":"Im\u00e1dkoz\u00f3 s\u00e1ska (Mantis religiosa)"},"content":{"rendered":"<div id=\"attachment_2938\" style=\"width: 275px\" class=\"wp-caption alignright\"><a href=\"https:\/\/arcus.org.rs\/hun\/wp-content\/uploads\/2021\/05\/mantis.religiosa.Photo_.Sihelnik.J..jpg\"><img aria-describedby=\"caption-attachment-2938\" loading=\"lazy\" class=\"wp-image-2938\" title=\"Im\u00e1dkoz\u00f3 s\u00e1ska (Photo: Sihelnik J\u00f3zsef)\" src=\"https:\/\/arcus.org.rs\/hun\/wp-content\/uploads\/2021\/05\/mantis.religiosa.Photo_.Sihelnik.J.-300x200.jpg\" alt=\"Im\u00e1dkoz\u00f3 s\u00e1ska (Photo: Sihelnik J\u00f3zsef)\" width=\"265\" height=\"177\" srcset=\"https:\/\/arcus.org.rs\/hun\/wp-content\/uploads\/2021\/05\/mantis.religiosa.Photo_.Sihelnik.J.-300x200.jpg 300w, https:\/\/arcus.org.rs\/hun\/wp-content\/uploads\/2021\/05\/mantis.religiosa.Photo_.Sihelnik.J.-768x512.jpg 768w, https:\/\/arcus.org.rs\/hun\/wp-content\/uploads\/2021\/05\/mantis.religiosa.Photo_.Sihelnik.J..jpg 840w\" sizes=\"(max-width: 265px) 100vw, 265px\" \/><\/a><p id=\"caption-attachment-2938\" class=\"wp-caption-text\">Im\u00e1dkoz\u00f3 s\u00e1ska (Photo: Sihelnik J\u00f3zsef)<\/p><\/div>\n<p style=\"text-align: justify;\">Az im\u00e1dkoz\u00f3 s\u00e1ska vagy \u00e1jtatos man\u00f3 a fog\u00f3l\u00e1b\u00faak rendj\u00e9be tartoz\u00f3 rovarfaj. Jellegzetesen \u00e1ll\u00f3 l\u00e1bair\u00f3l kapta nev\u00e9t. A kifejlett n\u0151st\u00e9ny nagyobb m\u00e9ret\u0171 a h\u00edmn\u00e9l, el\u00e9rheti a 8 cm-t, nehezen vagy egy\u00e1ltal\u00e1n nem r\u00f6p\u00fcl. A h\u00edm mindig kisebb, 4-6 cm \u00e9s r\u00f6pk\u00e9pes. P\u00e1rz\u00e1suk ny\u00e1r v\u00e9g\u00e9n t\u00f6rt\u00e9nik, melynek sor\u00e1n, vagy azt k\u00f6vet\u0151en a n\u0151st\u00e9ny felfalhatja a h\u00edmet. A kifejlett \u00e1llatok sz\u00edne a k\u00f6rnyezet sz\u00edn\u00e9t\u0151l f\u00fcgg\u0151en v\u00e1ltozik, \u00edgy a z\u00f6ld \u00e9s barna k\u00f6z\u00f6tt sokf\u00e9le \u00e1rnyalatot felvehet. Sz\u00edn\u00e9nek \u00e9s testtart\u00e1s\u00e1nak k\u00f6sz\u00f6nhet\u0151en j\u00f3l beleolvad k\u00f6rnyezet\u00e9be. Az \u00e1lc\u00e1z\u00e1s nem csak a zs\u00e1km\u00e1ny becserk\u00e9sz\u00e9s\u00e9hez elengedhetetlen, hanem a r\u00e1 leselked\u0151 m\u00e1s ragadoz\u00f3k el\u0151l is \u00edgy igyekszik l\u00e1thatatlann\u00e1 v\u00e1lni. Ha vesz\u00e9lyben \u00e9rzi mag\u00e1t, sz\u00e9tt\u00e1rja mells\u0151 fog\u00f3l\u00e1bait, \u00e9s felvillantja a l\u00e1bt\u00f6veken elhelyezked\u0151, riaszt\u00f3, fekete, egy nagyobb \u00e1llat szemeit imit\u00e1l\u00f3 foltokat. T\u00e1pl\u00e1l\u00e9ka els\u0151sorban rovarokb\u00f3l \u00e1ll, de nagy ritk\u00e1n ak\u00e1r fiatal gy\u00edkokat, mad\u00e1rfi\u00f3k\u00e1kat is elejthet. Zs\u00e1km\u00e1ny\u00e1t bicskaszer\u0171en csuk\u00f3d\u00f3 er\u0151s fog\u00f3l\u00e1baival ragadja meg.<\/p>\n<p style=\"text-align: justify;\">Vid\u00e9k\u00fcnk\u00f6n \u00e1ltal\u00e1nosan elterjedt, a lakott ter\u00fcleteken \u00e9s azokon k\u00edv\u00fcl egyar\u00e1nt el\u0151fordul. Szerbi\u00e1ban nem v\u00e9dett faj.<\/p>\n<p style=\"text-align: right;\">Vukajlovi\u0107 Pecze Nat\u00e1lia<\/p>\n<p>\u2039\u2039\u2039 <a href=\"https:\/\/arcus.org.rs\/hun\/termeszeti-ertekeink\/\"><em>vissza<\/em><\/a><\/p>\n<div class=\"fcbkbttn_buttons_block\" id=\"fcbkbttn_left\"><div class=\"fcbkbttn_like \"><fb:like href=\"https:\/\/arcus.org.rs\/hun\/imadkozo-saska-mantis-religiosa\/\" action=\"like\" colorscheme=\"light\" layout=\"standard\" show-faces='false' width=\"450px\" size=\"small\"><\/fb:like><\/div><\/div>","protected":false},"excerpt":{"rendered":"<p>Az im\u00e1dkoz\u00f3 s\u00e1ska vagy \u00e1jtatos man\u00f3 a fog\u00f3l\u00e1b\u00faak rendj\u00e9be tartoz\u00f3 rovarfaj. Jellegzetesen \u00e1ll\u00f3 l\u00e1bair\u00f3l kapta nev\u00e9t. A kifejlett n\u0151st\u00e9ny nagyobb m\u00e9ret\u0171 a h\u00edmn\u00e9l, el\u00e9rheti a 8 cm-t, nehezen vagy egy\u00e1ltal\u00e1n nem r\u00f6p\u00fcl. A h\u00edm mindig kisebb, 4-6 cm \u00e9s r\u00f6pk\u00e9pes.&hellip; <\/p>\n","protected":false},"author":5,"featured_media":0,"parent":0,"menu_order":0,"comment_status":"closed","ping_status":"open","template":"","meta":{"_mi_skip_tracking":false,"spay_email":""},"jetpack_shortlink":"https:\/\/wp.me\/P40Haz-Ln","jetpack_sharing_enabled":true,"jetpack_likes_enabled":false,"_links":{"self":[{"href":"https:\/\/arcus.org.rs\/hun\/wp-json\/wp\/v2\/pages\/2937"}],"collection":[{"href":"https:\/\/arcus.org.rs\/hun\/wp-json\/wp\/v2\/pages"}],"about":[{"href":"https:\/\/arcus.org.rs\/hun\/wp-json\/wp\/v2\/types\/page"}],"author":[{"embeddable":true,"href":"https:\/\/arcus.org.rs\/hun\/wp-json\/wp\/v2\/users\/5"}],"replies":[{"embeddable":true,"href":"https:\/\/arcus.org.rs\/hun\/wp-json\/wp\/v2\/comments?post=2937"}],"version-history":[{"count":2,"href":"https:\/\/arcus.org.rs\/hun\/wp-json\/wp\/v2\/pages\/2937\/revisions"}],"predecessor-version":[{"id":3158,"href":"https:\/\/arcus.org.rs\/hun\/wp-json\/wp\/v2\/pages\/2937\/revisions\/3158"}],"wp:attachment":[{"href":"https:\/\/arcus.org.rs\/hun\/wp-json\/wp\/v2\/media?parent=2937"}],"curies":[{"name":"wp","href":"https:\/\/api.w.org\/{rel}","templated":true}]}}