{"id":2940,"date":"2021-05-15T23:15:44","date_gmt":"2021-05-15T22:15:44","guid":{"rendered":"https:\/\/arcus.org.rs\/hun\/?page_id=2940"},"modified":"2021-06-04T17:36:52","modified_gmt":"2021-06-04T16:36:52","slug":"orrszarvubogar-oryctes-nasicornis","status":"publish","type":"page","link":"https:\/\/arcus.org.rs\/hun\/orrszarvubogar-oryctes-nasicornis\/","title":{"rendered":"Orrszarv\u00fabog\u00e1r (Oryctes nasicornis)"},"content":{"rendered":"<div id=\"attachment_2941\" style=\"width: 275px\" class=\"wp-caption alignright\"><a href=\"https:\/\/arcus.org.rs\/hun\/wp-content\/uploads\/2021\/05\/oryctes.nasicornis.Photo_.Sihelnik.J..jpg\"><img aria-describedby=\"caption-attachment-2941\" loading=\"lazy\" class=\"wp-image-2941\" title=\"Orrszarv\u00fabog\u00e1r (Photo: Sihelnik J\u00f3zsef)\" src=\"https:\/\/arcus.org.rs\/hun\/wp-content\/uploads\/2021\/05\/oryctes.nasicornis.Photo_.Sihelnik.J.-300x200.jpg\" alt=\"Orrszarv\u00fabog\u00e1r (Photo: Sihelnik J\u00f3zsef)\" width=\"265\" height=\"177\" srcset=\"https:\/\/arcus.org.rs\/hun\/wp-content\/uploads\/2021\/05\/oryctes.nasicornis.Photo_.Sihelnik.J.-300x200.jpg 300w, https:\/\/arcus.org.rs\/hun\/wp-content\/uploads\/2021\/05\/oryctes.nasicornis.Photo_.Sihelnik.J.-768x512.jpg 768w, https:\/\/arcus.org.rs\/hun\/wp-content\/uploads\/2021\/05\/oryctes.nasicornis.Photo_.Sihelnik.J..jpg 840w\" sizes=\"(max-width: 265px) 100vw, 265px\" \/><\/a><p id=\"caption-attachment-2941\" class=\"wp-caption-text\">Orrszarv\u00fabog\u00e1r (Photo: Sihelnik J\u00f3zsef)<\/p><\/div>\n<p style=\"text-align: justify;\">Az orrszarv\u00fabog\u00e1r nappal rejtekhely\u00e9n tart\u00f3zkodik, csak a s\u00f6t\u00e9ts\u00e9g be\u00e1llt\u00e1val kapnak sz\u00e1rnyra. A ligetes, ritk\u00e1s t\u00f6lgyesek lak\u00f3ja, ahol sok korhadt fa is fellelhet\u0151, hiszen pet\u00e9it pusztul\u00f3 r\u00f6nk\u00f6kbe, korhad\u00f3 t\u00f6rzsekbe rakja. A pet\u00e9kb\u0151l kikel\u0151, viszonylag nagy l\u00e1rv\u00e1k s\u00e1rg\u00e1sfeh\u00e9rek, korhad\u00e9kkal t\u00e1pl\u00e1lkoznak. Meglehet\u0151sen hossz\u00fa id\u0151t t\u00f6ltenek l\u00e1rva\u00e1llapotban, \u00e1ltal\u00e1ban 2-4 \u00e9v eltelt\u00e9vel b\u00e1boz\u00f3dnak be, majd kifejlett egyedekk\u00e9 v\u00e1lnak. P\u00e1rkeres\u00e9s idej\u00e9n a h\u00edmek harcolnak a n\u0151st\u00e9nyek\u00e9rt, ak\u00e1rcsak a szarvasbogarak. A h\u00edmek a megterm\u00e9keny\u00edt\u00e9s ut\u00e1n hamar elpusztulnak. A h\u00edm \u00e9s a n\u0151st\u00e9ny orrszarv\u00fabogarak k\u00f6z\u00f6tt l\u00e1tv\u00e1nyos elt\u00e9r\u00e9sek mutatkoznak. B\u00e1r a k\u00e9t nem nagyj\u00e1b\u00f3l azonos m\u00e9ret\u0171 (24-45 mm), a h\u00edmek el\u0151tor\u00e1nak j\u00f3val mark\u00e1nsabb a dudorod\u00e1sa, \u00e9s ahol a h\u00edmeknek \u201eszarvuk\u201d van, a n\u0151st\u00e9nyek homlok\u00e1n csak kisebb p\u00fap d\u00edszlik. A szarvnak egy\u00e9bk\u00e9nt nincs k\u00fcl\u00f6n\u00f6sebb szerepe, \u00e1m m\u00e9rete rendszerint egyenesen ar\u00e1nyos visel\u0151j\u00e9nek termet\u00e9vel, \u00edgy szerepe lehet a h\u00edmek k\u00f6zti hierarchia b\u00e9k\u00e9s eld\u00f6nt\u00e9s\u00e9ben. A nagy t\u0151r\u00f6sdar\u00e1zs pet\u00e9it az orrszarv\u00fabog\u00e1r l\u00e1rv\u00e1iba rakja, ez\u00e9rt fontos szerepet j\u00e1tszik a t\u00e1pl\u00e1lkoz\u00e1si h\u00e1l\u00f3zatok szerepl\u0151jek\u00e9nt is.<\/p>\n<p style=\"text-align: justify;\">Topoly\u00e1n \u00e9s k\u00f6rny\u00e9k\u00e9n kis sz\u00e1mban fordul el\u0151, kiv\u00e1ltk\u00e9pp az \u00f6reg parkokhoz \u00e9s facsoportokhoz k\u00f6t\u0151dik, ahol id\u0151sebb kocs\u00e1nyos t\u00f6lgyek is tal\u00e1lhat\u00f3ak. Szerbi\u00e1ban fokozottan v\u00e9dett.<\/p>\n<p style=\"text-align: right;\">Vukajlovi\u0107 Pecze Nat\u00e1lia<\/p>\n<p>\u2039\u2039\u2039 <a href=\"https:\/\/arcus.org.rs\/hun\/termeszeti-ertekeink\/\"><em>vissza<\/em><\/a><\/p>\n<div class=\"fcbkbttn_buttons_block\" id=\"fcbkbttn_left\"><div class=\"fcbkbttn_like \"><fb:like href=\"https:\/\/arcus.org.rs\/hun\/orrszarvubogar-oryctes-nasicornis\/\" action=\"like\" colorscheme=\"light\" layout=\"standard\" show-faces='false' width=\"450px\" size=\"small\"><\/fb:like><\/div><\/div>","protected":false},"excerpt":{"rendered":"<p>Az orrszarv\u00fabog\u00e1r nappal rejtekhely\u00e9n tart\u00f3zkodik, csak a s\u00f6t\u00e9ts\u00e9g be\u00e1llt\u00e1val kapnak sz\u00e1rnyra. A ligetes, ritk\u00e1s t\u00f6lgyesek lak\u00f3ja, ahol sok korhadt fa is fellelhet\u0151, hiszen pet\u00e9it pusztul\u00f3 r\u00f6nk\u00f6kbe, korhad\u00f3 t\u00f6rzsekbe rakja. A pet\u00e9kb\u0151l kikel\u0151, viszonylag nagy l\u00e1rv\u00e1k s\u00e1rg\u00e1sfeh\u00e9rek, korhad\u00e9kkal t\u00e1pl\u00e1lkoznak. Meglehet\u0151sen hossz\u00fa&hellip; <\/p>\n","protected":false},"author":5,"featured_media":0,"parent":0,"menu_order":0,"comment_status":"closed","ping_status":"open","template":"","meta":{"_mi_skip_tracking":false,"spay_email":""},"jetpack_shortlink":"https:\/\/wp.me\/P40Haz-Lq","jetpack_sharing_enabled":true,"jetpack_likes_enabled":false,"_links":{"self":[{"href":"https:\/\/arcus.org.rs\/hun\/wp-json\/wp\/v2\/pages\/2940"}],"collection":[{"href":"https:\/\/arcus.org.rs\/hun\/wp-json\/wp\/v2\/pages"}],"about":[{"href":"https:\/\/arcus.org.rs\/hun\/wp-json\/wp\/v2\/types\/page"}],"author":[{"embeddable":true,"href":"https:\/\/arcus.org.rs\/hun\/wp-json\/wp\/v2\/users\/5"}],"replies":[{"embeddable":true,"href":"https:\/\/arcus.org.rs\/hun\/wp-json\/wp\/v2\/comments?post=2940"}],"version-history":[{"count":2,"href":"https:\/\/arcus.org.rs\/hun\/wp-json\/wp\/v2\/pages\/2940\/revisions"}],"predecessor-version":[{"id":3165,"href":"https:\/\/arcus.org.rs\/hun\/wp-json\/wp\/v2\/pages\/2940\/revisions\/3165"}],"wp:attachment":[{"href":"https:\/\/arcus.org.rs\/hun\/wp-json\/wp\/v2\/media?parent=2940"}],"curies":[{"name":"wp","href":"https:\/\/api.w.org\/{rel}","templated":true}]}}