{"id":2946,"date":"2021-05-15T23:23:08","date_gmt":"2021-05-15T22:23:08","guid":{"rendered":"https:\/\/arcus.org.rs\/hun\/?page_id=2946"},"modified":"2021-06-04T17:16:41","modified_gmt":"2021-06-04T16:16:41","slug":"gyakori-nagyhomlokulegy-scaeva-pyrastri","status":"publish","type":"page","link":"https:\/\/arcus.org.rs\/hun\/gyakori-nagyhomlokulegy-scaeva-pyrastri\/","title":{"rendered":"Gyakori nagyhomlok\u00fal\u00e9gy (Scaeva pyrastri)"},"content":{"rendered":"<div id=\"attachment_2942\" style=\"width: 275px\" class=\"wp-caption alignright\"><a href=\"https:\/\/arcus.org.rs\/hun\/wp-content\/uploads\/2021\/05\/scaeva.pyrastri.Photo_.Vukajlovic.P.N..jpg\"><img aria-describedby=\"caption-attachment-2942\" loading=\"lazy\" class=\"wp-image-2942\" title=\"Gyakori nagyhomlok\u00fal\u00e9gy (Photo: Vukajlovi\u0107 Pecze Nat\u00e1lia)\" src=\"https:\/\/arcus.org.rs\/hun\/wp-content\/uploads\/2021\/05\/scaeva.pyrastri.Photo_.Vukajlovic.P.N.-300x200.jpg\" alt=\"Gyakori nagyhomlok\u00fal\u00e9gy (Photo: Vukajlovi\u0107 Pecze Nat\u00e1lia)\" width=\"265\" height=\"177\" srcset=\"https:\/\/arcus.org.rs\/hun\/wp-content\/uploads\/2021\/05\/scaeva.pyrastri.Photo_.Vukajlovic.P.N.-300x200.jpg 300w, https:\/\/arcus.org.rs\/hun\/wp-content\/uploads\/2021\/05\/scaeva.pyrastri.Photo_.Vukajlovic.P.N.-768x512.jpg 768w, https:\/\/arcus.org.rs\/hun\/wp-content\/uploads\/2021\/05\/scaeva.pyrastri.Photo_.Vukajlovic.P.N..jpg 840w\" sizes=\"(max-width: 265px) 100vw, 265px\" \/><\/a><p id=\"caption-attachment-2942\" class=\"wp-caption-text\">Gyakori nagyhomlok\u00fal\u00e9gy (Photo: Vukajlovi\u0107 Pecze Nat\u00e1lia)<\/p><\/div>\n<p style=\"text-align: justify;\">A gyakori nagyhomlok\u00fal\u00e9gy a zeng\u0151legyek csal\u00e1dj\u00e1ba tartozik. Nev\u00e9t a jellegzetes homlokpajzs m\u00e9ret\u00e9r\u0151l kapta. Mint\u00e1zata a s\u00f6t\u00e9t potrohon l\u00e9v\u0151 hat feh\u00e9r f\u00e9lk\u00f6r\u00f6cske, arca s\u00e1rga. A kifejlett egyed m\u00e9rete 11 \u00e9s 15 mm k\u00f6z\u00f6tt mozog. Teljes \u00e1talakul\u00e1ssal fejl\u0151dik. L\u00e1rv\u00e1i lehetnek z\u00f6ldek vagy r\u00f3zsasz\u00edn\u0171ek. A l\u00e1rv\u00e1k lev\u00e9ltetveket fogyasztanak, ez\u00e9rt kimondottan hasznos faj. Egyetlen l\u00e1rva ak\u00e1r 500 lev\u00e9ltetvet is elfogyaszthat. \u00c1prilist\u00f3l szeptemberig akt\u00edv. Gyakori el\u0151fordul\u00e1s\u00fa, sztyeppeken, kasz\u00e1l\u00f3kon, legel\u0151k\u00f6n \u00e9s kertekben egyar\u00e1nt megtal\u00e1lhat\u00f3. Jellegzetess\u00e9ge a h\u00e1rty\u00e1ssz\u00e1rny\u00faak, m\u00e9hek \u00e9s darazsak ut\u00e1nz\u00e1sa. Mint\u00e1zata \u00e9s sz\u00edne a darazsak\u00e9ra vagy m\u00e9hek\u00e9re hasonl\u00edt. Ezen sz\u00edn, illetve testalkatut\u00e1nz\u00e1st aposz\u00e9mi\u00e1nak nevezz\u00fck, \u00e9s e viselked\u00e9sforma ny\u00fajt v\u00e9delmet a vel\u00fck t\u00e1pl\u00e1lkoz\u00f3 ragadoz\u00f3kkal szemben. Az im\u00e1g\u00f3k vir\u00e1gporral t\u00e1pl\u00e1lkoznak, emiatt fontos szerep\u00fck van a n\u00f6v\u00e9nyek megporz\u00e1s\u00e1ban. Amikor vesz\u00e9lybe ker\u00fclnek, \u00e9l\u00e9nk, er\u0151s z\u00fag\u00f3, zeng\u0151 hangot adnak ki. M\u00e1s n\u00e9ven vir\u00e1gl\u00e9gynek is nevezik, mivel \u00e1ltal\u00e1ban vir\u00e1gokon tal\u00e1lhat\u00f3.<\/p>\n<p style=\"text-align: justify;\">Vid\u00e9k\u00fcnk\u00f6n elterjedt, gyakori a kertekben \u00e9s a lakott ter\u00fcleteken k\u00edv\u00fcli gyepeken, kasz\u00e1l\u00f3kon. Nem v\u00e9dett faj.<\/p>\n<p style=\"text-align: right;\">Vukajlovi\u0107 Pecze Nat\u00e1lia<\/p>\n<p>\u2039\u2039\u2039 <a href=\"https:\/\/arcus.org.rs\/hun\/termeszeti-ertekeink\/\"><em>vissza<\/em><\/a><\/p>\n<div class=\"fcbkbttn_buttons_block\" id=\"fcbkbttn_left\"><div class=\"fcbkbttn_like \"><fb:like href=\"https:\/\/arcus.org.rs\/hun\/gyakori-nagyhomlokulegy-scaeva-pyrastri\/\" action=\"like\" colorscheme=\"light\" layout=\"standard\" show-faces='false' width=\"450px\" size=\"small\"><\/fb:like><\/div><\/div>","protected":false},"excerpt":{"rendered":"<p>A gyakori nagyhomlok\u00fal\u00e9gy a zeng\u0151legyek csal\u00e1dj\u00e1ba tartozik. Nev\u00e9t a jellegzetes homlokpajzs m\u00e9ret\u00e9r\u0151l kapta. Mint\u00e1zata a s\u00f6t\u00e9t potrohon l\u00e9v\u0151 hat feh\u00e9r f\u00e9lk\u00f6r\u00f6cske, arca s\u00e1rga. A kifejlett egyed m\u00e9rete 11 \u00e9s 15 mm k\u00f6z\u00f6tt mozog. Teljes \u00e1talakul\u00e1ssal fejl\u0151dik. L\u00e1rv\u00e1i lehetnek z\u00f6ldek vagy&hellip; <\/p>\n","protected":false},"author":5,"featured_media":0,"parent":0,"menu_order":0,"comment_status":"closed","ping_status":"open","template":"","meta":{"_mi_skip_tracking":false,"spay_email":""},"jetpack_shortlink":"https:\/\/wp.me\/P40Haz-Lw","jetpack_sharing_enabled":true,"jetpack_likes_enabled":false,"_links":{"self":[{"href":"https:\/\/arcus.org.rs\/hun\/wp-json\/wp\/v2\/pages\/2946"}],"collection":[{"href":"https:\/\/arcus.org.rs\/hun\/wp-json\/wp\/v2\/pages"}],"about":[{"href":"https:\/\/arcus.org.rs\/hun\/wp-json\/wp\/v2\/types\/page"}],"author":[{"embeddable":true,"href":"https:\/\/arcus.org.rs\/hun\/wp-json\/wp\/v2\/users\/5"}],"replies":[{"embeddable":true,"href":"https:\/\/arcus.org.rs\/hun\/wp-json\/wp\/v2\/comments?post=2946"}],"version-history":[{"count":2,"href":"https:\/\/arcus.org.rs\/hun\/wp-json\/wp\/v2\/pages\/2946\/revisions"}],"predecessor-version":[{"id":3157,"href":"https:\/\/arcus.org.rs\/hun\/wp-json\/wp\/v2\/pages\/2946\/revisions\/3157"}],"wp:attachment":[{"href":"https:\/\/arcus.org.rs\/hun\/wp-json\/wp\/v2\/media?parent=2946"}],"curies":[{"name":"wp","href":"https:\/\/api.w.org\/{rel}","templated":true}]}}