{"id":2948,"date":"2021-05-15T23:27:25","date_gmt":"2021-05-15T22:27:25","guid":{"rendered":"https:\/\/arcus.org.rs\/hun\/?page_id=2948"},"modified":"2021-06-04T17:15:04","modified_gmt":"2021-06-04T16:15:04","slug":"fecskefarku-lepke-papilio-machaon","status":"publish","type":"page","link":"https:\/\/arcus.org.rs\/hun\/fecskefarku-lepke-papilio-machaon\/","title":{"rendered":"Fecskefark\u00fa lepke (Papilio machaon)"},"content":{"rendered":"<div id=\"attachment_2943\" style=\"width: 275px\" class=\"wp-caption alignright\"><a href=\"https:\/\/arcus.org.rs\/hun\/wp-content\/uploads\/2021\/05\/papilio.machaon.Photo_.Balogh.D..jpg\"><img aria-describedby=\"caption-attachment-2943\" loading=\"lazy\" class=\"wp-image-2943\" title=\"Fecskefark\u00fa lepke (Photo: Balogh Di\u00e1na)\" src=\"https:\/\/arcus.org.rs\/hun\/wp-content\/uploads\/2021\/05\/papilio.machaon.Photo_.Balogh.D.-300x200.jpg\" alt=\"Fecskefark\u00fa lepke (Photo: Balogh Di\u00e1na)\" width=\"265\" height=\"177\" srcset=\"https:\/\/arcus.org.rs\/hun\/wp-content\/uploads\/2021\/05\/papilio.machaon.Photo_.Balogh.D.-300x200.jpg 300w, https:\/\/arcus.org.rs\/hun\/wp-content\/uploads\/2021\/05\/papilio.machaon.Photo_.Balogh.D.-768x512.jpg 768w, https:\/\/arcus.org.rs\/hun\/wp-content\/uploads\/2021\/05\/papilio.machaon.Photo_.Balogh.D..jpg 840w\" sizes=\"(max-width: 265px) 100vw, 265px\" \/><\/a><p id=\"caption-attachment-2943\" class=\"wp-caption-text\">Fecskefark\u00fa lepke (Photo: Balogh Di\u00e1na)<\/p><\/div>\n<p style=\"text-align: justify;\">A fecskefark\u00fa lepke a nappali lepk\u00e9khez tartozik. Alapsz\u00edne s\u00e1rga, jellegzetesen megny\u00fal\u00f3 sz\u00e1rnyair\u00f3l kapta nev\u00e9t. Sz\u00e1rnyfeszt\u00e1vols\u00e1ga 7,5-10 cm is lehet. Kedveli a naps\u00fct\u00f6tte gyepeket, de a kertekben is megjelenik, f\u0151leg ha ott s\u00e1rgar\u00e9p\u00e1t termesztenek. Ny\u00e1ron, a r\u00e9teken vitorl\u00e1z\u00f3 rep\u00fcl\u00e9ssel kiv\u00e1ltk\u00e9pp az erny\u0151svir\u00e1gzat\u00faakat keresi fel. Sz\u00edvesen sz\u00edvogatja a vir\u00e1gokat, gyorsan rep\u00fcl. Mint kifejlett lepke 3-4 h\u00e9tig \u00e9l. A szaporod\u00e1si id\u0151szak tavaszra \u00e9s ny\u00e1rra esik. \u00c9vente k\u00e9t nemzed\u00e9ke van. Pet\u00e9it egyes\u00e9vel rakja le k\u00fcl\u00f6nb\u00f6z\u0151 erny\u0151s vir\u00e1gzat\u00fa n\u00f6v\u00e9nyekre. A pet\u00e9b\u0151l a herny\u00f3 8-10 nap eltelt\u00e9vel kel ki. A frissen kib\u00fajt herny\u00f3 \u00fagy v\u00e9dekezik, hogy a mad\u00e1r\u00fcr\u00fcl\u00e9k sz\u00edn\u00e9t veszi fel. K\u00e9s\u0151bb azonban tetszet\u0151sebb sz\u00edne lesz. Herny\u00f3ja z\u00f6ld, fekete-piros har\u00e1ntszalagokkal. Vesz\u00e9ly eset\u00e9n ellens\u00e9g\u00e9t \u00fagy ijeszti el, hogy kiny\u00fajtja k\u00e9t, f\u00e9lelmet kelt\u0151 \u201eszarv\u00e1t\u201d. A herny\u00f3 rendszerint egy n\u00f6v\u00e9ny sz\u00e1rhoz tapadva 6-8 h\u00e9t m\u00falva b\u00e1boz\u00f3dik be. A b\u00e1bb\u00f3l pillang\u00f3 2-24 h\u00e9t m\u00falva lesz. Tavasszal a lepke kib\u00fajik a b\u00e1bburokb\u00f3l, majd perceken bel\u00fcl sz\u00e9tt\u00e1rja sz\u00e1rnyait, \u00e9s elrep\u00fcl.<\/p>\n<p style=\"text-align: justify;\">Vid\u00e9k\u00fcnk\u00f6n \u00e1ltal\u00e1nosan elterjedt, de nem gyakori lepkefaj. F\u0151leg a gyepes ter\u00fcleteken tal\u00e1lkozhatunk vele, \u00e1m a nagyobb kerteket is gyakran l\u00e1togatja. Szerbi\u00e1ban fokozottan v\u00e9dett.<\/p>\n<p style=\"text-align: right;\">Vukajlovi\u0107 Pecze Nat\u00e1lia<\/p>\n<p>\u2039\u2039\u2039 <a href=\"https:\/\/arcus.org.rs\/hun\/termeszeti-ertekeink\/\"><em>vissza<\/em><\/a><\/p>\n<div class=\"fcbkbttn_buttons_block\" id=\"fcbkbttn_left\"><div class=\"fcbkbttn_like \"><fb:like href=\"https:\/\/arcus.org.rs\/hun\/fecskefarku-lepke-papilio-machaon\/\" action=\"like\" colorscheme=\"light\" layout=\"standard\" show-faces='false' width=\"450px\" size=\"small\"><\/fb:like><\/div><\/div>","protected":false},"excerpt":{"rendered":"<p>A fecskefark\u00fa lepke a nappali lepk\u00e9khez tartozik. Alapsz\u00edne s\u00e1rga, jellegzetesen megny\u00fal\u00f3 sz\u00e1rnyair\u00f3l kapta nev\u00e9t. Sz\u00e1rnyfeszt\u00e1vols\u00e1ga 7,5-10 cm is lehet. Kedveli a naps\u00fct\u00f6tte gyepeket, de a kertekben is megjelenik, f\u0151leg ha ott s\u00e1rgar\u00e9p\u00e1t termesztenek. Ny\u00e1ron, a r\u00e9teken vitorl\u00e1z\u00f3 rep\u00fcl\u00e9ssel kiv\u00e1ltk\u00e9pp az&hellip; <\/p>\n","protected":false},"author":5,"featured_media":0,"parent":0,"menu_order":0,"comment_status":"closed","ping_status":"open","template":"","meta":{"_mi_skip_tracking":false,"spay_email":""},"jetpack_shortlink":"https:\/\/wp.me\/P40Haz-Ly","jetpack_sharing_enabled":true,"jetpack_likes_enabled":false,"_links":{"self":[{"href":"https:\/\/arcus.org.rs\/hun\/wp-json\/wp\/v2\/pages\/2948"}],"collection":[{"href":"https:\/\/arcus.org.rs\/hun\/wp-json\/wp\/v2\/pages"}],"about":[{"href":"https:\/\/arcus.org.rs\/hun\/wp-json\/wp\/v2\/types\/page"}],"author":[{"embeddable":true,"href":"https:\/\/arcus.org.rs\/hun\/wp-json\/wp\/v2\/users\/5"}],"replies":[{"embeddable":true,"href":"https:\/\/arcus.org.rs\/hun\/wp-json\/wp\/v2\/comments?post=2948"}],"version-history":[{"count":2,"href":"https:\/\/arcus.org.rs\/hun\/wp-json\/wp\/v2\/pages\/2948\/revisions"}],"predecessor-version":[{"id":3156,"href":"https:\/\/arcus.org.rs\/hun\/wp-json\/wp\/v2\/pages\/2948\/revisions\/3156"}],"wp:attachment":[{"href":"https:\/\/arcus.org.rs\/hun\/wp-json\/wp\/v2\/media?parent=2948"}],"curies":[{"name":"wp","href":"https:\/\/api.w.org\/{rel}","templated":true}]}}