{"id":2951,"date":"2021-05-15T23:32:33","date_gmt":"2021-05-15T22:32:33","guid":{"rendered":"https:\/\/arcus.org.rs\/hun\/?page_id=2951"},"modified":"2021-06-04T17:48:56","modified_gmt":"2021-06-04T16:48:56","slug":"szongariai-cselopok-lycosa-singoriensis","status":"publish","type":"page","link":"https:\/\/arcus.org.rs\/hun\/szongariai-cselopok-lycosa-singoriensis\/","title":{"rendered":"Szong\u00e1riai csel\u0151p\u00f3k (Lycosa singoriensis)"},"content":{"rendered":"<div id=\"attachment_2944\" style=\"width: 275px\" class=\"wp-caption alignright\"><a href=\"https:\/\/arcus.org.rs\/hun\/wp-content\/uploads\/2021\/05\/lycosa.singoriensis.Photo_.Sihelnik.J..jpg\"><img aria-describedby=\"caption-attachment-2944\" loading=\"lazy\" class=\"wp-image-2944\" title=\"Szong\u00e1riai csel\u0151p\u00f3k (Photo: Sihelnik J\u00f3zsef)\" src=\"https:\/\/arcus.org.rs\/hun\/wp-content\/uploads\/2021\/05\/lycosa.singoriensis.Photo_.Sihelnik.J.-300x200.jpg\" alt=\"Szong\u00e1riai csel\u0151p\u00f3k (Photo: Sihelnik J\u00f3zsef)\" width=\"265\" height=\"177\" srcset=\"https:\/\/arcus.org.rs\/hun\/wp-content\/uploads\/2021\/05\/lycosa.singoriensis.Photo_.Sihelnik.J.-300x200.jpg 300w, https:\/\/arcus.org.rs\/hun\/wp-content\/uploads\/2021\/05\/lycosa.singoriensis.Photo_.Sihelnik.J.-768x512.jpg 768w, https:\/\/arcus.org.rs\/hun\/wp-content\/uploads\/2021\/05\/lycosa.singoriensis.Photo_.Sihelnik.J..jpg 840w\" sizes=\"(max-width: 265px) 100vw, 265px\" \/><\/a><p id=\"caption-attachment-2944\" class=\"wp-caption-text\">Szong\u00e1riai csel\u0151p\u00f3k (Photo: Sihelnik J\u00f3zsef)<\/p><\/div>\n<p style=\"text-align: justify;\">A szong\u00e1riai csel\u0151p\u00f3k a farkasp\u00f3kok csal\u00e1dj\u00e1ba tartozik. Ez a p\u00f3kfaj a K\u00e1rp\u00e1t-medence legnagyobb p\u00f3kja. A n\u0151st\u00e9nyek testhossza 3,5-4,5 cm, a h\u00edmek\u00e9 pedig 2-2,5 cm. Sz\u00edn\u00fck \u00e1ltal\u00e1ban barna, sz\u00fcrke, illetve ezek k\u00fcl\u00f6nf\u00e9le \u00e1rnyalatai, esetenk\u00e9nt narancs-barna. Hatalmas cs\u00e1pr\u00e1g\u00f3ik sz\u00edne vil\u00e1gos- vagy s\u00f6t\u00e9t narancs, als\u00f3 \u00e9s fels\u0151 r\u00e9sz\u00fck fekete. Termete, alakja, sz\u0151r\u00f6s k\u00fclseje, ak\u00e1rcsak \u00f3ri\u00e1si cs\u00e1pr\u00e1g\u00f3i f\u00e9lelmetess\u00e9 teszik, b\u00e1r emberre n\u00e9zve teljesen vesz\u00e9lytelen. \u00c9jszaka \u00e9s nappal is akt\u00edv, de ink\u00e1bb csak alkonyatkor mer\u00e9szkedik el\u0151 vad\u00e1szni. F\u00f6ldbe f\u00fart, 30-40 cm m\u00e9ly, f\u00fcgg\u0151leges \u00fcregekben \u00e9l, melynek fal\u00e1t h\u00e1l\u00f3j\u00e1val er\u0151s\u00edti meg. Rendszerint ebben az \u00fcregben figyel, \u00e9s \u00e1ldozat\u00e1t hirtelen rohammal kapja el. Nem sz\u0151 fog\u00f3h\u00e1l\u00f3t, hanem gyors fut\u00e1ssal, ugr\u00e1sokkal \u00e9s lesb\u0151l t\u00e1mad\u00e1ssal ejti el zs\u00e1km\u00e1ny\u00e1t. Peterak\u00e1s ut\u00e1n el\u0151fordul, hogy \u00fcreg\u00e9nek bej\u00e1rat\u00e1t lez\u00e1rja ut\u00f3dainak v\u00e9delme \u00e9rdek\u00e9ben. Kicsinyeit els\u0151 vedl\u00e9s\u00fckig az h\u00e1t\u00e1n hordozza. P\u00e1rz\u00e1si id\u0151szakban a h\u00edmek n\u0151st\u00e9nyek ut\u00e1n kutatva ak\u00e1r h\u00e1zakba is bek\u00f3borolnak, nem kis riadalmat okozva. J\u00faniust\u00f3l augusztusig akt\u00edv.<\/p>\n<p style=\"text-align: justify;\">Topoly\u00e1n \u00e9s k\u00f6rny\u00e9k\u00e9n, t\u00f6bb helyen is el\u0151fordul, viszont nem mondhat\u00f3 gyakorinak. Nem v\u00e9dett, \u00e1m v\u00e9delemre szorul, kiv\u00e1ltk\u00e9pp \u00e9l\u0151hely\u00e9nek cs\u00f6kken\u00e9se miatt.<\/p>\n<p style=\"text-align: right;\">Vukajlovi\u0107 Pecze Nat\u00e1lia<\/p>\n<p>\u2039\u2039\u2039 <a href=\"https:\/\/arcus.org.rs\/hun\/termeszeti-ertekeink\/\"><em>vissza<\/em><\/a><\/p>\n<div class=\"fcbkbttn_buttons_block\" id=\"fcbkbttn_left\"><div class=\"fcbkbttn_like \"><fb:like href=\"https:\/\/arcus.org.rs\/hun\/szongariai-cselopok-lycosa-singoriensis\/\" action=\"like\" colorscheme=\"light\" layout=\"standard\" show-faces='false' width=\"450px\" size=\"small\"><\/fb:like><\/div><\/div>","protected":false},"excerpt":{"rendered":"<p>A szong\u00e1riai csel\u0151p\u00f3k a farkasp\u00f3kok csal\u00e1dj\u00e1ba tartozik. Ez a p\u00f3kfaj a K\u00e1rp\u00e1t-medence legnagyobb p\u00f3kja. A n\u0151st\u00e9nyek testhossza 3,5-4,5 cm, a h\u00edmek\u00e9 pedig 2-2,5 cm. Sz\u00edn\u00fck \u00e1ltal\u00e1ban barna, sz\u00fcrke, illetve ezek k\u00fcl\u00f6nf\u00e9le \u00e1rnyalatai, esetenk\u00e9nt narancs-barna. Hatalmas cs\u00e1pr\u00e1g\u00f3ik sz\u00edne vil\u00e1gos- vagy s\u00f6t\u00e9t&hellip; <\/p>\n","protected":false},"author":5,"featured_media":0,"parent":0,"menu_order":0,"comment_status":"closed","ping_status":"open","template":"","meta":{"_mi_skip_tracking":false,"spay_email":""},"jetpack_shortlink":"https:\/\/wp.me\/P40Haz-LB","jetpack_sharing_enabled":true,"jetpack_likes_enabled":false,"_links":{"self":[{"href":"https:\/\/arcus.org.rs\/hun\/wp-json\/wp\/v2\/pages\/2951"}],"collection":[{"href":"https:\/\/arcus.org.rs\/hun\/wp-json\/wp\/v2\/pages"}],"about":[{"href":"https:\/\/arcus.org.rs\/hun\/wp-json\/wp\/v2\/types\/page"}],"author":[{"embeddable":true,"href":"https:\/\/arcus.org.rs\/hun\/wp-json\/wp\/v2\/users\/5"}],"replies":[{"embeddable":true,"href":"https:\/\/arcus.org.rs\/hun\/wp-json\/wp\/v2\/comments?post=2951"}],"version-history":[{"count":2,"href":"https:\/\/arcus.org.rs\/hun\/wp-json\/wp\/v2\/pages\/2951\/revisions"}],"predecessor-version":[{"id":3171,"href":"https:\/\/arcus.org.rs\/hun\/wp-json\/wp\/v2\/pages\/2951\/revisions\/3171"}],"wp:attachment":[{"href":"https:\/\/arcus.org.rs\/hun\/wp-json\/wp\/v2\/media?parent=2951"}],"curies":[{"name":"wp","href":"https:\/\/api.w.org\/{rel}","templated":true}]}}