{"id":2956,"date":"2021-05-16T19:50:41","date_gmt":"2021-05-16T18:50:41","guid":{"rendered":"https:\/\/arcus.org.rs\/hun\/?page_id=2956"},"modified":"2021-06-04T17:41:28","modified_gmt":"2021-06-04T16:41:28","slug":"reti-csik-misgurnus-fossilis","status":"publish","type":"page","link":"https:\/\/arcus.org.rs\/hun\/reti-csik-misgurnus-fossilis\/","title":{"rendered":"R\u00e9ti cs\u00edk (Misgurnus fossilis)"},"content":{"rendered":"<p style=\"text-align: justify;\">Teste hosszan megny\u00falt, izmos, oldalr\u00f3l kev\u00e9ss\u00e9 lap\u00edtott. Feje \u00e9s szeme kicsi, orra hossz\u00fa \u00e9s k\u00fapos, a v\u00e9g\u00e9n lekerek\u00edtett. Sz\u00e1ja kicsi \u00e9s als\u00f3 \u00e1ll\u00e1s\u00fa. H\u00fasos ajkain \u00f6sszesen 10 bajuszsz\u00e1l tal\u00e1lhat\u00f3, melyek k\u00f6z\u00fcl hat a fels\u0151, n\u00e9gy kisebb pedig az als\u00f3 \u00e1llkapcson helyezkedik el. R\u00f6vid h\u00e1t\u00fasz\u00f3j\u00e1ban 5-7, hasonl\u00f3 m\u00e9ret\u0171 farkalatti \u00fasz\u00f3j\u00e1ban 5-6 el\u00e1gaz\u00f3 sug\u00e1r van. H\u00e1t- \u00e9s farok\u00fasz\u00f3j\u00e1nak sz\u00e9le szab\u00e1lyosan lekerek\u00edtett. Apr\u00f3 pikkelyei alig \u00e9szrevehet\u0151k, nem sz\u00e1molhat\u00f3k, de az oldalvonala teljes. H\u00e1ta s\u00f6t\u00e9tbarna, oldal\u00e1n hosszanti cs\u00edkok futnak v\u00e9gig, melyek k\u00f6z\u00fcl a k\u00f6z\u00e9ps\u0151 barna, a f\u00f6l\u00f6tte \u00e9s alatta l\u00e9v\u0151 pedig okkers\u00e1rga. Legnagyobb cs\u00edkfajunk, 30 centin\u00e9l hosszabb is lehet.<\/p>\n<div id=\"attachment_2957\" style=\"width: 275px\" class=\"wp-caption alignleft\"><a href=\"https:\/\/arcus.org.rs\/hun\/wp-content\/uploads\/2021\/05\/misgurnus.fossilis.Photo_.Sihelnik.J..jpg\"><img aria-describedby=\"caption-attachment-2957\" loading=\"lazy\" class=\"wp-image-2957\" title=\"R\u00e9ti cs\u00edk (Photo: Sihelnik J\u00f3zsef)\" src=\"https:\/\/arcus.org.rs\/hun\/wp-content\/uploads\/2021\/05\/misgurnus.fossilis.Photo_.Sihelnik.J.-300x200.jpg\" alt=\"R\u00e9ti cs\u00edk (Photo: Sihelnik J\u00f3zsef)\" width=\"265\" height=\"177\" srcset=\"https:\/\/arcus.org.rs\/hun\/wp-content\/uploads\/2021\/05\/misgurnus.fossilis.Photo_.Sihelnik.J.-300x200.jpg 300w, https:\/\/arcus.org.rs\/hun\/wp-content\/uploads\/2021\/05\/misgurnus.fossilis.Photo_.Sihelnik.J.-768x512.jpg 768w, https:\/\/arcus.org.rs\/hun\/wp-content\/uploads\/2021\/05\/misgurnus.fossilis.Photo_.Sihelnik.J..jpg 840w\" sizes=\"(max-width: 265px) 100vw, 265px\" \/><\/a><p id=\"caption-attachment-2957\" class=\"wp-caption-text\">R\u00e9ti cs\u00edk (Photo: Sihelnik J\u00f3zsef)<\/p><\/div>\n<p style=\"text-align: justify;\">A mocsarak jellegzetes hala, mely el\u0151fordul a sek\u00e9ly tavakban, \u00f6reg holt\u00e1gakban \u00e9s iszapos csatorn\u00e1kban, valamint a kisebb \u00e9s nagyobb foly\u00f3kban is. Ut\u00f3bbiaknak f\u0151k\u00e9nt a hull\u00e1mt\u00e9ri g\u00f6dreiben tal\u00e1lhat\u00f3 meg, a f\u0151mederben ritk\u00e1n. A l\u00e1rv\u00e1k k\u00fcls\u0151 kopolty\u00fabojtjai, illetve az id\u0151sebb halak b\u00e9ll\u00e9gz\u00e9se lehet\u0151v\u00e9 teszi sz\u00e1mukra az oxig\u00e9nszeg\u00e9ny viszonyok elvisel\u00e9s\u00e9t.<\/p>\n<p style=\"text-align: justify;\">Els\u0151sorban apr\u00f3 fen\u00e9klak\u00f3 \u00e1llatokkal t\u00e1pl\u00e1lkozik, de jelent\u0151s mennyis\u00e9gben fogyaszt k\u00fcl\u00f6nb\u00f6z\u0151 n\u00f6v\u00e9nyi r\u00e9szeket \u00e9s szerves t\u00f6rmel\u00e9ket. M\u00e1r k\u00e9t\u00e9vesen ivar\u00e9rett. Az ikrasz\u00e1m a n\u0151st\u00e9nyek m\u00e9ret\u00e9t\u0151l f\u00fcgg\u0151en 10 \u00e9s 150 ezer k\u00f6z\u00f6tt v\u00e1ltozik. Ar\u00e1nylag nagy, 1,5-2 mm \u00e1tm\u00e9r\u0151j\u0171 ikr\u00e1it t\u00f6bb r\u00e9szletben, \u00e1prilist\u00f3l j\u00faniusig rakja le az \u00e1ll\u00f3vizek d\u00fas n\u00f6v\u00e9nyzet\u00e9re.<\/p>\n<p style=\"text-align: justify;\">Vid\u00e9k\u00fcnk\u00f6n meglehet\u0151sen ritka, \u00e1m a Krivaja patak egyes r\u00e9szein m\u00e9g el\u0151fordul. Szerbi\u00e1ban fokozottan v\u00e9dett.<\/p>\n<p style=\"text-align: right;\">Sihelnik J\u00f3zsef<\/p>\n<p>\u2039\u2039\u2039 <a href=\"https:\/\/arcus.org.rs\/hun\/termeszeti-ertekeink\/\"><em>vissza<\/em><\/a><\/p>\n<div class=\"fcbkbttn_buttons_block\" id=\"fcbkbttn_left\"><div class=\"fcbkbttn_like \"><fb:like href=\"https:\/\/arcus.org.rs\/hun\/reti-csik-misgurnus-fossilis\/\" action=\"like\" colorscheme=\"light\" layout=\"standard\" show-faces='false' width=\"450px\" size=\"small\"><\/fb:like><\/div><\/div>","protected":false},"excerpt":{"rendered":"<p>Teste hosszan megny\u00falt, izmos, oldalr\u00f3l kev\u00e9ss\u00e9 lap\u00edtott. Feje \u00e9s szeme kicsi, orra hossz\u00fa \u00e9s k\u00fapos, a v\u00e9g\u00e9n lekerek\u00edtett. Sz\u00e1ja kicsi \u00e9s als\u00f3 \u00e1ll\u00e1s\u00fa. H\u00fasos ajkain \u00f6sszesen 10 bajuszsz\u00e1l tal\u00e1lhat\u00f3, melyek k\u00f6z\u00fcl hat a fels\u0151, n\u00e9gy kisebb pedig az als\u00f3 \u00e1llkapcson&hellip; <\/p>\n","protected":false},"author":5,"featured_media":0,"parent":0,"menu_order":0,"comment_status":"closed","ping_status":"open","template":"","meta":{"_mi_skip_tracking":false,"spay_email":""},"jetpack_shortlink":"https:\/\/wp.me\/P40Haz-LG","jetpack_sharing_enabled":true,"jetpack_likes_enabled":false,"_links":{"self":[{"href":"https:\/\/arcus.org.rs\/hun\/wp-json\/wp\/v2\/pages\/2956"}],"collection":[{"href":"https:\/\/arcus.org.rs\/hun\/wp-json\/wp\/v2\/pages"}],"about":[{"href":"https:\/\/arcus.org.rs\/hun\/wp-json\/wp\/v2\/types\/page"}],"author":[{"embeddable":true,"href":"https:\/\/arcus.org.rs\/hun\/wp-json\/wp\/v2\/users\/5"}],"replies":[{"embeddable":true,"href":"https:\/\/arcus.org.rs\/hun\/wp-json\/wp\/v2\/comments?post=2956"}],"version-history":[{"count":2,"href":"https:\/\/arcus.org.rs\/hun\/wp-json\/wp\/v2\/pages\/2956\/revisions"}],"predecessor-version":[{"id":3167,"href":"https:\/\/arcus.org.rs\/hun\/wp-json\/wp\/v2\/pages\/2956\/revisions\/3167"}],"wp:attachment":[{"href":"https:\/\/arcus.org.rs\/hun\/wp-json\/wp\/v2\/media?parent=2956"}],"curies":[{"name":"wp","href":"https:\/\/api.w.org\/{rel}","templated":true}]}}