{"id":2964,"date":"2021-05-16T20:08:16","date_gmt":"2021-05-16T19:08:16","guid":{"rendered":"https:\/\/arcus.org.rs\/hun\/?page_id=2964"},"modified":"2021-06-04T17:35:04","modified_gmt":"2021-06-04T16:35:04","slug":"zold-levelibeka-hyla-arborea","status":"publish","type":"page","link":"https:\/\/arcus.org.rs\/hun\/zold-levelibeka-hyla-arborea\/","title":{"rendered":"Z\u00f6ld levelib\u00e9ka (Hyla arborea)"},"content":{"rendered":"<div id=\"attachment_2958\" style=\"width: 275px\" class=\"wp-caption alignright\"><a href=\"https:\/\/arcus.org.rs\/hun\/wp-content\/uploads\/2021\/05\/hyla.arborea.1.Photo_.Sihelnik.J..jpg\"><img aria-describedby=\"caption-attachment-2958\" loading=\"lazy\" class=\"wp-image-2958\" title=\"Z\u00f6ld levelib\u00e9ka (Photo: Sihelnik J\u00f3zsef)\" src=\"https:\/\/arcus.org.rs\/hun\/wp-content\/uploads\/2021\/05\/hyla.arborea.1.Photo_.Sihelnik.J.-300x200.jpg\" alt=\"Z\u00f6ld levelib\u00e9ka (Photo: Sihelnik J\u00f3zsef)\" width=\"265\" height=\"177\" srcset=\"https:\/\/arcus.org.rs\/hun\/wp-content\/uploads\/2021\/05\/hyla.arborea.1.Photo_.Sihelnik.J.-300x200.jpg 300w, https:\/\/arcus.org.rs\/hun\/wp-content\/uploads\/2021\/05\/hyla.arborea.1.Photo_.Sihelnik.J.-768x512.jpg 768w, https:\/\/arcus.org.rs\/hun\/wp-content\/uploads\/2021\/05\/hyla.arborea.1.Photo_.Sihelnik.J..jpg 840w\" sizes=\"(max-width: 265px) 100vw, 265px\" \/><\/a><p id=\"caption-attachment-2958\" class=\"wp-caption-text\">Z\u00f6ld levelib\u00e9ka (Photo: Sihelnik J\u00f3zsef)<\/p><\/div>\n<p style=\"text-align: justify;\">A z\u00f6ld levelib\u00e9ka a b\u00e9k\u00e1k rendj\u00e9be \u00e9s a levelib\u00e9kaf\u00e9l\u00e9k csal\u00e1dj\u00e1ba tartoz\u00f3 k\u00e9t\u00e9lt\u0171faj. 3-5 cm nagys\u00e1g\u00fa b\u00e9ka, melynek mells\u0151 l\u00e1bain 4, m\u00edg a h\u00e1ts\u00f3kon 5 tapad\u00f3korongos ujj tal\u00e1lhat\u00f3. A h\u00edmek k\u00fcls\u0151 hangh\u00f3lyaggal rendelkeznek. H\u00e1tsz\u00edne a csillog\u00f3 f\u0171z\u00f6ldt\u0151l a feh\u00e9res sz\u00fcrk\u00e9n \u00e1t eg\u00e9szen az olajbarn\u00e1ig terjedhet, k\u00f6rnyezet\u00e9t\u0151l \u00e9s fizikai \u00e1llapot\u00e1t\u00f3l f\u00fcgg\u0151en. Brekeg\u00e9s\u00e9t, melyet a torokzacsk\u00f3nak is nevezett k\u00fcls\u0151 hangh\u00f3lyagj\u00e1val er\u0151s\u00edt, els\u0151sorban a tavaszi, szaporod\u00e1si id\u0151szakban lehet hallani. Ter\u00fcletjelz\u0151 hangj\u00e1ra azonban k\u00e9s\u0151 \u0151szig is felfigyelhet\u00fcnk.<\/p>\n<div id=\"attachment_2959\" style=\"width: 275px\" class=\"wp-caption alignleft\"><a href=\"https:\/\/arcus.org.rs\/hun\/wp-content\/uploads\/2021\/05\/hyla.arborea.2.Photo_.Harmati.N..jpg\"><img aria-describedby=\"caption-attachment-2959\" loading=\"lazy\" class=\"wp-image-2959\" title=\"Z\u00f6ld levelib\u00e9ka (Photo: Harmati N\u00f3ra)\" src=\"https:\/\/arcus.org.rs\/hun\/wp-content\/uploads\/2021\/05\/hyla.arborea.2.Photo_.Harmati.N.-300x200.jpg\" alt=\"Z\u00f6ld levelib\u00e9ka (Photo: Harmati N\u00f3ra)\" width=\"265\" height=\"177\" srcset=\"https:\/\/arcus.org.rs\/hun\/wp-content\/uploads\/2021\/05\/hyla.arborea.2.Photo_.Harmati.N.-300x200.jpg 300w, https:\/\/arcus.org.rs\/hun\/wp-content\/uploads\/2021\/05\/hyla.arborea.2.Photo_.Harmati.N.-768x512.jpg 768w, https:\/\/arcus.org.rs\/hun\/wp-content\/uploads\/2021\/05\/hyla.arborea.2.Photo_.Harmati.N..jpg 840w\" sizes=\"(max-width: 265px) 100vw, 265px\" \/><\/a><p id=\"caption-attachment-2959\" class=\"wp-caption-text\">Z\u00f6ld levelib\u00e9ka (Photo: Harmati N\u00f3ra)<\/p><\/div>\n<p style=\"text-align: justify;\">\u00c1ltal\u00e1nosan elterjedtnek mondhat\u00f3, els\u0151sorban vizes \u00e9l\u0151helyek k\u00f6rny\u00e9k\u00e9n, n\u00e1dasokban, f\u00fczesekben, cserj\u00e9sekben figyelhetj\u00fck meg. J\u00f3l m\u00e1szik, amiben seg\u00edtik tapad\u00f3korongjai \u00e9s has-, valamint torokt\u00e1j\u00e9k\u00e1nak ragad\u00f3s v\u00e1lad\u00e9ka. Egyetlen b\u00e9kafajunk, mely k\u00e9pes \u00f3r\u00e1kon kereszt\u00fcl is a t\u0171z\u0151 napon a kisz\u00e1rad\u00e1s vesz\u00e9lye n\u00e9lk\u00fcl a leveleken n\u00e9zel\u0151dni, vad\u00e1szni. Mivel a veget\u00e1ci\u00f3s id\u0151szak java r\u00e9sz\u00e9t a tavak menti cserj\u00e9sek, bokrosok levelin t\u00f6lti, \u00edgy \u00e9rthet\u0151, hogy zs\u00e1km\u00e1ny\u00e1t is els\u0151sorban rep\u00fcl\u0151 rovarok jelentik. Egy testesebb lepke, vagy l\u00e9gy ut\u00e1n ak\u00e1r f\u00e9l m\u00e9terre is k\u00e9pes elrugaszkodni a leveg\u0151be.<\/p>\n<p style=\"text-align: justify;\">Topolya k\u00f6rny\u00e9k\u00e9n viszonylag gyakori, f\u0151leg a k\u00fcl\u00f6nb\u00f6z\u0151 vizes ter\u00fcleteken, \u00e1m ezekt\u0151l t\u00e1volabb, \u00edgy a lakott ter\u00fcleteken is l\u00e1thatjuk. Szerbi\u00e1ban fokozottan v\u00e9dett faj.<\/p>\n<p style=\"text-align: right;\">Vukajlovi\u0107 Pecze Nat\u00e1lia<\/p>\n<p>\u2039\u2039\u2039 <a href=\"https:\/\/arcus.org.rs\/hun\/termeszeti-ertekeink\/\"><em>vissza<\/em><\/a><\/p>\n<div class=\"fcbkbttn_buttons_block\" id=\"fcbkbttn_left\"><div class=\"fcbkbttn_like \"><fb:like href=\"https:\/\/arcus.org.rs\/hun\/zold-levelibeka-hyla-arborea\/\" action=\"like\" colorscheme=\"light\" layout=\"standard\" show-faces='false' width=\"450px\" size=\"small\"><\/fb:like><\/div><\/div>","protected":false},"excerpt":{"rendered":"<p>A z\u00f6ld levelib\u00e9ka a b\u00e9k\u00e1k rendj\u00e9be \u00e9s a levelib\u00e9kaf\u00e9l\u00e9k csal\u00e1dj\u00e1ba tartoz\u00f3 k\u00e9t\u00e9lt\u0171faj. 3-5 cm nagys\u00e1g\u00fa b\u00e9ka, melynek mells\u0151 l\u00e1bain 4, m\u00edg a h\u00e1ts\u00f3kon 5 tapad\u00f3korongos ujj tal\u00e1lhat\u00f3. A h\u00edmek k\u00fcls\u0151 hangh\u00f3lyaggal rendelkeznek. H\u00e1tsz\u00edne a csillog\u00f3 f\u0171z\u00f6ldt\u0151l a feh\u00e9res sz\u00fcrk\u00e9n \u00e1t&hellip; <\/p>\n","protected":false},"author":5,"featured_media":0,"parent":0,"menu_order":0,"comment_status":"closed","ping_status":"open","template":"","meta":{"_mi_skip_tracking":false,"spay_email":""},"jetpack_shortlink":"https:\/\/wp.me\/P40Haz-LO","jetpack_sharing_enabled":true,"jetpack_likes_enabled":false,"_links":{"self":[{"href":"https:\/\/arcus.org.rs\/hun\/wp-json\/wp\/v2\/pages\/2964"}],"collection":[{"href":"https:\/\/arcus.org.rs\/hun\/wp-json\/wp\/v2\/pages"}],"about":[{"href":"https:\/\/arcus.org.rs\/hun\/wp-json\/wp\/v2\/types\/page"}],"author":[{"embeddable":true,"href":"https:\/\/arcus.org.rs\/hun\/wp-json\/wp\/v2\/users\/5"}],"replies":[{"embeddable":true,"href":"https:\/\/arcus.org.rs\/hun\/wp-json\/wp\/v2\/comments?post=2964"}],"version-history":[{"count":2,"href":"https:\/\/arcus.org.rs\/hun\/wp-json\/wp\/v2\/pages\/2964\/revisions"}],"predecessor-version":[{"id":3164,"href":"https:\/\/arcus.org.rs\/hun\/wp-json\/wp\/v2\/pages\/2964\/revisions\/3164"}],"wp:attachment":[{"href":"https:\/\/arcus.org.rs\/hun\/wp-json\/wp\/v2\/media?parent=2964"}],"curies":[{"name":"wp","href":"https:\/\/api.w.org\/{rel}","templated":true}]}}