{"id":2966,"date":"2021-05-16T20:15:54","date_gmt":"2021-05-16T19:15:54","guid":{"rendered":"https:\/\/arcus.org.rs\/hun\/?page_id=2966"},"modified":"2021-06-04T17:33:14","modified_gmt":"2021-06-04T16:33:14","slug":"mocsari-teknos-emys-orbicularis","status":"publish","type":"page","link":"https:\/\/arcus.org.rs\/hun\/mocsari-teknos-emys-orbicularis\/","title":{"rendered":"Mocs\u00e1ri tekn\u0151s (Emys orbicularis)"},"content":{"rendered":"<div id=\"attachment_2960\" style=\"width: 275px\" class=\"wp-caption alignright\"><a href=\"https:\/\/arcus.org.rs\/hun\/wp-content\/uploads\/2021\/05\/emys.orbicularis.1.Photo_.Sihelnik.J..jpg\"><img aria-describedby=\"caption-attachment-2960\" loading=\"lazy\" class=\"wp-image-2960\" title=\"Mocs\u00e1ri tekn\u0151s (Photo: Sihelnik J\u00f3zsef)\" src=\"https:\/\/arcus.org.rs\/hun\/wp-content\/uploads\/2021\/05\/emys.orbicularis.1.Photo_.Sihelnik.J.-300x200.jpg\" alt=\"Mocs\u00e1ri tekn\u0151s (Photo: Sihelnik J\u00f3zsef)\" width=\"265\" height=\"177\" srcset=\"https:\/\/arcus.org.rs\/hun\/wp-content\/uploads\/2021\/05\/emys.orbicularis.1.Photo_.Sihelnik.J.-300x200.jpg 300w, https:\/\/arcus.org.rs\/hun\/wp-content\/uploads\/2021\/05\/emys.orbicularis.1.Photo_.Sihelnik.J.-768x512.jpg 768w, https:\/\/arcus.org.rs\/hun\/wp-content\/uploads\/2021\/05\/emys.orbicularis.1.Photo_.Sihelnik.J..jpg 840w\" sizes=\"(max-width: 265px) 100vw, 265px\" \/><\/a><p id=\"caption-attachment-2960\" class=\"wp-caption-text\">Mocs\u00e1ri tekn\u0151s (Photo: Sihelnik J\u00f3zsef)<\/p><\/div>\n<p style=\"text-align: justify;\">A mocs\u00e1ri tekn\u0151s p\u00e1nc\u00e9lj\u00e1nak hossza k\u00f6r\u00fclbel\u00fcl 20 centim\u00e9ter. A p\u00e1nc\u00e9l lap\u00edtott, ov\u00e1lis, h\u00e1trafel\u00e9 enyh\u00e9n kisz\u00e9lesedik. A n\u0151st\u00e9nyek p\u00e1nc\u00e9lja valamivel kerekebb \u00e9s magasabb, mint a h\u00edmek\u00e9. A hasp\u00e1nc\u00e9l a h\u00edmekn\u00e9l horpadt, a n\u0151st\u00e9nyekn\u00e9l lapos. Sz\u00edne okkers\u00e1rga, vagy barn\u00e1s, a pajzshat\u00e1rok ment\u00e9n keresztir\u00e1ny\u00fa fekete cs\u00edkkal. Mind a h\u00e1tp\u00e1nc\u00e9l, mind a fej \u00e9s a v\u00e9gtagok alapsz\u00edne s\u00f6t\u00e9t, feket\u00e9sbarna vagy grafitsz\u00fcrke, olajz\u00f6ld be\u00fct\u00e9ssel, amelyet minden\u00fctt, de k\u00fcl\u00f6n\u00f6sen a nyakon \u00e9s a fejen kisebb nagyobb citroms\u00e1rga vagy s\u00f6t\u00e9ts\u00e1rga pettyek tark\u00edtanak.<\/p>\n<div id=\"attachment_2961\" style=\"width: 275px\" class=\"wp-caption alignleft\"><a href=\"https:\/\/arcus.org.rs\/hun\/wp-content\/uploads\/2021\/05\/emys.orbicularis.2.Photo_.Sihelnik.J..jpg\"><img aria-describedby=\"caption-attachment-2961\" loading=\"lazy\" class=\"wp-image-2961\" title=\"Mocs\u00e1ri tekn\u0151s (Photo: Sihelnik J\u00f3zsef)\" src=\"https:\/\/arcus.org.rs\/hun\/wp-content\/uploads\/2021\/05\/emys.orbicularis.2.Photo_.Sihelnik.J.-300x200.jpg\" alt=\"Mocs\u00e1ri tekn\u0151s (Photo: Sihelnik J\u00f3zsef)\" width=\"265\" height=\"177\" srcset=\"https:\/\/arcus.org.rs\/hun\/wp-content\/uploads\/2021\/05\/emys.orbicularis.2.Photo_.Sihelnik.J.-300x200.jpg 300w, https:\/\/arcus.org.rs\/hun\/wp-content\/uploads\/2021\/05\/emys.orbicularis.2.Photo_.Sihelnik.J.-768x512.jpg 768w, https:\/\/arcus.org.rs\/hun\/wp-content\/uploads\/2021\/05\/emys.orbicularis.2.Photo_.Sihelnik.J..jpg 840w\" sizes=\"(max-width: 265px) 100vw, 265px\" \/><\/a><p id=\"caption-attachment-2961\" class=\"wp-caption-text\">Mocs\u00e1ri tekn\u0151s (Photo: Sihelnik J\u00f3zsef)<\/p><\/div>\n<p style=\"text-align: justify;\">Alapvet\u0151en v\u00edzhez k\u00f6t\u00f6tt faj, mely els\u0151sorban \u00e1ll\u00f3vizek \u00e9s lass\u00fa foly\u00e1s\u00fa foly\u00f3k ment\u00e9n fordul el\u0151. Kedveli a v\u00edzi n\u00f6v\u00e9nyzettel ben\u0151tt tavakat, holt\u00e1gakat, ahol a part fel\u0151l \u00e9szrev\u00e9tlen\u00fcl napozhat. A vizes \u00e9l\u0151helyen k\u00edv\u00fcl azonban nagy sz\u00fcks\u00e9ge van h\u00e1bor\u00edtatlan sz\u00e1razf\u00f6ldi \u00e9l\u0151helyekre is, k\u00fcl\u00f6n\u00f6sen olyanokra, ahol toj\u00e1sait lerakhatja. A n\u00f6v\u00e9nyzettel csak m\u00e9rs\u00e9kelten bor\u00edtott, laza talaj\u00fa helyek a legmegfelel\u0151bbek.<\/p>\n<p style=\"text-align: justify;\">T\u00e9lre az iszapba f\u00farja mag\u00e1t, de egyes esetekben a v\u00edzen k\u00edv\u00fcl \u00e1ssa be mag\u00e1t a f\u00f6ldbe. Ha az id\u0151j\u00e1r\u00e1s megengedi, kor\u00e1n, m\u00e1r m\u00e1rcius elej\u00e9n el\u0151b\u00fajik. P\u00e1rz\u00e1sa azonban csak \u00e1prilisban kezd\u0151dik, a n\u0151st\u00e9nyek 6-10 toj\u00e1sukat m\u00e1jus v\u00e9g\u00e9n, j\u00faniusban kezdik lerakni. A kis tekn\u0151s\u00f6k augusztusban vagy szeptemberben kelnek ki. Mindenf\u00e9le \u00e1llati eredet\u0171 t\u00e1pl\u00e1l\u00e9kot elfogyaszt, amit meg tud fogni, vagy el tud \u00e9rni, k\u00f6zt\u00fck d\u00f6g\u00f6ket is. T\u00f6bbnyire v\u00edzi gerincteleneket, halakat, k\u00e9t\u00e9lt\u0171l\u00e1rv\u00e1kat, g\u0151t\u00e9ket \u00e9s b\u00e9k\u00e1kat fogyaszt.<\/p>\n<p style=\"text-align: justify;\">Vid\u00e9k\u00fcnk\u00f6n a Topolyai-t\u00f3 az egyik legfontosabb \u00e9s legjelent\u0151sebb \u00e9l\u0151helye, \u00e1m emellett a Krivaja patakban is megtal\u00e1lhat\u00f3. Fokozottan v\u00e9dett faj.<\/p>\n<p style=\"text-align: right;\">Sihelnik J\u00f3zsef<\/p>\n<p>\u2039\u2039\u2039 <a href=\"https:\/\/arcus.org.rs\/hun\/termeszeti-ertekeink\/\"><em>vissza<\/em><\/a><\/p>\n<div class=\"fcbkbttn_buttons_block\" id=\"fcbkbttn_left\"><div class=\"fcbkbttn_like \"><fb:like href=\"https:\/\/arcus.org.rs\/hun\/mocsari-teknos-emys-orbicularis\/\" action=\"like\" colorscheme=\"light\" layout=\"standard\" show-faces='false' width=\"450px\" size=\"small\"><\/fb:like><\/div><\/div>","protected":false},"excerpt":{"rendered":"<p>A mocs\u00e1ri tekn\u0151s p\u00e1nc\u00e9lj\u00e1nak hossza k\u00f6r\u00fclbel\u00fcl 20 centim\u00e9ter. A p\u00e1nc\u00e9l lap\u00edtott, ov\u00e1lis, h\u00e1trafel\u00e9 enyh\u00e9n kisz\u00e9lesedik. A n\u0151st\u00e9nyek p\u00e1nc\u00e9lja valamivel kerekebb \u00e9s magasabb, mint a h\u00edmek\u00e9. A hasp\u00e1nc\u00e9l a h\u00edmekn\u00e9l horpadt, a n\u0151st\u00e9nyekn\u00e9l lapos. Sz\u00edne okkers\u00e1rga, vagy barn\u00e1s, a pajzshat\u00e1rok ment\u00e9n&hellip; <\/p>\n","protected":false},"author":5,"featured_media":0,"parent":0,"menu_order":0,"comment_status":"closed","ping_status":"open","template":"","meta":{"_mi_skip_tracking":false,"spay_email":""},"jetpack_shortlink":"https:\/\/wp.me\/P40Haz-LQ","jetpack_sharing_enabled":true,"jetpack_likes_enabled":false,"_links":{"self":[{"href":"https:\/\/arcus.org.rs\/hun\/wp-json\/wp\/v2\/pages\/2966"}],"collection":[{"href":"https:\/\/arcus.org.rs\/hun\/wp-json\/wp\/v2\/pages"}],"about":[{"href":"https:\/\/arcus.org.rs\/hun\/wp-json\/wp\/v2\/types\/page"}],"author":[{"embeddable":true,"href":"https:\/\/arcus.org.rs\/hun\/wp-json\/wp\/v2\/users\/5"}],"replies":[{"embeddable":true,"href":"https:\/\/arcus.org.rs\/hun\/wp-json\/wp\/v2\/comments?post=2966"}],"version-history":[{"count":4,"href":"https:\/\/arcus.org.rs\/hun\/wp-json\/wp\/v2\/pages\/2966\/revisions"}],"predecessor-version":[{"id":3163,"href":"https:\/\/arcus.org.rs\/hun\/wp-json\/wp\/v2\/pages\/2966\/revisions\/3163"}],"wp:attachment":[{"href":"https:\/\/arcus.org.rs\/hun\/wp-json\/wp\/v2\/media?parent=2966"}],"curies":[{"name":"wp","href":"https:\/\/api.w.org\/{rel}","templated":true}]}}