{"id":3054,"date":"2021-05-22T17:47:00","date_gmt":"2021-05-22T16:47:00","guid":{"rendered":"https:\/\/arcus.org.rs\/hun\/?page_id=3054"},"modified":"2021-05-31T18:52:19","modified_gmt":"2021-05-31T17:52:19","slug":"lagyszaru-novenyek-a-part-menten","status":"publish","type":"page","link":"https:\/\/arcus.org.rs\/hun\/lagyszaru-novenyek-a-part-menten\/","title":{"rendered":"L\u00e1gysz\u00e1r\u00fa n\u00f6v\u00e9nyek a part ment\u00e9n"},"content":{"rendered":"<div id=\"attachment_3055\" style=\"width: 275px\" class=\"wp-caption alignright\"><a href=\"https:\/\/arcus.org.rs\/hun\/wp-content\/uploads\/2021\/05\/tussilago.farfara.Photo_.Sihelnik.J..jpg\"><img aria-describedby=\"caption-attachment-3055\" loading=\"lazy\" class=\"wp-image-3055\" title=\"Martilapu (Photo: Sihelnik J\u00f3zsef)\" src=\"https:\/\/arcus.org.rs\/hun\/wp-content\/uploads\/2021\/05\/tussilago.farfara.Photo_.Sihelnik.J.-300x200.jpg\" alt=\"Martilapu (Photo: Sihelnik J\u00f3zsef)\" width=\"265\" height=\"177\" srcset=\"https:\/\/arcus.org.rs\/hun\/wp-content\/uploads\/2021\/05\/tussilago.farfara.Photo_.Sihelnik.J.-300x200.jpg 300w, https:\/\/arcus.org.rs\/hun\/wp-content\/uploads\/2021\/05\/tussilago.farfara.Photo_.Sihelnik.J.-768x512.jpg 768w, https:\/\/arcus.org.rs\/hun\/wp-content\/uploads\/2021\/05\/tussilago.farfara.Photo_.Sihelnik.J..jpg 840w\" sizes=\"(max-width: 265px) 100vw, 265px\" \/><\/a><p id=\"caption-attachment-3055\" class=\"wp-caption-text\">Martilapu (Photo: Sihelnik J\u00f3zsef)<\/p><\/div>\n<p style=\"text-align: justify;\">A term\u00e9szetes tavak, morotv\u00e1k \u00e9s mesters\u00e9gesen kialak\u00edtott \u00e1ll\u00f3vizek partja ment\u00e9n lev\u0151 n\u00e9h\u00e1ny m\u00e9ter sz\u00e9les parti mocs\u00e1ri z\u00f3na, k\u00fcl\u00f6nb\u00f6z\u0151 l\u00e1gysz\u00e1r\u00fa n\u00f6v\u00e9nyek \u00e9l\u0151hely\u00e9\u00fcl szolg\u00e1l. A n\u00e1das hat\u00e1r\u00e1n, valamint nyilad\u00e9kokban nem ritka a <strong>zsomb\u00e9ks\u00e1s<\/strong> (<em>Carex elata<\/em>), mely a nagyobb termet\u0171 fajok k\u00f6z\u00e9 tartozik. A nedves talaj\u00fa, mocsaras partr\u00e9szeken \u00e1llom\u00e1nyalkot\u00f3 a gyakori <strong>parti s\u00e1s<\/strong> (<em>Carex riparia<\/em>). Koratavasszal, m\u00e1rciusban ny\u00edlik a bolygatott r\u00e9szeken, illetve oml\u00e1sos partokon a <strong>martilapu<\/strong> (<em>Tussilago farfara<\/em>). El\u0151sz\u00f6r csak s\u00e1rga vir\u00e1gai jelennek meg, k\u00e9s\u0151bb nevel leveleket. N\u00e1dsz\u00e1lakra, vagy bokrok \u00e1gaira kapaszkodik fel az <strong>ebsz\u0151l\u0151 csucsor<\/strong> (<em>Solanum dulcamara<\/em>), majd a ny\u00e1r folyam\u00e1n ott \u00e9rleli \u00e9l\u00e9nkpiros sz\u00edn\u0171, m\u00e9rgez\u0151 term\u00e9seit. A gyakori <strong>s\u00f6v\u00e9nyszul\u00e1k<\/strong> (<em>Calystegia sepium<\/em>) minden\u00fctt el\u0151fordul a n\u00e1dszeg\u00e9lyben, ahol nagym\u00e9ret\u0171 feh\u00e9r vir\u00e1gai igen felt\u0171n\u0151ek. Egyes helyeken t\u00f6meges a magas n\u00f6v\u00e9s\u0171 <strong>s\u00e9dkender<\/strong> (<em>Eupatorium cannabinum<\/em>), valamint a n\u00e1das perem\u00e9n, nedves talajon \u00e9rzi j\u00f3l mag\u00e1t a jellegzetesen mentol illat\u00fa <strong>v\u00edzi menta<\/strong> (<em>Mentha aquatica<\/em>). A s\u00e1rga vir\u00e1g\u00fa <strong>k\u00fasz\u00f3 bogl\u00e1rka<\/strong> (<em>Ranunculus repens<\/em>) ugyancsak megtal\u00e1lhat\u00f3 az alacsonyabban elhelyezked\u0151 partszakaszok ment\u00e9n. Ahol a partot f\u00e1k szeg\u00e9lyezik, a f\u00e9l\u00e1rny\u00e9kos r\u00e9szeken helyenk\u00e9nt t\u00f6meges a <strong>hamvas szeder<\/strong> (<em>Rubus caesius<\/em>). \u00cdzletes term\u00e9se augusztus v\u00e9g\u00e9n kezd \u00e9rni, \u00e1m sz\u00e1r\u00edtott leveleit gyakran haszn\u00e1lj\u00e1k te\u00e1nak. Ugyanitt a <strong>nagy csal\u00e1n<\/strong> (<em>Urtica dioica<\/em>) sokszor \u00f6sszef\u00fcgg\u0151 \u00e1llom\u00e1nyt alkot. A partt\u00f3l t\u00e1volabb, vagy a magasabban fekv\u0151 r\u00e9szeken nem ritka a hatalmas levelir\u0151l k\u00f6nnyen felismerhet\u0151 <strong>k\u00f6z\u00f6ns\u00e9ges bojtorj\u00e1n<\/strong> (<em>Arctium lappa<\/em>), illetve a t\u00f6meges, t\u00f6bbnyire feh\u00e9r vir\u00e1g\u00fa <strong>vadmurok<\/strong> (<em>Daucus carota<\/em>), de helyenk\u00e9nt a <strong>giliszta\u0171z\u0151 var\u00e1dics<\/strong> (<em>Tanacetum vulgare<\/em>) is el\u0151fordul.<\/p>\n<p style=\"text-align: right;\">Sihelnik J\u00f3zsef<\/p>\n<p><strong>IV. <a href=\"https:\/\/arcus.org.rs\/hun\/a-nad-szerepe-es-funkcioja\/\"><em>A n\u00e1d szerepe \u00e9s funkci\u00f3ja<\/em><\/a><\/strong> \u203a\u203a\u203a<\/p>\n<p>\u2039\u2039\u2039 <a href=\"https:\/\/arcus.org.rs\/hun\/part-menti-oshonos-fas-szaru-novenyek\/\"><em>vissza<\/em><\/a><\/p>\n<div id=\"attachment_3056\" style=\"width: 271px\" class=\"wp-caption alignleft\"><a href=\"https:\/\/arcus.org.rs\/hun\/wp-content\/uploads\/2021\/05\/solanum.dulcamara.Photo_.Sihelnik.J..jpg\"><img aria-describedby=\"caption-attachment-3056\" loading=\"lazy\" class=\"wp-image-3056\" title=\"Ebsz\u0151l\u0151 csucsor (Photo: Sihelnik J\u00f3zsef)\" src=\"https:\/\/arcus.org.rs\/hun\/wp-content\/uploads\/2021\/05\/solanum.dulcamara.Photo_.Sihelnik.J.-300x200.jpg\" alt=\"Ebsz\u0151l\u0151 csucsor (Photo: Sihelnik J\u00f3zsef)\" width=\"261\" height=\"174\" srcset=\"https:\/\/arcus.org.rs\/hun\/wp-content\/uploads\/2021\/05\/solanum.dulcamara.Photo_.Sihelnik.J.-300x200.jpg 300w, https:\/\/arcus.org.rs\/hun\/wp-content\/uploads\/2021\/05\/solanum.dulcamara.Photo_.Sihelnik.J.-768x512.jpg 768w, https:\/\/arcus.org.rs\/hun\/wp-content\/uploads\/2021\/05\/solanum.dulcamara.Photo_.Sihelnik.J..jpg 840w\" sizes=\"(max-width: 261px) 100vw, 261px\" \/><\/a><p id=\"caption-attachment-3056\" class=\"wp-caption-text\">Ebsz\u0151l\u0151 csucsor (Photo: Sihelnik J\u00f3zsef)<\/p><\/div>\n<div id=\"attachment_3057\" style=\"width: 271px\" class=\"wp-caption alignright\"><a href=\"https:\/\/arcus.org.rs\/hun\/wp-content\/uploads\/2021\/05\/calystegia.sepium.Photo_.Sihelnik.J..jpg\"><img aria-describedby=\"caption-attachment-3057\" loading=\"lazy\" class=\"wp-image-3057\" title=\"S\u00f6v\u00e9nyszul\u00e1k (Photo: Sihelnik J\u00f3zsef)\" src=\"https:\/\/arcus.org.rs\/hun\/wp-content\/uploads\/2021\/05\/calystegia.sepium.Photo_.Sihelnik.J.-300x200.jpg\" alt=\"S\u00f6v\u00e9nyszul\u00e1k (Photo: Sihelnik J\u00f3zsef)\" width=\"261\" height=\"174\" srcset=\"https:\/\/arcus.org.rs\/hun\/wp-content\/uploads\/2021\/05\/calystegia.sepium.Photo_.Sihelnik.J.-300x200.jpg 300w, https:\/\/arcus.org.rs\/hun\/wp-content\/uploads\/2021\/05\/calystegia.sepium.Photo_.Sihelnik.J.-768x512.jpg 768w, https:\/\/arcus.org.rs\/hun\/wp-content\/uploads\/2021\/05\/calystegia.sepium.Photo_.Sihelnik.J..jpg 840w\" sizes=\"(max-width: 261px) 100vw, 261px\" \/><\/a><p id=\"caption-attachment-3057\" class=\"wp-caption-text\">S\u00f6v\u00e9nyszul\u00e1k (Photo: Sihelnik J\u00f3zsef)<\/p><\/div>\n<div id=\"attachment_3058\" style=\"width: 271px\" class=\"wp-caption alignleft\"><a href=\"https:\/\/arcus.org.rs\/hun\/wp-content\/uploads\/2021\/05\/eupatorium.cannabinum.Photo_.Sihelnik.J..jpg\"><img aria-describedby=\"caption-attachment-3058\" loading=\"lazy\" class=\"wp-image-3058\" title=\"S\u00e9dkender (Photo: Sihelnik J\u00f3zsef)\" src=\"https:\/\/arcus.org.rs\/hun\/wp-content\/uploads\/2021\/05\/eupatorium.cannabinum.Photo_.Sihelnik.J.-300x200.jpg\" alt=\"S\u00e9dkender (Photo: Sihelnik J\u00f3zsef)\" width=\"261\" height=\"174\" srcset=\"https:\/\/arcus.org.rs\/hun\/wp-content\/uploads\/2021\/05\/eupatorium.cannabinum.Photo_.Sihelnik.J.-300x200.jpg 300w, https:\/\/arcus.org.rs\/hun\/wp-content\/uploads\/2021\/05\/eupatorium.cannabinum.Photo_.Sihelnik.J.-768x512.jpg 768w, https:\/\/arcus.org.rs\/hun\/wp-content\/uploads\/2021\/05\/eupatorium.cannabinum.Photo_.Sihelnik.J..jpg 840w\" sizes=\"(max-width: 261px) 100vw, 261px\" \/><\/a><p id=\"caption-attachment-3058\" class=\"wp-caption-text\">S\u00e9dkender (Photo: Sihelnik J\u00f3zsef)<\/p><\/div>\n<div id=\"attachment_3059\" style=\"width: 271px\" class=\"wp-caption alignright\"><a href=\"https:\/\/arcus.org.rs\/hun\/wp-content\/uploads\/2021\/05\/daucus.carota.Photo_.Sihelnik.J..jpg\"><img aria-describedby=\"caption-attachment-3059\" loading=\"lazy\" class=\"wp-image-3059\" title=\"Vadmurok (Photo: Sihelnik J\u00f3zsef)\" src=\"https:\/\/arcus.org.rs\/hun\/wp-content\/uploads\/2021\/05\/daucus.carota.Photo_.Sihelnik.J.-300x200.jpg\" alt=\"Vadmurok (Photo: Sihelnik J\u00f3zsef)\" width=\"261\" height=\"174\" srcset=\"https:\/\/arcus.org.rs\/hun\/wp-content\/uploads\/2021\/05\/daucus.carota.Photo_.Sihelnik.J.-300x200.jpg 300w, https:\/\/arcus.org.rs\/hun\/wp-content\/uploads\/2021\/05\/daucus.carota.Photo_.Sihelnik.J.-768x512.jpg 768w, https:\/\/arcus.org.rs\/hun\/wp-content\/uploads\/2021\/05\/daucus.carota.Photo_.Sihelnik.J..jpg 840w\" sizes=\"(max-width: 261px) 100vw, 261px\" \/><\/a><p id=\"caption-attachment-3059\" class=\"wp-caption-text\">Vadmurok (Photo: Sihelnik J\u00f3zsef)<\/p><\/div>\n<div class=\"fcbkbttn_buttons_block\" id=\"fcbkbttn_left\"><div class=\"fcbkbttn_like \"><fb:like href=\"https:\/\/arcus.org.rs\/hun\/lagyszaru-novenyek-a-part-menten\/\" action=\"like\" colorscheme=\"light\" layout=\"standard\" show-faces='false' width=\"450px\" size=\"small\"><\/fb:like><\/div><\/div>","protected":false},"excerpt":{"rendered":"<p>A term\u00e9szetes tavak, morotv\u00e1k \u00e9s mesters\u00e9gesen kialak\u00edtott \u00e1ll\u00f3vizek partja ment\u00e9n lev\u0151 n\u00e9h\u00e1ny m\u00e9ter sz\u00e9les parti mocs\u00e1ri z\u00f3na, k\u00fcl\u00f6nb\u00f6z\u0151 l\u00e1gysz\u00e1r\u00fa n\u00f6v\u00e9nyek \u00e9l\u0151hely\u00e9\u00fcl szolg\u00e1l. A n\u00e1das hat\u00e1r\u00e1n, valamint nyilad\u00e9kokban nem ritka a zsomb\u00e9ks\u00e1s (Carex elata), mely a nagyobb termet\u0171 fajok k\u00f6z\u00e9 tartozik.&hellip; <\/p>\n","protected":false},"author":5,"featured_media":0,"parent":0,"menu_order":0,"comment_status":"closed","ping_status":"open","template":"","meta":{"_mi_skip_tracking":false,"spay_email":""},"jetpack_shortlink":"https:\/\/wp.me\/P40Haz-Ng","jetpack_sharing_enabled":true,"jetpack_likes_enabled":false,"_links":{"self":[{"href":"https:\/\/arcus.org.rs\/hun\/wp-json\/wp\/v2\/pages\/3054"}],"collection":[{"href":"https:\/\/arcus.org.rs\/hun\/wp-json\/wp\/v2\/pages"}],"about":[{"href":"https:\/\/arcus.org.rs\/hun\/wp-json\/wp\/v2\/types\/page"}],"author":[{"embeddable":true,"href":"https:\/\/arcus.org.rs\/hun\/wp-json\/wp\/v2\/users\/5"}],"replies":[{"embeddable":true,"href":"https:\/\/arcus.org.rs\/hun\/wp-json\/wp\/v2\/comments?post=3054"}],"version-history":[{"count":2,"href":"https:\/\/arcus.org.rs\/hun\/wp-json\/wp\/v2\/pages\/3054\/revisions"}],"predecessor-version":[{"id":3069,"href":"https:\/\/arcus.org.rs\/hun\/wp-json\/wp\/v2\/pages\/3054\/revisions\/3069"}],"wp:attachment":[{"href":"https:\/\/arcus.org.rs\/hun\/wp-json\/wp\/v2\/media?parent=3054"}],"curies":[{"name":"wp","href":"https:\/\/api.w.org\/{rel}","templated":true}]}}