{"id":3314,"date":"2021-10-13T21:57:17","date_gmt":"2021-10-13T20:57:17","guid":{"rendered":"https:\/\/arcus.org.rs\/hun\/?page_id=3314"},"modified":"2021-10-14T22:23:35","modified_gmt":"2021-10-14T21:23:35","slug":"ne-etessuk-a-vizimadarakat","status":"publish","type":"page","link":"https:\/\/arcus.org.rs\/hun\/ne-etessuk-a-vizimadarakat\/","title":{"rendered":"Ne etess\u00fck a v\u00edzimadarakat!"},"content":{"rendered":"<p style=\"text-align: justify;\">Az ut\u00f3bbi id\u0151ben sajnos egyre gyakrabban tal\u00e1lkozhatunk a v\u00edzimadarak etet\u00e9s\u00e9nek jelens\u00e9g\u00e9vel vid\u00e9k\u00fcnk\u00f6n, \u00edgy a Topolyai-tavon is rendszeresen l\u00e1thatjuk, amint a hatty\u00fakat \u00e9s r\u00e9c\u00e9ket etetik a strand k\u00f6rny\u00e9k\u00e9n. Az alapvet\u0151en j\u00f3 sz\u00e1nd\u00e9k\u00fa emberek egy\u00e1ltal\u00e1n nincsenek tiszt\u00e1ban azzal, hogy a v\u00edzimadarak etet\u00e9se felesleges, k\u00fcl\u00f6n\u00f6sen ny\u00e1ron, amikor b\u0151ven tal\u00e1lnak maguknak t\u00e1pl\u00e1l\u00e9kot. Etet\u00e9s\u00fcknek ez\u00e9rt semmi k\u00f6ze a madarak seg\u00edt\u00e9s\u00e9hez, \u00e9ppen ellenkez\u0151leg, t\u00f6megesen sodorja vesz\u00e9lybe, beteg\u00edti meg \u00e9s \u00edt\u00e9li ak\u00e1r pusztul\u00e1sra az \u00e1llatokat!<\/p>\n<div id=\"attachment_3094\" style=\"width: 275px\" class=\"wp-caption alignleft\"><a href=\"https:\/\/arcus.org.rs\/hun\/wp-content\/uploads\/2021\/06\/anas.platyrhynchos.Photo_.Sihelnik.J..jpg\"><img aria-describedby=\"caption-attachment-3094\" loading=\"lazy\" class=\"wp-image-3094\" title=\"T\u0151k\u00e9s r\u00e9ce (Photo: Sihelnik J\u00f3zsef)\" src=\"https:\/\/arcus.org.rs\/hun\/wp-content\/uploads\/2021\/06\/anas.platyrhynchos.Photo_.Sihelnik.J.-300x200.jpg\" alt=\"T\u0151k\u00e9s r\u00e9ce (Photo: Sihelnik J\u00f3zsef)\" width=\"265\" height=\"177\" srcset=\"https:\/\/arcus.org.rs\/hun\/wp-content\/uploads\/2021\/06\/anas.platyrhynchos.Photo_.Sihelnik.J.-300x200.jpg 300w, https:\/\/arcus.org.rs\/hun\/wp-content\/uploads\/2021\/06\/anas.platyrhynchos.Photo_.Sihelnik.J.-768x512.jpg 768w, https:\/\/arcus.org.rs\/hun\/wp-content\/uploads\/2021\/06\/anas.platyrhynchos.Photo_.Sihelnik.J..jpg 840w\" sizes=\"(max-width: 265px) 100vw, 265px\" \/><\/a><p id=\"caption-attachment-3094\" class=\"wp-caption-text\">T\u0151k\u00e9s r\u00e9ce (Photo: Sihelnik J\u00f3zsef)<\/p><\/div>\n<p style=\"text-align: justify;\">A n\u00f6v\u00e9nyev\u0151 v\u00edzimadarak (hatty\u00fak, ludak, r\u00e9c\u00e9k) t\u00e1pl\u00e1l\u00e9k\u00e1t els\u0151sorban a parton legelt f\u0171, egy\u00e9b l\u00e1gysz\u00e1r\u00fa, illetve v\u00edzin\u00f6v\u00e9ny k\u00e9pezi, ami szinte korl\u00e1tlanul a madarak rendelkez\u00e9s\u00e9re \u00e1ll t\u00e9len \u00e9s ny\u00e1ron egyar\u00e1nt. Amennyiben viszont e t\u00e1pl\u00e1l\u00e9kforr\u00e1s hi\u00e1nyzik, esetleg hozz\u00e1f\u00e9rhetetlen, \u00fagy nem telepednek meg az adott ter\u00fcleten, vagy hamar elvonulnak. Az etet\u0151helyeken felk\u00edn\u00e1lt keny\u00e9r \u00e9s egy\u00e9b \u00e9rt\u00e9ktelen t\u00e1pl\u00e1l\u00e9k megbeteg\u00edti a madarakat, valamint a mesters\u00e9ges t\u00e1pl\u00e1l\u00e9kk\u00edn\u00e1lat, m\u00e9g ha ez a madaraknak megfelel\u0151bb \u00e9lelemmel is t\u00f6rt\u00e9nik, gyakorlatilag kikapcsolja a t\u00e9li t\u00fal\u00e9l\u00e9shez n\u00e9lk\u00fcl\u00f6zhetetlen vonul\u00e1si viselked\u00e9st. Etet\u00e9s\u00fck n\u00f6veli a zs\u00fafolts\u00e1got, a madarak k\u00f6z\u00f6tti agresszi\u00f3t \u00e9s az ebb\u0151l ered\u0151 s\u00e9r\u00fcl\u00e9svesz\u00e9lyt, illetve el\u0151seg\u00edti a fert\u0151z\u0151 betegs\u00e9gek terjed\u00e9s\u00e9t. Emellett szennyezi a k\u00f6rnyezetet, hiszen fokozza a vizek szervesanyag-terhel\u00e9s\u00e9t \u00e9s az ebb\u0151l fakad\u00f3 eutrofiz\u00e1ci\u00f3t.<\/p>\n<p style=\"text-align: justify;\">Enyhe telek eset\u00e9n v\u00edzimadaraink jelent\u0151s r\u00e9sze helyben marad, s\u0151t m\u00e9g \u00e9szakabbr\u00f3l \u00e9rkez\u0151k is csatlakoznak hozz\u00e1juk. A t\u00e1pl\u00e1l\u00e9kszerz\u00e9s ilyenkor nem okoz k\u00fcl\u00f6n\u00f6sebb gondot egyik faj sz\u00e1m\u00e1ra sem, hiszen a megfelel\u0151 partszakaszokon, valamint a t\u00f3 \u00e9s a Krivaja patak teljes v\u00edzfel\u00fclet\u00e9n kutathatnak term\u00e9szetes t\u00e1pl\u00e1l\u00e9kuk ut\u00e1n. Sz\u00e1mukra ez a legjobb, \u00e9s m\u00e9g a legemberibb j\u00f3 sz\u00e1nd\u00e9kt\u00f3l vez\u00e9relve se pr\u00f3b\u00e1ljuk elvonni \u0151ket e t\u00e1pl\u00e1l\u00e9kukt\u00f3l. Legink\u00e1bb a b\u00fctyk\u00f6s hatty\u00fak hajlamosak a k\u00f6nnyen szerzett t\u00e1pl\u00e1l\u00e9kot elfogadni, \u00e1m a t\u0151k\u00e9s r\u00e9c\u00e9k, sz\u00e1rcs\u00e1k \u00e9s v\u00edzity\u00fakok is kiveszik r\u00e9sz\u00fcket.<\/p>\n<div id=\"attachment_1842\" style=\"width: 275px\" class=\"wp-caption alignright\"><a href=\"https:\/\/arcus.org.rs\/hun\/wp-content\/uploads\/2018\/01\/cygnus.olor_.Photo_.Sihelnik.J..jpg\"><img aria-describedby=\"caption-attachment-1842\" loading=\"lazy\" class=\"wp-image-1842\" title=\"B\u00fctyk\u00f6s hatty\u00fa (Photo: Sihelnik J\u00f3zsef)\" src=\"https:\/\/arcus.org.rs\/hun\/wp-content\/uploads\/2018\/01\/cygnus.olor_.Photo_.Sihelnik.J.-300x200.jpg\" alt=\"B\u00fctyk\u00f6s hatty\u00fa (Photo: Sihelnik J\u00f3zsef)\" width=\"265\" height=\"177\" srcset=\"https:\/\/arcus.org.rs\/hun\/wp-content\/uploads\/2018\/01\/cygnus.olor_.Photo_.Sihelnik.J.-300x200.jpg 300w, https:\/\/arcus.org.rs\/hun\/wp-content\/uploads\/2018\/01\/cygnus.olor_.Photo_.Sihelnik.J.-768x512.jpg 768w, https:\/\/arcus.org.rs\/hun\/wp-content\/uploads\/2018\/01\/cygnus.olor_.Photo_.Sihelnik.J..jpg 840w\" sizes=\"(max-width: 265px) 100vw, 265px\" \/><\/a><p id=\"caption-attachment-1842\" class=\"wp-caption-text\">B\u00fctyk\u00f6s hatty\u00fa (Photo: Sihelnik J\u00f3zsef)<\/p><\/div>\n<p style=\"text-align: justify;\"><strong>Nyomat\u00e9kosan felh\u00edvjuk mindenki figyelm\u00e9t, hogy ne etess\u00e9k a v\u00edzimadarakat, kiv\u00e1ltk\u00e9pp a folyamatosan a strand k\u00f6rny\u00e9k\u00e9n tart\u00f3zkod\u00f3 hatty\u00fakat!<\/strong> Tal\u00e1lnak elegend\u0151 term\u00e9szetes t\u00e1pl\u00e1l\u00e9kot, amely a legjobb sz\u00e1mukra, ellenben az emberek \u00e1ltal kisz\u00f3rt keny\u00e9rrel, ami enyh\u00e9bb id\u0151ben megpen\u00e9szedhet, \u00e9s ennek elfogyaszt\u00e1sa v\u00e9gzetes lehet a madarak sz\u00e1m\u00e1ra. Nem besz\u00e9lve arr\u00f3l, hogy a hossz\u00fa id\u0151n kereszt\u00fcl fogyasztott keny\u00e9r hi\u00e1nybetegs\u00e9geket okoz. M\u00e1s, n\u00f6v\u00e9nyi eredet\u0171 t\u00e1pl\u00e1l\u00e9kot sem sz\u00fcks\u00e9ges nekik kihelyezni, ugyanis k\u00f6nnyed\u00e9n hozz\u00e1jutnak term\u00e9szetes t\u00e1pl\u00e1l\u00e9kukhoz. Amennyiben viszont a t\u00e9l komolyabbra fordul, sz\u00e1mukra az a term\u00e9szetes, ha \u00fatnak indulnak d\u00e9lre.<\/p>\n<p style=\"text-align: justify;\">Amennyiben a madarak t\u00e9li etet\u00e9se mellett d\u00f6nt\u00fcnk, javasoljuk az \u00e9nekesmadarak etet\u00e9s\u00e9t olajos magvakkal, els\u0151sorban nyers, fekete h\u00e9j\u00fa napraforg\u00f3maggal. Ezzel val\u00f3ban seg\u00edthetj\u00fck a madarak t\u00fal\u00e9l\u00e9s\u00e9t a t\u00e9li id\u0151szakban, \u00e9s egy\u00e1ltal\u00e1n nem \u00e1rtunk vele.<\/p>\n<div class=\"fcbkbttn_buttons_block\" id=\"fcbkbttn_left\"><div class=\"fcbkbttn_like \"><fb:like href=\"https:\/\/arcus.org.rs\/hun\/ne-etessuk-a-vizimadarakat\/\" action=\"like\" colorscheme=\"light\" layout=\"standard\" show-faces='false' width=\"450px\" size=\"small\"><\/fb:like><\/div><\/div>","protected":false},"excerpt":{"rendered":"<p>Az ut\u00f3bbi id\u0151ben sajnos egyre gyakrabban tal\u00e1lkozhatunk a v\u00edzimadarak etet\u00e9s\u00e9nek jelens\u00e9g\u00e9vel vid\u00e9k\u00fcnk\u00f6n, \u00edgy a Topolyai-tavon is rendszeresen l\u00e1thatjuk, amint a hatty\u00fakat \u00e9s r\u00e9c\u00e9ket etetik a strand k\u00f6rny\u00e9k\u00e9n. Az alapvet\u0151en j\u00f3 sz\u00e1nd\u00e9k\u00fa emberek egy\u00e1ltal\u00e1n nincsenek tiszt\u00e1ban azzal, hogy a v\u00edzimadarak etet\u00e9se&hellip; <\/p>\n","protected":false},"author":5,"featured_media":0,"parent":0,"menu_order":0,"comment_status":"closed","ping_status":"closed","template":"","meta":{"_mi_skip_tracking":false,"spay_email":""},"jetpack_shortlink":"https:\/\/wp.me\/P40Haz-Rs","jetpack_sharing_enabled":true,"jetpack_likes_enabled":false,"_links":{"self":[{"href":"https:\/\/arcus.org.rs\/hun\/wp-json\/wp\/v2\/pages\/3314"}],"collection":[{"href":"https:\/\/arcus.org.rs\/hun\/wp-json\/wp\/v2\/pages"}],"about":[{"href":"https:\/\/arcus.org.rs\/hun\/wp-json\/wp\/v2\/types\/page"}],"author":[{"embeddable":true,"href":"https:\/\/arcus.org.rs\/hun\/wp-json\/wp\/v2\/users\/5"}],"replies":[{"embeddable":true,"href":"https:\/\/arcus.org.rs\/hun\/wp-json\/wp\/v2\/comments?post=3314"}],"version-history":[{"count":1,"href":"https:\/\/arcus.org.rs\/hun\/wp-json\/wp\/v2\/pages\/3314\/revisions"}],"predecessor-version":[{"id":3315,"href":"https:\/\/arcus.org.rs\/hun\/wp-json\/wp\/v2\/pages\/3314\/revisions\/3315"}],"wp:attachment":[{"href":"https:\/\/arcus.org.rs\/hun\/wp-json\/wp\/v2\/media?parent=3314"}],"curies":[{"name":"wp","href":"https:\/\/api.w.org\/{rel}","templated":true}]}}