{"id":3349,"date":"2021-12-19T22:21:11","date_gmt":"2021-12-19T21:21:11","guid":{"rendered":"https:\/\/arcus.org.rs\/hun\/?page_id=3349"},"modified":"2024-02-28T22:07:41","modified_gmt":"2024-02-28T21:07:41","slug":"teli-madaretetes","status":"publish","type":"page","link":"https:\/\/arcus.org.rs\/hun\/teli-madaretetes\/","title":{"rendered":"T\u00e9li mad\u00e1retet\u00e9s"},"content":{"rendered":"<p style=\"text-align: justify;\">A vadon \u00e9l\u0151 \u00e9nekesmadarak t\u00e9li etet\u00e9se az egyik olyan mad\u00e1rv\u00e9delmi tev\u00e9kenys\u00e9g, mely a legr\u00e9gebbi hagyom\u00e1nyokkal rendelkezik. A folyamat viszonylag egyszer\u0171 kivitelez\u00e9s\u0171, k\u00f6nnyed\u00e9n v\u00e9gezhet\u0151 a kiskertekben, gy\u00fcm\u00f6lcs\u00f6s\u00f6kben, vagy ak\u00e1r a t\u00f6mbh\u00e1zak erk\u00e9lyein is. Ennek ellen\u00e9re komoly odafigyel\u00e9st ig\u00e9nyl\u0151 tev\u00e9kenys\u00e9g, valamint fontos n\u00e9h\u00e1ny alapszab\u00e1ly betart\u00e1sa, hogy az etet\u0151helyhez \u00e9rkez\u0151 madaraknak semmik\u00e9pp sem okozzunk k\u00e1rt t\u00e9nyked\u00e9s\u00fcnkkel.<\/p>\n<div id=\"attachment_1475\" style=\"width: 275px\" class=\"wp-caption alignright\"><a href=\"https:\/\/arcus.org.rs\/hun\/wp-content\/uploads\/2017\/01\/kert.1.Photo_.Flego_.P..jpg\"><img aria-describedby=\"caption-attachment-1475\" loading=\"lazy\" class=\"wp-image-1475\" title=\"Sz\u00e9ncineg\u00e9k (Photo: Fl\u00e9g\u00f3 P\u00e9ter)\" src=\"https:\/\/arcus.org.rs\/hun\/wp-content\/uploads\/2017\/01\/kert.1.Photo_.Flego_.P.-300x200.jpg\" alt=\"Sz\u00e9ncineg\u00e9k (Photo: Fl\u00e9g\u00f3 P\u00e9ter)\" width=\"265\" height=\"177\" srcset=\"https:\/\/arcus.org.rs\/hun\/wp-content\/uploads\/2017\/01\/kert.1.Photo_.Flego_.P.-300x200.jpg 300w, https:\/\/arcus.org.rs\/hun\/wp-content\/uploads\/2017\/01\/kert.1.Photo_.Flego_.P..jpg 780w\" sizes=\"(max-width: 265px) 100vw, 265px\" \/><\/a><p id=\"caption-attachment-1475\" class=\"wp-caption-text\">Sz\u00e9ncineg\u00e9k (Photo: Fl\u00e9g\u00f3 P\u00e9ter)<\/p><\/div>\n<p style=\"text-align: justify;\">Alapvet\u0151en k\u00f6ztudott, hogy t\u00e9len nem minden madarunk vonul d\u00e9lebbre, sz\u00e1mos faj itthon marad. Vannak azonban olyanok, melyek a t\u0151l\u00fcnk \u00e9szakabbra fekv\u0151, mostoh\u00e1bb t\u00e9li kl\u00edm\u00e1j\u00fa ter\u00fcletek madarai, sz\u00e1mukra sok esetben a K\u00e1rp\u00e1t-medence jelenti a telel\u0151ter\u00fcletet. Fontos tiszt\u00e1ban lenn\u00fcnk azzal, hogy az \u00e1lland\u00f3 \u00e9s a hozz\u00e1nk telelni \u00e9rkez\u0151 mad\u00e1rfajok k\u00e9pvisel\u0151i emberi seg\u00edts\u00e9g n\u00e9lk\u00fcl is k\u00e9pesek \u00e1tv\u00e9szelni a telet. Az\u00e9rt nem vonulnak el, illetve v\u00e1ndorolnak, k\u00f3borolnak hozz\u00e1nk, mert itt \u0151sszel \u00e9s t\u00e9len is megfelel\u0151 t\u00e1pl\u00e1l\u00e9kot tal\u00e1lnak. Abban az esetben, ha az id\u0151j\u00e1r\u00e1si sz\u00e9ls\u0151s\u00e9gek vagy a term\u00e9szetes t\u00e1pl\u00e1l\u00e9kb\u00e1zisok ki\u00fcr\u00fcl\u00e9se miatt ez a helyzet megv\u00e1ltozik, a madarak ter\u00fcletet v\u00e1ltanak, gond n\u00e9lk\u00fcl tov\u00e1bb rep\u00fclnek.<\/p>\n<p style=\"text-align: justify;\">Ebb\u0151l k\u00f6vetkez\u0151en nem sz\u00fcks\u00e9ges etetni a madarakat, viszont ha gy\u00f6ny\u00f6rk\u00f6dni szeretn\u00e9nk benn\u00fck, valamint k\u00f6nny\u00edteni a t\u00e1pl\u00e1l\u00e9khoz t\u00f6rt\u00e9n\u0151 hozz\u00e1jut\u00e1sukat, nyugodtan etethetj\u00fck \u0151ket, hiszen sz\u00e9p \u00e9lm\u00e9nyekkel gazdagodhatunk, amikor a meleg szoba ablak\u00e1n kereszt\u00fcl figyelj\u00fck a mad\u00e1retet\u0151n ny\u00fczsg\u0151 \u00e9nekesmadarakat. Ez minden koroszt\u00e1ly sz\u00e1m\u00e1ra \u00e9rdekes kikapcsol\u00f3d\u00e1si lehet\u0151s\u00e9g lehet a rohan\u00f3 h\u00e9tk\u00f6znapok ut\u00e1n, mely egyben a term\u00e9szeti k\u00f6rnyezet meg\u00f3v\u00e1s\u00e1ra \u00f6szt\u00f6n\u00f6z benn\u00fcnket.<\/p>\n<div id=\"attachment_3132\" style=\"width: 275px\" class=\"wp-caption alignleft\"><a href=\"https:\/\/arcus.org.rs\/hun\/wp-content\/uploads\/2021\/06\/coccothraustes.coccothraustes.Photo_.Sihelnik.J..jpg\"><img aria-describedby=\"caption-attachment-3132\" loading=\"lazy\" class=\"wp-image-3132\" title=\"Meggyv\u00e1g\u00f3 (Photo: Sihelnik J\u00f3zsef)\" src=\"https:\/\/arcus.org.rs\/hun\/wp-content\/uploads\/2021\/06\/coccothraustes.coccothraustes.Photo_.Sihelnik.J.-300x200.jpg\" alt=\"Meggyv\u00e1g\u00f3 (Photo: Sihelnik J\u00f3zsef)\" width=\"265\" height=\"177\" srcset=\"https:\/\/arcus.org.rs\/hun\/wp-content\/uploads\/2021\/06\/coccothraustes.coccothraustes.Photo_.Sihelnik.J.-300x200.jpg 300w, https:\/\/arcus.org.rs\/hun\/wp-content\/uploads\/2021\/06\/coccothraustes.coccothraustes.Photo_.Sihelnik.J.-768x512.jpg 768w, https:\/\/arcus.org.rs\/hun\/wp-content\/uploads\/2021\/06\/coccothraustes.coccothraustes.Photo_.Sihelnik.J..jpg 840w\" sizes=\"(max-width: 265px) 100vw, 265px\" \/><\/a><p id=\"caption-attachment-3132\" class=\"wp-caption-text\">Meggyv\u00e1g\u00f3 (Photo: Sihelnik J\u00f3zsef)<\/p><\/div>\n<p style=\"text-align: justify;\">Aki a madarak t\u00e9li etet\u00e9se mellett d\u00f6nt, nagyon fontos tudnia, hogy az etet\u00e9si id\u0151szak az els\u0151 tart\u00f3s fagyok bek\u00f6sz\u00f6nt\u00e9t\u0151l ezek megsz\u0171n\u00e9s\u00e9ig, teh\u00e1t december elej\u00e9t\u0151l, m\u00e1rcius m\u00e1sodik fel\u00e9ig tart. Eles\u00e9gk\u00e9nt olajos magvakat, els\u0151sorban nyers, fekete h\u00e9j\u00fa napraforg\u00f3magot, valamint k\u00f6lest, vagy nat\u00far di\u00f3t \u00e9s mogyor\u00f3t k\u00edn\u00e1ljunk. Emellett term\u00e9szetesen helyezhet\u00fcnk ki gy\u00fcm\u00f6lcs\u00f6ket, \u00edgy alm\u00e1t \u00e9s olyan szedhet\u0151 bogy\u00f3kat, mint a vadsz\u0151l\u0151, borosty\u00e1n, vagy a t\u0171zt\u00f6vis. Tov\u00e1bb\u00e1 k\u00edn\u00e1lhatunk ak\u00e1r n\u00e9mi \u00e1llati zsirad\u00e9kot is, amilyen a tiszta, nem s\u00f3zott sert\u00e9sh\u00e1j, melyet a sz\u00e9ncineg\u00e9k \u00e9s k\u00e9k cineg\u00e9k fogyasztanak leggyakrabban. Igen l\u00e9nyeges, hogy az etet\u0151 madarai nem \u00e9lelmiszerhullad\u00e9k-megsemmis\u00edt\u0151k, ne adjunk nekik \u00e9telmarad\u00e9kot, kiv\u00e1ltk\u00e9pp keny\u00e9rmorzs\u00e1t \u00e9s k\u00fcl\u00f6nb\u00f6z\u0151 p\u00e9ks\u00fctem\u00e9nyek t\u00f6rmel\u00e9k\u00e9t.<\/p>\n<p style=\"text-align: justify;\">Az etet\u0151 mellett itat\u00f3t is fenntarthatunk, hiszen t\u00f6bb faj sz\u00e1m\u00e1ra a t\u00e9li iv\u00f3hely jelenti az igazi vonzer\u0151t. Ez azonban szint\u00e9n nagy k\u00f6r\u00fcltekint\u00e9st ig\u00e9nyel, mivel az itat\u00f3ban cseppfoly\u00f3s v\u00edznek kell lennie. Az itat\u00f3 k\u00fcl\u00f6n\u00f6sen akkor jelent\u0151s, mikor h\u00f3mentes, de tart\u00f3s nappali fagyok jellemzik id\u0151j\u00e1r\u00e1sunkat. Ilyenkor igen nehezen jutnak v\u00edzhez a madarak, ez\u00e9rt a k\u00f6r\u00fcltekint\u0151en fenntartott itat\u00f3hely nagyon hasznos szolg\u00e1latot tehet. A t\u00e9li mad\u00e1retet\u00e9s egyik legfontosabb szab\u00e1lya, hogy a k\u00f6lt\u00e9si id\u0151szakban, a fi\u00f3k\u00e1k kikel\u00e9s\u00e9t k\u00f6vet\u0151en semmi esetre se etess\u00fck, mert ez a mag eles\u00e9get megem\u00e9szteni nem k\u00e9pes fi\u00f3k\u00e1k t\u00f6meges k\u00ednhal\u00e1l\u00e1t, funkcion\u00e1lis \u00e9hen pusztul\u00e1s\u00e1t okozza. Tiszt\u00e1ban kell lenn\u00fcnk azzal is, hogy a mad\u00e1retet\u0151n ny\u00fczsg\u0151 \u00e9nekesmadarak a ragadoz\u00f3k figyelm\u00e9t biztosan felkeltik, \u00edgy az etet\u0151helyen rendszeresen felt\u0171nhet egy-egy karvaly, mely zs\u00e1km\u00e1nyszerz\u00e9s c\u00e9lj\u00e1b\u00f3l \u00e9rkezik. Ez teljesen term\u00e9szetes, teh\u00e1t ne bosszankodjunk jelenl\u00e9te miatt. A h\u00e1zi macsk\u00e1k ezzel szemben m\u00e1r komoly probl\u00e9m\u00e1t okozhatnak, ez\u00e9rt igyekezz\u00fcnk olyan helyen elhelyezni az etet\u0151t, amely biztons\u00e1gos a madarak sz\u00e1m\u00e1ra, j\u00f3l bel\u00e1that\u00f3, \u00e9s a k\u00f6zelben s\u0171r\u0171 bokrok tal\u00e1lhat\u00f3ak, ahov\u00e1 vesz\u00e9ly eset\u00e9n beh\u00faz\u00f3dhatnak.<\/p>\n<div id=\"attachment_1486\" style=\"width: 275px\" class=\"wp-caption alignright\"><a href=\"https:\/\/arcus.org.rs\/hun\/wp-content\/uploads\/2017\/01\/kert.4.Photo_.Flego_.P..jpg\"><img aria-describedby=\"caption-attachment-1486\" loading=\"lazy\" class=\"wp-image-1486\" title=\"Z\u00f6ldike (Photo: Fl\u00e9g\u00f3 P\u00e9ter)\" src=\"https:\/\/arcus.org.rs\/hun\/wp-content\/uploads\/2017\/01\/kert.4.Photo_.Flego_.P.-300x200.jpg\" alt=\"Z\u00f6ldike (Photo: Fl\u00e9g\u00f3 P\u00e9ter)\" width=\"265\" height=\"177\" srcset=\"https:\/\/arcus.org.rs\/hun\/wp-content\/uploads\/2017\/01\/kert.4.Photo_.Flego_.P.-300x200.jpg 300w, https:\/\/arcus.org.rs\/hun\/wp-content\/uploads\/2017\/01\/kert.4.Photo_.Flego_.P..jpg 780w\" sizes=\"(max-width: 265px) 100vw, 265px\" \/><\/a><p id=\"caption-attachment-1486\" class=\"wp-caption-text\">Z\u00f6ldike (Photo: Fl\u00e9g\u00f3 P\u00e9ter)<\/p><\/div>\n<p style=\"text-align: justify;\">Az etet\u00e9s folytonoss\u00e1g\u00e1nak biztos\u00edt\u00e1sa fontos, de alapvet\u0151en nem okoz kifejezetten nagy probl\u00e9m\u00e1t az \u00e9nekesmadarak sz\u00e1m\u00e1ra, ha az eles\u00e9g ut\u00e1np\u00f3tl\u00e1sa megsz\u0171nik. Amint \u00e9rz\u00e9kelik, hogy az etet\u0151ben fogy az eles\u00e9g, egyb\u0151l od\u00e9bb \u00e1llnak. Az eles\u00e9get felk\u00edn\u00e1lhatjuk a legk\u00fcl\u00f6nf\u00e9l\u00e9bb etet\u0151t\u00edpusokban, melyeknek l\u00e9nyege a funkcionalit\u00e1s \u00e9s a madarak biztons\u00e1ga. Egy j\u00f3l bev\u00e1lt, t\u00f6bb \u00e9ve rendszeresen, minden t\u00e9len m\u0171k\u00f6dtetett mad\u00e1retet\u0151 eset\u00e9ben m\u00e1r igen komoly mennyis\u00e9gben fogyhat a napraforg\u00f3mag. A t\u00e9li id\u0151j\u00e1r\u00e1s f\u00fcggv\u00e9ny\u00e9ben, a mad\u00e1retet\u0151 hely\u00e9t\u0151l \u00e9s az azt l\u00e1togat\u00f3 madarak p\u00e9ld\u00e1nysz\u00e1m\u00e1t\u00f3l f\u00fcgg\u0151en ak\u00e1r 100-200 kilogramm mag is elfogyhat egyetlen t\u00e9l alatt. Ez a mennyis\u00e9g m\u00e9g a lakott ter\u00fcletek perem\u00e9n, f\u00e1kkal \u00e9s bokrokkal tark\u00edtott kertekben is elfogyhat, egy etet\u00e9si szezon alkalm\u00e1val.<\/p>\n<p style=\"text-align: justify;\">A mad\u00e1retet\u0151t \u00e9rdemes \u00fagy elhelyezni a kertben, hogy k\u00f6zben a nagyobb f\u00e1kra f\u00e9szkel\u00e9shez alkalmas mesters\u00e9ges od\u00fakat helyez\u00fcnk ki, melyekben a madarak t\u00e9len biztons\u00e1gosan \u00e9jszak\u00e1zhatnak, tavasszal pedig k\u00f6lt\u00e9sbe kezdhetnek. Ezzel az \u00e9nekesmadarak nagym\u00e9rt\u00e9kben j\u00e1rulhatnak hozz\u00e1 a biol\u00f3giai v\u00e9dekez\u00e9shez, hiszen a rovark\u00e1rtev\u0151k fogyaszt\u00e1s\u00e1val nek\u00fcnk seg\u00edtenek.<\/p>\n<p style=\"text-align: justify;\">A kellemes \u00e9lm\u00e9nyek\u00e9rt, tapasztalatok\u00e9rt, illetve \u00e9nekesmadaraink seg\u00edt\u00e9s\u00e9\u00e9rt b\u00e1tran v\u00e1gjunk bele a t\u00e9li mad\u00e1retet\u00e9s\u00e9be, \u00e1m ne feledj\u00fck, a v\u00edzimadarakat semmi esetben se etess\u00fck.<\/p>\n<div class=\"fcbkbttn_buttons_block\" id=\"fcbkbttn_left\"><div class=\"fcbkbttn_like \"><fb:like href=\"https:\/\/arcus.org.rs\/hun\/teli-madaretetes\/\" action=\"like\" colorscheme=\"light\" layout=\"standard\" show-faces='false' width=\"450px\" size=\"small\"><\/fb:like><\/div><\/div>","protected":false},"excerpt":{"rendered":"<p>A vadon \u00e9l\u0151 \u00e9nekesmadarak t\u00e9li etet\u00e9se az egyik olyan mad\u00e1rv\u00e9delmi tev\u00e9kenys\u00e9g, mely a legr\u00e9gebbi hagyom\u00e1nyokkal rendelkezik. A folyamat viszonylag egyszer\u0171 kivitelez\u00e9s\u0171, k\u00f6nnyed\u00e9n v\u00e9gezhet\u0151 a kiskertekben, gy\u00fcm\u00f6lcs\u00f6s\u00f6kben, vagy ak\u00e1r a t\u00f6mbh\u00e1zak erk\u00e9lyein is. Ennek ellen\u00e9re komoly odafigyel\u00e9st ig\u00e9nyl\u0151 tev\u00e9kenys\u00e9g, valamint fontos&hellip; <\/p>\n","protected":false},"author":5,"featured_media":0,"parent":0,"menu_order":0,"comment_status":"closed","ping_status":"open","template":"","meta":{"_mi_skip_tracking":false,"spay_email":""},"jetpack_shortlink":"https:\/\/wp.me\/P40Haz-S1","jetpack_sharing_enabled":true,"jetpack_likes_enabled":false,"_links":{"self":[{"href":"https:\/\/arcus.org.rs\/hun\/wp-json\/wp\/v2\/pages\/3349"}],"collection":[{"href":"https:\/\/arcus.org.rs\/hun\/wp-json\/wp\/v2\/pages"}],"about":[{"href":"https:\/\/arcus.org.rs\/hun\/wp-json\/wp\/v2\/types\/page"}],"author":[{"embeddable":true,"href":"https:\/\/arcus.org.rs\/hun\/wp-json\/wp\/v2\/users\/5"}],"replies":[{"embeddable":true,"href":"https:\/\/arcus.org.rs\/hun\/wp-json\/wp\/v2\/comments?post=3349"}],"version-history":[{"count":3,"href":"https:\/\/arcus.org.rs\/hun\/wp-json\/wp\/v2\/pages\/3349\/revisions"}],"predecessor-version":[{"id":4124,"href":"https:\/\/arcus.org.rs\/hun\/wp-json\/wp\/v2\/pages\/3349\/revisions\/4124"}],"wp:attachment":[{"href":"https:\/\/arcus.org.rs\/hun\/wp-json\/wp\/v2\/media?parent=3349"}],"curies":[{"name":"wp","href":"https:\/\/api.w.org\/{rel}","templated":true}]}}