{"id":340,"date":"2013-12-10T12:47:41","date_gmt":"2013-12-10T11:47:41","guid":{"rendered":"http:\/\/arcustest2.dreamhosters.com\/hun\/?page_id=340"},"modified":"2026-01-10T22:02:40","modified_gmt":"2026-01-10T21:02:40","slug":"hirarchivum","status":"publish","type":"page","link":"https:\/\/arcus.org.rs\/hun\/hirarchivum\/","title":{"rendered":"H\u00edrarch\u00edvum"},"content":{"rendered":"<p style=\"text-align: justify;\">A h\u00edrarch\u00edvumba gy\u0171jtj\u00fck \u00f6ssze az elm\u00falt \u00e9vekben meghirdetett \u00e9s k\u00f6zz\u00e9tett rendezv\u00e9nyek, akci\u00f3k \u00e9s egy\u00e9b programok felh\u00edv\u00e1sait, besz\u00e1mol\u00f3it, illetve m\u00e1s fontosnak tartott inform\u00e1ci\u00f3kat az Arcus K\u00f6rnyezetv\u00e9d\u0151 Egyes\u00fclet tev\u00e9kenys\u00e9g\u00e9r\u0151l. Az \u00e9vek szerinti lebont\u00e1snak k\u00f6sz\u00f6nhet\u0151en csak a v\u00e1lasztott esztend\u0151re k\u00f6zz\u00e9tett h\u00edreket olvashatjuk.<\/p>\n<p style=\"text-align: justify;\">A tov\u00e1bbiakban minden \u00e9v janu\u00e1rj\u00e1ban \u00e1tker\u00fclnek a h\u00edrarch\u00edvumba az el\u0151z\u0151 \u00e9vben k\u00f6zz\u00e9tett, kezd\u0151lapon olvashat\u00f3 h\u00edrek.<\/p>\n<p><strong>K\u00e9rj\u00fck v\u00e1lasszon \u00e9vet kor\u00e1bbi h\u00edreink olvas\u00e1s\u00e1hoz!<\/strong><\/p>\n<p style=\"padding-left: 30px;\">=&gt; <a href=\"https:\/\/arcus.org.rs\/hun\/category\/archivum-2025\/\"><em><strong>2025<\/strong><\/em><\/a> \u00a0\u00a0\u00a0\u00a0\u00a0\u00a0\u00a0\u00a0\u00a0\u00a0\u00a0\u00a0\u00a0\u00a0\u00a0\u00a0\u00a0 =&gt; <a href=\"https:\/\/arcus.org.rs\/hun\/category\/archivum-2024\/\"><em><strong>2024<\/strong><\/em><\/a>\u00a0\u00a0\u00a0\u00a0\u00a0\u00a0\u00a0\u00a0\u00a0\u00a0\u00a0\u00a0\u00a0\u00a0\u00a0\u00a0\u00a0\u00a0 =&gt; <a href=\"https:\/\/arcus.org.rs\/hun\/category\/archivum-2023\/\"><em><strong>2023<\/strong><\/em><\/a> \u00a0\u00a0\u00a0\u00a0\u00a0\u00a0\u00a0\u00a0\u00a0\u00a0\u00a0\u00a0\u00a0\u00a0\u00a0\u00a0\u00a0 =&gt; <a href=\"https:\/\/arcus.org.rs\/hun\/category\/archivum-2022\/\"><em><strong>2022<\/strong><\/em><\/a>\u00a0\u00a0\u00a0\u00a0\u00a0\u00a0\u00a0\u00a0\u00a0\u00a0\u00a0\u00a0\u00a0\u00a0\u00a0\u00a0\u00a0\u00a0 =&gt; <a href=\"https:\/\/arcus.org.rs\/hun\/category\/archivum-2021\/\"><em><strong>2021<\/strong><\/em><\/a><\/p>\n<p style=\"padding-left: 30px;\">=&gt; <a href=\"https:\/\/arcus.org.rs\/hun\/category\/archivum-2020\/\"><em><strong>2020<\/strong><\/em><\/a> \u00a0\u00a0\u00a0\u00a0\u00a0\u00a0\u00a0\u00a0\u00a0\u00a0\u00a0\u00a0\u00a0\u00a0\u00a0\u00a0\u00a0 =&gt; <a href=\"https:\/\/arcus.org.rs\/hun\/category\/archivum-2019\/\"><em><strong>2019<\/strong><\/em><\/a> \u00a0\u00a0\u00a0\u00a0\u00a0\u00a0\u00a0\u00a0\u00a0\u00a0\u00a0\u00a0\u00a0\u00a0\u00a0\u00a0\u00a0 =&gt; <a href=\"https:\/\/arcus.org.rs\/hun\/category\/archivum-2018\/\"><em><strong>2018<\/strong><\/em><\/a> \u00a0\u00a0\u00a0\u00a0\u00a0\u00a0\u00a0\u00a0\u00a0\u00a0\u00a0\u00a0\u00a0\u00a0\u00a0\u00a0\u00a0 =&gt; <a href=\"http:\/\/arcus.org.rs\/hun\/category\/archivum-2017\/\"><em><strong>2017<\/strong><\/em><\/a> \u00a0\u00a0\u00a0\u00a0\u00a0\u00a0\u00a0\u00a0\u00a0\u00a0\u00a0\u00a0\u00a0\u00a0\u00a0\u00a0\u00a0 =&gt; <a href=\"http:\/\/arcus.org.rs\/hun\/category\/archivum-2016\/\"><em><strong>2016<\/strong><\/em><\/a><\/p>\n<p style=\"padding-left: 30px;\">=&gt; <a href=\"http:\/\/arcus.org.rs\/hun\/category\/archivum-2015\/\"><em><strong>2015<\/strong><\/em><\/a> \u00a0\u00a0\u00a0\u00a0\u00a0\u00a0\u00a0\u00a0\u00a0\u00a0\u00a0\u00a0\u00a0\u00a0\u00a0\u00a0\u00a0 =&gt; <a href=\"http:\/\/arcus.org.rs\/hun\/category\/archivum-2014\/\"><em><strong>2014<\/strong><\/em><\/a> \u00a0\u00a0\u00a0\u00a0\u00a0\u00a0\u00a0\u00a0\u00a0\u00a0\u00a0\u00a0\u00a0\u00a0\u00a0\u00a0\u00a0 =&gt; <a href=\"http:\/\/arcus.org.rs\/hun\/category\/archivum-2013\/\"><em><strong>2013<\/strong><\/em><\/a> \u00a0\u00a0\u00a0\u00a0\u00a0\u00a0\u00a0\u00a0\u00a0\u00a0\u00a0\u00a0\u00a0\u00a0\u00a0\u00a0\u00a0 =&gt; <a href=\"http:\/\/arcus.org.rs\/hun\/category\/archivum-2012\/\"><em><strong>2012<\/strong><\/em><\/a> \u00a0\u00a0\u00a0\u00a0\u00a0\u00a0\u00a0\u00a0\u00a0\u00a0\u00a0\u00a0\u00a0\u00a0\u00a0\u00a0\u00a0 =&gt; <a href=\"http:\/\/arcus.org.rs\/hun\/category\/archivum-2011\/\"><em><strong>2011<\/strong><\/em><\/a><\/p>\n<p style=\"padding-left: 30px;\">=&gt; <a href=\"http:\/\/arcus.org.rs\/hun\/category\/archivum-2010\/\"><strong><em>2010<\/em><\/strong><\/a> \u00a0\u00a0\u00a0\u00a0\u00a0\u00a0\u00a0\u00a0\u00a0\u00a0\u00a0\u00a0\u00a0\u00a0\u00a0\u00a0\u00a0 =&gt; <a href=\"http:\/\/arcus.org.rs\/hun\/category\/archivum-2009\/\"><em><strong>2009<\/strong><\/em><\/a> \u00a0\u00a0\u00a0\u00a0\u00a0\u00a0\u00a0\u00a0\u00a0\u00a0\u00a0\u00a0\u00a0\u00a0\u00a0\u00a0\u00a0 =&gt; <a href=\"http:\/\/arcus.org.rs\/hun\/category\/archivum-2008\/\"><em><strong>2008<\/strong><\/em><\/a> \u00a0\u00a0\u00a0\u00a0\u00a0\u00a0\u00a0\u00a0\u00a0\u00a0\u00a0\u00a0\u00a0\u00a0\u00a0\u00a0\u00a0 =&gt; <a href=\"http:\/\/arcus.org.rs\/hun\/category\/archivum-2007\/\"><em><strong>2007<\/strong><\/em><\/a> \u00a0\u00a0\u00a0\u00a0\u00a0\u00a0\u00a0\u00a0\u00a0\u00a0\u00a0\u00a0\u00a0\u00a0\u00a0\u00a0\u00a0 =&gt; <a href=\"http:\/\/arcus.org.rs\/hun\/category\/archivum-2006\/\"><em><strong>2006<\/strong><\/em><\/a><\/p>\n<p style=\"padding-left: 30px;\">=&gt; <a href=\"http:\/\/arcus.org.rs\/hun\/category\/archivum-2005\/\"><em><strong>2005<\/strong><\/em><\/a><\/p>\n<div class=\"fcbkbttn_buttons_block\" id=\"fcbkbttn_left\"><div class=\"fcbkbttn_like \"><fb:like href=\"https:\/\/arcus.org.rs\/hun\/hirarchivum\/\" action=\"like\" colorscheme=\"light\" layout=\"standard\" show-faces='false' width=\"450px\" size=\"small\"><\/fb:like><\/div><\/div>","protected":false},"excerpt":{"rendered":"<p>A h\u00edrarch\u00edvumba gy\u0171jtj\u00fck \u00f6ssze az elm\u00falt \u00e9vekben meghirdetett \u00e9s k\u00f6zz\u00e9tett rendezv\u00e9nyek, akci\u00f3k \u00e9s egy\u00e9b programok felh\u00edv\u00e1sait, besz\u00e1mol\u00f3it, illetve m\u00e1s fontosnak tartott inform\u00e1ci\u00f3kat az Arcus K\u00f6rnyezetv\u00e9d\u0151 Egyes\u00fclet tev\u00e9kenys\u00e9g\u00e9r\u0151l. Az \u00e9vek szerinti lebont\u00e1snak k\u00f6sz\u00f6nhet\u0151en csak a v\u00e1lasztott esztend\u0151re k\u00f6zz\u00e9tett h\u00edreket olvashatjuk. A&hellip; <\/p>\n","protected":false},"author":2,"featured_media":0,"parent":0,"menu_order":0,"comment_status":"closed","ping_status":"open","template":"","meta":{"_mi_skip_tracking":false,"spay_email":""},"jetpack_shortlink":"https:\/\/wp.me\/P40Haz-5u","jetpack_sharing_enabled":true,"jetpack_likes_enabled":false,"_links":{"self":[{"href":"https:\/\/arcus.org.rs\/hun\/wp-json\/wp\/v2\/pages\/340"}],"collection":[{"href":"https:\/\/arcus.org.rs\/hun\/wp-json\/wp\/v2\/pages"}],"about":[{"href":"https:\/\/arcus.org.rs\/hun\/wp-json\/wp\/v2\/types\/page"}],"author":[{"embeddable":true,"href":"https:\/\/arcus.org.rs\/hun\/wp-json\/wp\/v2\/users\/2"}],"replies":[{"embeddable":true,"href":"https:\/\/arcus.org.rs\/hun\/wp-json\/wp\/v2\/comments?post=340"}],"version-history":[{"count":23,"href":"https:\/\/arcus.org.rs\/hun\/wp-json\/wp\/v2\/pages\/340\/revisions"}],"predecessor-version":[{"id":4705,"href":"https:\/\/arcus.org.rs\/hun\/wp-json\/wp\/v2\/pages\/340\/revisions\/4705"}],"wp:attachment":[{"href":"https:\/\/arcus.org.rs\/hun\/wp-json\/wp\/v2\/media?parent=340"}],"curies":[{"name":"wp","href":"https:\/\/api.w.org\/{rel}","templated":true}]}}