{"id":3777,"date":"2023-05-11T21:41:31","date_gmt":"2023-05-11T20:41:31","guid":{"rendered":"https:\/\/arcus.org.rs\/hun\/?page_id=3777"},"modified":"2023-05-16T21:57:01","modified_gmt":"2023-05-16T20:57:01","slug":"viii-vajdasagi-fiatal-termeszetkutatok-talalkozoja-online-regisztracios-lap-poszterek-szerzoi-szamara","status":"publish","type":"page","link":"https:\/\/arcus.org.rs\/hun\/viii-vajdasagi-fiatal-termeszetkutatok-talalkozoja-online-regisztracios-lap-poszterek-szerzoi-szamara\/","title":{"rendered":"VIII. Vajdas\u00e1gi Fiatal Term\u00e9szetkutat\u00f3k Tal\u00e1lkoz\u00f3ja &#8211; Online regisztr\u00e1ci\u00f3s lap poszterek szerz\u0151i sz\u00e1m\u00e1ra"},"content":{"rendered":"<p style=\"text-align: justify;\">Ezen oldalon kereszt\u00fcl, az al\u00e1bb tal\u00e1lhat\u00f3 online regisztr\u00e1ci\u00f3s lap kit\u00f6lt\u00e9s\u00e9vel \u00e9s elk\u00fcld\u00e9s\u00e9vel regisztr\u00e1lhat poszter szerz\u0151jek\u00e9nt az Arcus K\u00f6rnyezetv\u00e9d\u0151 Egyes\u00fclet \u00e1ltal szervezett VIII. Vajdas\u00e1gi Fiatal Term\u00e9szetkutat\u00f3k Tal\u00e1lkoz\u00f3ja elnevez\u00e9s\u0171 rendezv\u00e9nyre.<\/p>\n<p style=\"text-align: justify;\">A tal\u00e1lkoz\u00f3 id\u0151pontja: <strong>2023. okt\u00f3ber 14-15.<\/strong><\/p>\n<p style=\"text-align: justify;\">A tal\u00e1lkoz\u00f3 helysz\u00edne: <strong>Topolya, topolyai m\u0171v\u00e9sztelep.<\/strong><\/p>\n<p style=\"text-align: justify;\">Regisztr\u00e1ci\u00f3s hat\u00e1rid\u0151: <strong>2023. szeptember 24-e, \u00e9jf\u00e9l.<\/strong><\/p>\n<p style=\"text-align: justify;\"><em><strong>Online regisztr\u00e1ci\u00f3s lap:<\/strong><\/em><\/p>\n<div id='contact-form-3777'>\n<form action='https:\/\/arcus.org.rs\/hun\/viii-vajdasagi-fiatal-termeszetkutatok-talalkozoja-online-regisztracios-lap-poszterek-szerzoi-szamara\/#contact-form-3777' method='post' class='contact-form commentsblock'>\n<script>\n\t\t\t( function () {\n\t\t\t\tconst contact_forms = document.getElementsByClassName('contact-form');\n\n\t\t\t\tfor ( const form of contact_forms ) {\n\t\t\t\t\tform.onsubmit = function() {\n\t\t\t\t\t\tconst buttons = form.getElementsByTagName('button');\n\n\t\t\t\t\t\tfor( const button of buttons ) {\n\t\t\t\t\t\t\tbutton.setAttribute('disabled', true);\n\t\t\t\t\t\t}\n\t\t\t\t\t}\n\t\t\t\t}\n\t\t\t} )();\n\t\t<\/script>\n<div class='grunion-field-wrap grunion-field-name-wrap'  >\n<label\n\t\t\t\tfor='g3777-aposzterszerzjneknevevezetksutnv'\n\t\t\t\tclass='grunion-field-label name'\n\t\t\t\t>A poszter szerz\u0151j\u00e9nek neve (vezet\u00e9k- \u00e9s ut\u00f3n\u00e9v)<span>(required)<\/span><\/label>\n<input\n\t\t\t\t\ttype='text'\n\t\t\t\t\tname='g3777-aposzterszerzjneknevevezetksutnv'\n\t\t\t\t\tid='g3777-aposzterszerzjneknevevezetksutnv'\n\t\t\t\t\tvalue=''\n\t\t\t\t\tclass='name' \n\t\t\t\t\trequired aria-required='true'\n\t\t\t\t\/>\n\t<\/div>\n\n<div class='grunion-field-wrap grunion-field-text-wrap'  >\n<label\n\t\t\t\tfor='g3777-szletsidtum'\n\t\t\t\tclass='grunion-field-label text'\n\t\t\t\t>Sz\u00fclet\u00e9si d\u00e1tum<span>(required)<\/span><\/label>\n<input\n\t\t\t\t\ttype='text'\n\t\t\t\t\tname='g3777-szletsidtum'\n\t\t\t\t\tid='g3777-szletsidtum'\n\t\t\t\t\tvalue=''\n\t\t\t\t\tclass='text' \n\t\t\t\t\trequired aria-required='true'\n\t\t\t\t\/>\n\t<\/div>\n\n<div class='grunion-field-wrap grunion-field-text-wrap'  >\n<label\n\t\t\t\tfor='g3777-lakcmirnytszmteleplsutcahzszmorszg'\n\t\t\t\tclass='grunion-field-label text'\n\t\t\t\t>Lakc\u00edm (ir\u00e1ny\u00edt\u00f3sz\u00e1m, telep\u00fcl\u00e9s, utca, h\u00e1zsz\u00e1m, orsz\u00e1g)<span>(required)<\/span><\/label>\n<input\n\t\t\t\t\ttype='text'\n\t\t\t\t\tname='g3777-lakcmirnytszmteleplsutcahzszmorszg'\n\t\t\t\t\tid='g3777-lakcmirnytszmteleplsutcahzszmorszg'\n\t\t\t\t\tvalue=''\n\t\t\t\t\tclass='text' \n\t\t\t\t\trequired aria-required='true'\n\t\t\t\t\/>\n\t<\/div>\n\n<div class='grunion-field-wrap grunion-field-text-wrap'  >\n<label\n\t\t\t\tfor='g3777-telefonvezetkesvagymobil'\n\t\t\t\tclass='grunion-field-label text'\n\t\t\t\t>Telefon (vezet\u00e9kes vagy mobil)<span>(required)<\/span><\/label>\n<input\n\t\t\t\t\ttype='text'\n\t\t\t\t\tname='g3777-telefonvezetkesvagymobil'\n\t\t\t\t\tid='g3777-telefonvezetkesvagymobil'\n\t\t\t\t\tvalue=''\n\t\t\t\t\tclass='text' \n\t\t\t\t\trequired aria-required='true'\n\t\t\t\t\/>\n\t<\/div>\n\n<div class='grunion-field-wrap grunion-field-email-wrap'  >\n<label\n\t\t\t\tfor='g3777-emailcm'\n\t\t\t\tclass='grunion-field-label email'\n\t\t\t\t>E-mail c\u00edm<span>(required)<\/span><\/label>\n<input\n\t\t\t\t\ttype='email'\n\t\t\t\t\tname='g3777-emailcm'\n\t\t\t\t\tid='g3777-emailcm'\n\t\t\t\t\tvalue=''\n\t\t\t\t\tclass='email' \n\t\t\t\t\trequired aria-required='true'\n\t\t\t\t\/>\n\t<\/div>\n\n<div class='grunion-field-wrap grunion-field-select-wrap'  >\n<label\n\t\t\t\tfor='g3777-melykategribasorolhatakutatstmjaszerint'\n\t\t\t\tclass='grunion-field-label select'\n\t\t\t\t>Mely kateg\u00f3ri\u00e1ba sorolhat\u00f3 a kutat\u00e1s, t\u00e9m\u00e1ja szerint?<span>(required)<\/span><\/label>\n\t<select name='g3777-melykategribasorolhatakutatstmjaszerint' id='g3777-melykategribasorolhatakutatstmjaszerint' class='select' required aria-required='true'>\n\t\t<option value='\u00c1llattan'>\u00c1llattan<\/option>\n\t\t<option value='Biogeogr\u00e1fia'>Biogeogr\u00e1fia<\/option>\n\t\t<option value='Etol\u00f3gia'>Etol\u00f3gia<\/option>\n\t\t<option value='Evol\u00faci\u00f3biol\u00f3gia'>Evol\u00faci\u00f3biol\u00f3gia<\/option>\n\t\t<option value='Genetika'>Genetika<\/option>\n\t\t<option value='Hidrobiol\u00f3gia'>Hidrobiol\u00f3gia<\/option>\n\t\t<option value='Mikrobiol\u00f3gia'>Mikrobiol\u00f3gia<\/option>\n\t\t<option value='N\u00f6v\u00e9nytan'>N\u00f6v\u00e9nytan<\/option>\n\t\t<option value='Popul\u00e1ci\u00f3biol\u00f3gia'>Popul\u00e1ci\u00f3biol\u00f3gia<\/option>\n\t\t<option value='\u00d6kol\u00f3gia'>\u00d6kol\u00f3gia<\/option>\n\t\t<option value='Term\u00e9szetv\u00e9delmi biol\u00f3gia'>Term\u00e9szetv\u00e9delmi biol\u00f3gia<\/option>\n\t\t<option value='Egy\u00e9b biol\u00f3giai tudom\u00e1ny'>Egy\u00e9b biol\u00f3giai tudom\u00e1ny<\/option>\n\t\t<option value='K\u00f6rnyezetv\u00e9delem'>K\u00f6rnyezetv\u00e9delem<\/option>\n\t\t<option value='N\u00e9prajz \u00e9s term\u00e9szet'>N\u00e9prajz \u00e9s term\u00e9szet<\/option>\n\t\t<option value='\u00d6koturizmus'>\u00d6koturizmus<\/option>\n\t<\/select>\n\t<\/div>\n\n<div class='grunion-field-wrap grunion-field-text-wrap'  >\n<label\n\t\t\t\tfor='g3777-kpviselevalamilyenintzmnytvagyszervezetet'\n\t\t\t\tclass='grunion-field-label text'\n\t\t\t\t>K\u00e9pvisel-e valamilyen int\u00e9zm\u00e9nyt vagy szervezetet?<\/label>\n<input\n\t\t\t\t\ttype='text'\n\t\t\t\t\tname='g3777-kpviselevalamilyenintzmnytvagyszervezetet'\n\t\t\t\t\tid='g3777-kpviselevalamilyenintzmnytvagyszervezetet'\n\t\t\t\t\tvalue=''\n\t\t\t\t\tclass='text' \n\t\t\t\t\t\n\t\t\t\t\/>\n\t<\/div>\n\n<div class='grunion-field-wrap grunion-field-text-wrap'  >\n<label\n\t\t\t\tfor='g3777-aposzterteljescme'\n\t\t\t\tclass='grunion-field-label text'\n\t\t\t\t>A poszter teljes c\u00edme<span>(required)<\/span><\/label>\n<input\n\t\t\t\t\ttype='text'\n\t\t\t\t\tname='g3777-aposzterteljescme'\n\t\t\t\t\tid='g3777-aposzterteljescme'\n\t\t\t\t\tvalue=''\n\t\t\t\t\tclass='text' \n\t\t\t\t\trequired aria-required='true'\n\t\t\t\t\/>\n\t<\/div>\n\n<div class='grunion-field-wrap grunion-field-textarea-wrap'  >\n<label\n\t\t\t\tfor='contact-form-comment-g3777-aposzterrvidsszefoglalja15002000karakter'\n\t\t\t\tclass='grunion-field-label textarea'\n\t\t\t\t>A poszter r\u00f6vid \u00f6sszefoglal\u00f3ja (1500-2000 karakter)<span>(required)<\/span><\/label>\n<textarea\n\t\t                name='g3777-aposzterrvidsszefoglalja15002000karakter'\n\t\t                id='contact-form-comment-g3777-aposzterrvidsszefoglalja15002000karakter'\n\t\t                rows='20' class='textarea'  required aria-required='true'><\/textarea>\n\t<\/div>\n\t<p class='contact-submit'>\n\t\t<button type='submit' class='pushbutton-wide'>Submit<\/button>\t\t<input type='hidden' name='contact-form-id' value='3777' \/>\n\t\t<input type='hidden' name='action' value='grunion-contact-form' \/>\n\t\t<input type='hidden' name='contact-form-hash' value='81384c30ff69136fe4c2b490aa9c4a8776e6e8e2' \/>\n\t<\/p>\n<\/form>\n<\/div>\n<div class=\"fcbkbttn_buttons_block\" id=\"fcbkbttn_left\"><div class=\"fcbkbttn_like \"><fb:like href=\"https:\/\/arcus.org.rs\/hun\/viii-vajdasagi-fiatal-termeszetkutatok-talalkozoja-online-regisztracios-lap-poszterek-szerzoi-szamara\/\" action=\"like\" colorscheme=\"light\" layout=\"standard\" show-faces='false' width=\"450px\" size=\"small\"><\/fb:like><\/div><\/div>","protected":false},"excerpt":{"rendered":"<p>Ezen oldalon kereszt\u00fcl, az al\u00e1bb tal\u00e1lhat\u00f3 online regisztr\u00e1ci\u00f3s lap kit\u00f6lt\u00e9s\u00e9vel \u00e9s elk\u00fcld\u00e9s\u00e9vel regisztr\u00e1lhat poszter szerz\u0151jek\u00e9nt az Arcus K\u00f6rnyezetv\u00e9d\u0151 Egyes\u00fclet \u00e1ltal szervezett VIII. Vajdas\u00e1gi Fiatal Term\u00e9szetkutat\u00f3k Tal\u00e1lkoz\u00f3ja elnevez\u00e9s\u0171 rendezv\u00e9nyre. A tal\u00e1lkoz\u00f3 id\u0151pontja: 2023. okt\u00f3ber 14-15. A tal\u00e1lkoz\u00f3 helysz\u00edne: Topolya, topolyai m\u0171v\u00e9sztelep.&hellip; <\/p>\n","protected":false},"author":5,"featured_media":0,"parent":0,"menu_order":0,"comment_status":"closed","ping_status":"open","template":"","meta":{"_mi_skip_tracking":false,"spay_email":""},"jetpack_shortlink":"https:\/\/wp.me\/P40Haz-YV","jetpack_sharing_enabled":true,"jetpack_likes_enabled":false,"_links":{"self":[{"href":"https:\/\/arcus.org.rs\/hun\/wp-json\/wp\/v2\/pages\/3777"}],"collection":[{"href":"https:\/\/arcus.org.rs\/hun\/wp-json\/wp\/v2\/pages"}],"about":[{"href":"https:\/\/arcus.org.rs\/hun\/wp-json\/wp\/v2\/types\/page"}],"author":[{"embeddable":true,"href":"https:\/\/arcus.org.rs\/hun\/wp-json\/wp\/v2\/users\/5"}],"replies":[{"embeddable":true,"href":"https:\/\/arcus.org.rs\/hun\/wp-json\/wp\/v2\/comments?post=3777"}],"version-history":[{"count":1,"href":"https:\/\/arcus.org.rs\/hun\/wp-json\/wp\/v2\/pages\/3777\/revisions"}],"predecessor-version":[{"id":3778,"href":"https:\/\/arcus.org.rs\/hun\/wp-json\/wp\/v2\/pages\/3777\/revisions\/3778"}],"wp:attachment":[{"href":"https:\/\/arcus.org.rs\/hun\/wp-json\/wp\/v2\/media?parent=3777"}],"curies":[{"name":"wp","href":"https:\/\/api.w.org\/{rel}","templated":true}]}}