{"id":3779,"date":"2023-05-11T21:57:20","date_gmt":"2023-05-11T20:57:20","guid":{"rendered":"https:\/\/arcus.org.rs\/hun\/?page_id=3779"},"modified":"2023-05-16T22:17:42","modified_gmt":"2023-05-16T21:17:42","slug":"viii-vajdasagi-fiatal-termeszetkutatok-talalkozoja-online-regisztracios-lap-resztvevok-szamara","status":"publish","type":"page","link":"https:\/\/arcus.org.rs\/hun\/viii-vajdasagi-fiatal-termeszetkutatok-talalkozoja-online-regisztracios-lap-resztvevok-szamara\/","title":{"rendered":"VIII. Vajdas\u00e1gi Fiatal Term\u00e9szetkutat\u00f3k Tal\u00e1lkoz\u00f3ja &#8211; Online regisztr\u00e1ci\u00f3s lap r\u00e9sztvev\u0151k sz\u00e1m\u00e1ra"},"content":{"rendered":"<p style=\"text-align: justify;\">Ezen oldalon kereszt\u00fcl, az al\u00e1bb tal\u00e1lhat\u00f3 online regisztr\u00e1ci\u00f3s lap kit\u00f6lt\u00e9s\u00e9vel \u00e9s elk\u00fcld\u00e9s\u00e9vel regisztr\u00e1lhat r\u00e9sztvev\u0151k\u00e9nt az Arcus K\u00f6rnyezetv\u00e9d\u0151 Egyes\u00fclet \u00e1ltal szervezett VIII. Vajdas\u00e1gi Fiatal Term\u00e9szetkutat\u00f3k Tal\u00e1lkoz\u00f3ja elnevez\u00e9s\u0171 rendezv\u00e9nyre.<\/p>\n<p style=\"text-align: justify;\"><strong>FIGYELEM!<\/strong> A tal\u00e1lkoz\u00f3 minden \u00e9rdekl\u0151d\u0151 el\u0151tt nyitott, viszont mindazok sz\u00e1m\u00e1ra, akik a teljes rendezv\u00e9nyen, vagy legal\u00e1bb egyik napj\u00e1n r\u00e9szt k\u00edv\u00e1nnak venni, regisztr\u00e1ci\u00f3hoz k\u00f6t\u00f6tt!<\/p>\n<p style=\"text-align: justify;\">A tal\u00e1lkoz\u00f3 id\u0151pontja: <strong>2023. okt\u00f3ber 14-15.<\/strong><\/p>\n<p style=\"text-align: justify;\">A tal\u00e1lkoz\u00f3 helysz\u00edne: <strong>Topolya, topolyai m\u0171v\u00e9sztelep.<\/strong><\/p>\n<p style=\"text-align: justify;\">Regisztr\u00e1ci\u00f3s hat\u00e1rid\u0151: <strong>2023. okt\u00f3ber 7-e, \u00e9jf\u00e9l.<\/strong><\/p>\n<p style=\"text-align: justify;\"><em><strong>Online regisztr\u00e1ci\u00f3s lap:<\/strong><\/em><\/p>\n<div id='contact-form-3779'>\n<form action='https:\/\/arcus.org.rs\/hun\/viii-vajdasagi-fiatal-termeszetkutatok-talalkozoja-online-regisztracios-lap-resztvevok-szamara\/#contact-form-3779' method='post' class='contact-form commentsblock'>\n<script>\n\t\t\t( function () {\n\t\t\t\tconst contact_forms = document.getElementsByClassName('contact-form');\n\n\t\t\t\tfor ( const form of contact_forms ) {\n\t\t\t\t\tform.onsubmit = function() {\n\t\t\t\t\t\tconst buttons = form.getElementsByTagName('button');\n\n\t\t\t\t\t\tfor( const button of buttons ) {\n\t\t\t\t\t\t\tbutton.setAttribute('disabled', true);\n\t\t\t\t\t\t}\n\t\t\t\t\t}\n\t\t\t\t}\n\t\t\t} )();\n\t\t<\/script>\n<div class='grunion-field-wrap grunion-field-name-wrap'  >\n<label\n\t\t\t\tfor='g3779-ajelentkeznevevezetksutnv'\n\t\t\t\tclass='grunion-field-label name'\n\t\t\t\t>A jelentkez\u0151 neve (vezet\u00e9k- \u00e9s ut\u00f3n\u00e9v)<span>(required)<\/span><\/label>\n<input\n\t\t\t\t\ttype='text'\n\t\t\t\t\tname='g3779-ajelentkeznevevezetksutnv'\n\t\t\t\t\tid='g3779-ajelentkeznevevezetksutnv'\n\t\t\t\t\tvalue=''\n\t\t\t\t\tclass='name' \n\t\t\t\t\trequired aria-required='true'\n\t\t\t\t\/>\n\t<\/div>\n\n<div class='grunion-field-wrap grunion-field-text-wrap'  >\n<label\n\t\t\t\tfor='g3779-lakcmirnytszmteleplsutcahzszmorszg'\n\t\t\t\tclass='grunion-field-label text'\n\t\t\t\t>Lakc\u00edm (ir\u00e1ny\u00edt\u00f3sz\u00e1m, telep\u00fcl\u00e9s, utca, h\u00e1zsz\u00e1m, orsz\u00e1g)<span>(required)<\/span><\/label>\n<input\n\t\t\t\t\ttype='text'\n\t\t\t\t\tname='g3779-lakcmirnytszmteleplsutcahzszmorszg'\n\t\t\t\t\tid='g3779-lakcmirnytszmteleplsutcahzszmorszg'\n\t\t\t\t\tvalue=''\n\t\t\t\t\tclass='text' \n\t\t\t\t\trequired aria-required='true'\n\t\t\t\t\/>\n\t<\/div>\n\n<div class='grunion-field-wrap grunion-field-text-wrap'  >\n<label\n\t\t\t\tfor='g3779-telefonvezetkesvagymobil'\n\t\t\t\tclass='grunion-field-label text'\n\t\t\t\t>Telefon (vezet\u00e9kes vagy mobil)<span>(required)<\/span><\/label>\n<input\n\t\t\t\t\ttype='text'\n\t\t\t\t\tname='g3779-telefonvezetkesvagymobil'\n\t\t\t\t\tid='g3779-telefonvezetkesvagymobil'\n\t\t\t\t\tvalue=''\n\t\t\t\t\tclass='text' \n\t\t\t\t\trequired aria-required='true'\n\t\t\t\t\/>\n\t<\/div>\n\n<div class='grunion-field-wrap grunion-field-email-wrap'  >\n<label\n\t\t\t\tfor='g3779-emailcm'\n\t\t\t\tclass='grunion-field-label email'\n\t\t\t\t>E-mail c\u00edm<span>(required)<\/span><\/label>\n<input\n\t\t\t\t\ttype='email'\n\t\t\t\t\tname='g3779-emailcm'\n\t\t\t\t\tid='g3779-emailcm'\n\t\t\t\t\tvalue=''\n\t\t\t\t\tclass='email' \n\t\t\t\t\trequired aria-required='true'\n\t\t\t\t\/>\n\t<\/div>\n\n<div class='grunion-field-wrap grunion-field-text-wrap'  >\n<label\n\t\t\t\tfor='g3779-kpviselevalamilyenintzmnytvagyszervezetet'\n\t\t\t\tclass='grunion-field-label text'\n\t\t\t\t>K\u00e9pvisel-e valamilyen int\u00e9zm\u00e9nyt vagy szervezetet?<\/label>\n<input\n\t\t\t\t\ttype='text'\n\t\t\t\t\tname='g3779-kpviselevalamilyenintzmnytvagyszervezetet'\n\t\t\t\t\tid='g3779-kpviselevalamilyenintzmnytvagyszervezetet'\n\t\t\t\t\tvalue=''\n\t\t\t\t\tclass='text' \n\t\t\t\t\t\n\t\t\t\t\/>\n\t<\/div>\n\n<div class='grunion-field-wrap grunion-field-radio-wrap'  >\n<label\n\t\t\t\tfor='g3779-atallkozmelynapjnvagynapjainkvnrsztvenni'\n\t\t\t\tclass='grunion-field-label'\n\t\t\t\t>A tal\u00e1lkoz\u00f3 mely napj\u00e1n vagy napjain k\u00edv\u00e1n r\u00e9szt venni?<span>(required)<\/span><\/label>\n\t\t<label class='grunion-radio-label radio'><input\n\t\t\t\t\t\t\t\t\ttype='radio'\n\t\t\t\t\t\t\t\t\tname='g3779-atallkozmelynapjnvagynapjainkvnrsztvenni'\n\t\t\t\t\t\t\t\t\tvalue='A rendezv\u00e9ny els\u0151 napj\u00e1n k\u00edv\u00e1nok r\u00e9szt venni (2023. okt\u00f3ber 14.)' class='radio'  required aria-required='true'\/> A rendezv\u00e9ny els\u0151 napj\u00e1n k\u00edv\u00e1nok r\u00e9szt venni (2023. okt\u00f3ber 14.)<\/label>\n\t\t<div class='clear-form'><\/div>\n\t\t<label class='grunion-radio-label radio'><input\n\t\t\t\t\t\t\t\t\ttype='radio'\n\t\t\t\t\t\t\t\t\tname='g3779-atallkozmelynapjnvagynapjainkvnrsztvenni'\n\t\t\t\t\t\t\t\t\tvalue='A rendezv\u00e9ny m\u00e1sodik napj\u00e1n k\u00edv\u00e1nok r\u00e9szt venni (2023. okt\u00f3ber 15.)' class='radio'  required aria-required='true'\/> A rendezv\u00e9ny m\u00e1sodik napj\u00e1n k\u00edv\u00e1nok r\u00e9szt venni (2023. okt\u00f3ber 15.)<\/label>\n\t\t<div class='clear-form'><\/div>\n\t\t<label class='grunion-radio-label radio'><input\n\t\t\t\t\t\t\t\t\ttype='radio'\n\t\t\t\t\t\t\t\t\tname='g3779-atallkozmelynapjnvagynapjainkvnrsztvenni'\n\t\t\t\t\t\t\t\t\tvalue='A rendezv\u00e9ny mindk\u00e9t napj\u00e1n r\u00e9szt k\u00edv\u00e1nok venni (2023. okt\u00f3ber 14-15.)' class='radio'  required aria-required='true'\/> A rendezv\u00e9ny mindk\u00e9t napj\u00e1n r\u00e9szt k\u00edv\u00e1nok venni (2023. okt\u00f3ber 14-15.)<\/label>\n\t\t<div class='clear-form'><\/div>\n\t<\/div>\n\n<div class='grunion-field-wrap grunion-field-radio-wrap'  >\n<label\n\t\t\t\tfor='g3779-ignyeleszllshelyetatallkozidejre'\n\t\t\t\tclass='grunion-field-label'\n\t\t\t\t>Ig\u00e9nyel-e sz\u00e1ll\u00e1shelyet a tal\u00e1lkoz\u00f3 idej\u00e9re?<span>(required)<\/span><\/label>\n\t\t<label class='grunion-radio-label radio'><input\n\t\t\t\t\t\t\t\t\ttype='radio'\n\t\t\t\t\t\t\t\t\tname='g3779-ignyeleszllshelyetatallkozidejre'\n\t\t\t\t\t\t\t\t\tvalue='Igen' class='radio'  required aria-required='true'\/> Igen<\/label>\n\t\t<div class='clear-form'><\/div>\n\t\t<label class='grunion-radio-label radio'><input\n\t\t\t\t\t\t\t\t\ttype='radio'\n\t\t\t\t\t\t\t\t\tname='g3779-ignyeleszllshelyetatallkozidejre'\n\t\t\t\t\t\t\t\t\tvalue='Nem' class='radio'  required aria-required='true'\/> Nem<\/label>\n\t\t<div class='clear-form'><\/div>\n\t<\/div>\n\n<div class='grunion-field-wrap grunion-field-checkbox-multiple-wrap'  >\n<label\n\t\t\t\tfor='g3779-atallkozmelynapjnvagynapjainkvnjaignybevenniaztkezsilehetsget'\n\t\t\t\tclass='grunion-field-label'\n\t\t\t\t>A tal\u00e1lkoz\u00f3 mely napj\u00e1n vagy napjain k\u00edv\u00e1nja ig\u00e9nybe venni az \u00e9tkez\u00e9si lehet\u0151s\u00e9get?<span>(required)<\/span><\/label>\n\t\t<label class='grunion-checkbox-multiple-label checkbox-multiple'><input type='checkbox' name='g3779-atallkozmelynapjnvagynapjainkvnjaignybevenniaztkezsilehetsget[]' value='A rendezv\u00e9ny els\u0151 napj\u00e1n ig\u00e9nylek eb\u00e9det (2023. okt\u00f3ber 14.)' class='checkbox-multiple'  \/> A rendezv\u00e9ny els\u0151 napj\u00e1n ig\u00e9nylek eb\u00e9det (2023. okt\u00f3ber 14.)<\/label>\n\t\t<div class='clear-form'><\/div>\n\t\t<label class='grunion-checkbox-multiple-label checkbox-multiple'><input type='checkbox' name='g3779-atallkozmelynapjnvagynapjainkvnjaignybevenniaztkezsilehetsget[]' value='A rendezv\u00e9ny els\u0151 napj\u00e1n ig\u00e9nylek vacsor\u00e1t (2023. okt\u00f3ber 14.)' class='checkbox-multiple'  \/> A rendezv\u00e9ny els\u0151 napj\u00e1n ig\u00e9nylek vacsor\u00e1t (2023. okt\u00f3ber 14.)<\/label>\n\t\t<div class='clear-form'><\/div>\n\t\t<label class='grunion-checkbox-multiple-label checkbox-multiple'><input type='checkbox' name='g3779-atallkozmelynapjnvagynapjainkvnjaignybevenniaztkezsilehetsget[]' value='A rendezv\u00e9ny els\u0151 napj\u00e1n eb\u00e9det \u00e9s vacsor\u00e1t is ig\u00e9nylek (2023. okt\u00f3ber 14.)' class='checkbox-multiple'  \/> A rendezv\u00e9ny els\u0151 napj\u00e1n eb\u00e9det \u00e9s vacsor\u00e1t is ig\u00e9nylek (2023. okt\u00f3ber 14.)<\/label>\n\t\t<div class='clear-form'><\/div>\n\t\t<label class='grunion-checkbox-multiple-label checkbox-multiple'><input type='checkbox' name='g3779-atallkozmelynapjnvagynapjainkvnjaignybevenniaztkezsilehetsget[]' value='A rendezv\u00e9ny m\u00e1sodik napj\u00e1n ig\u00e9nylek reggelit (2023. okt\u00f3ber 15.)' class='checkbox-multiple'  \/> A rendezv\u00e9ny m\u00e1sodik napj\u00e1n ig\u00e9nylek reggelit (2023. okt\u00f3ber 15.)<\/label>\n\t\t<div class='clear-form'><\/div>\n\t\t<label class='grunion-checkbox-multiple-label checkbox-multiple'><input type='checkbox' name='g3779-atallkozmelynapjnvagynapjainkvnjaignybevenniaztkezsilehetsget[]' value='A rendezv\u00e9ny m\u00e1sodik napj\u00e1n ig\u00e9nylek eb\u00e9det (2023. okt\u00f3ber 15.)' class='checkbox-multiple'  \/> A rendezv\u00e9ny m\u00e1sodik napj\u00e1n ig\u00e9nylek eb\u00e9det (2023. okt\u00f3ber 15.)<\/label>\n\t\t<div class='clear-form'><\/div>\n\t\t<label class='grunion-checkbox-multiple-label checkbox-multiple'><input type='checkbox' name='g3779-atallkozmelynapjnvagynapjainkvnjaignybevenniaztkezsilehetsget[]' value='A rendezv\u00e9ny m\u00e1sodik napj\u00e1n reggelit \u00e9s eb\u00e9det is ig\u00e9nylek (2023. okt\u00f3ber 15.)' class='checkbox-multiple'  \/> A rendezv\u00e9ny m\u00e1sodik napj\u00e1n reggelit \u00e9s eb\u00e9det is ig\u00e9nylek (2023. okt\u00f3ber 15.)<\/label>\n\t\t<div class='clear-form'><\/div>\n\t\t<label class='grunion-checkbox-multiple-label checkbox-multiple'><input type='checkbox' name='g3779-atallkozmelynapjnvagynapjainkvnjaignybevenniaztkezsilehetsget[]' value='A rendezv\u00e9ny mindk\u00e9t napj\u00e1n ig\u00e9nybe k\u00edv\u00e1nom venni az \u00e9tkez\u00e9si lehet\u0151s\u00e9get (2023. okt\u00f3ber 14-15.)' class='checkbox-multiple'  \/> A rendezv\u00e9ny mindk\u00e9t napj\u00e1n ig\u00e9nybe k\u00edv\u00e1nom venni az \u00e9tkez\u00e9si lehet\u0151s\u00e9get (2023. okt\u00f3ber 14-15.)<\/label>\n\t\t<div class='clear-form'><\/div>\n\t\t<label class='grunion-checkbox-multiple-label checkbox-multiple'><input type='checkbox' name='g3779-atallkozmelynapjnvagynapjainkvnjaignybevenniaztkezsilehetsget[]' value='Nem k\u00edv\u00e1nom ig\u00e9nybe venni az \u00e9tkez\u00e9si lehet\u0151s\u00e9get' class='checkbox-multiple'  \/> Nem k\u00edv\u00e1nom ig\u00e9nybe venni az \u00e9tkez\u00e9si lehet\u0151s\u00e9get<\/label>\n\t\t<div class='clear-form'><\/div>\n\t<\/div>\n\t<p class='contact-submit'>\n\t\t<button type='submit' class='pushbutton-wide'>Submit<\/button>\t\t<input type='hidden' name='contact-form-id' value='3779' \/>\n\t\t<input type='hidden' name='action' value='grunion-contact-form' \/>\n\t\t<input type='hidden' name='contact-form-hash' value='be8d01c82af7686711e51522a905ebee278e25ca' \/>\n\t<\/p>\n<\/form>\n<\/div>\n<div class=\"fcbkbttn_buttons_block\" id=\"fcbkbttn_left\"><div class=\"fcbkbttn_like \"><fb:like href=\"https:\/\/arcus.org.rs\/hun\/viii-vajdasagi-fiatal-termeszetkutatok-talalkozoja-online-regisztracios-lap-resztvevok-szamara\/\" action=\"like\" colorscheme=\"light\" layout=\"standard\" show-faces='false' width=\"450px\" size=\"small\"><\/fb:like><\/div><\/div>","protected":false},"excerpt":{"rendered":"<p>Ezen oldalon kereszt\u00fcl, az al\u00e1bb tal\u00e1lhat\u00f3 online regisztr\u00e1ci\u00f3s lap kit\u00f6lt\u00e9s\u00e9vel \u00e9s elk\u00fcld\u00e9s\u00e9vel regisztr\u00e1lhat r\u00e9sztvev\u0151k\u00e9nt az Arcus K\u00f6rnyezetv\u00e9d\u0151 Egyes\u00fclet \u00e1ltal szervezett VIII. Vajdas\u00e1gi Fiatal Term\u00e9szetkutat\u00f3k Tal\u00e1lkoz\u00f3ja elnevez\u00e9s\u0171 rendezv\u00e9nyre. FIGYELEM! A tal\u00e1lkoz\u00f3 minden \u00e9rdekl\u0151d\u0151 el\u0151tt nyitott, viszont mindazok sz\u00e1m\u00e1ra, akik a teljes&hellip; <\/p>\n","protected":false},"author":5,"featured_media":0,"parent":0,"menu_order":0,"comment_status":"closed","ping_status":"open","template":"","meta":{"_mi_skip_tracking":false,"spay_email":""},"jetpack_shortlink":"https:\/\/wp.me\/P40Haz-YX","jetpack_sharing_enabled":true,"jetpack_likes_enabled":false,"_links":{"self":[{"href":"https:\/\/arcus.org.rs\/hun\/wp-json\/wp\/v2\/pages\/3779"}],"collection":[{"href":"https:\/\/arcus.org.rs\/hun\/wp-json\/wp\/v2\/pages"}],"about":[{"href":"https:\/\/arcus.org.rs\/hun\/wp-json\/wp\/v2\/types\/page"}],"author":[{"embeddable":true,"href":"https:\/\/arcus.org.rs\/hun\/wp-json\/wp\/v2\/users\/5"}],"replies":[{"embeddable":true,"href":"https:\/\/arcus.org.rs\/hun\/wp-json\/wp\/v2\/comments?post=3779"}],"version-history":[{"count":1,"href":"https:\/\/arcus.org.rs\/hun\/wp-json\/wp\/v2\/pages\/3779\/revisions"}],"predecessor-version":[{"id":3780,"href":"https:\/\/arcus.org.rs\/hun\/wp-json\/wp\/v2\/pages\/3779\/revisions\/3780"}],"wp:attachment":[{"href":"https:\/\/arcus.org.rs\/hun\/wp-json\/wp\/v2\/media?parent=3779"}],"curies":[{"name":"wp","href":"https:\/\/api.w.org\/{rel}","templated":true}]}}