{"id":383,"date":"2014-01-07T08:14:26","date_gmt":"2014-01-07T07:14:26","guid":{"rendered":"http:\/\/arcustest2.dreamhosters.com\/hun\/?page_id=383"},"modified":"2014-02-05T18:35:17","modified_gmt":"2014-02-05T17:35:17","slug":"zold-tenyek","status":"publish","type":"page","link":"https:\/\/arcus.org.rs\/hun\/zold-tenyek\/","title":{"rendered":"Z\u00f6ld t\u00e9nyek"},"content":{"rendered":"<ul>\n<li style=\"text-align: justify;\">A mez\u0151gazdas\u00e1ggal nem foglalkoz\u00f3 h\u00e1ztart\u00e1sok t\u00edzszer t\u00f6bb m\u00e9rgez\u0151 vegyszert haszn\u00e1lnak fel hekt\u00e1ronk\u00e9nt, mint a mez\u0151gazdas\u00e1ggal foglalkoz\u00f3k.<\/li>\n<li style=\"text-align: justify;\">Az \u00fajrahasznos\u00edtott alapanyagokb\u00f3l k\u00e9sz\u00fclt \u00fcveg el\u0151\u00e1ll\u00edt\u00e1sa 20%-al kevesebb l\u00e9gszennyez\u00e9ssel j\u00e1r, m\u00edg a k\u00e9pz\u0151d\u00f6tt szennyv\u00edz mennyis\u00e9ge 50%-al cs\u00f6kken.<a href=\"http:\/\/arcustest2.dreamhosters.com\/hun\/wp-content\/uploads\/2014\/01\/index.jpg\"><img loading=\"lazy\" class=\" wp-image-419 alignright\" alt=\"index\" src=\"http:\/\/arcustest2.dreamhosters.com\/hun\/wp-content\/uploads\/2014\/01\/index.jpg\" width=\"125\" height=\"165\" \/><\/a><\/li>\n<li style=\"text-align: justify;\">Egy tonna pap\u00edr \u00fajrahasznos\u00edt\u00e1s\u00e1val 1500 liter \u00fczemanyagot takar\u00edthatunk meg.<\/li>\n<li style=\"text-align: justify;\">T\u00f6bb mint sz\u00e1z n\u00f6v\u00e9nyv\u00e9d\u0151szer-\u00f6sszetev\u0151r\u0151l felt\u00e9telezik, hogy sz\u00fclet\u00e9si rendelleness\u00e9geket, r\u00e1kot \u00e9s g\u00e9nmut\u00e1ci\u00f3kat okozhat.<\/li>\n<li style=\"text-align: justify;\">A 2008-as \u00e9v folyam\u00e1n vil\u00e1gszerte k\u00f6zel 200 milli\u00f3 liter palackozott vizet adtak el.<\/li>\n<li style=\"text-align: justify;\">1875 \u00f3ta a tengerszint vil\u00e1gszerte \u00e1tlagosan 222 millim\u00e9terrel emelkedett.<\/li>\n<li style=\"text-align: justify;\">Az USA-ban a m\u0171anyag zacsk\u00f3k csup\u00e1n 1-2%-\u00e1t hasznos\u00edtj\u00e1k \u00fajra.<\/li>\n<li style=\"text-align: justify;\">\u00c9vente t\u00f6bb ezer tengeri \u00e1llat \u00e9s t\u00f6bb mint egy milli\u00f3 mad\u00e1r pusztul el a m\u0171anyag hullad\u00e9k miatt.<\/li>\n<li style=\"text-align: justify;\">Az ENSZ adatai szerint megk\u00f6zel\u00edt\u0151leg 46 ezer darab m\u0171anyag hullad\u00e9k lebeg az \u00f3ce\u00e1nok minden egyes n\u00e9gyzetm\u00e9rf\u00f6ldj\u00e9n.<\/li>\n<li style=\"text-align: justify;\">A l\u00e9gk\u00f6r sz\u00e9n-dioxid tartalma magasabb, mint b\u00e1rmikor a feljegyzett t\u00f6rt\u00e9nelem sor\u00e1n, \u00e1m az el\u0151rejelz\u00e9sek szerint \u00f3ri\u00e1si m\u00e9rt\u00e9kben fog n\u00f6vekedni a 21. sz\u00e1zad folyam\u00e1n.<a href=\"http:\/\/arcustest2.dreamhosters.com\/hun\/wp-content\/uploads\/2014\/01\/images6.jpg\"><img loading=\"lazy\" class=\"alignright  wp-image-421\" alt=\"images6\" src=\"http:\/\/arcustest2.dreamhosters.com\/hun\/wp-content\/uploads\/2014\/01\/images6.jpg\" width=\"100\" height=\"115\" \/><\/a><\/li>\n<li style=\"text-align: justify;\">A glob\u00e1lis felmeleged\u00e9s elm\u00e9lete nem \u00faj kelet\u0171. Svante Arrhenius Nobel-d\u00edjas vegy\u00e9sz m\u00e1r 1896-ban nyilv\u00e1noss\u00e1gra hozta elm\u00e9let\u00e9t a glob\u00e1lis felmeleged\u00e9sr\u0151l. Megfigyelte, hogy a sz\u00e9n-dioxid megg\u00e1tolja a h\u0151 egy r\u00e9sz\u00e9nek a vil\u00e1g\u0171rbe t\u00f6rt\u00e9n\u0151 t\u00e1voz\u00e1s\u00e1t, valamint azt is, hogy a sz\u00e9n el\u00e9get\u00e9s\u00e9vel sz\u00e9n-dioxid keletkezik.<\/li>\n<li style=\"text-align: justify;\">A kl\u00edmav\u00e1ltoz\u00e1s k\u00f6vetkezt\u00e9ben bizonyos betegs\u00e9gek, mint p\u00e9ld\u00e1ul a mal\u00e1ria \u00e9s a denga l\u00e1z terjed\u00e9s\u00e9nek megel\u0151z\u00e9se egyre nehezebb feladat lesz, m\u00e9g az olyan ter\u00fcleteken is, amelyek ma m\u00e9g t\u00fal hidegek ezen betegs\u00e9gek megjelen\u00e9s\u00e9hez.<\/li>\n<li style=\"text-align: justify;\">Eur\u00f3p\u00e1ban a 2003 nyar\u00e1n puszt\u00edt\u00f3 h\u0151hull\u00e1m t\u00f6bb ezer \u00e9letet k\u00f6vetelt. A 2003-as \u00e9v volt a legmelegebb az ut\u00f3bbi 500 \u00e9vben.<\/li>\n<li style=\"text-align: justify;\">A WHO becsl\u00e9sei szerint az \u00e1tlagh\u0151m\u00e9rs\u00e9klet n\u00f6veked\u00e9se \u00e9vente k\u00f6zel 150 ezer \u00e9letet k\u00f6vetelt az 1970-es \u00e9vek \u00f3ta. Az el\u0151rejelz\u00e9sek szerint ez a sz\u00e1m 2030-ig meg fog dupl\u00e1z\u00f3dni.<\/li>\n<li style=\"text-align: justify;\">Banglades ter\u00fclet\u00e9nek 16%-a ker\u00fclhet v\u00edz al\u00e1 a tengerszint 150 centim\u00e9teres n\u00f6veked\u00e9se eset\u00e9n, melynek k\u00f6vetkezt\u00e9ben k\u00f6zel 17 milli\u00f3 ember lenne k\u00e9nytelen elhagyni az otthon\u00e1t. Indon\u00e9zia \u00e9s Malajzia lakoss\u00e1g\u00e1nak nagy h\u00e1nyada szint\u00e9n vesz\u00e9lyeztetett.<\/li>\n<li style=\"text-align: justify;\">A Meteorol\u00f3giai Vil\u00e1gszervezet jelent\u00e9se alapj\u00e1n a 2000-t\u0151l 2009-ig terjed\u0151 id\u0151szak volt a legmelegebb, mi\u00f3ta feljegyz\u00e9seket vezetnek.<\/li>\n<li style=\"text-align: justify;\">Egy 2010-es kutat\u00e1s arra figyelmeztet, hogy az \u00fcvegh\u00e1zhat\u00e1st okoz\u00f3 g\u00e1zok m\u00e9rt\u00e9ktelen kibocs\u00e1jt\u00e1sa a vil\u00e1g \u00f3ce\u00e1njainak olyan m\u00e9rt\u00e9k\u0171 elsavasod\u00e1s\u00e1hoz vezethet, melyre nem volt p\u00e9lda az elm\u00falt 65 milli\u00f3 \u00e9v folyam\u00e1n.<a href=\"http:\/\/arcustest2.dreamhosters.com\/hun\/wp-content\/uploads\/2014\/01\/images8.jpg\"><img loading=\"lazy\" class=\"alignright  wp-image-422\" alt=\"images8\" src=\"http:\/\/arcustest2.dreamhosters.com\/hun\/wp-content\/uploads\/2014\/01\/images8.jpg\" width=\"150\" height=\"136\" \/><\/a><\/li>\n<li style=\"text-align: justify;\">A kibocs\u00e1jtott sz\u00e9n-dioxid egyharmad\u00e1t megk\u00f6tik az \u00f3ce\u00e1nok, a folyamat v\u00e9geredm\u00e9nyek\u00e9nt pedig sz\u00e9nsav keletkezik.<\/li>\n<li style=\"text-align: justify;\">Az 1998-as \u00e9v nagyon kedvez\u0151tlen volt a korallok sz\u00e1m\u00e1ra, mivel a popul\u00e1ci\u00f3 k\u00f6zel 16%-a kifeh\u00e9redett vagy elpusztult.<\/li>\n<li style=\"text-align: justify;\">A j\u00e9gmez\u0151k visszah\u00faz\u00f3d\u00e1sa miatt \u00e9vsz\u00e1zadunk k\u00f6zep\u00e9ig a jegesmedve popul\u00e1ci\u00f3 k\u00e9tharmada elt\u0171nhet, figyelmeztet az USA F\u00f6ldrajzi Fel\u00fcgyelete.<\/li>\n<li style=\"text-align: justify;\">\u00c9g\u00e9sg\u00e1tl\u00f3 szerek \u00e9s m\u00e9rgez\u0151 n\u00f6v\u00e9nyv\u00e9d\u0151 szerek is kimutathat\u00f3ak a h\u00e1zakban lebeg\u0151 porban.<\/li>\n<li style=\"text-align: justify;\">Ha a benzin\u00fczem\u0171 aut\u00f3nk motorj\u00e1t 30 m\u00e1sodpercig j\u00e1rni hagyjuk, t\u00f6bb \u00fczemanyagot fogyasztunk el, mintha le\u00e1ll\u00edtottuk \u00e9s \u00fajb\u00f3l beind\u00edtottuk volna.<\/li>\n<li style=\"text-align: justify;\">A t\u00edz \u00e9vn\u00e9l id\u0151sebb h\u0171t\u0151szekr\u00e9nyek \u00e1tlagosan 40%-al t\u00f6bb energi\u00e1t fogyasztanak, mint az \u00fajabb \u201eEnergy Star\u201d jelz\u00e9ssel ell\u00e1tott t\u00edpusok.<a href=\"http:\/\/arcustest2.dreamhosters.com\/hun\/wp-content\/uploads\/2014\/01\/images9.jpg\"><img loading=\"lazy\" class=\"alignright  wp-image-428\" alt=\"ECO\" src=\"http:\/\/arcustest2.dreamhosters.com\/hun\/wp-content\/uploads\/2014\/01\/images9.jpg\" width=\"155\" height=\"195\" \/><\/a><\/li>\n<li style=\"text-align: justify;\">A kutat\u00f3k adatai szerint \u00e9vente 6,3 milli\u00e1rd kilogramm hullad\u00e9kot \u00f6ntenek a vil\u00e1g \u00f3ce\u00e1njaiba.<\/li>\n<li style=\"text-align: justify;\">Egy \u00e1tlagos h\u00e1ztart\u00e1s energia-k\u00f6lts\u00e9gvet\u00e9s\u00e9nek 20%-\u00e1t a v\u00edz meleg\u00edt\u00e9se teszi ki.<\/li>\n<li style=\"text-align: justify;\">A ruhasz\u00e1r\u00edt\u00f3 g\u00e9pek \u00e9vente \u00e1tlagosan 1000 kWh energi\u00e1t fogyasztanak el.<\/li>\n<li style=\"text-align: justify;\">Nyugat-Afrika kaka\u00f3\u00fcltetv\u00e9nyein 284 ezer gyerek dolgozik embertelen k\u00f6r\u00fclm\u00e9nyek k\u00f6z\u00f6tt. Ezen \u00fcltetv\u00e9nyek adj\u00e1k a vil\u00e1g kaka\u00f3term\u00e9s\u00e9nek 43%-\u00e1t.<\/li>\n<li style=\"text-align: justify;\">A ny\u00e1ri h\u00f3napokban a h\u00e1ztart\u00e1sok v\u00edzfogyaszt\u00e1s\u00e1nak 40%-\u00e1t a locsol\u00e1s teszi ki.<\/li>\n<li style=\"text-align: justify;\">A h\u00e1ztart\u00e1sok \u00e1tlag energiafogyaszt\u00e1s\u00e1nak t\u00f6bb mint 50%-\u00e1t a h\u00e1zak h\u0171t\u00e9se \u00e9s f\u0171t\u00e9se teszi ki.<\/li>\n<li style=\"text-align: justify;\">A sz\u00e1mos \u00e9lelmiszerben megtal\u00e1lhat\u00f3 Red 40 \u00e9telfest\u00e9k hiperaktivit\u00e1st, agressz\u00edv viselked\u00e9st \u00e9s koncentr\u00e1ci\u00f3s zavart okozhat a gyerekekn\u00e9l, m\u00edg a feln\u0151ttekn\u00e9l fejf\u00e1j\u00e1s \u00e9s hasi f\u00e1jdalom jelentkezhet.<\/li>\n<li style=\"text-align: justify;\">\u00c9szak-Amerik\u00e1ban a gy\u00fcm\u00f6lcs- \u00e9s z\u00f6lds\u00e9gf\u00e9l\u00e9k \u00e1tlagosan 1500 m\u00e9rf\u00f6ldet utaznak miel\u0151tt az asztalra ker\u00fcln\u00e9nek.<\/li>\n<li style=\"text-align: justify;\">Egy tonna m\u0171anyag \u00fajrahasznos\u00edt\u00e1s\u00e1val 6,8 k\u00f6bm\u00e9ternyi f\u00f6ldter\u00fclet tiszt\u00edthat\u00f3 meg.<a href=\"http:\/\/arcustest2.dreamhosters.com\/hun\/wp-content\/uploads\/2014\/01\/images5.jpg\"><img loading=\"lazy\" class=\"alignright  wp-image-424\" alt=\"images5\" src=\"http:\/\/arcustest2.dreamhosters.com\/hun\/wp-content\/uploads\/2014\/01\/images5.jpg\" width=\"145\" height=\"181\" \/><\/a><\/li>\n<li style=\"text-align: justify;\">Percenk\u00e9nt 40 hekt\u00e1r \u0151serd\u0151t v\u00e1gnak ki.<\/li>\n<li style=\"text-align: justify;\">Csup\u00e1n egy liter nem megfelel\u0151en elhelyezett motorolaj 6 milli\u00f3 liter vizet szennyezhet be.<\/li>\n<li style=\"text-align: justify;\">Szem\u00e9lyenk\u00e9nt \u00e1tlag k\u00e9t kilogramm szil\u00e1rd hullad\u00e9k keletkezik naponta, ami \u00e9vi szinten egy tonna hullad\u00e9kot jelent.<\/li>\n<li style=\"text-align: justify;\">A h\u00e1ztart\u00e1si hullad\u00e9k harmad\u00e1t a csomagol\u00f3anyagok teszik ki.<\/li>\n<li style=\"text-align: justify;\">A vil\u00e1g hullad\u00e9k\u00e1nak 40%-\u00e1t a F\u00f6ld lakoss\u00e1g\u00e1nak 5%-a termeli.<\/li>\n<li style=\"text-align: justify;\">A korszer\u0171 \u00fcveg palackok leboml\u00e1s\u00e1hoz 4000 vagy m\u00e9g ann\u00e1l is t\u00f6bb \u00e9v sz\u00fcks\u00e9ges. A folyamat hosszabb lehet, ha a palack a talajba ker\u00fcl.<\/li>\n<li style=\"text-align: justify;\">A m\u0171anyag \u00fajrahasznos\u00edt\u00e1s\u00e1val k\u00e9tszer annyi energia takar\u00edthat\u00f3 meg, mint amennyi a m\u0171anyag el\u00e9get\u00e9s\u00e9vel nyerhet\u0151.<\/li>\n<li style=\"text-align: justify;\">Csup\u00e1n egy alum\u00ednium doboz \u00fajrahasznos\u00edt\u00e1s\u00e1val egy TV h\u00e1rom \u00f3r\u00e1s m\u0171k\u00f6d\u00e9s\u00e9hez sz\u00fcks\u00e9ges energia takar\u00edthat\u00f3 meg, ami f\u00e9l kanna g\u00e1zolajnak felel meg.<\/li>\n<li style=\"text-align: justify;\">A h\u0151fok egy fokkal val\u00f3 cs\u00f6kkent\u00e9se 10%-al cs\u00f6kkentheti a f\u0171t\u00e9ssz\u00e1ml\u00e1nkat.<\/li>\n<li style=\"text-align: justify;\">Egy \u00e1tlagos h\u00e1z eset\u00e9ben a falak megfelel\u0151 szigetel\u00e9s\u00e9vel az energiavesztes\u00e9g 20%-al cs\u00f6kkenthet\u0151.<\/li>\n<li style=\"text-align: justify;\">A n\u00f6v\u00e9nyv\u00e9d\u0151 szerek \u00e9s m\u0171tr\u00e1gy\u00e1k sz\u00e9les k\u00f6r\u0171 haszn\u00e1lata ellen\u00e9re az egy f\u0151re es\u0151 gabonaterm\u00e9s 1985 \u00f3ta folyamatosan cs\u00f6kken.<\/li>\n<li style=\"text-align: justify;\">A t\u00falzott hal\u00e1szat miatt sz\u00e1mos halfaj egyedsz\u00e1ma cs\u00f6kken\u0151 tendenci\u00e1t mutat. N\u00e9h\u00e1ny faj egyedsz\u00e1ma az egykori popul\u00e1ci\u00f3 egy tized\u00e9re cs\u00f6kkent.<\/li>\n<li style=\"text-align: justify;\">Az alum\u00ednium doboz leboml\u00e1s\u00e1hoz t\u00f6bb mint 500 \u00e9v sz\u00fcks\u00e9ges.<\/li>\n<li style=\"text-align: justify;\">Volt olyan id\u0151szak, amikor az alum\u00ednium \u00e9rt\u00e9kesebb volt az aranyn\u00e1l.<\/li>\n<li style=\"text-align: justify;\">A hullad\u00e9k pap\u00edrt haszn\u00e1l\u00f3 pap\u00edrgy\u00e1rak \u00e9p\u00edt\u00e9si k\u00f6lts\u00e9gei 50-80%-al kisebbek, mint a nyers f\u00e1t hasznos\u00edt\u00f3 \u00fczemek\u00e9.<\/li>\n<li style=\"text-align: justify;\">Ha a hullad\u00e9kunk megk\u00f6zel\u00edt\u0151leg 35%-\u00e1t \u00fajrahasznos\u00edtan\u00e1nk, \u00fagy jelent\u0151sen cs\u00f6kkenthetn\u00e9nk a k\u00e1rosanyag-kibocs\u00e1jt\u00e1st, ami megk\u00f6zel\u00edt\u0151leg 36 milli\u00f3 aut\u00f3 kivon\u00e1s\u00e1nak felelne meg.<\/li>\n<li style=\"text-align: justify;\">\u00c9vente t\u00f6bb mint 100 ezer n\u00e9gyzetkilom\u00e9ternyi es\u0151erd\u0151 pusztul el.<a href=\"http:\/\/arcustest2.dreamhosters.com\/hun\/wp-content\/uploads\/2014\/01\/images1.jpg\"><img loading=\"lazy\" class=\"alignright  wp-image-423\" alt=\"images1\" src=\"http:\/\/arcustest2.dreamhosters.com\/hun\/wp-content\/uploads\/2014\/01\/images1.jpg\" width=\"190\" height=\"132\" \/><\/a><\/li>\n<li style=\"text-align: justify;\">A F\u00f6ld es\u0151erdeinek t\u00f6bb mint a fele m\u00e1r elt\u0171nt.<\/li>\n<li style=\"text-align: justify;\">A gy\u00f3gyszert\u00e1rakban minden negyedik term\u00e9k alapanyaga az es\u0151erd\u0151kb\u0151l sz\u00e1rmazik.<\/li>\n<li style=\"text-align: justify;\">Egyetlen sz\u00e1m\u00edt\u00f3g\u00e9p legy\u00e1rt\u00e1s\u00e1hoz 190 ezer liter v\u00edz sz\u00fcks\u00e9ges.<\/li>\n<li style=\"text-align: justify;\">Egy kilogramm b\u00faza megtermel\u00e9s\u00e9hez 715-750 liter v\u00edz sz\u00fcks\u00e9ges.<\/li>\n<li style=\"text-align: justify;\">Egy kilogramm sz\u00f3ja el\u0151\u00e1ll\u00edt\u00e1s\u00e1hoz 1650-2200 liter vizet haszn\u00e1lnak fel.<\/li>\n<li style=\"text-align: justify;\">Egy kilogramm marhah\u00fas el\u0151\u00e1ll\u00edt\u00e1s\u00e1hoz 50-100 ezer liter vizet haszn\u00e1lnak fel.<a href=\"http:\/\/arcustest2.dreamhosters.com\/hun\/wp-content\/uploads\/2014\/01\/images4.jpg\"><img loading=\"lazy\" class=\"alignright  wp-image-425\" alt=\"images4\" src=\"http:\/\/arcustest2.dreamhosters.com\/hun\/wp-content\/uploads\/2014\/01\/images4.jpg\" width=\"130\" height=\"152\" \/><\/a><\/li>\n<li style=\"text-align: justify;\">T\u00f6bb ezer tonna elektronikai hullad\u00e9k keletkezik minden \u00e9vben, csup\u00e1n az\u00e9rt, mert a v\u00e1s\u00e1rl\u00f3k \u00faj mobiltelefonokat vesznek, hogy lecser\u00e9lj\u00e9k a megl\u00e9v\u0151ket.<\/li>\n<li style=\"text-align: justify;\">Izraelben a h\u00e1zak 90%-a rendelkezik napelemes v\u00edzmeleg\u00edt\u0151kkel, \u00e9s minden \u00faj h\u00e1z kell, hogy rendelkezzen vel\u00fck.<\/li>\n<li style=\"text-align: justify;\">2005-ben Spanyolorsz\u00e1g lett a m\u00e1sodik orsz\u00e1g (Izrael ut\u00e1n), amely k\u00f6telez\u0151v\u00e9 tette a napelemes v\u00edzmeleg\u00edt\u0151k felszerel\u00e9s\u00e9t az \u00faj \u00e9p\u00fcletekre.<\/li>\n<li style=\"text-align: justify;\">Csup\u00e1n Eur\u00f3p\u00e1ban 100 milli\u00f3 ember vesz \u00faj mobiltelefont \u00e9vente.<\/li>\n<li style=\"text-align: justify;\">Spanyolorsz\u00e1g eddig az egyetlen olyan orsz\u00e1g, amely k\u00f6telez\u0151v\u00e9 tette a napelemes \u00e1ramfejleszt\u0151k felszerel\u00e9s\u00e9t az \u00faj \u00e9p\u00fcletekre.<\/li>\n<li style=\"text-align: justify;\">A vas\u00fati p\u00e1ly\u00e1k egyszer\u0171bben \u00e9s olcs\u00f3bban karbantarthat\u00f3ak, mint az utak \u00e9s az aut\u00f3p\u00e1ly\u00e1k.<\/li>\n<li style=\"text-align: justify;\">A vas\u00fati kocsik \u00e9s mozdonyok megfelel\u0151 karbantart\u00e1s mellett sokkal tov\u00e1bb haszn\u00e1lhat\u00f3ak (ak\u00e1r sz\u00e1z \u00e9vig is), mint az aut\u00f3k \u00e9s a teheraut\u00f3k.<\/li>\n<li style=\"text-align: justify;\">Egy \u00faj vas\u00fatvonal ki\u00e9p\u00edt\u00e9se negyed annyiba ker\u00fcl, mint egy \u00faj aut\u00f3p\u00e1lya ki\u00e9p\u00edt\u00e9se.<\/li>\n<li style=\"text-align: justify;\">Egy \u00e1tlagos sz\u00e1m\u00edt\u00f3g\u00e9p \u00e9vi 340 kilogramm sz\u00e9n-dioxidot termel.<\/li>\n<li style=\"text-align: justify;\">Az USA-ban termesztik a genetikailag m\u00f3dos\u00edtott n\u00f6v\u00e9nyek t\u00f6bb mint fel\u00e9t.<\/li>\n<li style=\"text-align: justify;\">Vernontban (USA) \u00e9p\u00fclt meg az els\u0151 modern sz\u00e9lturbina az 1940-es \u00e9vek kezdet\u00e9n.<\/li>\n<li style=\"text-align: justify;\">A tengeri haj\u00f3z\u00e1s folyam\u00e1n t\u00f6bb k\u00e9n-dioxid ker\u00fcl a leveg\u0151be, mint a k\u00f6z\u00fati sz\u00e1ll\u00edt\u00e1s k\u00f6zben.<\/li>\n<li style=\"text-align: justify;\">Egy sz\u00e9lturbina 300 h\u00e1z \u00e1ramell\u00e1t\u00e1s\u00e1t tudja biztos\u00edtani.<\/li>\n<li style=\"text-align: justify;\">1950 \u00e9s 1996 k\u00f6z\u00f6tt a F\u00f6ld lakoss\u00e1ga megdupl\u00e1z\u00f3dott, az aut\u00f3k sz\u00e1ma pedig megt\u00edzszerez\u0151d\u00f6tt.<\/li>\n<li style=\"text-align: justify;\">Az \u00fajrahasznos\u00edtott pap\u00edr el\u0151\u00e1ll\u00edt\u00e1sa 30-50%-al kevesebb energi\u00e1t em\u00e9szt fel, mint a pap\u00edr nyers f\u00e1b\u00f3l t\u00f6rt\u00e9n\u0151 el\u0151\u00e1ll\u00edt\u00e1sa.<a href=\"http:\/\/arcustest2.dreamhosters.com\/hun\/wp-content\/uploads\/2014\/01\/gmos.jpg\"><img loading=\"lazy\" class=\"alignright  wp-image-426\" alt=\"GMOs\" src=\"http:\/\/arcustest2.dreamhosters.com\/hun\/wp-content\/uploads\/2014\/01\/gmos-300x150.jpg\" width=\"230\" height=\"115\" srcset=\"https:\/\/arcus.org.rs\/hun\/wp-content\/uploads\/2014\/01\/gmos-300x150.jpg 300w, https:\/\/arcus.org.rs\/hun\/wp-content\/uploads\/2014\/01\/gmos.jpg 318w\" sizes=\"(max-width: 230px) 100vw, 230px\" \/><\/a><\/li>\n<li style=\"text-align: justify;\">A genetikailag m\u00f3dos\u00edtott n\u00f6v\u00e9nyek \u201ebeszennyezhetik\u201d a hagyom\u00e1nyos n\u00f6v\u00e9nyek g\u00e9n\u00e1llom\u00e1ny\u00e1t. Ez a \u201eszennyez\u00e9s\u201d maradand\u00f3, melyet lehetetlen teljesen elt\u00fcntetni.<\/li>\n<li style=\"text-align: justify;\">A g\u00e9nm\u00f3dos\u00edt\u00e1snak vesz\u00e9lyes mell\u00e9khat\u00e1sai lehetnek. A k\u00fcl\u00f6nb\u00f6z\u0151 \u00e1llat- \u00e9s n\u00f6v\u00e9nyfajok g\u00e9njeinek kevered\u00e9se bel\u00e1thatatlan k\u00f6vetkezm\u00e9nyekkel j\u00e1rhat.<\/li>\n<li style=\"text-align: justify;\">A g\u00e9nszennyez\u00e9s anyagi vesztes\u00e9get okoz a hagyom\u00e1nyos n\u00f6v\u00e9nyeket termel\u0151 gazd\u00e1knak, illetve a biogazdas\u00e1goknak, mivel a GM n\u00f6v\u00e9nyek \u201ebeszennyezik\u201d a f\u00f6ldjeiket.<\/li>\n<li style=\"text-align: justify;\">A genetikailag m\u00f3dos\u00edtott n\u00f6v\u00e9nyek termeszt\u00e9s\u00e9hez egyre t\u00f6bb n\u00f6v\u00e9nyv\u00e9d\u0151 szer sz\u00fcks\u00e9ges, mivel ezen szerek (mint p\u00e9ld\u00e1ul a Roundup) t\u00falzott haszn\u00e1lata n\u00f6v\u00e9nyv\u00e9d\u0151szer-rezisztens gyomn\u00f6v\u00e9nyek megjelen\u00e9s\u00e9vel j\u00e1r, ez\u00e9rt a termel\u0151knek \u00e9vr\u0151l-\u00e9vre t\u00f6bb \u00e9s t\u00f6bb n\u00f6v\u00e9nyv\u00e9d\u0151 szert kell haszn\u00e1lniuk.<\/li>\n<li style=\"text-align: justify;\">Az EU-ba import\u00e1lt, genetikailag m\u00f3dos\u00edtott n\u00f6v\u00e9nyeken felnevelt \u00e1llatokt\u00f3l sz\u00e1rmaz\u00f3 h\u00fast, toj\u00e1st \u00e9s tejterm\u00e9keket a gy\u00e1rt\u00f3k nem k\u00f6telesek megjel\u00f6lni.<a href=\"http:\/\/arcustest2.dreamhosters.com\/hun\/wp-content\/uploads\/2014\/01\/corn.pharma.jpg\"><img loading=\"lazy\" class=\"alignright  wp-image-427\" alt=\"Corn pharma\" src=\"http:\/\/arcustest2.dreamhosters.com\/hun\/wp-content\/uploads\/2014\/01\/corn.pharma-300x179.jpg\" width=\"235\" height=\"140\" srcset=\"https:\/\/arcus.org.rs\/hun\/wp-content\/uploads\/2014\/01\/corn.pharma-300x179.jpg 300w, https:\/\/arcus.org.rs\/hun\/wp-content\/uploads\/2014\/01\/corn.pharma.jpg 400w\" sizes=\"(max-width: 235px) 100vw, 235px\" \/><\/a><\/li>\n<li style=\"text-align: justify;\">Egyes kutat\u00e1sok eredm\u00e9nyei azt mutatj\u00e1k, hogy a genetikailag m\u00f3dos\u00edtott n\u00f6v\u00e9nyeken nevelt \u00e1llatok k\u00fcl\u00f6nb\u00f6znek a hagyom\u00e1nyos n\u00f6v\u00e9nyeken nevelt \u00e1llatokt\u00f3l. Ezen kutat\u00e1sok eredm\u00e9nyei ellent\u00e9tben \u00e1llnak a biotechnol\u00f3giai ipar, valamint az \u00e9lelmiszeripar \u00e1ll\u00edt\u00e1s\u00e1val.<\/li>\n<li style=\"text-align: justify;\">A g\u00e9nmanipul\u00e1ci\u00f3 negat\u00edv oldal\u00e1t felfed\u0151 kutat\u00f3knak t\u00e1mad\u00e1sokkal, fenyeget\u00e9sekkel, elbocs\u00e1jt\u00e1sokkal \u00e9s az anyagi forr\u00e1sok kiapad\u00e1s\u00e1val kell szemben\u00e9zni\u00fck.<\/li>\n<li style=\"text-align: justify;\">Az ENSZ \u00e9s a Vil\u00e1gbank megb\u00edz\u00e1s\u00e1b\u00f3l k\u00e9sz\u00edtett, 58 orsz\u00e1g 400 tud\u00f3sa \u00e1ltal \u00f6ssze\u00e1ll\u00edtott jelent\u00e9s szerint a genetikailag m\u00f3dos\u00edtott n\u00f6v\u00e9nyek csup\u00e1n csek\u00e9ly m\u00e9rt\u00e9kben j\u00e1rulhatnak hozz\u00e1 a vil\u00e1g \u00e9lelmiszer termel\u00e9s\u00e9nek n\u00f6vel\u00e9s\u00e9hez, valamint a szeg\u00e9nys\u00e9g, \u00e9hez\u00e9s \u00e9s a kl\u00edmav\u00e1ltoz\u00e1s elleni k\u00fczdelemhez.<\/li>\n<\/ul>\n<div class=\"fcbkbttn_buttons_block\" id=\"fcbkbttn_left\"><div class=\"fcbkbttn_like \"><fb:like href=\"https:\/\/arcus.org.rs\/hun\/zold-tenyek\/\" action=\"like\" colorscheme=\"light\" layout=\"standard\" show-faces='false' width=\"450px\" size=\"small\"><\/fb:like><\/div><\/div>","protected":false},"excerpt":{"rendered":"<p>A mez\u0151gazdas\u00e1ggal nem foglalkoz\u00f3 h\u00e1ztart\u00e1sok t\u00edzszer t\u00f6bb m\u00e9rgez\u0151 vegyszert haszn\u00e1lnak fel hekt\u00e1ronk\u00e9nt, mint a mez\u0151gazdas\u00e1ggal foglalkoz\u00f3k. Az \u00fajrahasznos\u00edtott alapanyagokb\u00f3l k\u00e9sz\u00fclt \u00fcveg el\u0151\u00e1ll\u00edt\u00e1sa 20%-al kevesebb l\u00e9gszennyez\u00e9ssel j\u00e1r, m\u00edg a k\u00e9pz\u0151d\u00f6tt szennyv\u00edz mennyis\u00e9ge 50%-al cs\u00f6kken. Egy tonna pap\u00edr \u00fajrahasznos\u00edt\u00e1s\u00e1val 1500 liter \u00fczemanyagot&hellip; <\/p>\n","protected":false},"author":5,"featured_media":0,"parent":0,"menu_order":0,"comment_status":"closed","ping_status":"open","template":"","meta":{"_mi_skip_tracking":false,"spay_email":""},"jetpack_shortlink":"https:\/\/wp.me\/P40Haz-6b","jetpack_sharing_enabled":true,"jetpack_likes_enabled":false,"_links":{"self":[{"href":"https:\/\/arcus.org.rs\/hun\/wp-json\/wp\/v2\/pages\/383"}],"collection":[{"href":"https:\/\/arcus.org.rs\/hun\/wp-json\/wp\/v2\/pages"}],"about":[{"href":"https:\/\/arcus.org.rs\/hun\/wp-json\/wp\/v2\/types\/page"}],"author":[{"embeddable":true,"href":"https:\/\/arcus.org.rs\/hun\/wp-json\/wp\/v2\/users\/5"}],"replies":[{"embeddable":true,"href":"https:\/\/arcus.org.rs\/hun\/wp-json\/wp\/v2\/comments?post=383"}],"version-history":[{"count":0,"href":"https:\/\/arcus.org.rs\/hun\/wp-json\/wp\/v2\/pages\/383\/revisions"}],"wp:attachment":[{"href":"https:\/\/arcus.org.rs\/hun\/wp-json\/wp\/v2\/media?parent=383"}],"curies":[{"name":"wp","href":"https:\/\/api.w.org\/{rel}","templated":true}]}}