{"id":386,"date":"2013-12-10T16:40:53","date_gmt":"2013-12-10T15:40:53","guid":{"rendered":"http:\/\/arcustest2.dreamhosters.com\/hun\/?page_id=386"},"modified":"2021-05-27T01:09:00","modified_gmt":"2021-05-27T00:09:00","slug":"termeszeti-ertekeink","status":"publish","type":"page","link":"https:\/\/arcus.org.rs\/hun\/termeszeti-ertekeink\/","title":{"rendered":"Term\u00e9szeti \u00e9rt\u00e9keink"},"content":{"rendered":"<div id=\"attachment_547\" style=\"width: 275px\" class=\"wp-caption alignright\"><a href=\"https:\/\/arcus.org.rs\/hun\/wp-content\/uploads\/2014\/01\/zobnatica.lake_.Photo_.Sihelnik.J..jpg\"><img aria-describedby=\"caption-attachment-547\" loading=\"lazy\" class=\"wp-image-547\" title=\"Topolyai-t\u00f3 (Photo: Sihelnik J\u00f3zsef)\" src=\"https:\/\/arcus.org.rs\/hun\/wp-content\/uploads\/2014\/01\/zobnatica.lake_.Photo_.Sihelnik.J.-300x200.jpg\" alt=\"Topolyai-t\u00f3 (Photo: Sihelnik J\u00f3zsef)\" width=\"265\" height=\"177\" srcset=\"https:\/\/arcus.org.rs\/hun\/wp-content\/uploads\/2014\/01\/zobnatica.lake_.Photo_.Sihelnik.J.-300x200.jpg 300w, https:\/\/arcus.org.rs\/hun\/wp-content\/uploads\/2014\/01\/zobnatica.lake_.Photo_.Sihelnik.J..jpg 840w\" sizes=\"(max-width: 265px) 100vw, 265px\" \/><\/a><p id=\"caption-attachment-547\" class=\"wp-caption-text\">Topolyai-t\u00f3 (Photo: Sihelnik J\u00f3zsef)<\/p><\/div>\n<p style=\"text-align: justify;\">Topolya k\u00f6zs\u00e9g ter\u00fclet\u00e9n, illetve sz\u0171kebb k\u00f6rnyezet\u00fcnkben is tal\u00e1lhatunk olyan term\u00e9szetk\u00f6zeli \u00e9l\u0151helyeket, k\u00fcl\u00f6nb\u00f6z\u0151 n\u00f6v\u00e9ny-, gomba- \u00e9s \u00e1llatfajokat, valamint egy\u00e9b term\u00e9szeti \u00e9rt\u00e9keket, melyek mindenk\u00e9pp eml\u00edt\u00e9st \u00e9rdemelnek. Az Arcus K\u00f6rnyezetv\u00e9d\u0151 Egyes\u00fclet tags\u00e1ga rendszeres \u00e9s akt\u00edv kutat\u00f3munk\u00e1t is v\u00e9gez k\u00f6zs\u00e9g\u00fcnkben, \u00edgy sz\u00e1mos ter\u00fclet term\u00e9szeti \u00e9rt\u00e9keit t\u00e1rt\u00e1k m\u00e1r fel. Mindezek bemutat\u00e1s\u00e1t fontos feladatnak tartjuk, hiszen ez\u00e1ltal mind t\u00f6bben ismerhetik fel ezen \u00e9rt\u00e9kek v\u00e9delm\u00e9nek fontoss\u00e1g\u00e1t.<\/p>\n<p style=\"text-align: justify;\">A k\u00fcl\u00f6nb\u00f6z\u0151 el\u0151ad\u00e1sok, t\u00far\u00e1k \u00e9s term\u00e9szetismereti t\u00e1borok mellett, ezen a helyen k\u00edv\u00e1nunk tov\u00e1bbi lehet\u0151s\u00e9get biztos\u00edtani az \u00e9rdekl\u0151d\u0151 k\u00f6z\u00f6ns\u00e9g sz\u00e1m\u00e1ra, vid\u00e9k\u00fcnk term\u00e9szeti \u00e9rt\u00e9keinek megismer\u00e9s\u00e9re.<\/p>\n<p><strong>Tartalom:<\/strong><\/p>\n<p style=\"text-align: justify;\">\u2014 <strong>Sihelnik J\u00f3zsef, Vukajlovi\u0107 Pecze Nat\u00e1lia \u00e9s Nagyap\u00e1ti Sarolta: <em>A Topolya V\u00f6lgyei Term\u00e9szeti Park \u00e9l\u0151vil\u00e1ga<\/em><\/strong> (2021. m\u00e1jus 21.)<\/p>\n<p style=\"text-align: justify;\">Tizenn\u00e9gy r\u00e9szes cikksorozatunk a Topolya V\u00f6lgyei Term\u00e9szeti Park \u00e9s k\u00f6rny\u00e9k\u00e9nek \u00e9l\u0151vil\u00e1g\u00e1t, valamint term\u00e9szeti \u00e9rt\u00e9keit mutatja be.<\/p>\n<p style=\"text-align: justify;\"><strong>I. <a href=\"https:\/\/arcus.org.rs\/hun\/topolya-volgyei-termeszeti-park\/\"><em>Topolya V\u00f6lgyei Term\u00e9szeti Park<\/em><\/a><\/strong> \u203a\u203a\u203a<\/p>\n<p style=\"text-align: justify;\">\u2014 <strong>Sihelnik J\u00f3zsef \u00e9s Vukajlovi\u0107 Pecze Nat\u00e1lia: <a href=\"https:\/\/arcus.org.rs\/hun\/a-topolyai-park-multja-es-termeszeti-ertekei\/\"><em>A topolyai park m\u00faltja \u00e9s term\u00e9szeti \u00e9rt\u00e9kei<\/em><\/a><\/strong> (2021. m\u00e1jus 19.)<\/p>\n<p style=\"text-align: justify;\">A topolyai parkot a XIX. sz\u00e1zad elej\u00e9n telep\u00edtette a vid\u00e9k akkori birtokos\u00e1nak sz\u00e1m\u00edt\u00f3 Kray-csal\u00e1d&#8230;<\/p>\n<p>\u2014 <strong>Sihelnik J\u00f3zsef: <\/strong><em><strong><a href=\"https:\/\/arcus.org.rs\/hun\/a-betyar-volgy-novenyei\/\">A Bety\u00e1r-v\u00f6lgy n\u00f6v\u00e9nyei<\/a><\/strong><\/em> (2021. m\u00e1jus 18.)<\/p>\n<p style=\"text-align: justify;\">A K\u00e1rp\u00e1t-medenc\u00e9n bel\u00fcl az Alf\u00f6ld d\u00e9li r\u00e9sz\u00e9n tal\u00e1ljuk B\u00e1csk\u00e1t, amely csaknem teljes eg\u00e9sz\u00e9ben Vajdas\u00e1g ter\u00fclet\u00e9n helyezkedik el&#8230;<\/p>\n<p>\u2014 <strong>Sihelnik J\u00f3zsef: <\/strong><em><strong><a href=\"https:\/\/arcus.org.rs\/hun\/szurke-hosszufulu-denever-plecotus-austriacus\/\">Sz\u00fcrke hossz\u00faf\u00fcl\u0171-denev\u00e9r (Plecotus austriacus)<\/a><\/strong><\/em> (2021. m\u00e1jus 16.)<\/p>\n<p style=\"text-align: justify;\">K\u00f6zepes termet\u0171 faj. Megjelen\u00e9se nagyon jellegzetes, csak rokon\u00e1val, a barna hossz\u00faf\u00fcl\u0171-denev\u00e9rrel lehet \u00f6sszet\u00e9veszteni&#8230;<\/p>\n<p>\u2014 <strong>Sihelnik J\u00f3zsef: <\/strong><em><strong><a href=\"https:\/\/arcus.org.rs\/hun\/mocsari-teknos-emys-orbicularis\/\">Mocs\u00e1ri tekn\u0151s (Emys orbicularis)<\/a><\/strong><\/em> (2021. m\u00e1jus 16.)<\/p>\n<p>A mocs\u00e1ri tekn\u0151s p\u00e1nc\u00e9lj\u00e1nak hossza k\u00f6r\u00fclbel\u00fcl 20 centim\u00e9ter&#8230;<\/p>\n<p>\u2014 <strong>Vukajlovi\u0107 Pecze Nat\u00e1lia: <\/strong><em><strong><a href=\"https:\/\/arcus.org.rs\/hun\/zold-levelibeka-hyla-arborea\/\">Z\u00f6ld levelib\u00e9ka (Hyla arborea)<\/a><\/strong><\/em> (2021. m\u00e1jus 16.)<\/p>\n<p>A z\u00f6ld levelib\u00e9ka a b\u00e9k\u00e1k rendj\u00e9be \u00e9s a levelib\u00e9kaf\u00e9l\u00e9k csal\u00e1dj\u00e1ba tartoz\u00f3 k\u00e9t\u00e9lt\u0171faj&#8230;<\/p>\n<p>\u2014 <strong>Sihelnik J\u00f3zsef: <\/strong><em><strong><a href=\"https:\/\/arcus.org.rs\/hun\/reti-csik-misgurnus-fossilis\/\">R\u00e9ti cs\u00edk (Misgurnus fossilis)<\/a><\/strong><\/em> (2021. m\u00e1jus 16.)<\/p>\n<p>Teste hosszan megny\u00falt, izmos, oldalr\u00f3l kev\u00e9ss\u00e9 lap\u00edtott&#8230;<\/p>\n<p>\u2014 <strong>Vukajlovi\u0107 Pecze Nat\u00e1lia: <\/strong><em><strong><a href=\"https:\/\/arcus.org.rs\/hun\/szongariai-cselopok-lycosa-singoriensis\/\">Szong\u00e1riai csel\u0151p\u00f3k (Lycosa singoriensis)<\/a><\/strong><\/em> (2021. m\u00e1jus 15.)<\/p>\n<p style=\"text-align: justify;\">A szong\u00e1riai csel\u0151p\u00f3k a farkasp\u00f3kok csal\u00e1dj\u00e1ba tartozik&#8230;<\/p>\n<p>\u2014 <strong>Vukajlovi\u0107 Pecze Nat\u00e1lia: <\/strong><em><strong><a href=\"https:\/\/arcus.org.rs\/hun\/fecskefarku-lepke-papilio-machaon\/\">Fecskefark\u00fa lepke (Papilio machaon)<\/a><\/strong><\/em> (2021. m\u00e1jus 15.)<\/p>\n<p style=\"text-align: justify;\">A fecskefark\u00fa lepke a nappali lepk\u00e9khez tartozik&#8230;<\/p>\n<p>\u2014 <strong>Vukajlovi\u0107 Pecze Nat\u00e1lia: <\/strong><em><strong><a href=\"https:\/\/arcus.org.rs\/hun\/gyakori-nagyhomlokulegy-scaeva-pyrastri\/\">Gyakori nagyhomlok\u00fal\u00e9gy (Scaeva pyrastri)<\/a><\/strong><\/em> (2021. m\u00e1jus 15.)<\/p>\n<p style=\"text-align: justify;\">A gyakori nagyhomlok\u00fal\u00e9gy a zeng\u0151legyek csal\u00e1dj\u00e1ba tartozik&#8230;<\/p>\n<p>\u2014 <strong>Vukajlovi\u0107 Pecze Nat\u00e1lia: <\/strong><em><strong><a href=\"https:\/\/arcus.org.rs\/hun\/orrszarvubogar-oryctes-nasicornis\/\">Orrszarv\u00fabog\u00e1r (Oryctes nasicornis)<\/a><\/strong><\/em> (2021. m\u00e1jus 15.)<\/p>\n<p style=\"text-align: justify;\">Az orrszarv\u00fabog\u00e1r nappal rejtekhely\u00e9n tart\u00f3zkodik, csak a s\u00f6t\u00e9ts\u00e9g be\u00e1llt\u00e1val kapnak sz\u00e1rnyra&#8230;<\/p>\n<p>\u2014 <strong>Vukajlovi\u0107 Pecze Nat\u00e1lia: <\/strong><em><strong><a href=\"https:\/\/arcus.org.rs\/hun\/imadkozo-saska-mantis-religiosa\/\">Im\u00e1dkoz\u00f3 s\u00e1ska (Mantis religiosa)<\/a><\/strong><\/em> (2021. m\u00e1jus 15.)<\/p>\n<p style=\"text-align: justify;\">Az im\u00e1dkoz\u00f3 s\u00e1ska vagy \u00e1jtatos man\u00f3 a fog\u00f3l\u00e1b\u00faak rendj\u00e9be tartoz\u00f3 rovarfaj&#8230;<\/p>\n<p>\u2014 <strong>Sihelnik J\u00f3zsef: <\/strong><em><strong><a href=\"https:\/\/arcus.org.rs\/hun\/keskenylevelu-koris-fraxinus-angustifolia\/\">Keskenylevel\u0171 k\u0151ris (Fraxinus angustifolia)<\/a><\/strong><\/em> (2021. m\u00e1jus 13.)<\/p>\n<p style=\"text-align: justify;\">A keskenylevel\u0171 k\u0151ris 25-30 m\u00e9teres magass\u00e1got is el\u00e9r\u0151 lombhullat\u00f3 fafaj, mely id\u0151sen sz\u00e9lesebb, m\u00edg fiatalon keskeny k\u00fap form\u00e1j\u00fa lombkoron\u00e1val pomp\u00e1zik&#8230;<\/p>\n<p>\u2014 <strong>Sihelnik J\u00f3zsef: <\/strong><em><strong><a href=\"https:\/\/arcus.org.rs\/hun\/kocsanyos-tolgy-quercus-robur\/\">Kocs\u00e1nyos t\u00f6lgy (Quercus robur)<\/a><\/strong><\/em> (2021. m\u00e1jus 13.)<\/p>\n<p style=\"text-align: justify;\">Magas termet\u0171, tereb\u00e9lyes, sz\u00e9tter\u00fcl\u0151 \u00e1grendszer\u0171, boltozatos koron\u00e1j\u00fa lombhullat\u00f3 fafaj&#8230;<\/p>\n<p>\u2014 <strong>Vukajlovi\u0107 Pecze Nat\u00e1lia: <\/strong><em><strong><a href=\"https:\/\/arcus.org.rs\/hun\/kesei-pitypang-taraxacum-serotinum\/\">K\u00e9sei pitypang (Taraxacum serotinum)<\/a><\/strong><\/em> (2021. m\u00e1jus 12.)<\/p>\n<p style=\"text-align: justify;\">A k\u00e9sei pitypang tejnedvet tartalmaz\u00f3, t\u0151lev\u00e9lr\u00f3zs\u00e1s, \u00e9vel\u0151 n\u00f6v\u00e9ny&#8230;<\/p>\n<p>\u2014 <strong>Vukajlovi\u0107 Pecze Nat\u00e1lia: <\/strong><em><strong><a href=\"https:\/\/arcus.org.rs\/hun\/sotet-hagyma-allium-atroviolaceum\/\">S\u00f6t\u00e9t hagyma (Allium atroviolaceum)<\/a><\/strong><\/em> (2021. m\u00e1jus 12.)<\/p>\n<p style=\"text-align: justify;\">A s\u00f6t\u00e9t hagyma egyszik\u0171, hagym\u00e1s n\u00f6v\u00e9ny, mely a liliomf\u00e9l\u00e9khez tartozik&#8230;<\/p>\n<p>\u2014 <strong>Vukajlovi\u0107 Pecze Nat\u00e1lia: <\/strong><em><strong><a href=\"https:\/\/arcus.org.rs\/hun\/ligeti-zsalya-salvia-nemorosa\/\">Ligeti zs\u00e1lya (Salvia nemorosa)<\/a><\/strong><\/em> (2021. m\u00e1jus 12.)<\/p>\n<p style=\"text-align: justify;\">A ligeti zs\u00e1lya vagy Szent-Ilona f\u00fcve k\u00f6zepes termet\u0171, \u00e9vel\u0151 n\u00f6v\u00e9ny, mely El\u0151-\u00c1zsia \u00e9s Eur\u00f3pa ter\u00fclet\u00e9n elterjedt&#8230;<\/p>\n<p>\u2014 <strong>Sihelnik J\u00f3zsef: <\/strong><em><strong><a href=\"https:\/\/arcus.org.rs\/hun\/budai-imola-centaurea-sadleriana\/\">Budai imola (Centaurea sadleriana)<\/a><\/strong><\/em> (2021. m\u00e1jus 12.)<\/p>\n<p>A budai imola 80-100 cm magas, el\u00e1gaz\u00f3 sz\u00e1r\u00fa, bokrosod\u00f3 \u00e9vel\u0151 n\u00f6v\u00e9ny&#8230;<\/p>\n<p>\u2014 <strong>Vukajlovi\u0107 Pecze Nat\u00e1lia: <\/strong><em><strong><a href=\"https:\/\/arcus.org.rs\/hun\/szennyes-infu-ajuga-laxmannii\/\">Szennyes \u00ednf\u0171 (Ajuga laxmannii)<\/a><\/strong><\/em> (2021. m\u00e1jus 12.)<\/p>\n<p style=\"text-align: justify;\">A szennyes \u00ednf\u0171 15-30 cm-es, gyapjas-bozontos sz\u00e1r\u00fa, \u00e9vel\u0151 n\u00f6v\u00e9ny&#8230;<\/p>\n<p>\u2014 <strong>Vukajlovi\u0107 Pecze Nat\u00e1lia: <\/strong><em><strong><a href=\"https:\/\/arcus.org.rs\/hun\/szartalan-csudfu-astragalus-exscapus\/\">Sz\u00e1rtalan cs\u00fcdf\u0171 (Astragalus exscapus)<\/a><\/strong><\/em> (2021. m\u00e1jus 10.)<\/p>\n<p style=\"text-align: justify;\">A sz\u00e1rtalan cs\u00fcdf\u0171 a h\u00fcvelyesek rendj\u00e9be, ezen bel\u00fcl a pillang\u00f3svir\u00e1g\u00faak csal\u00e1dj\u00e1ba tartoz\u00f3 faj&#8230;<\/p>\n<p>\u2014 <strong>Sihelnik J\u00f3zsef: <\/strong><em><strong><a href=\"https:\/\/arcus.org.rs\/hun\/pusztai-meteng-vinca-herbacea\/\">Pusztai met\u00e9ng (Vinca herbacea)<\/a><\/strong><\/em> (2021. m\u00e1jus 10.)<\/p>\n<p style=\"text-align: justify;\">A pusztai met\u00e9ng kistermet\u0171, k\u00fasz\u00f3 vagy felemelked\u0151 sz\u00e1r\u00fa, \u00e9vel\u0151 n\u00f6v\u00e9ny&#8230;<\/p>\n<p>\u2014 <strong>Sihelnik J\u00f3zsef: <\/strong><em><strong><a href=\"https:\/\/arcus.org.rs\/hun\/tarka-safrany-crocus-reticulatus\/\">Tarka s\u00e1fr\u00e1ny (Crocus reticulatus)<\/a><\/strong><\/em> (2021. m\u00e1jus 10.)<\/p>\n<p style=\"text-align: justify;\">A tarka s\u00e1fr\u00e1ny 4-10 cm-es, kora tavaszi vadvir\u00e1gunk&#8230;<\/p>\n<p>\u2014 <strong>Sihelnik J\u00f3zsef: <\/strong><em><strong><a href=\"http:\/\/arcus.org.rs\/hun\/madarmegfigyelesi-lehetosegek-topolya-kornyeken\/\">Mad\u00e1rmegfigyel\u00e9si lehet\u0151s\u00e9gek Topolya k\u00f6rny\u00e9k\u00e9n<\/a><\/strong><\/em> (2014. janu\u00e1r 20.)<\/p>\n<p style=\"text-align: justify;\">Topolya k\u00f6zs\u00e9g t\u00falnyom\u00f3 r\u00e9sz\u00e9t agr\u00e1rter\u00fcletek teszik ki, \u00edgy sajnos kev\u00e9s term\u00e9szetk\u00f6zeli \u00e9l\u0151hely tal\u00e1lhat\u00f3 a k\u00f6zs\u00e9g ter\u00fclet\u00e9n&#8230;<\/p>\n<p style=\"text-align: justify;\">\u2014 <strong>Sihelnik J\u00f3zsef: <\/strong><em><strong><a href=\"http:\/\/arcus.org.rs\/hun\/az-erdei-fulesbagoly-asio-otus\/\">Az erdei f\u00fclesbagoly (Asio otus)<\/a><\/strong><\/em> (2014. janu\u00e1r 20.)<\/p>\n<p>Hossza 30-37 cm, sz\u00e1rnyfeszt\u00e1vols\u00e1ga 86-98 cm. Testt\u00f6mege 220-370 gramm k\u00f6z\u00f6tti&#8230;<\/p>\n<div class=\"fcbkbttn_buttons_block\" id=\"fcbkbttn_left\"><div class=\"fcbkbttn_like \"><fb:like href=\"https:\/\/arcus.org.rs\/hun\/termeszeti-ertekeink\/\" action=\"like\" colorscheme=\"light\" layout=\"standard\" show-faces='false' width=\"450px\" size=\"small\"><\/fb:like><\/div><\/div>","protected":false},"excerpt":{"rendered":"<p>Topolya k\u00f6zs\u00e9g ter\u00fclet\u00e9n, illetve sz\u0171kebb k\u00f6rnyezet\u00fcnkben is tal\u00e1lhatunk olyan term\u00e9szetk\u00f6zeli \u00e9l\u0151helyeket, k\u00fcl\u00f6nb\u00f6z\u0151 n\u00f6v\u00e9ny-, gomba- \u00e9s \u00e1llatfajokat, valamint egy\u00e9b term\u00e9szeti \u00e9rt\u00e9keket, melyek mindenk\u00e9pp eml\u00edt\u00e9st \u00e9rdemelnek. Az Arcus K\u00f6rnyezetv\u00e9d\u0151 Egyes\u00fclet tags\u00e1ga rendszeres \u00e9s akt\u00edv kutat\u00f3munk\u00e1t is v\u00e9gez k\u00f6zs\u00e9g\u00fcnkben, \u00edgy sz\u00e1mos ter\u00fclet term\u00e9szeti&hellip; <\/p>\n","protected":false},"author":5,"featured_media":0,"parent":0,"menu_order":0,"comment_status":"closed","ping_status":"open","template":"","meta":{"_mi_skip_tracking":false,"spay_email":""},"jetpack_shortlink":"https:\/\/wp.me\/P40Haz-6e","jetpack_sharing_enabled":true,"jetpack_likes_enabled":false,"_links":{"self":[{"href":"https:\/\/arcus.org.rs\/hun\/wp-json\/wp\/v2\/pages\/386"}],"collection":[{"href":"https:\/\/arcus.org.rs\/hun\/wp-json\/wp\/v2\/pages"}],"about":[{"href":"https:\/\/arcus.org.rs\/hun\/wp-json\/wp\/v2\/types\/page"}],"author":[{"embeddable":true,"href":"https:\/\/arcus.org.rs\/hun\/wp-json\/wp\/v2\/users\/5"}],"replies":[{"embeddable":true,"href":"https:\/\/arcus.org.rs\/hun\/wp-json\/wp\/v2\/comments?post=386"}],"version-history":[{"count":17,"href":"https:\/\/arcus.org.rs\/hun\/wp-json\/wp\/v2\/pages\/386\/revisions"}],"predecessor-version":[{"id":3004,"href":"https:\/\/arcus.org.rs\/hun\/wp-json\/wp\/v2\/pages\/386\/revisions\/3004"}],"wp:attachment":[{"href":"https:\/\/arcus.org.rs\/hun\/wp-json\/wp\/v2\/media?parent=386"}],"curies":[{"name":"wp","href":"https:\/\/api.w.org\/{rel}","templated":true}]}}