{"id":389,"date":"2014-01-20T18:14:44","date_gmt":"2014-01-20T17:14:44","guid":{"rendered":"http:\/\/arcustest2.dreamhosters.com\/hun\/?page_id=389"},"modified":"2021-06-04T16:07:50","modified_gmt":"2021-06-04T15:07:50","slug":"madarmegfigyelesi-lehetosegek-topolya-kornyeken","status":"publish","type":"page","link":"https:\/\/arcus.org.rs\/hun\/madarmegfigyelesi-lehetosegek-topolya-kornyeken\/","title":{"rendered":"Mad\u00e1rmegfigyel\u00e9si lehet\u0151s\u00e9gek Topolya k\u00f6rny\u00e9k\u00e9n"},"content":{"rendered":"<p style=\"text-align: justify;\">Topolya k\u00f6zs\u00e9g t\u00falnyom\u00f3 r\u00e9sz\u00e9t agr\u00e1rter\u00fcletek teszik ki, \u00edgy sajnos kev\u00e9s term\u00e9szetk\u00f6zeli \u00e9l\u0151hely tal\u00e1lhat\u00f3 a k\u00f6zs\u00e9g ter\u00fclet\u00e9n. Ennek ellen\u00e9re a Krivaja patak v\u00f6lgyh\u00e1l\u00f3zata meglehet\u0151sen gazdag \u00e9l\u0151vil\u00e1gnak ad otthont. Term\u00e9szetes n\u00f6v\u00e9nyt\u00e1rsul\u00e1sa a maradv\u00e1nyk\u00e9nt fennmaradt l\u00f6szpusztar\u00e9t, vagy ismertebb nev\u00e9n \u0151sgyep. A v\u00e1rosunkt\u00f3l \u00e9szakra elter\u00fcl\u0151 Topolyai-t\u00f3 vid\u00e9k\u00fcnk egyik leggazdagabb \u00e9l\u0151helye. Mesters\u00e9gesen l\u00e9trehozott v\u00edztest, \u00e1m vizes \u00e9l\u0151helyk\u00e9nt igen nagy jelent\u0151s\u00e9ggel b\u00edr\u00f3 ter\u00fclet.<\/p>\n<div id=\"attachment_2933\" style=\"width: 275px\" class=\"wp-caption alignleft\"><a href=\"https:\/\/arcus.org.rs\/hun\/wp-content\/uploads\/2021\/05\/panurus.biarmicus.Photo_.Sihelnik.J..jpg\"><img aria-describedby=\"caption-attachment-2933\" loading=\"lazy\" class=\"wp-image-2933\" title=\"Bark\u00f3scinege (Photo: Sihelnik J\u00f3zsef)\" src=\"https:\/\/arcus.org.rs\/hun\/wp-content\/uploads\/2021\/05\/panurus.biarmicus.Photo_.Sihelnik.J.-300x200.jpg\" alt=\"Bark\u00f3scinege (Photo: Sihelnik J\u00f3zsef)\" width=\"265\" height=\"177\" srcset=\"https:\/\/arcus.org.rs\/hun\/wp-content\/uploads\/2021\/05\/panurus.biarmicus.Photo_.Sihelnik.J.-300x200.jpg 300w, https:\/\/arcus.org.rs\/hun\/wp-content\/uploads\/2021\/05\/panurus.biarmicus.Photo_.Sihelnik.J.-768x512.jpg 768w, https:\/\/arcus.org.rs\/hun\/wp-content\/uploads\/2021\/05\/panurus.biarmicus.Photo_.Sihelnik.J..jpg 840w\" sizes=\"(max-width: 265px) 100vw, 265px\" \/><\/a><p id=\"caption-attachment-2933\" class=\"wp-caption-text\">Bark\u00f3scinege (Photo: Sihelnik J\u00f3zsef)<\/p><\/div>\n<p style=\"text-align: justify;\">Topolya k\u00f6zs\u00e9g ter\u00fclet\u00e9n jelenleg 192 mad\u00e1rfaj el\u0151fordul\u00e1sa bizony\u00edtott. Jelent\u0151s r\u00e9sz\u00fck a Topolyai-t\u00f3 \u00e9s annak k\u00f6rny\u00e9k\u00e9n tal\u00e1lhat\u00f3 mozaikos \u00e9l\u0151helyeken figyelhet\u0151 meg. Tavunk fels\u0151 szakasz\u00e1n, a Zobnatica m\u00f6g\u00f6tti nagy n\u00e1dasok egyike <b>v\u00f6r\u00f6s g\u00e9m<\/b> (<i>Ardea purpurea<\/i>) telepet rejt mag\u00e1ban, m\u00edg a k\u00f6zeli sziget apr\u00f3 n\u00f6v\u00e9s\u0171 f\u00e1in <b>bakcs\u00f3<\/b>k (<i>Nycticorax nycticorax<\/i>) f\u00e9szkelnek. Egyik legjelent\u0151sebb f\u00e9szkel\u0151 fajunk a <b>cig\u00e1nyr\u00e9ce<\/b> (<i>Aythya nyroca<\/i>), mely vil\u00e1gviszonylatban vesz\u00e9lyeztetett fajnak sz\u00e1m\u00edt. Els\u0151sorban a t\u00f3 fels\u0151, mocsarasod\u00f3 ter\u00fclet\u00e9t kedveli, itt k\u00f6lt n\u00e9h\u00e1ny p\u00e1ros helyi \u00e1llom\u00e1nya. Hasonl\u00f3 helyeken figyelhetj\u00fck meg a f\u00fcrge mozg\u00e1s\u00fa <b>kis v\u00f6csk\u00f6t<\/b> (<i>Tachybaptus ruficollis<\/i>), amely szint\u00e9n \u00e9rt\u00e9kes f\u00e9szkel\u0151 fajunk. A nagyobb kiterjed\u00e9s\u0171 n\u00e1dasokban k\u00f6lt a rejtett \u00e9letm\u00f3d\u00fa <b>guvat<\/b> (<i>Rallus aquaticus<\/i>), valamint rokona a<b> kis v\u00edzicsibe<\/b> (<i>Porzana parva<\/i>) \u00e9s a ritk\u00e1bb <b>pettyes v\u00edzicsibe<\/b> (<i>Porzana porzana<\/i>). Ugyancsak a nagy kiterjed\u00e9s\u0171, \u00f6reg n\u00e1dasok egyre nagyobb sz\u00e1mban f\u00e9szkel\u0151 \u00e9ke a <b>bark\u00f3scinege<\/b> (<i>Panurus biarmicus<\/i>). A kisebb-nagyobb szigetek n\u00e1dasaiban rejt\u0151z\u0151 f\u00e1kra \u00e9p\u00edti f\u00e9szk\u00e9t a <b>barna r\u00e9tih\u00e9ja<\/b> (<i>Circus aeruginosus<\/i>), vid\u00e9k\u00fcnk egyik nagym\u00e9ret\u0171 ragadoz\u00f3 madara. Term\u00e9szetesen a kis termet\u0171 n\u00e1di \u00e9nekesmadarak is sz\u00e9p sz\u00e1mban jelen vannak. K\u00f6z\u00fcl\u00fck rendszeres k\u00f6lt\u0151 faj a <b>foltos n\u00e1diposz\u00e1ta<\/b> (<i>Acrocephalus schoenobaenus<\/i>), <b>cserreg\u0151 n\u00e1diposz\u00e1ta<\/b> (<i>Acrocephalus scirpaceus<\/i>), <b>n\u00e1dirig\u00f3<\/b> (<i>Acrocephalus arundinaceus<\/i>), valamint a <b>n\u00e1di t\u00fccs\u00f6kmad\u00e1r<\/b> (<i>Locustella luscinioides<\/i>).<\/p>\n<p style=\"text-align: justify;\">A l\u00f6szpartok ritka f\u00e9szkel\u0151je a <b>j\u00e9gmad\u00e1r<\/b> (<i>Alcedo atthis<\/i>), mely vid\u00e9k\u00fcnk egyik legszebb madara. A t\u00f3 k\u00f6rny\u00e9ki l\u00f6szfalakba v\u00e1jja k\u00f6lt\u0151\u00fcreg\u00e9t a sz\u00ednpomp\u00e1s <b>gyurgyalag<\/b> (<i>Merops apiaster<\/i>). R\u00f6pt\u00e9ben igen k\u00f6nny\u0171 megfigyelni, kiv\u00e1ltk\u00e9pp a l\u00f6szfalak k\u00f6rny\u00e9k\u00e9n. Egy m\u00e1sik \u00e9rt\u00e9kes \u00e9s ritka f\u00e9szkel\u0151nk az \u00e9jszakai \u00e9letm\u00f3dot folytat\u00f3 <b>f\u00fcleskuvik<\/b> (<i>Otus scops<\/i>). Esti s\u00e9t\u00e1k alkalm\u00e1val jellegzetes f\u00fcttyent\u00e9sszer\u0171 hangj\u00e1r\u00f3l k\u00f6nnyen felismerhet\u0151.<\/p>\n<div id=\"attachment_3133\" style=\"width: 275px\" class=\"wp-caption alignright\"><a href=\"https:\/\/arcus.org.rs\/hun\/wp-content\/uploads\/2021\/06\/otus.scops_.Photo_.Sihelnik.J..jpg\"><img aria-describedby=\"caption-attachment-3133\" loading=\"lazy\" class=\"wp-image-3133\" title=\"F\u00fcleskuvik (Photo: Sihelnik J\u00f3zsef)\" src=\"https:\/\/arcus.org.rs\/hun\/wp-content\/uploads\/2021\/06\/otus.scops_.Photo_.Sihelnik.J.-300x200.jpg\" alt=\"F\u00fcleskuvik (Photo: Sihelnik J\u00f3zsef)\" width=\"265\" height=\"177\" srcset=\"https:\/\/arcus.org.rs\/hun\/wp-content\/uploads\/2021\/06\/otus.scops_.Photo_.Sihelnik.J.-300x200.jpg 300w, https:\/\/arcus.org.rs\/hun\/wp-content\/uploads\/2021\/06\/otus.scops_.Photo_.Sihelnik.J.-768x512.jpg 768w, https:\/\/arcus.org.rs\/hun\/wp-content\/uploads\/2021\/06\/otus.scops_.Photo_.Sihelnik.J..jpg 840w\" sizes=\"(max-width: 265px) 100vw, 265px\" \/><\/a><p id=\"caption-attachment-3133\" class=\"wp-caption-text\">F\u00fcleskuvik (Photo: Sihelnik J\u00f3zsef)<\/p><\/div>\n<p style=\"text-align: justify;\">Kissz\u00e1m\u00fa \u0151szi \u00e9s tavaszi \u00e1tvonul\u00f3k\u00e9nt jelen van a Vajdas\u00e1gban csak n\u00e9h\u00e1ny helyen k\u00f6lt\u0151 <b>f\u00fclem\u00fclesitke<\/b> (<i>Acrocephalus melanopogon<\/i>). Ez a kis termet\u0171 n\u00e1di \u00e9nekesmad\u00e1r az \u00f6reg n\u00e1dasokat, gy\u00e9k\u00e9nyeseket kedveli, ez\u00e9rt nem k\u00f6nny\u0171 megfigyelni. Jelent\u0151s sz\u00e1mban haszn\u00e1lj\u00e1k pihen\u0151hely\u00fcl a t\u00f3 ny\u00edlt v\u00edzfel\u00fcleteit a k\u00fcl\u00f6nb\u00f6z\u0151 r\u00e9cefajok. Megfigyelhet\u0151 a <b>kanalas r\u00e9ce<\/b> (<i>Anas clypeata<\/i>), <b>kendermagos r\u00e9ce<\/b> (<i>Anas strepera<\/i>), <b>f\u00fcty\u00fcl\u0151 r\u00e9ce<\/b> (<i>Anas penelope<\/i>) vagy \u00e9ppen a <b>b\u00f6jti r\u00e9ce<\/b> (<i>Anas querquedula<\/i>). A ny\u00e1r v\u00e9gi, \u0151szi id\u0151szakban m\u00e9g <b>hal\u00e1szsas<\/b>t (<i>Pandion haliaetus<\/i>) is megfigyelhet\u00fcnk a ter\u00fclet felett \u00e1trep\u00fclni, vagy \u00e9ppen hal\u00e1szni. Sz\u00e1mos partimad\u00e1r faj figyelhet\u0151 meg a vonul\u00e1si id\u0151ben, t\u00f6bbek k\u00f6z\u00f6tt <b>s\u00e1rszalonka<\/b> (<i>Gallinago gallinago<\/i>), <b>r\u00e9ti cank\u00f3<\/b> (<i>Tringa glareola<\/i>), <b>erdei cank\u00f3<\/b> (<i>Tringa ochropus<\/i>), <b>pajzsos cank\u00f3<\/b> (<i>Philomachus pugnax<\/i>), <b>nagy p\u00f3ling<\/b> (<i>Numenius arquata<\/i>) vagy a ritk\u00e1bbak k\u00f6z\u00fcl <b>f\u00fcst\u00f6s cank\u00f3<\/b> (<i>Tringa erythropus<\/i>) \u00e9s <b>sz\u00fcrke cank\u00f3<\/b> (<i>Tringa nebularia<\/i>). A sir\u00e1lyf\u00e9l\u00e9k k\u00f6z\u00fcl jelent\u0151s a <b>kis sir\u00e1ly<\/b> (<i>Larus minutus<\/i>), vagy a gyakrabban megfigyelhet\u0151 <b>k\u00fcszv\u00e1g\u00f3 cs\u00e9r<\/b> (<i>Sterna hirundo<\/i>), <b>fatty\u00faszerk\u0151<\/b> (<i>Chlidonias hybridus<\/i>) \u00e9s <b>kormos szerk\u0151<\/b> (<i>Chlidonias niger<\/i>).<\/p>\n<div id=\"attachment_2935\" style=\"width: 275px\" class=\"wp-caption alignleft\"><a href=\"https:\/\/arcus.org.rs\/hun\/wp-content\/uploads\/2021\/05\/chlidonias.hybridus.Photo_.Sihelnik.J..jpg\"><img aria-describedby=\"caption-attachment-2935\" loading=\"lazy\" class=\"wp-image-2935\" title=\"Fatty\u00faszerk\u0151 (Photo: Sihelnik J\u00f3zsef)\" src=\"https:\/\/arcus.org.rs\/hun\/wp-content\/uploads\/2021\/05\/chlidonias.hybridus.Photo_.Sihelnik.J.-300x200.jpg\" alt=\"Fatty\u00faszerk\u0151 (Photo: Sihelnik J\u00f3zsef)\" width=\"265\" height=\"177\" srcset=\"https:\/\/arcus.org.rs\/hun\/wp-content\/uploads\/2021\/05\/chlidonias.hybridus.Photo_.Sihelnik.J.-300x200.jpg 300w, https:\/\/arcus.org.rs\/hun\/wp-content\/uploads\/2021\/05\/chlidonias.hybridus.Photo_.Sihelnik.J.-768x512.jpg 768w, https:\/\/arcus.org.rs\/hun\/wp-content\/uploads\/2021\/05\/chlidonias.hybridus.Photo_.Sihelnik.J..jpg 840w\" sizes=\"(max-width: 265px) 100vw, 265px\" \/><\/a><p id=\"caption-attachment-2935\" class=\"wp-caption-text\">Fatty\u00faszerk\u0151 (Photo: Sihelnik J\u00f3zsef)<\/p><\/div>\n<p style=\"text-align: justify;\">K\u00f3borl\u00f3k\u00e9nt ritk\u00e1n el\u0151fordul a hatalmas termet\u0171 <b>r\u00e9tisas<\/b> (<i>Haliaeetus albicilla<\/i>), mely alapvet\u0151en halakkal t\u00e1pl\u00e1lkozik. \u0150sszel \u00e9rkezik a <b>v\u00e1ndors\u00f3lyom<\/b> (<i>Falco peregrinus<\/i>) vid\u00e9k\u00fcnkre, \u00e9s egy-k\u00e9t p\u00e9ld\u00e1ny rendszeresen n\u00e1lunk t\u00f6lti a telet. Apr\u00f3bb termet\u0171 rokona a <b>kis s\u00f3lyom<\/b> (<i>Falco columbarius<\/i>), rendszeres t\u00e9li vend\u00e9g vid\u00e9k\u00fcnk\u00f6n. A t\u00f3 viz\u00e9nek teljes befagy\u00e1s\u00e1ig megfigyelhet\u00fcnk n\u00e9h\u00e1ny \u00e9szakr\u00f3l \u00e9rkez\u0151 t\u00e9li vend\u00e9get is. Ilyen a <b>kontyos r\u00e9ce<\/b> (<i>Aythya fuligula<\/i>), <b>kercer\u00e9ce<\/b> (<i>Bucephala clangula<\/i>), vagy ritk\u00e1bb rokonuk a <b>nagy buk\u00f3<\/b> (<i>Mergus merganser<\/i>). Rajtuk k\u00edv\u00fcl a <b>sarki b\u00fav\u00e1r<\/b> (<i>Gavia arctica<\/i>) egy-egy p\u00e9ld\u00e1nya is felt\u0171nik. Ritk\u00e1n ker\u00fcl szem el\u00e9 az iszapos partokon keresg\u00e9l\u0151 <b>havasi pityer<\/b> (<i>Anthus spinoletta<\/i>), mely egyik k\u00fcl\u00f6nleges t\u00e9li vend\u00e9ge vid\u00e9k\u00fcnknek. N\u00e1l\u00e1n\u00e1l j\u00f3val gyakrabban megfigyelhet\u0151 az \u0151szt\u0151l, kora tavaszig n\u00e1lunk tart\u00f3zkod\u00f3 <b>s\u00fcv\u00f6lt\u0151<\/b> (<i>Pyrrhula pyrrhula<\/i>). F\u0151leg az olyan partszakaszokat \u00e9s f\u00e1s ter\u00fcleteket j\u00e1rja, ahol k\u00fcl\u00f6nb\u00f6z\u0151 k\u0151ris fajokat tal\u00e1l. Jellegzetes h\u00edv\u00f3hangj\u00e1r\u00f3l k\u00f6nnyen felismerhet\u0151.<\/p>\n<p style=\"text-align: justify;\">Topolya egyik t\u00e9li mad\u00e1rtani l\u00e1tv\u00e1nyoss\u00e1ga a v\u00e1ros k\u00f6zpontj\u00e1ban tal\u00e1lhat\u00f3 <b>erdei f\u00fclesbagoly<\/b> (<i>Asio otus<\/i>) telel\u0151hely. Itt m\u00e1r k\u00f6zel harminc \u00e9ve, minden t\u00e9len jelent\u0151s sz\u00e1mban gy\u0171lnek \u00f6ssze e bagolyfaj egyedei. Vannak olyan telek, amikor 150 p\u00e9ld\u00e1ny f\u00f6l\u00e9 emelkedik sz\u00e1muk, ezzel l\u00e1tv\u00e1nyos \u00e9s k\u00f6nnyen megfigyelhet\u0151 sz\u00ednfoltjai v\u00e1rosunknak.<\/p>\n<p style=\"text-align: right;\">Sihelnik J\u00f3zsef<\/p>\n<p>\u2039\u2039\u2039 <a href=\"https:\/\/arcus.org.rs\/hun\/termeszeti-ertekeink\/\"><em>vissza<\/em><\/a><\/p>\n<div class=\"fcbkbttn_buttons_block\" id=\"fcbkbttn_left\"><div class=\"fcbkbttn_like \"><fb:like href=\"https:\/\/arcus.org.rs\/hun\/madarmegfigyelesi-lehetosegek-topolya-kornyeken\/\" action=\"like\" colorscheme=\"light\" layout=\"standard\" show-faces='false' width=\"450px\" size=\"small\"><\/fb:like><\/div><\/div>","protected":false},"excerpt":{"rendered":"<p>Topolya k\u00f6zs\u00e9g t\u00falnyom\u00f3 r\u00e9sz\u00e9t agr\u00e1rter\u00fcletek teszik ki, \u00edgy sajnos kev\u00e9s term\u00e9szetk\u00f6zeli \u00e9l\u0151hely tal\u00e1lhat\u00f3 a k\u00f6zs\u00e9g ter\u00fclet\u00e9n. Ennek ellen\u00e9re a Krivaja patak v\u00f6lgyh\u00e1l\u00f3zata meglehet\u0151sen gazdag \u00e9l\u0151vil\u00e1gnak ad otthont. Term\u00e9szetes n\u00f6v\u00e9nyt\u00e1rsul\u00e1sa a maradv\u00e1nyk\u00e9nt fennmaradt l\u00f6szpusztar\u00e9t, vagy ismertebb nev\u00e9n \u0151sgyep. A v\u00e1rosunkt\u00f3l \u00e9szakra&hellip; <\/p>\n","protected":false},"author":5,"featured_media":0,"parent":0,"menu_order":0,"comment_status":"closed","ping_status":"open","template":"","meta":{"_mi_skip_tracking":false,"spay_email":""},"jetpack_shortlink":"https:\/\/wp.me\/P40Haz-6h","jetpack_sharing_enabled":true,"jetpack_likes_enabled":false,"_links":{"self":[{"href":"https:\/\/arcus.org.rs\/hun\/wp-json\/wp\/v2\/pages\/389"}],"collection":[{"href":"https:\/\/arcus.org.rs\/hun\/wp-json\/wp\/v2\/pages"}],"about":[{"href":"https:\/\/arcus.org.rs\/hun\/wp-json\/wp\/v2\/types\/page"}],"author":[{"embeddable":true,"href":"https:\/\/arcus.org.rs\/hun\/wp-json\/wp\/v2\/users\/5"}],"replies":[{"embeddable":true,"href":"https:\/\/arcus.org.rs\/hun\/wp-json\/wp\/v2\/comments?post=389"}],"version-history":[{"count":6,"href":"https:\/\/arcus.org.rs\/hun\/wp-json\/wp\/v2\/pages\/389\/revisions"}],"predecessor-version":[{"id":3150,"href":"https:\/\/arcus.org.rs\/hun\/wp-json\/wp\/v2\/pages\/389\/revisions\/3150"}],"wp:attachment":[{"href":"https:\/\/arcus.org.rs\/hun\/wp-json\/wp\/v2\/media?parent=389"}],"curies":[{"name":"wp","href":"https:\/\/api.w.org\/{rel}","templated":true}]}}