{"id":3978,"date":"2013-12-10T10:34:31","date_gmt":"2013-12-10T09:34:31","guid":{"rendered":"https:\/\/arcus.org.rs\/hun\/?page_id=3978"},"modified":"2023-10-23T23:15:27","modified_gmt":"2023-10-23T22:15:27","slug":"tag-szeretnek-lenni","status":"publish","type":"page","link":"https:\/\/arcus.org.rs\/hun\/tag-szeretnek-lenni\/","title":{"rendered":"Tag szeretn\u00e9k lenni"},"content":{"rendered":"<p style=\"text-align: justify;\">Az Arcus K\u00f6rnyezetv\u00e9d\u0151 Egyes\u00fclet olyan \u00f6nk\u00e9ntes, nonprofit, p\u00e1rt \u00e9s politika f\u00fcggetlen civil szervezet, amely term\u00e9szet- \u00e9s k\u00f6rnyezetv\u00e9delemmel, k\u00f6rnyezeti nevel\u00e9ssel, oktat\u00e1ssal, ifj\u00fas\u00e1gi tev\u00e9kenys\u00e9ggel, szakmai tov\u00e1bbk\u00e9pz\u00e9ssel \u00e9s kult\u00fart\u00f6rt\u00e9neti \u00e9rt\u00e9kek meg\u0151rz\u00e9s\u00e9vel kapcsolatos tev\u00e9kenys\u00e9geket folytat. Az egyes\u00fclethez b\u00e1rki csatlakozhat, aki egyet\u00e9rt annak c\u00e9lkit\u0171z\u00e9seivel, illetve seg\u00edteni k\u00edv\u00e1nja tev\u00e9kenys\u00e9g\u00e9t.<\/p>\n<div id=\"attachment_3981\" style=\"width: 275px\" class=\"wp-caption alignleft\"><a href=\"https:\/\/arcus.org.rs\/hun\/wp-content\/uploads\/2023\/10\/tagsagi.lap_.jpg\"><img aria-describedby=\"caption-attachment-3981\" loading=\"lazy\" class=\"wp-image-3981\" title=\"Az Arcus K\u00f6rnyezetv\u00e9d\u0151 Egyes\u00fclet tags\u00e1gi lapja\" src=\"https:\/\/arcus.org.rs\/hun\/wp-content\/uploads\/2023\/10\/tagsagi.lap_-300x210.jpg\" alt=\"Az Arcus K\u00f6rnyezetv\u00e9d\u0151 Egyes\u00fclet tags\u00e1gi lapja\" width=\"265\" height=\"186\" srcset=\"https:\/\/arcus.org.rs\/hun\/wp-content\/uploads\/2023\/10\/tagsagi.lap_-300x210.jpg 300w, https:\/\/arcus.org.rs\/hun\/wp-content\/uploads\/2023\/10\/tagsagi.lap_-768x538.jpg 768w, https:\/\/arcus.org.rs\/hun\/wp-content\/uploads\/2023\/10\/tagsagi.lap_.jpg 840w\" sizes=\"(max-width: 265px) 100vw, 265px\" \/><\/a><p id=\"caption-attachment-3981\" class=\"wp-caption-text\">Az Arcus K\u00f6rnyezetv\u00e9d\u0151 Egyes\u00fclet tags\u00e1gi lapja<\/p><\/div>\n<p style=\"text-align: justify;\">Mivel az Arcus K\u00f6rnyezetv\u00e9d\u0151 Egyes\u00fclet munk\u00e1ss\u00e1ga az \u00f6nk\u00e9ntess\u00e9gen alapszik, ez\u00e9rt tagjai sz\u00e1m\u00e1ra nem hat\u00e1roz meg tags\u00e1gi d\u00edjat, \u00edgy mindenki szabadon csatlakozhat, tagd\u00edj fizet\u00e9se n\u00e9lk\u00fcl. Annak lehet\u0151s\u00e9g\u00e9t viszont fenntartja, hogy b\u00e1rmelyik tagja vagy t\u00e1mogat\u00f3ja anyagi juttat\u00e1sban, k\u00fcl\u00f6nb\u00f6z\u0151 felaj\u00e1nl\u00e1sokban r\u00e9szes\u00edtse az egyes\u00fcletet.<\/p>\n<p style=\"text-align: justify;\">Az egyes\u00fclethez t\u00f6rt\u00e9n\u0151 csatlakoz\u00e1skor k\u00e9t tags\u00e1gi t\u00edpus k\u00f6z\u00fcl v\u00e1laszthat\u00f3 ki, hogy <strong>akt\u00edv<\/strong> vagy <strong>p\u00e1rtol\u00f3i<\/strong> tagja k\u00edv\u00e1n lenni az Arcus K\u00f6rnyezetv\u00e9d\u0151 Egyes\u00fcletnek. Mindezt annak f\u00e9ny\u00e9ben \u00e9rdemes eld\u00f6nteni, hogy akt\u00edvan, teh\u00e1t cselekv\u0151 m\u00f3don, vagy csak p\u00e1rtol\u00f3i, szimpatiz\u00e1nsi form\u00e1ban szeretn\u00e9 jelenl\u00e9t\u00e9vel seg\u00edteni az egyes\u00fclet munk\u00e1j\u00e1t. A k\u00e9t v\u00e1laszthat\u00f3 tags\u00e1gi form\u00e1n k\u00edv\u00fcl az egyes\u00fclet vezet\u0151s\u00e9ge <strong>tiszteletbeli<\/strong> tags\u00e1got adom\u00e1nyozhat \u00e9vi k\u00f6zgy\u0171l\u00e9sek alkalm\u00e1val, olyan szem\u00e9lyek sz\u00e1m\u00e1ra, akik munk\u00e1ss\u00e1gukkal akt\u00edvan hozz\u00e1j\u00e1rultak az Arcus K\u00f6rnyezetv\u00e9d\u0151 Egyes\u00fclet c\u00e9lkit\u0171z\u00e9seinek el\u00e9r\u00e9s\u00e9hez, valamint tev\u00e9kenys\u00e9g\u00e9nek magval\u00f3s\u00edt\u00e1s\u00e1hoz.<\/p>\n<p style=\"text-align: justify;\"><strong>A v\u00e1laszthat\u00f3 tags\u00e1gi form\u00e1k b\u0151vebb \u00e9rtelmez\u00e9se:<\/strong><\/p>\n<p style=\"text-align: justify;\"><strong>Akt\u00edv tag<\/strong> &#8211; E tags\u00e1gi form\u00e1t v\u00e1laszt\u00f3 tagok v\u00e1llalj\u00e1k, hogy az egyes\u00fclet \u00e1ltal szervezett k\u00fcl\u00f6nb\u00f6z\u0151 akci\u00f3kban \u00e9s egyes\u00fcleti tev\u00e9kenys\u00e9gben akt\u00edvan r\u00e9szt vesznek. Csatlakozhatnak az Arcus K\u00f6rnyezetv\u00e9d\u0151 Egyes\u00fcleten bel\u00fcl m\u0171k\u00f6d\u0151 b\u00e1rmelyik <em><a href=\"https:\/\/arcus.org.rs\/hun\/szakcsoportok\/\">szakcsoporthoz<\/a><\/em>, illetve annak tev\u00e9kenys\u00e9g\u00e9hez. Az akt\u00edv tagok r\u00e9sz\u00e9re \u00e9vente ker\u00fcl hiteles\u00edt\u00e9sre a tags\u00e1gi lap mell\u00e9klet\u00e9nek sz\u00e1m\u00edt\u00f3 hiteles\u00edt\u0151 lap. Term\u00e9szetesen az akt\u00edv tagok sz\u00e1m\u00e1ra is fenn\u00e1ll az a lehet\u0151s\u00e9g, hogy tags\u00e1gi form\u00e1t v\u00e1ltsanak.<\/p>\n<p style=\"text-align: justify;\"><strong>P\u00e1rtol\u00f3i tag<\/strong> &#8211; Ezen tags\u00e1gi form\u00e1t v\u00e1laszt\u00f3 tagok elismerik \u00e9s egyet\u00e9rtenek az egyes\u00fclet c\u00e9lkit\u0171z\u00e9seivel, valamint annak tev\u00e9kenys\u00e9g\u00e9vel. Tags\u00e1gukkal nem v\u00e1llalnak akt\u00edv szerepk\u00f6rt az Arcus K\u00f6rnyezetv\u00e9d\u0151 Egyes\u00fclet \u00e9let\u00e9ben, csup\u00e1n p\u00e1rtolj\u00e1k, t\u00e1mogatj\u00e1k \u00e9s elismerik munk\u00e1j\u00e1t. Ennek ellen\u00e9re sz\u00e1mukra is meg van annak lehet\u0151s\u00e9ge, hogy r\u00e9szt vegyenek b\u00e1rmelyik akci\u00f3ban, rendezv\u00e9nyen vagy ak\u00e1r a tudom\u00e1nyos tev\u00e9kenys\u00e9gekben. A p\u00e1rtol\u00f3i tagok eset\u00e9ben \u00f6t\u00e9vente ker\u00fcl hiteles\u00edt\u00e9sre a tags\u00e1gi lap mell\u00e9klet\u00e9nek sz\u00e1m\u00edt\u00f3 hiteles\u00edt\u0151 lap, melynek lej\u00e1rta ut\u00e1n meg\u00faj\u00edthatj\u00e1k \u00fajabb \u00f6t \u00e9vre, vagy \u00e9lhetnek azzal a lehet\u0151s\u00e9ggel, hogy tags\u00e1gi form\u00e1t v\u00e1ltanak.<\/p>\n<p style=\"text-align: justify;\"><em>Mi\u00e9rt \u00e9rdemes csatlakoznia hozz\u00e1nk?<\/em><\/p>\n<p style=\"text-align: justify;\">Az\u00e9rt, mert szem\u00e9lyes jelenl\u00e9t\u00e9vel is hozz\u00e1j\u00e1rulhat az akt\u00edv k\u00f6rnyezet- \u00e9s term\u00e9szetv\u00e9delemhez, bekapcsol\u00f3dhat k\u00fcl\u00f6nb\u00f6z\u0151 kutat\u00e1sokba, felm\u00e9r\u00e9sekbe, \u00e9s m\u00e9g tagd\u00edjat sem kell fizetnie.<\/p>\n<p style=\"text-align: justify;\"><strong>Csatlakozom az Arcus K\u00f6rnyezetv\u00e9d\u0151 Egyes\u00fclethez!<\/strong><\/p>\n<p style=\"text-align: justify;\"><a href=\"https:\/\/arcus.org.rs\/hun\/online-belepesi-nyilatkozat\/\" target=\"_blank\" rel=\"noopener\"><strong><em>ONLINE BEL\u00c9P\u00c9SI NYILATKOZAT KIT\u00d6LT\u00c9SE<\/em><\/strong><\/a><\/p>\n<p style=\"text-align: justify;\">Az egyes\u00fclet alapszab\u00e1lyzat\u00e1ban foglaltakkal kapcsolatban az al\u00e1bbi linkre kattintva tud t\u00e1j\u00e9koz\u00f3dni:<\/p>\n<p style=\"text-align: justify;\"><strong><em>AZ ARCUS K\u00d6RNYEZETV\u00c9D\u0150 EGYES\u00dcLET ALAPSZAB\u00c1LYZATA<\/em><\/strong><\/p>\n<div class=\"fcbkbttn_buttons_block\" id=\"fcbkbttn_left\"><div class=\"fcbkbttn_like \"><fb:like href=\"https:\/\/arcus.org.rs\/hun\/tag-szeretnek-lenni\/\" action=\"like\" colorscheme=\"light\" layout=\"standard\" show-faces='false' width=\"450px\" size=\"small\"><\/fb:like><\/div><\/div>","protected":false},"excerpt":{"rendered":"<p>Az Arcus K\u00f6rnyezetv\u00e9d\u0151 Egyes\u00fclet olyan \u00f6nk\u00e9ntes, nonprofit, p\u00e1rt \u00e9s politika f\u00fcggetlen civil szervezet, amely term\u00e9szet- \u00e9s k\u00f6rnyezetv\u00e9delemmel, k\u00f6rnyezeti nevel\u00e9ssel, oktat\u00e1ssal, ifj\u00fas\u00e1gi tev\u00e9kenys\u00e9ggel, szakmai tov\u00e1bbk\u00e9pz\u00e9ssel \u00e9s kult\u00fart\u00f6rt\u00e9neti \u00e9rt\u00e9kek meg\u0151rz\u00e9s\u00e9vel kapcsolatos tev\u00e9kenys\u00e9geket folytat. Az egyes\u00fclethez b\u00e1rki csatlakozhat, aki egyet\u00e9rt annak c\u00e9lkit\u0171z\u00e9seivel, illetve&hellip; <\/p>\n","protected":false},"author":5,"featured_media":0,"parent":0,"menu_order":0,"comment_status":"closed","ping_status":"open","template":"","meta":{"_mi_skip_tracking":false,"spay_email":""},"jetpack_shortlink":"https:\/\/wp.me\/P40Haz-12a","jetpack_sharing_enabled":true,"jetpack_likes_enabled":false,"_links":{"self":[{"href":"https:\/\/arcus.org.rs\/hun\/wp-json\/wp\/v2\/pages\/3978"}],"collection":[{"href":"https:\/\/arcus.org.rs\/hun\/wp-json\/wp\/v2\/pages"}],"about":[{"href":"https:\/\/arcus.org.rs\/hun\/wp-json\/wp\/v2\/types\/page"}],"author":[{"embeddable":true,"href":"https:\/\/arcus.org.rs\/hun\/wp-json\/wp\/v2\/users\/5"}],"replies":[{"embeddable":true,"href":"https:\/\/arcus.org.rs\/hun\/wp-json\/wp\/v2\/comments?post=3978"}],"version-history":[{"count":4,"href":"https:\/\/arcus.org.rs\/hun\/wp-json\/wp\/v2\/pages\/3978\/revisions"}],"predecessor-version":[{"id":3984,"href":"https:\/\/arcus.org.rs\/hun\/wp-json\/wp\/v2\/pages\/3978\/revisions\/3984"}],"wp:attachment":[{"href":"https:\/\/arcus.org.rs\/hun\/wp-json\/wp\/v2\/media?parent=3978"}],"curies":[{"name":"wp","href":"https:\/\/api.w.org\/{rel}","templated":true}]}}