{"id":4017,"date":"2013-12-10T14:23:39","date_gmt":"2013-12-10T13:23:39","guid":{"rendered":"https:\/\/arcus.org.rs\/hun\/?page_id=4017"},"modified":"2026-03-02T15:41:32","modified_gmt":"2026-03-02T14:41:32","slug":"tamogassa-munkankat","status":"publish","type":"page","link":"https:\/\/arcus.org.rs\/hun\/tamogassa-munkankat\/","title":{"rendered":"T\u00e1mogassa munk\u00e1nkat"},"content":{"rendered":"<div id=\"attachment_4018\" style=\"width: 260px\" class=\"wp-caption alignright\"><a href=\"https:\/\/arcus.org.rs\/hun\/wp-content\/uploads\/2023\/10\/carduelis.carduelis.latvanyterv.jpg\"><img aria-describedby=\"caption-attachment-4018\" loading=\"lazy\" class=\"wp-image-4018\" title=\"Tengelic (Carduelis carduelis) - nem el\u00e9rhet\u0151\" src=\"https:\/\/arcus.org.rs\/hun\/wp-content\/uploads\/2023\/10\/carduelis.carduelis.latvanyterv-300x252.jpg\" alt=\"Tengelic (Carduelis carduelis) - nem el\u00e9rhet\u0151\" width=\"250\" height=\"210\" srcset=\"https:\/\/arcus.org.rs\/hun\/wp-content\/uploads\/2023\/10\/carduelis.carduelis.latvanyterv-300x252.jpg 300w, https:\/\/arcus.org.rs\/hun\/wp-content\/uploads\/2023\/10\/carduelis.carduelis.latvanyterv-768x645.jpg 768w, https:\/\/arcus.org.rs\/hun\/wp-content\/uploads\/2023\/10\/carduelis.carduelis.latvanyterv.jpg 840w\" sizes=\"(max-width: 250px) 100vw, 250px\" \/><\/a><p id=\"caption-attachment-4018\" class=\"wp-caption-text\">Tengelic (Carduelis carduelis) &#8211; nem el\u00e9rhet\u0151<\/p><\/div>\n<p style=\"text-align: justify;\">Az Arcus K\u00f6rnyezetv\u00e9d\u0151 Egyes\u00fclet els\u0151sorban p\u00e1ly\u00e1zati forr\u00e1soknak k\u00f6sz\u00f6nhet\u0151en tudja megval\u00f3s\u00edtani t\u00e1borait, rendezv\u00e9nyeit, akci\u00f3it, valamint akt\u00edv term\u00e9szetv\u00e9delmi tev\u00e9kenys\u00e9get kifejteni. Ezen forr\u00e1sok azonban v\u00e1ltoz\u00f3 mennyis\u00e9g\u0171ek \u00e9s intenzit\u00e1s\u00faak, ez\u00e9rt egyes tev\u00e9kenys\u00e9gek kivitelez\u00e9s\u00e9re sok esetben igen korl\u00e1tozott anyagi keret \u00e1ll rendelkez\u00e9sre. Egyes\u00fclet\u00fcnk munk\u00e1ss\u00e1ga alapvet\u0151en az \u00f6nk\u00e9ntess\u00e9gen alapszik, ez\u00e9rt tagjai sz\u00e1m\u00e1ra nem hat\u00e1roz meg tags\u00e1gi d\u00edjat, \u00e1m annak lehet\u0151s\u00e9g\u00e9t fenntartja, hogy b\u00e1rmelyik tagja vagy t\u00e1mogat\u00f3ja anyagi juttat\u00e1sban, k\u00fcl\u00f6nb\u00f6z\u0151 felaj\u00e1nl\u00e1sokban r\u00e9szes\u00edtse.<\/p>\n<p style=\"text-align: justify;\">Amennyiben egyet\u00e9rt c\u00e9lkit\u0171z\u00e9seinkkel, illetve fontosnak \u00e9s hasznosnak tartja tev\u00e9kenys\u00e9g\u00fcnket, akkor sz\u00e1mos m\u00f3don t\u00e1mogathatja munk\u00e1nkat adom\u00e1ny\u00e1val. Felaj\u00e1nlhat r\u00e9sz\u00fcnkre faanyagot, elt\u00e9r\u0151 m\u00e9ret\u0171 csavarokat, sz\u00f6get, fest\u00e9ket, vagy ak\u00e1r k\u00fcl\u00f6nb\u00f6z\u0151 szersz\u00e1mokat mesters\u00e9ges f\u00e9szekod\u00fak \u00e9s k\u00f6lt\u0151l\u00e1d\u00e1k, valamint rovarv\u00e9delmi eszk\u00f6z\u00f6k k\u00e9sz\u00edt\u00e9s\u00e9hez. Emellett, sz\u00edvesen fogadunk felaj\u00e1nl\u00e1sokat \u00e9l\u0151hely-rekonstrukci\u00f3s t\u00f6rekv\u00e9seinkhez, de hozz\u00e1j\u00e1rulhat a munk\u00e1nk sor\u00e1n felmer\u00fcl\u0151 terepbej\u00e1r\u00e1sok \u00fczemanyagk\u00f6lts\u00e9g\u00e9hez is. Anyagi juttat\u00e1s eset\u00e9ben k\u00e9rj\u00fck, vegye fel vel\u00fcnk a kapcsolatot <a href=\"https:\/\/arcus.org.rs\/hun\/kapcsolat\/\"><em>\u00fczenetben<\/em><\/a>, \u00e9s mindenben igyeksz\u00fcnk rendelkez\u00e9s\u00e9re \u00e1llni.<\/p>\n<p style=\"text-align: justify;\">T\u00e1mogat\u00f3i kamp\u00e1nyunknak k\u00f6sz\u00f6nhet\u0151en viszont, legal\u00e1bb 600 din\u00e1r felaj\u00e1nl\u00e1sa eset\u00e9n aj\u00e1nd\u00e9kba adunk egy ig\u00e9nyes kivitel\u0171, sz\u00ednes f\u00e9nyk\u00e9ppel nyomtatott egyedi b\u00f6gr\u00e9t. Az ily m\u00f3don \u00f6sszegy\u0171lt t\u00e1mogat\u00e1st teljes eg\u00e9sz\u00e9ben od\u00falak\u00f3 \u00e9nekesmadarak, valamint v\u00f6r\u00f6s \u00e9s k\u00e9k v\u00e9rcs\u00e9k sz\u00e1m\u00e1ra alkalmas mesters\u00e9ges f\u00e9szekod\u00fak, illetve gy\u00f6ngybagoly k\u00f6lt\u0151l\u00e1d\u00e1k k\u00e9sz\u00edt\u00e9s\u00e9re ford\u00edtjuk. A b\u00f6gr\u00e9k el\u00e9rhet\u0151ek rendezv\u00e9nyeinken, akci\u00f3inkon \u00e9s irod\u00e1nkban is.<\/p>\n<p style=\"text-align: justify;\"><strong>Jelenleg az al\u00e1bbi mint\u00e1j\u00fa b\u00f6gr\u00e9k k\u00f6z\u00fcl v\u00e1laszthat, \u00e1m k\u00edn\u00e1latunk folyamatosan b\u0151v\u00fcl!<\/strong><\/p>\n<div id=\"attachment_4744\" style=\"width: 260px\" class=\"wp-caption alignleft\"><a href=\"https:\/\/arcus.org.rs\/hun\/wp-content\/uploads\/2026\/03\/erinaceus.concolor.latvanyterv.jpg\"><img aria-describedby=\"caption-attachment-4744\" loading=\"lazy\" class=\"wp-image-4744\" title=\"Keleti s\u00fcn (Erinaceus concolor) - el\u00e9rhet\u0151\" src=\"https:\/\/arcus.org.rs\/hun\/wp-content\/uploads\/2026\/03\/erinaceus.concolor.latvanyterv-300x252.jpg\" alt=\"Keleti s\u00fcn (Erinaceus concolor) - el\u00e9rhet\u0151\" width=\"250\" height=\"210\" srcset=\"https:\/\/arcus.org.rs\/hun\/wp-content\/uploads\/2026\/03\/erinaceus.concolor.latvanyterv-300x252.jpg 300w, https:\/\/arcus.org.rs\/hun\/wp-content\/uploads\/2026\/03\/erinaceus.concolor.latvanyterv-768x645.jpg 768w, https:\/\/arcus.org.rs\/hun\/wp-content\/uploads\/2026\/03\/erinaceus.concolor.latvanyterv.jpg 840w\" sizes=\"(max-width: 250px) 100vw, 250px\" \/><\/a><p id=\"caption-attachment-4744\" class=\"wp-caption-text\">Keleti s\u00fcn (Erinaceus concolor) &#8211; el\u00e9rhet\u0151<\/p><\/div>\n<div id=\"attachment_4743\" style=\"width: 260px\" class=\"wp-caption alignright\"><a href=\"https:\/\/arcus.org.rs\/hun\/wp-content\/uploads\/2026\/03\/anas.platyrhynchos.latvanyterv.jpg\"><img aria-describedby=\"caption-attachment-4743\" loading=\"lazy\" class=\"wp-image-4743\" title=\"T\u0151k\u00e9s r\u00e9ce (Anas platyrhynchos) - el\u00e9rhet\u0151\" src=\"https:\/\/arcus.org.rs\/hun\/wp-content\/uploads\/2026\/03\/anas.platyrhynchos.latvanyterv-300x252.jpg\" alt=\"T\u0151k\u00e9s r\u00e9ce (Anas platyrhynchos) - el\u00e9rhet\u0151\" width=\"250\" height=\"210\" srcset=\"https:\/\/arcus.org.rs\/hun\/wp-content\/uploads\/2026\/03\/anas.platyrhynchos.latvanyterv-300x252.jpg 300w, https:\/\/arcus.org.rs\/hun\/wp-content\/uploads\/2026\/03\/anas.platyrhynchos.latvanyterv-768x645.jpg 768w, https:\/\/arcus.org.rs\/hun\/wp-content\/uploads\/2026\/03\/anas.platyrhynchos.latvanyterv.jpg 840w\" sizes=\"(max-width: 250px) 100vw, 250px\" \/><\/a><p id=\"caption-attachment-4743\" class=\"wp-caption-text\">T\u0151k\u00e9s r\u00e9ce (Anas platyrhynchos) &#8211; el\u00e9rhet\u0151<\/p><\/div>\n<div id=\"attachment_4019\" style=\"width: 260px\" class=\"wp-caption alignleft\"><a href=\"https:\/\/arcus.org.rs\/hun\/wp-content\/uploads\/2023\/10\/tyto.alba_.latvanyterv.jpg\"><img aria-describedby=\"caption-attachment-4019\" loading=\"lazy\" class=\"wp-image-4019\" title=\"Gy\u00f6ngybagoly (Tyto alba) - el\u00e9rhet\u0151\" src=\"https:\/\/arcus.org.rs\/hun\/wp-content\/uploads\/2023\/10\/tyto.alba_.latvanyterv-300x252.jpg\" alt=\"Gy\u00f6ngybagoly (Tyto alba) - el\u00e9rhet\u0151\" width=\"250\" height=\"210\" srcset=\"https:\/\/arcus.org.rs\/hun\/wp-content\/uploads\/2023\/10\/tyto.alba_.latvanyterv-300x252.jpg 300w, https:\/\/arcus.org.rs\/hun\/wp-content\/uploads\/2023\/10\/tyto.alba_.latvanyterv-768x645.jpg 768w, https:\/\/arcus.org.rs\/hun\/wp-content\/uploads\/2023\/10\/tyto.alba_.latvanyterv.jpg 840w\" sizes=\"(max-width: 250px) 100vw, 250px\" \/><\/a><p id=\"caption-attachment-4019\" class=\"wp-caption-text\">Gy\u00f6ngybagoly (Tyto alba) &#8211; el\u00e9rhet\u0151<\/p><\/div>\n<div id=\"attachment_4742\" style=\"width: 260px\" class=\"wp-caption alignright\"><a href=\"https:\/\/arcus.org.rs\/hun\/wp-content\/uploads\/2026\/03\/asio.otus_.latvanyterv.jpg\"><img aria-describedby=\"caption-attachment-4742\" loading=\"lazy\" class=\"wp-image-4742\" title=\"Erdei f\u00fclesbagoly (Asio otus) - el\u00e9rhet\u0151\" src=\"https:\/\/arcus.org.rs\/hun\/wp-content\/uploads\/2026\/03\/asio.otus_.latvanyterv-300x252.jpg\" alt=\"Erdei f\u00fclesbagoly (Asio otus) - el\u00e9rhet\u0151\" width=\"250\" height=\"210\" srcset=\"https:\/\/arcus.org.rs\/hun\/wp-content\/uploads\/2026\/03\/asio.otus_.latvanyterv-300x252.jpg 300w, https:\/\/arcus.org.rs\/hun\/wp-content\/uploads\/2026\/03\/asio.otus_.latvanyterv-768x645.jpg 768w, https:\/\/arcus.org.rs\/hun\/wp-content\/uploads\/2026\/03\/asio.otus_.latvanyterv.jpg 840w\" sizes=\"(max-width: 250px) 100vw, 250px\" \/><\/a><p id=\"caption-attachment-4742\" class=\"wp-caption-text\">Erdei f\u00fclesbagoly (Asio otus) &#8211; el\u00e9rhet\u0151<\/p><\/div>\n<div id=\"attachment_4021\" style=\"width: 260px\" class=\"wp-caption alignright\"><a href=\"https:\/\/arcus.org.rs\/hun\/wp-content\/uploads\/2023\/10\/coracias.garrulus.latvanyterv.jpg\"><img aria-describedby=\"caption-attachment-4021\" loading=\"lazy\" class=\"wp-image-4021\" title=\"Szalak\u00f3ta (Coracias garrulus) - el\u00e9rhet\u0151\" src=\"https:\/\/arcus.org.rs\/hun\/wp-content\/uploads\/2023\/10\/coracias.garrulus.latvanyterv-300x252.jpg\" alt=\"Szalak\u00f3ta (Coracias garrulus) - el\u00e9rhet\u0151\" width=\"250\" height=\"210\" srcset=\"https:\/\/arcus.org.rs\/hun\/wp-content\/uploads\/2023\/10\/coracias.garrulus.latvanyterv-300x252.jpg 300w, https:\/\/arcus.org.rs\/hun\/wp-content\/uploads\/2023\/10\/coracias.garrulus.latvanyterv-768x645.jpg 768w, https:\/\/arcus.org.rs\/hun\/wp-content\/uploads\/2023\/10\/coracias.garrulus.latvanyterv.jpg 840w\" sizes=\"(max-width: 250px) 100vw, 250px\" \/><\/a><p id=\"caption-attachment-4021\" class=\"wp-caption-text\">Szalak\u00f3ta (Coracias garrulus) &#8211; el\u00e9rhet\u0151<\/p><\/div>\n<div id=\"attachment_4022\" style=\"width: 260px\" class=\"wp-caption alignleft\"><a href=\"https:\/\/arcus.org.rs\/hun\/wp-content\/uploads\/2023\/10\/merops.apiaster.latvanyterv.jpg\"><img aria-describedby=\"caption-attachment-4022\" loading=\"lazy\" class=\"wp-image-4022\" title=\"Gyurgyalag (Merops apiaster) - el\u00e9rhet\u0151\" src=\"https:\/\/arcus.org.rs\/hun\/wp-content\/uploads\/2023\/10\/merops.apiaster.latvanyterv-300x252.jpg\" alt=\"Gyurgyalag (Merops apiaster) - el\u00e9rhet\u0151\" width=\"250\" height=\"210\" srcset=\"https:\/\/arcus.org.rs\/hun\/wp-content\/uploads\/2023\/10\/merops.apiaster.latvanyterv-300x252.jpg 300w, https:\/\/arcus.org.rs\/hun\/wp-content\/uploads\/2023\/10\/merops.apiaster.latvanyterv-768x645.jpg 768w, https:\/\/arcus.org.rs\/hun\/wp-content\/uploads\/2023\/10\/merops.apiaster.latvanyterv.jpg 840w\" sizes=\"(max-width: 250px) 100vw, 250px\" \/><\/a><p id=\"caption-attachment-4022\" class=\"wp-caption-text\">Gyurgyalag (Merops apiaster) &#8211; el\u00e9rhet\u0151<\/p><\/div>\n<div id=\"attachment_4023\" style=\"width: 260px\" class=\"wp-caption alignright\"><a href=\"https:\/\/arcus.org.rs\/hun\/wp-content\/uploads\/2023\/10\/iphiclides.podalirius.latvanyterv.jpg\"><img aria-describedby=\"caption-attachment-4023\" loading=\"lazy\" class=\"wp-image-4023\" title=\"Kardoslepke (Iphiclides podalirius) - el\u00e9rhet\u0151\" src=\"https:\/\/arcus.org.rs\/hun\/wp-content\/uploads\/2023\/10\/iphiclides.podalirius.latvanyterv-300x252.jpg\" alt=\"Kardoslepke (Iphiclides podalirius) - el\u00e9rhet\u0151\" width=\"250\" height=\"210\" srcset=\"https:\/\/arcus.org.rs\/hun\/wp-content\/uploads\/2023\/10\/iphiclides.podalirius.latvanyterv-300x252.jpg 300w, https:\/\/arcus.org.rs\/hun\/wp-content\/uploads\/2023\/10\/iphiclides.podalirius.latvanyterv-768x645.jpg 768w, https:\/\/arcus.org.rs\/hun\/wp-content\/uploads\/2023\/10\/iphiclides.podalirius.latvanyterv.jpg 840w\" sizes=\"(max-width: 250px) 100vw, 250px\" \/><\/a><p id=\"caption-attachment-4023\" class=\"wp-caption-text\">Kardoslepke (Iphiclides podalirius) &#8211; el\u00e9rhet\u0151<\/p><\/div>\n<div id=\"attachment_4020\" style=\"width: 260px\" class=\"wp-caption alignleft\"><a href=\"https:\/\/arcus.org.rs\/hun\/wp-content\/uploads\/2023\/10\/falco.vespertinus.latvanyterv.jpg\"><img aria-describedby=\"caption-attachment-4020\" loading=\"lazy\" class=\"wp-image-4020\" title=\"K\u00e9k v\u00e9rcse (Falco vespertinus) - nem el\u00e9rhet\u0151\" src=\"https:\/\/arcus.org.rs\/hun\/wp-content\/uploads\/2023\/10\/falco.vespertinus.latvanyterv-300x252.jpg\" alt=\"K\u00e9k v\u00e9rcse (Falco vespertinus) - nem el\u00e9rhet\u0151\" width=\"250\" height=\"210\" srcset=\"https:\/\/arcus.org.rs\/hun\/wp-content\/uploads\/2023\/10\/falco.vespertinus.latvanyterv-300x252.jpg 300w, https:\/\/arcus.org.rs\/hun\/wp-content\/uploads\/2023\/10\/falco.vespertinus.latvanyterv-768x645.jpg 768w, https:\/\/arcus.org.rs\/hun\/wp-content\/uploads\/2023\/10\/falco.vespertinus.latvanyterv.jpg 840w\" sizes=\"(max-width: 250px) 100vw, 250px\" \/><\/a><p id=\"caption-attachment-4020\" class=\"wp-caption-text\">K\u00e9k v\u00e9rcse (Falco vespertinus) &#8211; nem el\u00e9rhet\u0151<\/p><\/div>\n<div id=\"attachment_4740\" style=\"width: 260px\" class=\"wp-caption alignleft\"><a href=\"https:\/\/arcus.org.rs\/hun\/wp-content\/uploads\/2026\/03\/adonis.vernalis.latvanyterv.jpg\"><img aria-describedby=\"caption-attachment-4740\" loading=\"lazy\" class=\"wp-image-4740\" title=\"Tavaszi h\u00e9rics (Adonis vernalis) - el\u00e9rhet\u0151\" src=\"https:\/\/arcus.org.rs\/hun\/wp-content\/uploads\/2026\/03\/adonis.vernalis.latvanyterv-300x252.jpg\" alt=\"Tavaszi h\u00e9rics (Adonis vernalis) - el\u00e9rhet\u0151\" width=\"250\" height=\"210\" srcset=\"https:\/\/arcus.org.rs\/hun\/wp-content\/uploads\/2026\/03\/adonis.vernalis.latvanyterv-300x252.jpg 300w, https:\/\/arcus.org.rs\/hun\/wp-content\/uploads\/2026\/03\/adonis.vernalis.latvanyterv-768x645.jpg 768w, https:\/\/arcus.org.rs\/hun\/wp-content\/uploads\/2026\/03\/adonis.vernalis.latvanyterv.jpg 840w\" sizes=\"(max-width: 250px) 100vw, 250px\" \/><\/a><p id=\"caption-attachment-4740\" class=\"wp-caption-text\">Tavaszi h\u00e9rics (Adonis vernalis) &#8211; el\u00e9rhet\u0151<\/p><\/div>\n<p>&nbsp;<\/p>\n<div id=\"attachment_4024\" style=\"width: 260px\" class=\"wp-caption alignright\"><a href=\"https:\/\/arcus.org.rs\/hun\/wp-content\/uploads\/2023\/10\/crocus.reticulatus.latvanyterv.jpg\"><img aria-describedby=\"caption-attachment-4024\" loading=\"lazy\" class=\"wp-image-4024\" title=\"Tarka s\u00e1fr\u00e1ny (Crocus reticulatus) - el\u00e9rhet\u0151\" src=\"https:\/\/arcus.org.rs\/hun\/wp-content\/uploads\/2023\/10\/crocus.reticulatus.latvanyterv-300x252.jpg\" alt=\"Tarka s\u00e1fr\u00e1ny (Crocus reticulatus) - el\u00e9rhet\u0151\" width=\"250\" height=\"210\" srcset=\"https:\/\/arcus.org.rs\/hun\/wp-content\/uploads\/2023\/10\/crocus.reticulatus.latvanyterv-300x252.jpg 300w, https:\/\/arcus.org.rs\/hun\/wp-content\/uploads\/2023\/10\/crocus.reticulatus.latvanyterv-768x645.jpg 768w, https:\/\/arcus.org.rs\/hun\/wp-content\/uploads\/2023\/10\/crocus.reticulatus.latvanyterv.jpg 840w\" sizes=\"(max-width: 250px) 100vw, 250px\" \/><\/a><p id=\"caption-attachment-4024\" class=\"wp-caption-text\">Tarka s\u00e1fr\u00e1ny (Crocus reticulatus) &#8211; el\u00e9rhet\u0151<\/p><\/div>\n<div id=\"attachment_4741\" style=\"width: 260px\" class=\"wp-caption aligncenter\"><a href=\"https:\/\/arcus.org.rs\/hun\/wp-content\/uploads\/2026\/03\/hyla.arborea.latvanyterv.jpg\"><img aria-describedby=\"caption-attachment-4741\" loading=\"lazy\" class=\"wp-image-4741\" title=\"Z\u00f6ld levelib\u00e9ka (Hyla arborea) - el\u00e9rhet\u0151\" src=\"https:\/\/arcus.org.rs\/hun\/wp-content\/uploads\/2026\/03\/hyla.arborea.latvanyterv-300x252.jpg\" alt=\"Z\u00f6ld levelib\u00e9ka (Hyla arborea) - el\u00e9rhet\u0151\" width=\"250\" height=\"210\" srcset=\"https:\/\/arcus.org.rs\/hun\/wp-content\/uploads\/2026\/03\/hyla.arborea.latvanyterv-300x252.jpg 300w, https:\/\/arcus.org.rs\/hun\/wp-content\/uploads\/2026\/03\/hyla.arborea.latvanyterv-768x645.jpg 768w, https:\/\/arcus.org.rs\/hun\/wp-content\/uploads\/2026\/03\/hyla.arborea.latvanyterv.jpg 840w\" sizes=\"(max-width: 250px) 100vw, 250px\" \/><\/a><p id=\"caption-attachment-4741\" class=\"wp-caption-text\">Z\u00f6ld levelib\u00e9ka (Hyla arborea) &#8211; el\u00e9rhet\u0151<\/p><\/div>\n<div class=\"fcbkbttn_buttons_block\" id=\"fcbkbttn_left\"><div class=\"fcbkbttn_like \"><fb:like href=\"https:\/\/arcus.org.rs\/hun\/tamogassa-munkankat\/\" action=\"like\" colorscheme=\"light\" layout=\"standard\" show-faces='false' width=\"450px\" size=\"small\"><\/fb:like><\/div><\/div>","protected":false},"excerpt":{"rendered":"<p>Az Arcus K\u00f6rnyezetv\u00e9d\u0151 Egyes\u00fclet els\u0151sorban p\u00e1ly\u00e1zati forr\u00e1soknak k\u00f6sz\u00f6nhet\u0151en tudja megval\u00f3s\u00edtani t\u00e1borait, rendezv\u00e9nyeit, akci\u00f3it, valamint akt\u00edv term\u00e9szetv\u00e9delmi tev\u00e9kenys\u00e9get kifejteni. Ezen forr\u00e1sok azonban v\u00e1ltoz\u00f3 mennyis\u00e9g\u0171ek \u00e9s intenzit\u00e1s\u00faak, ez\u00e9rt egyes tev\u00e9kenys\u00e9gek kivitelez\u00e9s\u00e9re sok esetben igen korl\u00e1tozott anyagi keret \u00e1ll rendelkez\u00e9sre. Egyes\u00fclet\u00fcnk munk\u00e1ss\u00e1ga alapvet\u0151en&hellip; <\/p>\n","protected":false},"author":5,"featured_media":0,"parent":0,"menu_order":0,"comment_status":"closed","ping_status":"open","template":"","meta":{"_mi_skip_tracking":false,"spay_email":""},"jetpack_shortlink":"https:\/\/wp.me\/P40Haz-12N","jetpack_sharing_enabled":true,"jetpack_likes_enabled":false,"_links":{"self":[{"href":"https:\/\/arcus.org.rs\/hun\/wp-json\/wp\/v2\/pages\/4017"}],"collection":[{"href":"https:\/\/arcus.org.rs\/hun\/wp-json\/wp\/v2\/pages"}],"about":[{"href":"https:\/\/arcus.org.rs\/hun\/wp-json\/wp\/v2\/types\/page"}],"author":[{"embeddable":true,"href":"https:\/\/arcus.org.rs\/hun\/wp-json\/wp\/v2\/users\/5"}],"replies":[{"embeddable":true,"href":"https:\/\/arcus.org.rs\/hun\/wp-json\/wp\/v2\/comments?post=4017"}],"version-history":[{"count":8,"href":"https:\/\/arcus.org.rs\/hun\/wp-json\/wp\/v2\/pages\/4017\/revisions"}],"predecessor-version":[{"id":4748,"href":"https:\/\/arcus.org.rs\/hun\/wp-json\/wp\/v2\/pages\/4017\/revisions\/4748"}],"wp:attachment":[{"href":"https:\/\/arcus.org.rs\/hun\/wp-json\/wp\/v2\/media?parent=4017"}],"curies":[{"name":"wp","href":"https:\/\/api.w.org\/{rel}","templated":true}]}}