{"id":4031,"date":"2013-12-10T13:10:26","date_gmt":"2013-12-10T12:10:26","guid":{"rendered":"https:\/\/arcus.org.rs\/hun\/?page_id=4031"},"modified":"2023-11-03T13:17:46","modified_gmt":"2023-11-03T12:17:46","slug":"onkentesseg","status":"publish","type":"page","link":"https:\/\/arcus.org.rs\/hun\/onkentesseg\/","title":{"rendered":"\u00d6nk\u00e9ntess\u00e9g"},"content":{"rendered":"<div id=\"attachment_4032\" style=\"width: 275px\" class=\"wp-caption alignright\"><a href=\"https:\/\/arcus.org.rs\/hun\/wp-content\/uploads\/2023\/11\/tabor.onkentes.Photo_.Szekula.V..jpg\"><img aria-describedby=\"caption-attachment-4032\" loading=\"lazy\" class=\"wp-image-4032\" title=\"Az \u00d6KO-CAMP \u00f6nk\u00e9ntes seg\u00edt\u0151i (Photo: Szekula Veronika)\" src=\"https:\/\/arcus.org.rs\/hun\/wp-content\/uploads\/2023\/11\/tabor.onkentes.Photo_.Szekula.V.-300x200.jpg\" alt=\"Az \u00d6KO-CAMP \u00f6nk\u00e9ntes seg\u00edt\u0151i (Photo: Szekula Veronika)\" width=\"265\" height=\"177\" srcset=\"https:\/\/arcus.org.rs\/hun\/wp-content\/uploads\/2023\/11\/tabor.onkentes.Photo_.Szekula.V.-300x200.jpg 300w, https:\/\/arcus.org.rs\/hun\/wp-content\/uploads\/2023\/11\/tabor.onkentes.Photo_.Szekula.V.-768x512.jpg 768w, https:\/\/arcus.org.rs\/hun\/wp-content\/uploads\/2023\/11\/tabor.onkentes.Photo_.Szekula.V..jpg 840w\" sizes=\"(max-width: 265px) 100vw, 265px\" \/><\/a><p id=\"caption-attachment-4032\" class=\"wp-caption-text\">Az \u00d6KO-CAMP \u00f6nk\u00e9ntes seg\u00edt\u0151i (Photo: Szekula Veronika)<\/p><\/div>\n<p style=\"text-align: justify;\">Az Arcus K\u00f6rnyezetv\u00e9d\u0151 Egyes\u00fclet munk\u00e1ss\u00e1ga alapvet\u0151en az \u00f6nk\u00e9ntess\u00e9gen alapszik, hiszen \u00f6nk\u00e9nteseinek seg\u00edts\u00e9g\u00e9vel tudja megszervezni \u00e9s lebonyol\u00edtani t\u00e1borait, rendezv\u00e9nyeit, akci\u00f3it, valamint akt\u00edv term\u00e9szetv\u00e9delmi tev\u00e9kenys\u00e9get folytatni. Egyes\u00fclet\u00fcnk jelent\u0151sebb rendezv\u00e9nyei, mint a t\u00e1borok, sz\u00e1mos \u00f6nk\u00e9ntes bevon\u00e1s\u00e1val val\u00f3sulnak meg. Legnagyobb l\u00e9tsz\u00e1m\u00fa t\u00e1boraink eset\u00e9ben Vajdas\u00e1g t\u00f6bb pontj\u00e1r\u00f3l, de m\u00e9g k\u00fclf\u00f6ldr\u0151l is \u00e9rkeznek \u00f6nk\u00e9ntesek, akik minden ter\u00fcleten, legjobb tud\u00e1suknak megfelel\u0151en seg\u00edtik az adott t\u00e1bor eredm\u00e9nyes megval\u00f3s\u00edt\u00e1s\u00e1t. \u00d6nk\u00e9ntesk\u00e9nt b\u00e1rki csatlakozhat hozz\u00e1nk, ehhez nem sz\u00fcks\u00e9ges felt\u00e9tlen\u00fcl az egyes\u00fclet tagj\u00e1nak lenni. Seg\u00edthet ak\u00e1r egyetlen rendezv\u00e9ny vagy akci\u00f3 lebonyol\u00edt\u00e1s\u00e1ban, de a terepen v\u00e9gzett munk\u00e1hoz ugyancsak szabadon t\u00e1rsulhat seg\u00edt\u0151k\u00e9nt b\u00e1rki.<\/p>\n<p style=\"text-align: justify;\">Amennyiben fontosnak \u00e9s hasznosnak tartja tev\u00e9kenys\u00e9g\u00fcnket, akkor sz\u00e1mos m\u00f3don seg\u00edtheti munk\u00e1nkat \u00f6nk\u00e9ntesk\u00e9nt. Bekapcsol\u00f3dhat t\u00e1borok, rendezv\u00e9nyek \u00e9s akci\u00f3k szervez\u00e9s\u00e9be, megval\u00f3s\u00edt\u00e1s\u00e1ba, illetve hozz\u00e1j\u00e1rulhat term\u00e9szetv\u00e9delmi tev\u00e9kenys\u00e9geinkhez. Seg\u00e9dkezhet k\u00fcl\u00f6nb\u00f6z\u0151 od\u00falak\u00f3 \u00e9nekesmadarak, szalak\u00f3t\u00e1k, tov\u00e1bb\u00e1 v\u00f6r\u00f6s \u00e9s k\u00e9k v\u00e9rcs\u00e9k sz\u00e1m\u00e1ra alkalmas mesters\u00e9ges f\u00e9szekod\u00fak, valamint gy\u00f6ngybagoly k\u00f6lt\u0151l\u00e1d\u00e1k k\u00e9sz\u00edt\u00e9s\u00e9ben \u00e9s kihelyez\u00e9s\u00e9ben is. Ha szeretn\u00e9 hasznosan elt\u00f6lteni szabadidej\u00e9t, vagy csak egy j\u00f3 kalandra v\u00e1gyik, akkor <a href=\"https:\/\/arcus.org.rs\/hun\/kapcsolat\/\"><em>\u00fczenetben<\/em><\/a> jelezheti fel\u00e9nk, hogy mely tev\u00e9kenys\u00e9g\u00fcnkh\u00f6z csatlakozna \u00f6nk\u00e9ntesk\u00e9nt.<\/p>\n<div class=\"fcbkbttn_buttons_block\" id=\"fcbkbttn_left\"><div class=\"fcbkbttn_like \"><fb:like href=\"https:\/\/arcus.org.rs\/hun\/onkentesseg\/\" action=\"like\" colorscheme=\"light\" layout=\"standard\" show-faces='false' width=\"450px\" size=\"small\"><\/fb:like><\/div><\/div>","protected":false},"excerpt":{"rendered":"<p>Az Arcus K\u00f6rnyezetv\u00e9d\u0151 Egyes\u00fclet munk\u00e1ss\u00e1ga alapvet\u0151en az \u00f6nk\u00e9ntess\u00e9gen alapszik, hiszen \u00f6nk\u00e9nteseinek seg\u00edts\u00e9g\u00e9vel tudja megszervezni \u00e9s lebonyol\u00edtani t\u00e1borait, rendezv\u00e9nyeit, akci\u00f3it, valamint akt\u00edv term\u00e9szetv\u00e9delmi tev\u00e9kenys\u00e9get folytatni. Egyes\u00fclet\u00fcnk jelent\u0151sebb rendezv\u00e9nyei, mint a t\u00e1borok, sz\u00e1mos \u00f6nk\u00e9ntes bevon\u00e1s\u00e1val val\u00f3sulnak meg. Legnagyobb l\u00e9tsz\u00e1m\u00fa t\u00e1boraink eset\u00e9ben Vajdas\u00e1g&hellip; <\/p>\n","protected":false},"author":5,"featured_media":0,"parent":0,"menu_order":0,"comment_status":"closed","ping_status":"open","template":"","meta":{"_mi_skip_tracking":false,"spay_email":""},"jetpack_shortlink":"https:\/\/wp.me\/P40Haz-131","jetpack_sharing_enabled":true,"jetpack_likes_enabled":false,"_links":{"self":[{"href":"https:\/\/arcus.org.rs\/hun\/wp-json\/wp\/v2\/pages\/4031"}],"collection":[{"href":"https:\/\/arcus.org.rs\/hun\/wp-json\/wp\/v2\/pages"}],"about":[{"href":"https:\/\/arcus.org.rs\/hun\/wp-json\/wp\/v2\/types\/page"}],"author":[{"embeddable":true,"href":"https:\/\/arcus.org.rs\/hun\/wp-json\/wp\/v2\/users\/5"}],"replies":[{"embeddable":true,"href":"https:\/\/arcus.org.rs\/hun\/wp-json\/wp\/v2\/comments?post=4031"}],"version-history":[{"count":1,"href":"https:\/\/arcus.org.rs\/hun\/wp-json\/wp\/v2\/pages\/4031\/revisions"}],"predecessor-version":[{"id":4033,"href":"https:\/\/arcus.org.rs\/hun\/wp-json\/wp\/v2\/pages\/4031\/revisions\/4033"}],"wp:attachment":[{"href":"https:\/\/arcus.org.rs\/hun\/wp-json\/wp\/v2\/media?parent=4031"}],"curies":[{"name":"wp","href":"https:\/\/api.w.org\/{rel}","templated":true}]}}