{"id":4185,"date":"2024-05-22T13:30:18","date_gmt":"2024-05-22T12:30:18","guid":{"rendered":"https:\/\/arcus.org.rs\/hun\/?page_id=4185"},"modified":"2024-06-16T21:45:53","modified_gmt":"2024-06-16T20:45:53","slug":"iv-csemete-termeszetismereti-oktatotabor-online-jelentkezesi-lap","status":"publish","type":"page","link":"https:\/\/arcus.org.rs\/hun\/iv-csemete-termeszetismereti-oktatotabor-online-jelentkezesi-lap\/","title":{"rendered":"IV. Csemete Term\u00e9szetismereti Oktat\u00f3t\u00e1bor &#8211; Online jelentkez\u00e9si lap"},"content":{"rendered":"<p style=\"text-align: justify;\">Ezen oldalon kereszt\u00fcl, az al\u00e1bb tal\u00e1lhat\u00f3 online jelentkez\u00e9si lap kit\u00f6lt\u00e9s\u00e9vel \u00e9s elk\u00fcld\u00e9s\u00e9vel jelentkezhetsz az Arcus K\u00f6rnyezetv\u00e9d\u0151 Egyes\u00fclet Csemete Term\u00e9szetismereti Oktat\u00f3t\u00e1bor\u00e1ba.<\/p>\n<p style=\"text-align: justify;\">A t\u00e1bor id\u0151pontja: <strong>2024. j\u00fanius 24-t\u0151l 29-ig.<\/strong><\/p>\n<p style=\"text-align: justify;\">A t\u00e1bor helysz\u00edne:\u00a0<strong>Topolya, topolyai m\u0171v\u00e9sztelep.<\/strong><\/p>\n<p style=\"text-align: justify;\">Jelentkez\u00e9si hat\u00e1rid\u0151: <strong>2024. j\u00fanius 17-e. \u2013 A nagy \u00e9rdekl\u0151d\u00e9sre val\u00f3 tekintettel tov\u00e1bbi jelentkez\u0151ket m\u00e1r nem tudunk fogadni, mivel a t\u00e1bor l\u00e9tsz\u00e1ma korl\u00e1tozott!<\/strong><\/p>\n<p style=\"text-align: justify;\"><em><strong>Online jelentkez\u00e9si lap:<\/strong><\/em><\/p>\n<div id='contact-form-4185'>\n<form action='https:\/\/arcus.org.rs\/hun\/iv-csemete-termeszetismereti-oktatotabor-online-jelentkezesi-lap\/#contact-form-4185' method='post' class='contact-form commentsblock'>\n<script>\n\t\t\t( function () {\n\t\t\t\tconst contact_forms = document.getElementsByClassName('contact-form');\n\n\t\t\t\tfor ( const form of contact_forms ) {\n\t\t\t\t\tform.onsubmit = function() {\n\t\t\t\t\t\tconst buttons = form.getElementsByTagName('button');\n\n\t\t\t\t\t\tfor( const button of buttons ) {\n\t\t\t\t\t\t\tbutton.setAttribute('disabled', true);\n\t\t\t\t\t\t}\n\t\t\t\t\t}\n\t\t\t\t}\n\t\t\t} )();\n\t\t<\/script>\n<div class='grunion-field-wrap grunion-field-text-wrap'  >\n<label\n\t\t\t\tfor='g4185-aszlvagygondviselnevevezetksutnv'\n\t\t\t\tclass='grunion-field-label text'\n\t\t\t\t>A sz\u00fcl\u0151 vagy gondvisel\u0151 neve (vezet\u00e9k- \u00e9s ut\u00f3n\u00e9v)<span>(required)<\/span><\/label>\n<input\n\t\t\t\t\ttype='text'\n\t\t\t\t\tname='g4185-aszlvagygondviselnevevezetksutnv'\n\t\t\t\t\tid='g4185-aszlvagygondviselnevevezetksutnv'\n\t\t\t\t\tvalue=''\n\t\t\t\t\tclass='text' \n\t\t\t\t\trequired aria-required='true'\n\t\t\t\t\/>\n\t<\/div>\n\n<div class='grunion-field-wrap grunion-field-name-wrap'  >\n<label\n\t\t\t\tfor='g4185-ajelentkeznevevezetksutnv'\n\t\t\t\tclass='grunion-field-label name'\n\t\t\t\t>A jelentkez\u0151 neve (vezet\u00e9k- \u00e9s ut\u00f3n\u00e9v)<span>(required)<\/span><\/label>\n<input\n\t\t\t\t\ttype='text'\n\t\t\t\t\tname='g4185-ajelentkeznevevezetksutnv'\n\t\t\t\t\tid='g4185-ajelentkeznevevezetksutnv'\n\t\t\t\t\tvalue=''\n\t\t\t\t\tclass='name' \n\t\t\t\t\trequired aria-required='true'\n\t\t\t\t\/>\n\t<\/div>\n\n<div class='grunion-field-wrap grunion-field-text-wrap'  >\n<label\n\t\t\t\tfor='g4185-szletsidtum'\n\t\t\t\tclass='grunion-field-label text'\n\t\t\t\t>Sz\u00fclet\u00e9si d\u00e1tum<span>(required)<\/span><\/label>\n<input\n\t\t\t\t\ttype='text'\n\t\t\t\t\tname='g4185-szletsidtum'\n\t\t\t\t\tid='g4185-szletsidtum'\n\t\t\t\t\tvalue=''\n\t\t\t\t\tclass='text' \n\t\t\t\t\trequired aria-required='true'\n\t\t\t\t\/>\n\t<\/div>\n\n<div class='grunion-field-wrap grunion-field-text-wrap'  >\n<label\n\t\t\t\tfor='g4185-lakcmirnytszmteleplsutcahzszm'\n\t\t\t\tclass='grunion-field-label text'\n\t\t\t\t>Lakc\u00edm (ir\u00e1ny\u00edt\u00f3sz\u00e1m, telep\u00fcl\u00e9s, utca, h\u00e1zsz\u00e1m)<span>(required)<\/span><\/label>\n<input\n\t\t\t\t\ttype='text'\n\t\t\t\t\tname='g4185-lakcmirnytszmteleplsutcahzszm'\n\t\t\t\t\tid='g4185-lakcmirnytszmteleplsutcahzszm'\n\t\t\t\t\tvalue=''\n\t\t\t\t\tclass='text' \n\t\t\t\t\trequired aria-required='true'\n\t\t\t\t\/>\n\t<\/div>\n\n<div class='grunion-field-wrap grunion-field-text-wrap'  >\n<label\n\t\t\t\tfor='g4185-telefonvezetkesvagymobil'\n\t\t\t\tclass='grunion-field-label text'\n\t\t\t\t>Telefon (vezet\u00e9kes vagy mobil)<span>(required)<\/span><\/label>\n<input\n\t\t\t\t\ttype='text'\n\t\t\t\t\tname='g4185-telefonvezetkesvagymobil'\n\t\t\t\t\tid='g4185-telefonvezetkesvagymobil'\n\t\t\t\t\tvalue=''\n\t\t\t\t\tclass='text' \n\t\t\t\t\trequired aria-required='true'\n\t\t\t\t\/>\n\t<\/div>\n\n<div class='grunion-field-wrap grunion-field-email-wrap'  >\n<label\n\t\t\t\tfor='g4185-emailcm'\n\t\t\t\tclass='grunion-field-label email'\n\t\t\t\t>E-mail c\u00edm<\/label>\n<input\n\t\t\t\t\ttype='email'\n\t\t\t\t\tname='g4185-emailcm'\n\t\t\t\t\tid='g4185-emailcm'\n\t\t\t\t\tvalue=''\n\t\t\t\t\tclass='email' \n\t\t\t\t\t\n\t\t\t\t\/>\n\t<\/div>\n\n<div class='grunion-field-wrap grunion-field-text-wrap'  >\n<label\n\t\t\t\tfor='g4185-vanevalamilyenbetegsgedamirltudnunkkellsrlsekallergiastb'\n\t\t\t\tclass='grunion-field-label text'\n\t\t\t\t>Van-e valamilyen betegs\u00e9ged, amir\u0151l tudnunk kell? (S\u00e9r\u00fcl\u00e9sek, allergia, stb.)<span>(required)<\/span><\/label>\n<input\n\t\t\t\t\ttype='text'\n\t\t\t\t\tname='g4185-vanevalamilyenbetegsgedamirltudnunkkellsrlsekallergiastb'\n\t\t\t\t\tid='g4185-vanevalamilyenbetegsgedamirltudnunkkellsrlsekallergiastb'\n\t\t\t\t\tvalue=''\n\t\t\t\t\tclass='text' \n\t\t\t\t\trequired aria-required='true'\n\t\t\t\t\/>\n\t<\/div>\n\t<p class='contact-submit'>\n\t\t<button type='submit' class='pushbutton-wide'>Submit<\/button>\t\t<input type='hidden' name='contact-form-id' value='4185' \/>\n\t\t<input type='hidden' name='action' value='grunion-contact-form' \/>\n\t\t<input type='hidden' name='contact-form-hash' value='4e8d5604baa20ff49cf85d19c8d123a25a571af4' \/>\n\t<\/p>\n<\/form>\n<\/div>\n<div class=\"fcbkbttn_buttons_block\" id=\"fcbkbttn_left\"><div class=\"fcbkbttn_like \"><fb:like href=\"https:\/\/arcus.org.rs\/hun\/iv-csemete-termeszetismereti-oktatotabor-online-jelentkezesi-lap\/\" action=\"like\" colorscheme=\"light\" layout=\"standard\" show-faces='false' width=\"450px\" size=\"small\"><\/fb:like><\/div><\/div>","protected":false},"excerpt":{"rendered":"<p>Ezen oldalon kereszt\u00fcl, az al\u00e1bb tal\u00e1lhat\u00f3 online jelentkez\u00e9si lap kit\u00f6lt\u00e9s\u00e9vel \u00e9s elk\u00fcld\u00e9s\u00e9vel jelentkezhetsz az Arcus K\u00f6rnyezetv\u00e9d\u0151 Egyes\u00fclet Csemete Term\u00e9szetismereti Oktat\u00f3t\u00e1bor\u00e1ba. A t\u00e1bor id\u0151pontja: 2024. j\u00fanius 24-t\u0151l 29-ig. A t\u00e1bor helysz\u00edne:\u00a0Topolya, topolyai m\u0171v\u00e9sztelep. Jelentkez\u00e9si hat\u00e1rid\u0151: 2024. j\u00fanius 17-e. \u2013 A nagy&hellip; <\/p>\n","protected":false},"author":5,"featured_media":0,"parent":0,"menu_order":0,"comment_status":"closed","ping_status":"open","template":"","meta":{"_mi_skip_tracking":false,"spay_email":""},"jetpack_shortlink":"https:\/\/wp.me\/P40Haz-15v","jetpack_sharing_enabled":true,"jetpack_likes_enabled":false,"_links":{"self":[{"href":"https:\/\/arcus.org.rs\/hun\/wp-json\/wp\/v2\/pages\/4185"}],"collection":[{"href":"https:\/\/arcus.org.rs\/hun\/wp-json\/wp\/v2\/pages"}],"about":[{"href":"https:\/\/arcus.org.rs\/hun\/wp-json\/wp\/v2\/types\/page"}],"author":[{"embeddable":true,"href":"https:\/\/arcus.org.rs\/hun\/wp-json\/wp\/v2\/users\/5"}],"replies":[{"embeddable":true,"href":"https:\/\/arcus.org.rs\/hun\/wp-json\/wp\/v2\/comments?post=4185"}],"version-history":[{"count":3,"href":"https:\/\/arcus.org.rs\/hun\/wp-json\/wp\/v2\/pages\/4185\/revisions"}],"predecessor-version":[{"id":4283,"href":"https:\/\/arcus.org.rs\/hun\/wp-json\/wp\/v2\/pages\/4185\/revisions\/4283"}],"wp:attachment":[{"href":"https:\/\/arcus.org.rs\/hun\/wp-json\/wp\/v2\/media?parent=4185"}],"curies":[{"name":"wp","href":"https:\/\/api.w.org\/{rel}","templated":true}]}}