{"id":4380,"date":"2024-10-29T16:31:17","date_gmt":"2024-10-29T15:31:17","guid":{"rendered":"https:\/\/arcus.org.rs\/hun\/?page_id=4380"},"modified":"2024-11-09T21:53:41","modified_gmt":"2024-11-09T20:53:41","slug":"iv-oszi-termeszetvedelmi-oktatotabor-online-jelentkezesi-lap","status":"publish","type":"page","link":"https:\/\/arcus.org.rs\/hun\/iv-oszi-termeszetvedelmi-oktatotabor-online-jelentkezesi-lap\/","title":{"rendered":"IV. \u0150szi Term\u00e9szetv\u00e9delmi Oktat\u00f3t\u00e1bor &#8211; Online jelentkez\u00e9si lap"},"content":{"rendered":"<p style=\"text-align: justify;\">Ezen oldalon kereszt\u00fcl, az al\u00e1bb tal\u00e1lhat\u00f3 online jelentkez\u00e9si lap kit\u00f6lt\u00e9s\u00e9vel \u00e9s elk\u00fcld\u00e9s\u00e9vel jelentkezhetsz az Arcus K\u00f6rnyezetv\u00e9d\u0151 Egyes\u00fclet \u0150szi Term\u00e9szetv\u00e9delmi Oktat\u00f3t\u00e1bor\u00e1ba.<\/p>\n<p style=\"text-align: justify;\">A t\u00e1bor id\u0151pontja: <strong>2024. november 14-t\u0151l 17-ig.<\/strong><\/p>\n<p style=\"text-align: justify;\">A t\u00e1bor helysz\u00edne: <strong>Topolya, az Arcus K\u00f6rnyezetv\u00e9d\u0151 Egyes\u00fclet sz\u00e9kh\u00e1za.<\/strong><\/p>\n<p style=\"text-align: justify;\">Jelentkez\u00e9si hat\u00e1rid\u0151: <strong>2024. november 13-a.<\/strong><\/p>\n<p style=\"text-align: justify;\"><strong><em>Online jelentkez\u00e9si lap:<\/em><\/strong><\/p>\n<div id='contact-form-4380'>\n<form action='https:\/\/arcus.org.rs\/hun\/iv-oszi-termeszetvedelmi-oktatotabor-online-jelentkezesi-lap\/#contact-form-4380' method='post' class='contact-form commentsblock'>\n<script>\n\t\t\t( function () {\n\t\t\t\tconst contact_forms = document.getElementsByClassName('contact-form');\n\n\t\t\t\tfor ( const form of contact_forms ) {\n\t\t\t\t\tform.onsubmit = function() {\n\t\t\t\t\t\tconst buttons = form.getElementsByTagName('button');\n\n\t\t\t\t\t\tfor( const button of buttons ) {\n\t\t\t\t\t\t\tbutton.setAttribute('disabled', true);\n\t\t\t\t\t\t}\n\t\t\t\t\t}\n\t\t\t\t}\n\t\t\t} )();\n\t\t<\/script>\n<div class='grunion-field-wrap grunion-field-text-wrap'  >\n<label\n\t\t\t\tfor='g4380-aszlvagygondviselnevevezetksutnv'\n\t\t\t\tclass='grunion-field-label text'\n\t\t\t\t>A sz\u00fcl\u0151 vagy gondvisel\u0151 neve (vezet\u00e9k- \u00e9s ut\u00f3n\u00e9v)<span>(required)<\/span><\/label>\n<input\n\t\t\t\t\ttype='text'\n\t\t\t\t\tname='g4380-aszlvagygondviselnevevezetksutnv'\n\t\t\t\t\tid='g4380-aszlvagygondviselnevevezetksutnv'\n\t\t\t\t\tvalue=''\n\t\t\t\t\tclass='text' \n\t\t\t\t\trequired aria-required='true'\n\t\t\t\t\/>\n\t<\/div>\n\n<div class='grunion-field-wrap grunion-field-name-wrap'  >\n<label\n\t\t\t\tfor='g4380-ajelentkeznevevezetksutnv'\n\t\t\t\tclass='grunion-field-label name'\n\t\t\t\t>A jelentkez\u0151 neve (vezet\u00e9k- \u00e9s ut\u00f3n\u00e9v)<span>(required)<\/span><\/label>\n<input\n\t\t\t\t\ttype='text'\n\t\t\t\t\tname='g4380-ajelentkeznevevezetksutnv'\n\t\t\t\t\tid='g4380-ajelentkeznevevezetksutnv'\n\t\t\t\t\tvalue=''\n\t\t\t\t\tclass='name' \n\t\t\t\t\trequired aria-required='true'\n\t\t\t\t\/>\n\t<\/div>\n\n<div class='grunion-field-wrap grunion-field-date-wrap jp-contact-form-date-wrap'  >\n<label\n\t\t\t\tfor='g4380-szletsidtum'\n\t\t\t\tclass='grunion-field-label date'\n\t\t\t\t>Sz\u00fclet\u00e9si d\u00e1tum<span>(required)<\/span><\/label>\n<input\n\t\t\t\t\ttype='text'\n\t\t\t\t\tname='g4380-szletsidtum'\n\t\t\t\t\tid='g4380-szletsidtum'\n\t\t\t\t\tvalue=''\n\t\t\t\t\tclass='date jp-contact-form-date' \n\t\t\t\t\trequired aria-required='true'\n\t\t\t\t\/>\n\t<\/div>\n\n<div class='grunion-field-wrap grunion-field-text-wrap'  >\n<label\n\t\t\t\tfor='g4380-lakcmirnytszmteleplsutcahzszm'\n\t\t\t\tclass='grunion-field-label text'\n\t\t\t\t>Lakc\u00edm (ir\u00e1ny\u00edt\u00f3sz\u00e1m, telep\u00fcl\u00e9s, utca, h\u00e1zsz\u00e1m)<span>(required)<\/span><\/label>\n<input\n\t\t\t\t\ttype='text'\n\t\t\t\t\tname='g4380-lakcmirnytszmteleplsutcahzszm'\n\t\t\t\t\tid='g4380-lakcmirnytszmteleplsutcahzszm'\n\t\t\t\t\tvalue=''\n\t\t\t\t\tclass='text' \n\t\t\t\t\trequired aria-required='true'\n\t\t\t\t\/>\n\t<\/div>\n\n<div class='grunion-field-wrap grunion-field-text-wrap'  >\n<label\n\t\t\t\tfor='g4380-telefonvezetkesvagymobil'\n\t\t\t\tclass='grunion-field-label text'\n\t\t\t\t>Telefon (vezet\u00e9kes vagy mobil)<span>(required)<\/span><\/label>\n<input\n\t\t\t\t\ttype='text'\n\t\t\t\t\tname='g4380-telefonvezetkesvagymobil'\n\t\t\t\t\tid='g4380-telefonvezetkesvagymobil'\n\t\t\t\t\tvalue=''\n\t\t\t\t\tclass='text' \n\t\t\t\t\trequired aria-required='true'\n\t\t\t\t\/>\n\t<\/div>\n\n<div class='grunion-field-wrap grunion-field-email-wrap'  >\n<label\n\t\t\t\tfor='g4380-emailcm'\n\t\t\t\tclass='grunion-field-label email'\n\t\t\t\t>E-mail c\u00edm<\/label>\n<input\n\t\t\t\t\ttype='email'\n\t\t\t\t\tname='g4380-emailcm'\n\t\t\t\t\tid='g4380-emailcm'\n\t\t\t\t\tvalue=''\n\t\t\t\t\tclass='email' \n\t\t\t\t\t\n\t\t\t\t\/>\n\t<\/div>\n\n<div class='grunion-field-wrap grunion-field-text-wrap'  >\n<label\n\t\t\t\tfor='g4380-vanevalamilyenbetegsgedamirltudnunkkellsrlsekallergiastb'\n\t\t\t\tclass='grunion-field-label text'\n\t\t\t\t>Van-e valamilyen betegs\u00e9ged, amir\u0151l tudnunk kell? (S\u00e9r\u00fcl\u00e9sek, allergia, stb.)<span>(required)<\/span><\/label>\n<input\n\t\t\t\t\ttype='text'\n\t\t\t\t\tname='g4380-vanevalamilyenbetegsgedamirltudnunkkellsrlsekallergiastb'\n\t\t\t\t\tid='g4380-vanevalamilyenbetegsgedamirltudnunkkellsrlsekallergiastb'\n\t\t\t\t\tvalue=''\n\t\t\t\t\tclass='text' \n\t\t\t\t\trequired aria-required='true'\n\t\t\t\t\/>\n\t<\/div>\n\t<p class='contact-submit'>\n\t\t<button type='submit' class='pushbutton-wide'>Submit<\/button>\t\t<input type='hidden' name='contact-form-id' value='4380' \/>\n\t\t<input type='hidden' name='action' value='grunion-contact-form' \/>\n\t\t<input type='hidden' name='contact-form-hash' value='bc7da8419b30c22f40a10afeb7aac736a4745cae' \/>\n\t<\/p>\n<\/form>\n<\/div>\n<div class=\"fcbkbttn_buttons_block\" id=\"fcbkbttn_left\"><div class=\"fcbkbttn_like \"><fb:like href=\"https:\/\/arcus.org.rs\/hun\/iv-oszi-termeszetvedelmi-oktatotabor-online-jelentkezesi-lap\/\" action=\"like\" colorscheme=\"light\" layout=\"standard\" show-faces='false' width=\"450px\" size=\"small\"><\/fb:like><\/div><\/div>","protected":false},"excerpt":{"rendered":"<p>Ezen oldalon kereszt\u00fcl, az al\u00e1bb tal\u00e1lhat\u00f3 online jelentkez\u00e9si lap kit\u00f6lt\u00e9s\u00e9vel \u00e9s elk\u00fcld\u00e9s\u00e9vel jelentkezhetsz az Arcus K\u00f6rnyezetv\u00e9d\u0151 Egyes\u00fclet \u0150szi Term\u00e9szetv\u00e9delmi Oktat\u00f3t\u00e1bor\u00e1ba. A t\u00e1bor id\u0151pontja: 2024. november 14-t\u0151l 17-ig. A t\u00e1bor helysz\u00edne: Topolya, az Arcus K\u00f6rnyezetv\u00e9d\u0151 Egyes\u00fclet sz\u00e9kh\u00e1za. Jelentkez\u00e9si hat\u00e1rid\u0151: 2024. november&hellip; <\/p>\n","protected":false},"author":5,"featured_media":0,"parent":0,"menu_order":0,"comment_status":"closed","ping_status":"open","template":"","meta":{"_mi_skip_tracking":false,"spay_email":""},"jetpack_shortlink":"https:\/\/wp.me\/P40Haz-18E","jetpack_sharing_enabled":true,"jetpack_likes_enabled":false,"_links":{"self":[{"href":"https:\/\/arcus.org.rs\/hun\/wp-json\/wp\/v2\/pages\/4380"}],"collection":[{"href":"https:\/\/arcus.org.rs\/hun\/wp-json\/wp\/v2\/pages"}],"about":[{"href":"https:\/\/arcus.org.rs\/hun\/wp-json\/wp\/v2\/types\/page"}],"author":[{"embeddable":true,"href":"https:\/\/arcus.org.rs\/hun\/wp-json\/wp\/v2\/users\/5"}],"replies":[{"embeddable":true,"href":"https:\/\/arcus.org.rs\/hun\/wp-json\/wp\/v2\/comments?post=4380"}],"version-history":[{"count":2,"href":"https:\/\/arcus.org.rs\/hun\/wp-json\/wp\/v2\/pages\/4380\/revisions"}],"predecessor-version":[{"id":4388,"href":"https:\/\/arcus.org.rs\/hun\/wp-json\/wp\/v2\/pages\/4380\/revisions\/4388"}],"wp:attachment":[{"href":"https:\/\/arcus.org.rs\/hun\/wp-json\/wp\/v2\/media?parent=4380"}],"curies":[{"name":"wp","href":"https:\/\/api.w.org\/{rel}","templated":true}]}}