{"id":6,"date":"2013-12-10T10:03:06","date_gmt":"2013-12-10T09:03:06","guid":{"rendered":"http:\/\/tothbalint.tk\/arcus\/hun\/?page_id=6"},"modified":"2023-02-15T23:03:05","modified_gmt":"2023-02-15T22:03:05","slug":"szakcsoportok","status":"publish","type":"page","link":"https:\/\/arcus.org.rs\/hun\/szakcsoportok\/","title":{"rendered":"Szakcsoportok"},"content":{"rendered":"<div id=\"attachment_2092\" style=\"width: 265px\" class=\"wp-caption alignright\"><a href=\"https:\/\/arcus.org.rs\/hun\/wp-content\/uploads\/2018\/09\/falco.tinnunculus.Photo_.Ali_.H..jpg\"><img aria-describedby=\"caption-attachment-2092\" loading=\"lazy\" class=\"wp-image-2092\" title=\"V\u00f6r\u00f6s v\u00e9rcse fi\u00f3k\u00e1k (Photo: Ali Hermina)\" src=\"https:\/\/arcus.org.rs\/hun\/wp-content\/uploads\/2018\/09\/falco.tinnunculus.Photo_.Ali_.H.-300x200.jpg\" alt=\"V\u00f6r\u00f6s v\u00e9rcse fi\u00f3k\u00e1k (Photo: Ali Hermina)\" width=\"255\" height=\"170\" srcset=\"https:\/\/arcus.org.rs\/hun\/wp-content\/uploads\/2018\/09\/falco.tinnunculus.Photo_.Ali_.H.-300x200.jpg 300w, https:\/\/arcus.org.rs\/hun\/wp-content\/uploads\/2018\/09\/falco.tinnunculus.Photo_.Ali_.H.-768x512.jpg 768w, https:\/\/arcus.org.rs\/hun\/wp-content\/uploads\/2018\/09\/falco.tinnunculus.Photo_.Ali_.H..jpg 840w\" sizes=\"(max-width: 255px) 100vw, 255px\" \/><\/a><p id=\"caption-attachment-2092\" class=\"wp-caption-text\">V\u00f6r\u00f6s v\u00e9rcse fi\u00f3k\u00e1k (Photo: Ali Hermina)<\/p><\/div>\n<p style=\"text-align: justify;\">Az Arcus K\u00f6rnyezetv\u00e9d\u0151 Egyes\u00fcleten bel\u00fcl lehet\u0151s\u00e9g van l\u00e9trehozni k\u00fcl\u00f6nb\u00f6z\u0151 szakcsoportokat, melyek egy bizonyos tudom\u00e1ny\u00e1ggal vagy szakter\u00fclettel foglalkoznak. Jelenleg \u00f6t ilyen szakcsoport m\u0171k\u00f6dik, melyekhez az egyes\u00fclet tagjai szabadon csatlakozhatnak. A szakcsoportok munk\u00e1j\u00e1t minden esetben az adott tudom\u00e1ny\u00e1gban, t\u00e9mak\u00f6rben legink\u00e1bb j\u00e1rtas \u00e9s tapasztalt vezet\u0151 szem\u00e9ly l\u00e1tja el.<\/p>\n<p style=\"text-align: justify;\"><strong>Az egyes\u00fcleten bel\u00fcl m\u0171k\u00f6d\u0151 szakcsoportjaink:<\/strong><\/p>\n<p><em><a title=\"Ornitol\u00f3giai Szakcsoport\" href=\"http:\/\/arcus.org.rs\/hun\/ornitologiai-szakcsoport\/\">Ornitol\u00f3giai Szakcsoport<\/a><\/em><\/p>\n<p><a title=\"Botanikai Szakcsoport\" href=\"http:\/\/arcus.org.rs\/hun\/botanikai-szakcsoport\/\"><em>Botanikai Szakcsoport<\/em><\/a><\/p>\n<p><em>Entomol\u00f3giai Szakcsoport<\/em><\/p>\n<p><em>Arachnol\u00f3giai Szakcsoport<\/em><\/p>\n<p><em>K\u00f6rnyezettani Szakcsoport<\/em><\/p>\n<div class=\"fcbkbttn_buttons_block\" id=\"fcbkbttn_left\"><div class=\"fcbkbttn_like \"><fb:like href=\"https:\/\/arcus.org.rs\/hun\/szakcsoportok\/\" action=\"like\" colorscheme=\"light\" layout=\"standard\" show-faces='false' width=\"450px\" size=\"small\"><\/fb:like><\/div><\/div>","protected":false},"excerpt":{"rendered":"<p>Az Arcus K\u00f6rnyezetv\u00e9d\u0151 Egyes\u00fcleten bel\u00fcl lehet\u0151s\u00e9g van l\u00e9trehozni k\u00fcl\u00f6nb\u00f6z\u0151 szakcsoportokat, melyek egy bizonyos tudom\u00e1ny\u00e1ggal vagy szakter\u00fclettel foglalkoznak. Jelenleg \u00f6t ilyen szakcsoport m\u0171k\u00f6dik, melyekhez az egyes\u00fclet tagjai szabadon csatlakozhatnak. A szakcsoportok munk\u00e1j\u00e1t minden esetben az adott tudom\u00e1ny\u00e1gban, t\u00e9mak\u00f6rben legink\u00e1bb j\u00e1rtas \u00e9s&hellip; <\/p>\n","protected":false},"author":2,"featured_media":0,"parent":0,"menu_order":0,"comment_status":"closed","ping_status":"open","template":"","meta":{"_mi_skip_tracking":false,"spay_email":""},"jetpack_shortlink":"https:\/\/wp.me\/P40Haz-6","jetpack_sharing_enabled":true,"jetpack_likes_enabled":false,"_links":{"self":[{"href":"https:\/\/arcus.org.rs\/hun\/wp-json\/wp\/v2\/pages\/6"}],"collection":[{"href":"https:\/\/arcus.org.rs\/hun\/wp-json\/wp\/v2\/pages"}],"about":[{"href":"https:\/\/arcus.org.rs\/hun\/wp-json\/wp\/v2\/types\/page"}],"author":[{"embeddable":true,"href":"https:\/\/arcus.org.rs\/hun\/wp-json\/wp\/v2\/users\/2"}],"replies":[{"embeddable":true,"href":"https:\/\/arcus.org.rs\/hun\/wp-json\/wp\/v2\/comments?post=6"}],"version-history":[{"count":7,"href":"https:\/\/arcus.org.rs\/hun\/wp-json\/wp\/v2\/pages\/6\/revisions"}],"predecessor-version":[{"id":3702,"href":"https:\/\/arcus.org.rs\/hun\/wp-json\/wp\/v2\/pages\/6\/revisions\/3702"}],"wp:attachment":[{"href":"https:\/\/arcus.org.rs\/hun\/wp-json\/wp\/v2\/media?parent=6"}],"curies":[{"name":"wp","href":"https:\/\/api.w.org\/{rel}","templated":true}]}}