{"id":8,"date":"2013-12-10T21:10:58","date_gmt":"2013-12-10T20:10:58","guid":{"rendered":"http:\/\/tothbalint.tk\/arcus\/hun\/?page_id=8"},"modified":"2023-10-25T14:47:23","modified_gmt":"2023-10-25T13:47:23","slug":"ornitologiai-szakcsoport","status":"publish","type":"page","link":"https:\/\/arcus.org.rs\/hun\/ornitologiai-szakcsoport\/","title":{"rendered":"Ornitol\u00f3giai Szakcsoport"},"content":{"rendered":"<div id=\"attachment_2112\" style=\"width: 275px\" class=\"wp-caption alignright\"><a href=\"https:\/\/arcus.org.rs\/hun\/wp-content\/uploads\/2018\/10\/parus.major_.pullus.Photo_.Sihelnik.J..jpg\"><img aria-describedby=\"caption-attachment-2112\" loading=\"lazy\" class=\"wp-image-2112\" title=\"Sz\u00e9ncinege mesters\u00e9ges od\u00faban (Photo: Sihelnik J\u00f3zsef)\" src=\"https:\/\/arcus.org.rs\/hun\/wp-content\/uploads\/2018\/10\/parus.major_.pullus.Photo_.Sihelnik.J.-300x200.jpg\" alt=\"Sz\u00e9ncinege mesters\u00e9ges od\u00faban (Photo: Sihelnik J\u00f3zsef)\" width=\"265\" height=\"177\" srcset=\"https:\/\/arcus.org.rs\/hun\/wp-content\/uploads\/2018\/10\/parus.major_.pullus.Photo_.Sihelnik.J.-300x200.jpg 300w, https:\/\/arcus.org.rs\/hun\/wp-content\/uploads\/2018\/10\/parus.major_.pullus.Photo_.Sihelnik.J.-768x512.jpg 768w, https:\/\/arcus.org.rs\/hun\/wp-content\/uploads\/2018\/10\/parus.major_.pullus.Photo_.Sihelnik.J..jpg 840w\" sizes=\"(max-width: 265px) 100vw, 265px\" \/><\/a><p id=\"caption-attachment-2112\" class=\"wp-caption-text\">Sz\u00e9ncinege mesters\u00e9ges od\u00faban (Photo: Sihelnik J\u00f3zsef)<\/p><\/div>\n<p style=\"text-align: justify;\">Az Arcus K\u00f6rnyezetv\u00e9d\u0151 Egyes\u00fclet tags\u00e1ga m\u00e1r a kezdetekkor sz\u00e9pen gyarapodott, \u00edgy a r\u00e9gi \u00e9s \u00faj tagok k\u00f6z\u00fcl egyre t\u00f6bben ker\u00fcltek ki azok, kik els\u0151sorban a madarak ir\u00e1nt \u00e9rdekl\u0151dtek. Ennek hat\u00e1s\u00e1ra az egyes\u00fcleten bel\u00fcl 1997-ben, els\u0151 szakmai jelleg\u0171 csoportk\u00e9nt megalakult az Ornitol\u00f3giai Szakcsoport. Az Arcus tagjai k\u00f6z\u00fcl b\u00e1rki szabadon csatlakozhatott a szakcsoport munk\u00e1j\u00e1hoz, mely t\u00f6bbek k\u00f6z\u00f6tt szervezett mad\u00e1rmegfigyel\u0151 t\u00far\u00e1kat, megszervezte a t\u00e9li mad\u00e1retet\u00e9st a topolyai v\u00e1rosi parkban, illetve mesters\u00e9ges od\u00fakat is k\u00e9sz\u00edtettek az od\u00falak\u00f3 madarak sz\u00e1m\u00e1ra a mad\u00e1rbar\u00e1tok. Ekkor vette kezdet\u00e9t a rendszeres mad\u00e1rtani adatgy\u0171jt\u00e9s Topolya \u00e9s k\u00f6rny\u00e9k\u00e9r\u0151l, valamint kisebb-nagyobb rendszeress\u00e9ggel a tudom\u00e1nyos c\u00e9l\u00fa mad\u00e1rgy\u0171r\u0171z\u00e9s is. Ez ut\u00f3bbi az egyes\u00fclet ny\u00e1ri t\u00e1boraiban, az <a href=\"https:\/\/arcus.org.rs\/hun\/oko-camp\/\"><em>\u00d6KO-CAMP<\/em><\/a> t\u00e1borokban volt a legintenz\u00edvebb. A szakcsoport tagjai t\u00f6bb \u00e9ven kereszt\u00fcl, rendszeresen megtartott\u00e1k a foly\u00f3 \u00e9v december\u00e9ben az \u00fagynevezett Mad\u00e1rkar\u00e1csonyt, mely els\u0151sorban a fiatalok szeml\u00e9letform\u00e1l\u00e1s\u00e1t volt hivatott el\u0151mozd\u00edtani.<\/p>\n<div id=\"attachment_2113\" style=\"width: 275px\" class=\"wp-caption alignleft\"><a href=\"https:\/\/arcus.org.rs\/hun\/wp-content\/uploads\/2018\/10\/nest.box_.Photo_.Ali_.H..jpg\"><img aria-describedby=\"caption-attachment-2113\" loading=\"lazy\" class=\"wp-image-2113\" title=\"Mesters\u00e9ges f\u00e9szekod\u00fa villanyoszlopon (Photo: Ali Hermina)\" src=\"https:\/\/arcus.org.rs\/hun\/wp-content\/uploads\/2018\/10\/nest.box_.Photo_.Ali_.H.-300x200.jpg\" alt=\"Mesters\u00e9ges f\u00e9szekod\u00fa villanyoszlopon (Photo: Ali Hermina)\" width=\"265\" height=\"177\" srcset=\"https:\/\/arcus.org.rs\/hun\/wp-content\/uploads\/2018\/10\/nest.box_.Photo_.Ali_.H.-300x200.jpg 300w, https:\/\/arcus.org.rs\/hun\/wp-content\/uploads\/2018\/10\/nest.box_.Photo_.Ali_.H.-768x512.jpg 768w, https:\/\/arcus.org.rs\/hun\/wp-content\/uploads\/2018\/10\/nest.box_.Photo_.Ali_.H..jpg 840w\" sizes=\"(max-width: 265px) 100vw, 265px\" \/><\/a><p id=\"caption-attachment-2113\" class=\"wp-caption-text\">Mesters\u00e9ges f\u00e9szekod\u00fa villanyoszlopon (Photo: Ali Hermina)<\/p><\/div>\n<p style=\"text-align: justify;\">A komolyabb munk\u00e1nak k\u00f6sz\u00f6nhet\u0151en 2004 december\u00e9ben egy hatnapos ornitol\u00f3giai ki\u00e1ll\u00edt\u00e1s keret\u00e9ben ismerkedhettek meg a topolyaiak vid\u00e9k\u00fcnk mad\u00e1rvil\u00e1g\u00e1val. Ezzel p\u00e1rhuzamosan egy nagyobb projektum hozad\u00e9kak\u00e9nt, k\u00f6zel sz\u00e1z mesters\u00e9ges f\u00e9szekod\u00fa k\u00e9sz\u00edttet\u00e9s\u00e9re ny\u00edlt lehet\u0151s\u00e9g. Ezek a k\u00f6vetkez\u0151 \u00e9v tavasz\u00e1n ker\u00fcltek kihelyez\u00e9sre a Topoly\u00e1n \u00e9s k\u00f6rny\u00e9k\u00e9n tal\u00e1lhat\u00f3 nagyobb kiterjed\u00e9s\u0171 f\u00e1s ter\u00fcletekbe. Az akkor kihelyezett od\u00fakat, illetve az az\u00f3ta t\u00f6bb sz\u00e1zra n\u0151tt mesters\u00e9ges od\u00fa\u00e1llom\u00e1nyt folyamatosan karbantartj\u00e1k \u00e9s ellen\u0151rzik a szakcsoport tagjai. Igaz\u00e1n nagy lend\u00fcletet akkor vett az Ornitol\u00f3giai Szakcsoport munk\u00e1ja, mikor 2008-ban k\u00e9t komolyabb mad\u00e1rtani \u00e9s mad\u00e1rv\u00e9delmi programot ind\u00edtott \u00fatj\u00e1ra. Ezeknek k\u00f6sz\u00f6nhet\u0151en az Arcus K\u00f6rnyezetv\u00e9d\u0151 Egyes\u00fclet, egyben a szakcsoport tev\u00e9kenys\u00e9ge kiterjedt Topolya \u00e9s Kishegyes k\u00f6zs\u00e9gek teljes ter\u00fclet\u00e9re. A k\u00f6vetkez\u0151 k\u00e9t \u00e9vben, 2009-ben \u00e9s 2010-ben m\u00e1r n\u00e9gynapos <a href=\"https:\/\/arcus.org.rs\/hun\/madargyuruzo-es-vonulaskutato-tabor\/\"><em>Mad\u00e1rgy\u0171r\u0171z\u0151 \u00e9s Vonul\u00e1skutat\u00f3 T\u00e1bort<\/em><\/a> is szerveztek a Topolyai-t\u00f3 partj\u00e1n. Ezen k\u00edv\u00fcl rendszeresen, minden tavasszal megrendez\u00e9sre ker\u00fcl a nagyk\u00f6z\u00f6ns\u00e9g sz\u00e1m\u00e1ra a F\u00fclem\u00fcl\u00e9k \u00e9jszak\u00e1ja elnevez\u00e9s\u0171 esti t\u00fara, illetve a nagy \u00e9rdekl\u0151d\u00e9snek \u00f6rvend\u0151 Eur\u00f3pai Mad\u00e1rmegfigyel\u0151 Napok megszervez\u00e9se Topoly\u00e1n is, minden \u00e9v okt\u00f3ber\u00e9nek els\u0151 h\u00e9tv\u00e9g\u00e9j\u00e9n.<\/p>\n<p style=\"text-align: justify;\">A napjainkra m\u00e1r meghat\u00e1roz\u00f3 szereppel b\u00edr\u00f3 szakcsoport munk\u00e1ja szerves r\u00e9sz\u00e9v\u00e9 v\u00e1lt az egyes\u00fclet \u00e9vi tev\u00e9kenys\u00e9g\u00e9nek.<\/p>\n<p><strong>Az Ornitol\u00f3giai Szakcsoporton bel\u00fcl m\u0171k\u00f6d\u0151 mad\u00e1rtani \u00e9s mad\u00e1rv\u00e9delmi programok:<\/strong><\/p>\n<p><a title=\"Gy\u00f6ngybagolyv\u00e9delmi Program\" href=\"http:\/\/arcus.org.rs\/hun\/gyongybagolyvedelmi-program-2\/\"><em>Gy\u00f6ngybagolyv\u00e9delmi Program<\/em><\/a><\/p>\n<p><a title=\"Mad\u00e1rgy\u0171r\u0171z\u0151 \u00e9s Vonul\u00e1skutat\u00f3 Program\" href=\"http:\/\/arcus.org.rs\/hun\/madargyuruzo-es-vonulaskutato-program\/\"><em>Mad\u00e1rgy\u0171r\u0171z\u0151 \u00e9s Vonul\u00e1skutat\u00f3 Program<\/em><\/a><\/p>\n<div class=\"fcbkbttn_buttons_block\" id=\"fcbkbttn_left\"><div class=\"fcbkbttn_like \"><fb:like href=\"https:\/\/arcus.org.rs\/hun\/ornitologiai-szakcsoport\/\" action=\"like\" colorscheme=\"light\" layout=\"standard\" show-faces='false' width=\"450px\" size=\"small\"><\/fb:like><\/div><\/div>","protected":false},"excerpt":{"rendered":"<p>Az Arcus K\u00f6rnyezetv\u00e9d\u0151 Egyes\u00fclet tags\u00e1ga m\u00e1r a kezdetekkor sz\u00e9pen gyarapodott, \u00edgy a r\u00e9gi \u00e9s \u00faj tagok k\u00f6z\u00fcl egyre t\u00f6bben ker\u00fcltek ki azok, kik els\u0151sorban a madarak ir\u00e1nt \u00e9rdekl\u0151dtek. Ennek hat\u00e1s\u00e1ra az egyes\u00fcleten bel\u00fcl 1997-ben, els\u0151 szakmai jelleg\u0171 csoportk\u00e9nt megalakult az&hellip; <\/p>\n","protected":false},"author":2,"featured_media":0,"parent":0,"menu_order":0,"comment_status":"closed","ping_status":"open","template":"","meta":{"_mi_skip_tracking":false,"spay_email":""},"jetpack_shortlink":"https:\/\/wp.me\/P40Haz-8","jetpack_sharing_enabled":true,"jetpack_likes_enabled":false,"_links":{"self":[{"href":"https:\/\/arcus.org.rs\/hun\/wp-json\/wp\/v2\/pages\/8"}],"collection":[{"href":"https:\/\/arcus.org.rs\/hun\/wp-json\/wp\/v2\/pages"}],"about":[{"href":"https:\/\/arcus.org.rs\/hun\/wp-json\/wp\/v2\/types\/page"}],"author":[{"embeddable":true,"href":"https:\/\/arcus.org.rs\/hun\/wp-json\/wp\/v2\/users\/2"}],"replies":[{"embeddable":true,"href":"https:\/\/arcus.org.rs\/hun\/wp-json\/wp\/v2\/comments?post=8"}],"version-history":[{"count":7,"href":"https:\/\/arcus.org.rs\/hun\/wp-json\/wp\/v2\/pages\/8\/revisions"}],"predecessor-version":[{"id":4010,"href":"https:\/\/arcus.org.rs\/hun\/wp-json\/wp\/v2\/pages\/8\/revisions\/4010"}],"wp:attachment":[{"href":"https:\/\/arcus.org.rs\/hun\/wp-json\/wp\/v2\/media?parent=8"}],"curies":[{"name":"wp","href":"https:\/\/api.w.org\/{rel}","templated":true}]}}