{"id":985,"date":"2013-12-10T21:02:06","date_gmt":"2013-12-10T20:02:06","guid":{"rendered":"http:\/\/arcus.org.rs\/hun\/?page_id=985"},"modified":"2023-09-01T08:59:33","modified_gmt":"2023-09-01T07:59:33","slug":"media","status":"publish","type":"page","link":"https:\/\/arcus.org.rs\/hun\/media\/","title":{"rendered":"M\u00e9dia"},"content":{"rendered":"<p style=\"text-align: justify;\">Ezen az oldalon igyeksz\u00fcnk \u00f6sszegy\u0171jteni az \u00f6sszes olyan telev\u00edzi\u00f3s riportot, illetve h\u00edrad\u00f3s anyagot, mely k\u00f6zvetlen\u00fcl egyes\u00fclet\u00fcnk munk\u00e1j\u00e1t, rendezv\u00e9nyeit, akci\u00f3it \u00e9s programjait mutatja be.<\/p>\n<p style=\"text-align: justify;\"><em>Az oldalon tal\u00e1lhat\u00f3 tartalmat folyamatosan friss\u00edtj\u00fck!<\/em><\/p>\n<p style=\"text-align: justify;\"><strong>M\u00e9diamegjelen\u00e9seink id\u0151rendi sorrendben-<\/strong><\/p>\n<p>Az Arcus K\u00f6rnyezetv\u00e9d\u0151 Egyes\u00fclet \u00f6kot\u00e1bora Topoly\u00e1n (2023. augusztus 6.) &#8211; M1<\/p>\n<p><span class=\"embed-youtube\" style=\"text-align:center; display: block;\"><iframe loading=\"lazy\" class=\"youtube-player\" width=\"700\" height=\"394\" src=\"https:\/\/www.youtube.com\/embed\/X94RBBsKFPs?version=3&#038;rel=1&#038;showsearch=0&#038;showinfo=1&#038;iv_load_policy=1&#038;fs=1&#038;hl=hu-HU&#038;autohide=2&#038;wmode=transparent\" allowfullscreen=\"true\" style=\"border:0;\" sandbox=\"allow-scripts allow-same-origin allow-popups allow-presentation\"><\/iframe><\/span><\/p>\n<hr \/>\n<p style=\"text-align: justify;\">Term\u00e9szetb\u00fav\u00e1rok\u00a0 a madarak nyom\u00e1ban (2015. okt\u00f3ber 3.) &#8211; Pannon RTV<\/p>\n<p><span class=\"embed-youtube\" style=\"text-align:center; display: block;\"><iframe loading=\"lazy\" class=\"youtube-player\" width=\"700\" height=\"394\" src=\"https:\/\/www.youtube.com\/embed\/_xsEB_ay21U?version=3&#038;rel=1&#038;showsearch=0&#038;showinfo=1&#038;iv_load_policy=1&#038;fs=1&#038;hl=hu-HU&#038;autohide=2&#038;wmode=transparent\" allowfullscreen=\"true\" style=\"border:0;\" sandbox=\"allow-scripts allow-same-origin allow-popups allow-presentation\"><\/iframe><\/span><\/p>\n<hr \/>\n<p style=\"text-align: justify;\">Befejez\u0151d\u00f6tt a 25. \u00e9ves Arcus-t\u00e1bor (2015. augusztus 1.) &#8211; Pannon RTV<\/p>\n<p><span class=\"embed-youtube\" style=\"text-align:center; display: block;\"><iframe loading=\"lazy\" class=\"youtube-player\" width=\"700\" height=\"394\" src=\"https:\/\/www.youtube.com\/embed\/f122M8okW1A?version=3&#038;rel=1&#038;showsearch=0&#038;showinfo=1&#038;iv_load_policy=1&#038;fs=1&#038;hl=hu-HU&#038;autohide=2&#038;wmode=transparent\" allowfullscreen=\"true\" style=\"border:0;\" sandbox=\"allow-scripts allow-same-origin allow-popups allow-presentation\"><\/iframe><\/span><\/p>\n<hr \/>\n<p style=\"text-align: justify;\">A term\u00e9szet szerelmesei Topoly\u00e1n (2015. j\u00falius 28.) &#8211; Pannon RTV<\/p>\n<p><span class=\"embed-youtube\" style=\"text-align:center; display: block;\"><iframe loading=\"lazy\" class=\"youtube-player\" width=\"700\" height=\"394\" src=\"https:\/\/www.youtube.com\/embed\/KazpEFuANzc?version=3&#038;rel=1&#038;showsearch=0&#038;showinfo=1&#038;iv_load_policy=1&#038;fs=1&#038;hl=hu-HU&#038;autohide=2&#038;wmode=transparent\" allowfullscreen=\"true\" style=\"border:0;\" sandbox=\"allow-scripts allow-same-origin allow-popups allow-presentation\"><\/iframe><\/span><\/p>\n<hr \/>\n<p style=\"text-align: justify;\">Term\u00e9szetb\u00fav\u00e1rok k\u00f6lt\u00f6znek egy h\u00e9tre Topoly\u00e1ra (2015. j\u00falius 23.) &#8211; Pannon RTV<\/p>\n<p><span class=\"embed-youtube\" style=\"text-align:center; display: block;\"><iframe loading=\"lazy\" class=\"youtube-player\" width=\"700\" height=\"394\" src=\"https:\/\/www.youtube.com\/embed\/TKvGAdCv7w4?version=3&#038;rel=1&#038;showsearch=0&#038;showinfo=1&#038;iv_load_policy=1&#038;fs=1&#038;hl=hu-HU&#038;autohide=2&#038;wmode=transparent\" allowfullscreen=\"true\" style=\"border:0;\" sandbox=\"allow-scripts allow-same-origin allow-popups allow-presentation\"><\/iframe><\/span><\/p>\n<hr \/>\n<p style=\"text-align: justify;\">Aktivist\u00e1k a baglyok v\u00e9delm\u00e9ben (2015. j\u00falius 7.) &#8211; Pannon RTV<\/p>\n<p><span class=\"embed-youtube\" style=\"text-align:center; display: block;\"><iframe loading=\"lazy\" class=\"youtube-player\" width=\"700\" height=\"394\" src=\"https:\/\/www.youtube.com\/embed\/eqU5gLRP6As?version=3&#038;rel=1&#038;showsearch=0&#038;showinfo=1&#038;iv_load_policy=1&#038;fs=1&#038;hl=hu-HU&#038;autohide=2&#038;wmode=transparent\" allowfullscreen=\"true\" style=\"border:0;\" sandbox=\"allow-scripts allow-same-origin allow-popups allow-presentation\"><\/iframe><\/span><\/p>\n<hr \/>\n<p style=\"text-align: justify;\">F\u00fclem\u00fcl\u00e9k \u00e9jszak\u00e1ja (2015. m\u00e1jus 10.) &#8211; Pannon RTV<\/p>\n<p><span class=\"embed-youtube\" style=\"text-align:center; display: block;\"><iframe loading=\"lazy\" class=\"youtube-player\" width=\"700\" height=\"394\" src=\"https:\/\/www.youtube.com\/embed\/e-xnZ-ew9-8?version=3&#038;rel=1&#038;showsearch=0&#038;showinfo=1&#038;iv_load_policy=1&#038;fs=1&#038;hl=hu-HU&#038;autohide=2&#038;wmode=transparent\" allowfullscreen=\"true\" style=\"border:0;\" sandbox=\"allow-scripts allow-same-origin allow-popups allow-presentation\"><\/iframe><\/span><\/p>\n<hr \/>\n<p style=\"text-align: justify;\">Topolya is csatlakozott a F\u00f6ld \u00d3r\u00e1ja akci\u00f3hoz (2015. m\u00e1rcius 29.) &#8211; Pannon RTV<\/p>\n<p><span class=\"embed-youtube\" style=\"text-align:center; display: block;\"><iframe loading=\"lazy\" class=\"youtube-player\" width=\"700\" height=\"394\" src=\"https:\/\/www.youtube.com\/embed\/swaLYEAGE0s?version=3&#038;rel=1&#038;showsearch=0&#038;showinfo=1&#038;iv_load_policy=1&#038;fs=1&#038;hl=hu-HU&#038;autohide=2&#038;wmode=transparent\" allowfullscreen=\"true\" style=\"border:0;\" sandbox=\"allow-scripts allow-same-origin allow-popups allow-presentation\"><\/iframe><\/span><\/p>\n<hr \/>\n<p style=\"text-align: justify;\">S\u00e1fr\u00e1ny-t\u00fara Topolya k\u00f6rny\u00e9k\u00e9n (2015. m\u00e1rcius 8.) &#8211; Pannon RTV<\/p>\n<p><span class=\"embed-youtube\" style=\"text-align:center; display: block;\"><iframe loading=\"lazy\" class=\"youtube-player\" width=\"700\" height=\"394\" src=\"https:\/\/www.youtube.com\/embed\/Z0KE5tI8-_A?version=3&#038;rel=1&#038;showsearch=0&#038;showinfo=1&#038;iv_load_policy=1&#038;fs=1&#038;hl=hu-HU&#038;autohide=2&#038;wmode=transparent\" allowfullscreen=\"true\" style=\"border:0;\" sandbox=\"allow-scripts allow-same-origin allow-popups allow-presentation\"><\/iframe><\/span><\/p>\n<hr \/>\n<p style=\"text-align: justify;\">Topolya is mad\u00e1rlesben (2014. okt\u00f3ber 5.) &#8211; Pannon RTV<\/p>\n<p><span class=\"embed-youtube\" style=\"text-align:center; display: block;\"><iframe loading=\"lazy\" class=\"youtube-player\" width=\"700\" height=\"394\" src=\"https:\/\/www.youtube.com\/embed\/ks2sThAoX3s?version=3&#038;rel=1&#038;showsearch=0&#038;showinfo=1&#038;iv_load_policy=1&#038;fs=1&#038;hl=hu-HU&#038;autohide=2&#038;wmode=transparent\" allowfullscreen=\"true\" style=\"border:0;\" sandbox=\"allow-scripts allow-same-origin allow-popups allow-presentation\"><\/iframe><\/span><\/p>\n<hr \/>\n<p style=\"text-align: justify;\">Egy h\u00e9ten kereszt\u00fcl \u00f6kot\u00e1bor Topoly\u00e1n (2014. j\u00falius 30.) &#8211; Pannon RTV<\/p>\n<p><span class=\"embed-youtube\" style=\"text-align:center; display: block;\"><iframe loading=\"lazy\" class=\"youtube-player\" width=\"700\" height=\"394\" src=\"https:\/\/www.youtube.com\/embed\/1TF4wHt9uIk?version=3&#038;rel=1&#038;showsearch=0&#038;showinfo=1&#038;iv_load_policy=1&#038;fs=1&#038;hl=hu-HU&#038;autohide=2&#038;wmode=transparent\" allowfullscreen=\"true\" style=\"border:0;\" sandbox=\"allow-scripts allow-same-origin allow-popups allow-presentation\"><\/iframe><\/span><\/p>\n<hr \/>\n<p style=\"text-align: justify;\">F\u00fclem\u00fcl\u00e9k \u00e9jszak\u00e1ja Topoly\u00e1n (2014. m\u00e1jus 10.) &#8211; Pannon RTV<\/p>\n<p><span class=\"embed-youtube\" style=\"text-align:center; display: block;\"><iframe loading=\"lazy\" class=\"youtube-player\" width=\"700\" height=\"394\" src=\"https:\/\/www.youtube.com\/embed\/Mhi9SZkqlGc?version=3&#038;rel=1&#038;showsearch=0&#038;showinfo=1&#038;iv_load_policy=1&#038;fs=1&#038;hl=hu-HU&#038;autohide=2&#038;wmode=transparent\" allowfullscreen=\"true\" style=\"border:0;\" sandbox=\"allow-scripts allow-same-origin allow-popups allow-presentation\"><\/iframe><\/span><\/p>\n<hr \/>\n<p style=\"text-align: justify;\">A &#8220;Sziv\u00e1rv\u00e1ny madarai&#8221; egy k\u00f6nyvben (2014. \u00e1prilis 26.) &#8211; Pannon RTV<\/p>\n<p><span class=\"embed-youtube\" style=\"text-align:center; display: block;\"><iframe loading=\"lazy\" class=\"youtube-player\" width=\"700\" height=\"394\" src=\"https:\/\/www.youtube.com\/embed\/e6hXjkjMbm8?version=3&#038;rel=1&#038;showsearch=0&#038;showinfo=1&#038;iv_load_policy=1&#038;fs=1&#038;hl=hu-HU&#038;autohide=2&#038;wmode=transparent\" allowfullscreen=\"true\" style=\"border:0;\" sandbox=\"allow-scripts allow-same-origin allow-popups allow-presentation\"><\/iframe><\/span><\/p>\n<hr \/>\n<p style=\"text-align: justify;\">A mad\u00e1rgy\u0171r\u0171z\u00e9st mutatta be a topolyai Arcus (2014. \u00e1prilis 6.) &#8211; Pannon RTV<\/p>\n<p><span class=\"embed-youtube\" style=\"text-align:center; display: block;\"><iframe loading=\"lazy\" class=\"youtube-player\" width=\"700\" height=\"394\" src=\"https:\/\/www.youtube.com\/embed\/4oLw-nuDZIo?version=3&#038;rel=1&#038;showsearch=0&#038;showinfo=1&#038;iv_load_policy=1&#038;fs=1&#038;hl=hu-HU&#038;autohide=2&#038;wmode=transparent\" allowfullscreen=\"true\" style=\"border:0;\" sandbox=\"allow-scripts allow-same-origin allow-popups allow-presentation\"><\/iframe><\/span><\/p>\n<hr \/>\n<p style=\"text-align: justify;\">A k\u00f6rnyezetv\u00e9delem napja (2013. j\u00fanius 5.) &#8211; Pannon RTV<\/p>\n<p><span class=\"embed-youtube\" style=\"text-align:center; display: block;\"><iframe loading=\"lazy\" class=\"youtube-player\" width=\"700\" height=\"394\" src=\"https:\/\/www.youtube.com\/embed\/RQZnDRlUKmQ?version=3&#038;rel=1&#038;showsearch=0&#038;showinfo=1&#038;iv_load_policy=1&#038;fs=1&#038;hl=hu-HU&#038;autohide=2&#038;wmode=transparent\" allowfullscreen=\"true\" style=\"border:0;\" sandbox=\"allow-scripts allow-same-origin allow-popups allow-presentation\"><\/iframe><\/span><\/p>\n<p style=\"text-align: justify;\"><em>Az oldalon tal\u00e1lhat\u00f3 tartalmat folyamatosan friss\u00edtj\u00fck!<\/em><\/p>\n<div class=\"fcbkbttn_buttons_block\" id=\"fcbkbttn_left\"><div class=\"fcbkbttn_like \"><fb:like href=\"https:\/\/arcus.org.rs\/hun\/media\/\" action=\"like\" colorscheme=\"light\" layout=\"standard\" show-faces='false' width=\"450px\" size=\"small\"><\/fb:like><\/div><\/div>","protected":false},"excerpt":{"rendered":"<p>Ezen az oldalon igyeksz\u00fcnk \u00f6sszegy\u0171jteni az \u00f6sszes olyan telev\u00edzi\u00f3s riportot, illetve h\u00edrad\u00f3s anyagot, mely k\u00f6zvetlen\u00fcl egyes\u00fclet\u00fcnk munk\u00e1j\u00e1t, rendezv\u00e9nyeit, akci\u00f3it \u00e9s programjait mutatja be. Az oldalon tal\u00e1lhat\u00f3 tartalmat folyamatosan friss\u00edtj\u00fck! M\u00e9diamegjelen\u00e9seink id\u0151rendi sorrendben- Az Arcus K\u00f6rnyezetv\u00e9d\u0151 Egyes\u00fclet \u00f6kot\u00e1bora Topoly\u00e1n (2023. augusztus&hellip; <\/p>\n","protected":false},"author":5,"featured_media":0,"parent":0,"menu_order":0,"comment_status":"closed","ping_status":"open","template":"","meta":{"_mi_skip_tracking":false,"spay_email":""},"jetpack_shortlink":"https:\/\/wp.me\/P40Haz-fT","jetpack_sharing_enabled":true,"jetpack_likes_enabled":false,"_links":{"self":[{"href":"https:\/\/arcus.org.rs\/hun\/wp-json\/wp\/v2\/pages\/985"}],"collection":[{"href":"https:\/\/arcus.org.rs\/hun\/wp-json\/wp\/v2\/pages"}],"about":[{"href":"https:\/\/arcus.org.rs\/hun\/wp-json\/wp\/v2\/types\/page"}],"author":[{"embeddable":true,"href":"https:\/\/arcus.org.rs\/hun\/wp-json\/wp\/v2\/users\/5"}],"replies":[{"embeddable":true,"href":"https:\/\/arcus.org.rs\/hun\/wp-json\/wp\/v2\/comments?post=985"}],"version-history":[{"count":2,"href":"https:\/\/arcus.org.rs\/hun\/wp-json\/wp\/v2\/pages\/985\/revisions"}],"predecessor-version":[{"id":3939,"href":"https:\/\/arcus.org.rs\/hun\/wp-json\/wp\/v2\/pages\/985\/revisions\/3939"}],"wp:attachment":[{"href":"https:\/\/arcus.org.rs\/hun\/wp-json\/wp\/v2\/media?parent=985"}],"curies":[{"name":"wp","href":"https:\/\/api.w.org\/{rel}","templated":true}]}}