{"id":99,"date":"2013-12-10T10:00:23","date_gmt":"2013-12-10T09:00:23","guid":{"rendered":"http:\/\/tothbalint.tk\/arcus\/hun\/?page_id=99"},"modified":"2024-11-04T11:39:35","modified_gmt":"2024-11-04T10:39:35","slug":"a-tagsag-tollabol","status":"publish","type":"page","link":"https:\/\/arcus.org.rs\/hun\/a-tagsag-tollabol\/","title":{"rendered":"A tags\u00e1g toll\u00e1b\u00f3l"},"content":{"rendered":"<p style=\"text-align: justify;\"><span style=\"font-size: 14px;\">Ezen az oldalon tagjaink \u00edr\u00e1sai olvashat\u00f3ak, melyek k\u00fcl\u00f6nb\u00f6z\u0151 t\u00e9m\u00e1kat \u00e9s helyi probl\u00e9m\u00e1kat boncolgatnak. Az \u00edr\u00e1sok term\u00e9szetesen minden esetben a k\u00f6rnyezet- \u00e9s term\u00e9szetv\u00e9delem, a biol\u00f3gia, \u00f6kol\u00f3gia, egy\u00e9b tudom\u00e1nyter\u00fcletek, valamint a helyt\u00f6rt\u00e9net \u00e9s a vad\u00e1szat t\u00e9mak\u00f6r\u00e9b\u0151l ker\u00fclnek ki.<\/span><\/p>\n<p style=\"text-align: justify;\">A k\u00fcl\u00f6nb\u00f6z\u0151 cikkek \u00edr\u00e1sa mellett rovatok vezet\u00e9s\u00e9re is lehet\u0151s\u00e9g van, melyek folyamatosan friss inform\u00e1ci\u00f3kkal szolg\u00e1lnak az adott t\u00e9m\u00e1ban.<\/p>\n<p style=\"text-align: justify;\"><strong>Tartalom:<\/strong><\/p>\n<p style=\"text-align: justify;\">\u2014 <a title=\"Tizenk\u00e9t h\u00f3nap a term\u00e9szetben\" href=\"http:\/\/arcus.org.rs\/hun\/tizenket-honap-a-termeszetben\/\"><em><strong>Tizenk\u00e9t h\u00f3nap a term\u00e9szetben<\/strong><\/em><\/a> (Rovatvezet\u0151: Sihelnik J\u00f3zsef)<\/p>\n<p style=\"text-align: justify;\">Minden h\u00f3napban n\u00e9h\u00e1ny alkalommal t\u00e1vcs\u00f6vet \u00e9s f\u00e9nyk\u00e9pez\u0151g\u00e9pet ragadok, majd bakancsos, h\u00e1tizs\u00e1kos terepbej\u00e1r\u00e1sra indulok vid\u00e9k\u00fcnk\u00f6n&#8230;<\/p>\n<p style=\"text-align: justify;\">\u2014 <strong>Roman Andrej: <a href=\"https:\/\/arcus.org.rs\/hun\/az-agrobiodiverzitas-es-elelmiszerbiztonsag\/\"><em>Az agrobiodiverzit\u00e1s \u00e9s \u00e9lelmiszerbiztons\u00e1g<\/em><\/a><\/strong> (2024. okt\u00f3ber 14.)<\/p>\n<p style=\"text-align: justify;\">Az elm\u00falt k\u00e9t \u00e9vtizedben, r\u00e9szben a probl\u00e9m\u00e1k s\u00falyosbod\u00e1s\u00e1b\u00f3l \u00e9s elm\u00e9ly\u00fcl\u00e9s\u00e9b\u0151l kifoly\u00f3lag, r\u00e9szben pedig az internet rohamos terjed\u00e9s\u00e9nek k\u00f6sz\u00f6nve sz\u00e1mos k\u00f6rnyezet- \u00e9s term\u00e9szetv\u00e9delmi t\u00e9ma ker\u00fclt \u00e9l\u0151t\u00e9rbe&#8230;<\/p>\n<p style=\"text-align: justify;\">\u2014 <strong>Sihelnik \u00c1gnes: <em><a href=\"http:\/\/arcus.org.rs\/hun\/az-oko-camp-esztorszagi-vendegei\/\">Az \u00d6KO-CAMP \u00e9sztorsz\u00e1gi vend\u00e9gei<\/a><\/em><\/strong> (2017. augusztus 12.)<\/p>\n<p style=\"text-align: justify;\">A huszonh\u00e9t \u00e9ve rendszeresen megszervezett \u00d6KO-CAMP elnevez\u00e9s\u0171 k\u00f6rnyezet- \u00e9s term\u00e9szetismerettel foglalkoz\u00f3 t\u00e1bor t\u00f6bb szempontb\u00f3l is h\u00edress\u00e9 v\u00e1lt a k\u00f6zel harminc \u00e9v alatt&#8230;<\/p>\n<p style=\"text-align: justify;\">\u2014 <strong>Fl\u00e9g\u00f3 P\u00e9ter: <em><a href=\"http:\/\/arcus.org.rs\/hun\/kertem-madarai\/\">Kertem madarai<\/a><\/em><\/strong> (2017. janu\u00e1r 29.)<\/p>\n<p style=\"text-align: justify;\">Lassan egy \u00e9vtizede, hogy elkezdtem fot\u00f3z\u00e1ssal foglalkozni. Ezzel egy\u00fctt a term\u00e9szet felfedez\u00e9se \u00e9s szeretete, a benn\u00fcnket k\u00f6r\u00fclvev\u0151 \u00e1llatvil\u00e1g megismer\u00e9se, f\u00e9nyk\u00e9pez\u00e9se, illetve meg\u0151rz\u00e9se, v\u00e9delme is mind jobban \u00e9rdekelni kezdett&#8230;<\/p>\n<p style=\"text-align: justify;\">\u2014 <strong>Sihelnik \u00c1gnes: <em><a href=\"http:\/\/arcus.org.rs\/hun\/ujfalu-a-viragzo-kezdetektol-a-lassu-enyeszetig\/\">\u00dajfalu &#8211; a vir\u00e1gz\u00f3 kezdetekt\u0151l a lass\u00fa eny\u00e9szetig<\/a><\/em><\/strong> (2016. \u00e1prilis 6.)<\/p>\n<p style=\"text-align: justify;\">\u00dajfalu. Egy eldugott, kis telep\u00fcl\u00e9s, melyet m\u00e9g a szomsz\u00e9dos k\u00f6zs\u00e9gek is alig-alig ismernek. Gyakran megesik, hogy \u00f6sszet\u00e9vesztik a k\u00f6zeli Szabadka egy azonos nev\u0171 v\u00e1rosr\u00e9sz\u00e9vel&#8230;<\/p>\n<div class=\"fcbkbttn_buttons_block\" id=\"fcbkbttn_left\"><div class=\"fcbkbttn_like \"><fb:like href=\"https:\/\/arcus.org.rs\/hun\/a-tagsag-tollabol\/\" action=\"like\" colorscheme=\"light\" layout=\"standard\" show-faces='false' width=\"450px\" size=\"small\"><\/fb:like><\/div><\/div>","protected":false},"excerpt":{"rendered":"<p>Ezen az oldalon tagjaink \u00edr\u00e1sai olvashat\u00f3ak, melyek k\u00fcl\u00f6nb\u00f6z\u0151 t\u00e9m\u00e1kat \u00e9s helyi probl\u00e9m\u00e1kat boncolgatnak. Az \u00edr\u00e1sok term\u00e9szetesen minden esetben a k\u00f6rnyezet- \u00e9s term\u00e9szetv\u00e9delem, a biol\u00f3gia, \u00f6kol\u00f3gia, egy\u00e9b tudom\u00e1nyter\u00fcletek, valamint a helyt\u00f6rt\u00e9net \u00e9s a vad\u00e1szat t\u00e9mak\u00f6r\u00e9b\u0151l ker\u00fclnek ki. A k\u00fcl\u00f6nb\u00f6z\u0151 cikkek \u00edr\u00e1sa&hellip; <\/p>\n","protected":false},"author":2,"featured_media":0,"parent":0,"menu_order":0,"comment_status":"closed","ping_status":"open","template":"","meta":{"_mi_skip_tracking":false,"spay_email":""},"jetpack_shortlink":"https:\/\/wp.me\/P40Haz-1B","jetpack_sharing_enabled":true,"jetpack_likes_enabled":false,"_links":{"self":[{"href":"https:\/\/arcus.org.rs\/hun\/wp-json\/wp\/v2\/pages\/99"}],"collection":[{"href":"https:\/\/arcus.org.rs\/hun\/wp-json\/wp\/v2\/pages"}],"about":[{"href":"https:\/\/arcus.org.rs\/hun\/wp-json\/wp\/v2\/types\/page"}],"author":[{"embeddable":true,"href":"https:\/\/arcus.org.rs\/hun\/wp-json\/wp\/v2\/users\/2"}],"replies":[{"embeddable":true,"href":"https:\/\/arcus.org.rs\/hun\/wp-json\/wp\/v2\/comments?post=99"}],"version-history":[{"count":9,"href":"https:\/\/arcus.org.rs\/hun\/wp-json\/wp\/v2\/pages\/99\/revisions"}],"predecessor-version":[{"id":4367,"href":"https:\/\/arcus.org.rs\/hun\/wp-json\/wp\/v2\/pages\/99\/revisions\/4367"}],"wp:attachment":[{"href":"https:\/\/arcus.org.rs\/hun\/wp-json\/wp\/v2\/media?parent=99"}],"curies":[{"name":"wp","href":"https:\/\/api.w.org\/{rel}","templated":true}]}}