{"id":990,"date":"2013-12-10T11:25:00","date_gmt":"2013-12-10T10:25:00","guid":{"rendered":"http:\/\/arcus.org.rs\/hun\/?page_id=990"},"modified":"2026-01-10T22:27:22","modified_gmt":"2026-01-10T21:27:22","slug":"megjelent-anyagok","status":"publish","type":"page","link":"https:\/\/arcus.org.rs\/hun\/megjelent-anyagok\/","title":{"rendered":"Megjelent anyagok"},"content":{"rendered":"<p><strong>Kiadv\u00e1nyok &#8211; plak\u00e1tok<\/strong><\/p>\n<p><a href=\"https:\/\/arcus.org.rs\/hun\/wp-content\/uploads\/2026\/01\/beporzo_rovarok_vedelme_plakat_2026.jpg\"><img loading=\"lazy\" class=\"alignnone wp-image-4707\" src=\"https:\/\/arcus.org.rs\/hun\/wp-content\/uploads\/2026\/01\/beporzo_rovarok_vedelme_plakat_2026.jpg\" alt=\"\" width=\"304\" height=\"391\" srcset=\"https:\/\/arcus.org.rs\/hun\/wp-content\/uploads\/2026\/01\/beporzo_rovarok_vedelme_plakat_2026.jpg 777w, https:\/\/arcus.org.rs\/hun\/wp-content\/uploads\/2026\/01\/beporzo_rovarok_vedelme_plakat_2026-233x300.jpg 233w, https:\/\/arcus.org.rs\/hun\/wp-content\/uploads\/2026\/01\/beporzo_rovarok_vedelme_plakat_2026-768x988.jpg 768w\" sizes=\"(max-width: 304px) 100vw, 304px\" \/><\/a> \u00a0\u00a0 <a href=\"https:\/\/arcus.org.rs\/hun\/wp-content\/uploads\/2026\/01\/madarak_a_madareteton_plakat_2025.jpg\"><img loading=\"lazy\" class=\"alignnone wp-image-4706\" src=\"https:\/\/arcus.org.rs\/hun\/wp-content\/uploads\/2026\/01\/madarak_a_madareteton_plakat_2025.jpg\" alt=\"\" width=\"280\" height=\"393\" srcset=\"https:\/\/arcus.org.rs\/hun\/wp-content\/uploads\/2026\/01\/madarak_a_madareteton_plakat_2025.jpg 712w, https:\/\/arcus.org.rs\/hun\/wp-content\/uploads\/2026\/01\/madarak_a_madareteton_plakat_2025-214x300.jpg 214w\" sizes=\"(max-width: 280px) 100vw, 280px\" \/><\/a><\/p>\n<p><a href=\"https:\/\/arcus.org.rs\/hun\/wp-content\/uploads\/2025\/09\/nappali_lepkek_kozep-bacskaban_plakat_2024.jpg\"><img loading=\"lazy\" class=\"alignnone wp-image-4644\" src=\"https:\/\/arcus.org.rs\/hun\/wp-content\/uploads\/2025\/09\/nappali_lepkek_kozep-bacskaban_plakat_2024.jpg\" alt=\"\" width=\"292\" height=\"409\" srcset=\"https:\/\/arcus.org.rs\/hun\/wp-content\/uploads\/2025\/09\/nappali_lepkek_kozep-bacskaban_plakat_2024.jpg 714w, https:\/\/arcus.org.rs\/hun\/wp-content\/uploads\/2025\/09\/nappali_lepkek_kozep-bacskaban_plakat_2024-214x300.jpg 214w\" sizes=\"(max-width: 292px) 100vw, 292px\" \/><\/a> \u00a0\u00a0 <a href=\"https:\/\/arcus.org.rs\/hun\/wp-content\/uploads\/2025\/09\/vercsek_plakat_2023.jpg\"><img loading=\"lazy\" class=\"alignnone wp-image-4643\" src=\"https:\/\/arcus.org.rs\/hun\/wp-content\/uploads\/2025\/09\/vercsek_plakat_2023.jpg\" alt=\"\" width=\"292\" height=\"407\" srcset=\"https:\/\/arcus.org.rs\/hun\/wp-content\/uploads\/2025\/09\/vercsek_plakat_2023.jpg 717w, https:\/\/arcus.org.rs\/hun\/wp-content\/uploads\/2025\/09\/vercsek_plakat_2023-215x300.jpg 215w\" sizes=\"(max-width: 292px) 100vw, 292px\" \/><\/a><\/p>\n<p style=\"padding-left: 120px;\">\u00a0 \u00a0 \u00a0 \u00a0 <a href=\"https:\/\/arcus.org.rs\/hun\/wp-content\/uploads\/2023\/10\/a_bacs_er_loszvolgyeinek_novenyei_1_plakat_2022.jpg\"><img loading=\"lazy\" class=\"wp-image-3965 alignnone\" src=\"https:\/\/arcus.org.rs\/hun\/wp-content\/uploads\/2023\/10\/a_bacs_er_loszvolgyeinek_novenyei_1_plakat_2022.jpg\" alt=\"\" width=\"292\" height=\"407\" srcset=\"https:\/\/arcus.org.rs\/hun\/wp-content\/uploads\/2023\/10\/a_bacs_er_loszvolgyeinek_novenyei_1_plakat_2022.jpg 717w, https:\/\/arcus.org.rs\/hun\/wp-content\/uploads\/2023\/10\/a_bacs_er_loszvolgyeinek_novenyei_1_plakat_2022-215x300.jpg 215w\" sizes=\"(max-width: 292px) 100vw, 292px\" \/><\/a><\/p>\n<p><a href=\"https:\/\/arcus.org.rs\/hun\/wp-content\/uploads\/2023\/10\/a_bacs_er_loszvolgyeinek_novenyei_2_plakat_2023.jpg\"><img loading=\"lazy\" class=\"alignnone wp-image-3966\" src=\"https:\/\/arcus.org.rs\/hun\/wp-content\/uploads\/2023\/10\/a_bacs_er_loszvolgyeinek_novenyei_2_plakat_2023.jpg\" alt=\"\" width=\"292\" height=\"407\" srcset=\"https:\/\/arcus.org.rs\/hun\/wp-content\/uploads\/2023\/10\/a_bacs_er_loszvolgyeinek_novenyei_2_plakat_2023.jpg 717w, https:\/\/arcus.org.rs\/hun\/wp-content\/uploads\/2023\/10\/a_bacs_er_loszvolgyeinek_novenyei_2_plakat_2023-215x300.jpg 215w\" sizes=\"(max-width: 292px) 100vw, 292px\" \/><\/a> \u00a0\u00a0 <a href=\"https:\/\/arcus.org.rs\/hun\/wp-content\/uploads\/2025\/09\/a_bacs_er_loszvolgyeinek_novenyei_3_plakat_2024.jpg\"><img loading=\"lazy\" class=\"alignnone wp-image-4642\" src=\"https:\/\/arcus.org.rs\/hun\/wp-content\/uploads\/2025\/09\/a_bacs_er_loszvolgyeinek_novenyei_3_plakat_2024.jpg\" alt=\"\" width=\"292\" height=\"407\" srcset=\"https:\/\/arcus.org.rs\/hun\/wp-content\/uploads\/2025\/09\/a_bacs_er_loszvolgyeinek_novenyei_3_plakat_2024.jpg 718w, https:\/\/arcus.org.rs\/hun\/wp-content\/uploads\/2025\/09\/a_bacs_er_loszvolgyeinek_novenyei_3_plakat_2024-215x300.jpg 215w\" sizes=\"(max-width: 292px) 100vw, 292px\" \/><\/a><\/p>\n<p><a href=\"https:\/\/arcus.org.rs\/hun\/wp-content\/uploads\/2023\/10\/szalakota_plakat_2023.jpg\"><img loading=\"lazy\" class=\"alignnone wp-image-3964\" src=\"https:\/\/arcus.org.rs\/hun\/wp-content\/uploads\/2023\/10\/szalakota_plakat_2023-300x215.jpg\" alt=\"\" width=\"292\" height=\"209\" srcset=\"https:\/\/arcus.org.rs\/hun\/wp-content\/uploads\/2023\/10\/szalakota_plakat_2023-300x215.jpg 300w, https:\/\/arcus.org.rs\/hun\/wp-content\/uploads\/2023\/10\/szalakota_plakat_2023.jpg 720w\" sizes=\"(max-width: 292px) 100vw, 292px\" \/><\/a> \u00a0\u00a0 <a href=\"https:\/\/arcus.org.rs\/hun\/wp-content\/uploads\/2023\/10\/gyongybagoly_plakat_2022.jpg\"><img loading=\"lazy\" class=\"alignnone wp-image-3963\" src=\"https:\/\/arcus.org.rs\/hun\/wp-content\/uploads\/2023\/10\/gyongybagoly_plakat_2022-300x215.jpg\" alt=\"\" width=\"292\" height=\"209\" srcset=\"https:\/\/arcus.org.rs\/hun\/wp-content\/uploads\/2023\/10\/gyongybagoly_plakat_2022-300x215.jpg 300w, https:\/\/arcus.org.rs\/hun\/wp-content\/uploads\/2023\/10\/gyongybagoly_plakat_2022.jpg 720w\" sizes=\"(max-width: 292px) 100vw, 292px\" \/><\/a><\/p>\n<hr \/>\n<p><strong>Kiadv\u00e1nyok &#8211; leporell\u00f3k<br \/>\n<\/strong><\/p>\n<p><a href=\"https:\/\/arcus.org.rs\/hun\/wp-content\/uploads\/2024\/01\/loszgyepek_kozep_bacskaban_leporello_2023.jpg\"><img loading=\"lazy\" class=\"wp-image-4095 alignnone\" src=\"https:\/\/arcus.org.rs\/hun\/wp-content\/uploads\/2024\/01\/loszgyepek_kozep_bacskaban_leporello_2023-300x212.jpg\" alt=\"\" width=\"290\" height=\"205\" srcset=\"https:\/\/arcus.org.rs\/hun\/wp-content\/uploads\/2024\/01\/loszgyepek_kozep_bacskaban_leporello_2023-300x212.jpg 300w, https:\/\/arcus.org.rs\/hun\/wp-content\/uploads\/2024\/01\/loszgyepek_kozep_bacskaban_leporello_2023.jpg 718w\" sizes=\"(max-width: 290px) 100vw, 290px\" \/><\/a> \u00a0\u00a0 \u00a0<a href=\"https:\/\/arcus.org.rs\/hun\/wp-content\/uploads\/2020\/01\/utmenti_fakeresztek_leporello.jpg\"><img loading=\"lazy\" class=\"wp-image-2477 alignnone\" src=\"https:\/\/arcus.org.rs\/hun\/wp-content\/uploads\/2020\/01\/utmenti_fakeresztek_leporello-300x212.jpg\" alt=\"\" width=\"290\" height=\"205\" srcset=\"https:\/\/arcus.org.rs\/hun\/wp-content\/uploads\/2020\/01\/utmenti_fakeresztek_leporello-300x212.jpg 300w, https:\/\/arcus.org.rs\/hun\/wp-content\/uploads\/2020\/01\/utmenti_fakeresztek_leporello.jpg 718w\" sizes=\"(max-width: 290px) 100vw, 290px\" \/><\/a><\/p>\n<p><a href=\"https:\/\/arcus.org.rs\/hun\/wp-content\/uploads\/2023\/02\/a_gyongybagoly_vedelme_leporello_2022.jpg\"><img loading=\"lazy\" class=\"alignnone wp-image-3717\" src=\"https:\/\/arcus.org.rs\/hun\/wp-content\/uploads\/2023\/02\/a_gyongybagoly_vedelme_leporello_2022-300x212.jpg\" alt=\"\" width=\"290\" height=\"205\" srcset=\"https:\/\/arcus.org.rs\/hun\/wp-content\/uploads\/2023\/02\/a_gyongybagoly_vedelme_leporello_2022-300x212.jpg 300w, https:\/\/arcus.org.rs\/hun\/wp-content\/uploads\/2023\/02\/a_gyongybagoly_vedelme_leporello_2022.jpg 718w\" sizes=\"(max-width: 290px) 100vw, 290px\" \/><\/a> \u00a0 \u00a0 <a href=\"https:\/\/arcus.org.rs\/hun\/wp-content\/uploads\/2023\/02\/arcus_leporello_2022.jpg\"><img loading=\"lazy\" class=\"alignnone wp-image-3716\" src=\"https:\/\/arcus.org.rs\/hun\/wp-content\/uploads\/2023\/02\/arcus_leporello_2022-300x212.jpg\" alt=\"\" width=\"290\" height=\"205\" srcset=\"https:\/\/arcus.org.rs\/hun\/wp-content\/uploads\/2023\/02\/arcus_leporello_2022-300x212.jpg 300w, https:\/\/arcus.org.rs\/hun\/wp-content\/uploads\/2023\/02\/arcus_leporello_2022.jpg 718w\" sizes=\"(max-width: 290px) 100vw, 290px\" \/><\/a><\/p>\n<hr \/>\n<p style=\"text-align: justify;\"><strong>Bagolyv\u00e9d\u0151k<\/strong> (ismeretterjeszt\u0151 film\/term\u00e9szetfilm, 24 perc, 2009)<\/p>\n<p style=\"text-align: justify;\">A film egyes\u00fclet\u00fcnk <em><a href=\"http:\/\/arcus.org.rs\/hun\/gyongybagolyvedelmi-program-2\/\">Gy\u00f6ngybagolyv\u00e9delmi Programj\u00e1nak<\/a><\/em> els\u0151 \u00e9v\u00e9t mutatja be, melynek c\u00e9lja a gy\u00f6ngybagoly \u00e1llom\u00e1nyfelm\u00e9r\u00e9se Topolya \u00e9s Kishegyes k\u00f6zs\u00e9gek ter\u00fclet\u00e9n, majd k\u00fcl\u00f6nf\u00e9le v\u00e9delmi int\u00e9zked\u00e9sek foganatos\u00edt\u00e1sa a faj v\u00e9delm\u00e9nek \u00e9rdek\u00e9ben.<\/p>\n<p style=\"text-align: justify;\"><em>Bagolyv\u00e9d\u0151k<\/em> &#8211; el\u0151zetes<\/p>\n<p><span class=\"embed-youtube\" style=\"text-align:center; display: block;\"><iframe loading=\"lazy\" class=\"youtube-player\" width=\"700\" height=\"394\" src=\"https:\/\/www.youtube.com\/embed\/iyTrAzKI_U0?version=3&#038;rel=1&#038;showsearch=0&#038;showinfo=1&#038;iv_load_policy=1&#038;fs=1&#038;hl=hu-HU&#038;autohide=2&#038;wmode=transparent\" allowfullscreen=\"true\" style=\"border:0;\" sandbox=\"allow-scripts allow-same-origin allow-popups allow-presentation\"><\/iframe><\/span><\/p>\n<p style=\"text-align: justify;\"><em>Bagolyv\u00e9d\u0151k<\/em> &#8211; teljes film<\/p>\n<p><span class=\"embed-youtube\" style=\"text-align:center; display: block;\"><iframe loading=\"lazy\" class=\"youtube-player\" width=\"700\" height=\"394\" src=\"https:\/\/www.youtube.com\/embed\/YrGNW6M9pKY?version=3&#038;rel=1&#038;showsearch=0&#038;showinfo=1&#038;iv_load_policy=1&#038;fs=1&#038;hl=hu-HU&#038;autohide=2&#038;wmode=transparent\" allowfullscreen=\"true\" style=\"border:0;\" sandbox=\"allow-scripts allow-same-origin allow-popups allow-presentation\"><\/iframe><\/span><\/p>\n<p style=\"text-align: justify;\">Film\u00fcnk 2013-ban a Magyarkanizs\u00e1n megszervez\u00e9sre ker\u00fcl\u0151 Csodak\u00fat Nemzetk\u00f6zi Term\u00e9szetfilm-fesztiv\u00e1lon elnyerte a legjobb amat\u0151r sz\u00f6veg\u00e9rt (narr\u00e1ci\u00f3\u00e9rt) j\u00e1r\u00f3 d\u00edjat.<\/p>\n<div class=\"fcbkbttn_buttons_block\" id=\"fcbkbttn_left\"><div class=\"fcbkbttn_like \"><fb:like href=\"https:\/\/arcus.org.rs\/hun\/megjelent-anyagok\/\" action=\"like\" colorscheme=\"light\" layout=\"standard\" show-faces='false' width=\"450px\" size=\"small\"><\/fb:like><\/div><\/div>","protected":false},"excerpt":{"rendered":"<p>Kiadv\u00e1nyok &#8211; plak\u00e1tok \u00a0\u00a0 \u00a0\u00a0 \u00a0 \u00a0 \u00a0 \u00a0 \u00a0\u00a0 \u00a0\u00a0 Kiadv\u00e1nyok &#8211; leporell\u00f3k \u00a0\u00a0 \u00a0 \u00a0 \u00a0 Bagolyv\u00e9d\u0151k (ismeretterjeszt\u0151 film\/term\u00e9szetfilm, 24 perc, 2009) A film egyes\u00fclet\u00fcnk Gy\u00f6ngybagolyv\u00e9delmi Programj\u00e1nak els\u0151 \u00e9v\u00e9t mutatja be, melynek c\u00e9lja a gy\u00f6ngybagoly \u00e1llom\u00e1nyfelm\u00e9r\u00e9se Topolya \u00e9s&hellip; <\/p>\n","protected":false},"author":5,"featured_media":0,"parent":0,"menu_order":0,"comment_status":"closed","ping_status":"open","template":"","meta":{"_mi_skip_tracking":false,"spay_email":""},"jetpack_shortlink":"https:\/\/wp.me\/P40Haz-fY","jetpack_sharing_enabled":true,"jetpack_likes_enabled":false,"_links":{"self":[{"href":"https:\/\/arcus.org.rs\/hun\/wp-json\/wp\/v2\/pages\/990"}],"collection":[{"href":"https:\/\/arcus.org.rs\/hun\/wp-json\/wp\/v2\/pages"}],"about":[{"href":"https:\/\/arcus.org.rs\/hun\/wp-json\/wp\/v2\/types\/page"}],"author":[{"embeddable":true,"href":"https:\/\/arcus.org.rs\/hun\/wp-json\/wp\/v2\/users\/5"}],"replies":[{"embeddable":true,"href":"https:\/\/arcus.org.rs\/hun\/wp-json\/wp\/v2\/comments?post=990"}],"version-history":[{"count":15,"href":"https:\/\/arcus.org.rs\/hun\/wp-json\/wp\/v2\/pages\/990\/revisions"}],"predecessor-version":[{"id":4708,"href":"https:\/\/arcus.org.rs\/hun\/wp-json\/wp\/v2\/pages\/990\/revisions\/4708"}],"wp:attachment":[{"href":"https:\/\/arcus.org.rs\/hun\/wp-json\/wp\/v2\/media?parent=990"}],"curies":[{"name":"wp","href":"https:\/\/api.w.org\/{rel}","templated":true}]}}