{"id":1243,"date":"2021-12-19T22:46:32","date_gmt":"2021-12-19T21:46:32","guid":{"rendered":"https:\/\/arcus.org.rs\/srb\/?page_id=1243"},"modified":"2023-12-03T23:45:47","modified_gmt":"2023-12-03T22:45:47","slug":"zimsko-hranjenje-ptica","status":"publish","type":"page","link":"https:\/\/arcus.org.rs\/srb\/zimsko-hranjenje-ptica\/","title":{"rendered":"Zimsko hranjenje ptica"},"content":{"rendered":"<p style=\"text-align: justify;\">U okviru za\u0161tite ptica, jedna od aktivnosti sa najdu\u017eom tradicijom je zimsko hranjenje divljih ptica peva\u010dica. Radi se o relativno lako izvodljivom procesu, koji se mo\u017ee sprovesti u ba\u0161tama, vo\u0107njacima, ili \u010dak u prozorima vi\u0161espratnica. Me\u0111utim, veoma je va\u017eno obratiti pa\u017enju i pridr\u017eavati se nekoliko osnovnih pravila, kako pticama koje dolaze na hranilice ne bismo na\u0161kodili.<\/p>\n<div id=\"attachment_1244\" style=\"width: 275px\" class=\"wp-caption alignright\"><a href=\"https:\/\/arcus.org.rs\/srb\/wp-content\/uploads\/2023\/11\/kert.1.Photo_.Flego_.P..jpg\"><img aria-describedby=\"caption-attachment-1244\" loading=\"lazy\" class=\"wp-image-1244\" title=\"Velike senice (Photo: Fl\u00e9g\u00f3 P\u00e9ter)\" src=\"https:\/\/arcus.org.rs\/srb\/wp-content\/uploads\/2023\/11\/kert.1.Photo_.Flego_.P.-300x200.jpg\" alt=\"Velike senice (Photo: Fl\u00e9g\u00f3 P\u00e9ter)\" width=\"265\" height=\"177\" srcset=\"https:\/\/arcus.org.rs\/srb\/wp-content\/uploads\/2023\/11\/kert.1.Photo_.Flego_.P.-300x200.jpg 300w, https:\/\/arcus.org.rs\/srb\/wp-content\/uploads\/2023\/11\/kert.1.Photo_.Flego_.P.-768x512.jpg 768w, https:\/\/arcus.org.rs\/srb\/wp-content\/uploads\/2023\/11\/kert.1.Photo_.Flego_.P..jpg 780w\" sizes=\"(max-width: 265px) 100vw, 265px\" \/><\/a><p id=\"caption-attachment-1244\" class=\"wp-caption-text\">Velike senice (Photo: Fl\u00e9g\u00f3 P\u00e9ter)<\/p><\/div>\n<p style=\"text-align: justify;\">Op\u0161te je poznato da se zimi ne sele sve ptice na jug, ve\u0107 zna\u010dajan broj vrsta tokom zime ostaje ovde, u na\u0161im krajevima. Neke od ptica koje \u017eive severnije od nas, u krajevima sa o\u0161trim zimama, dolaze da prezime u Karpatskom basenu. Va\u017eno je napomenuti da su ptice stanarice i ptice koje dolaze kao zimski gosti u stanju da pre\u017eive zimu i bez \u010dovekove pomo\u0107i. Ove ptice ne migriraju na jug, ve\u0107 zimi lutaju na\u0161im krajevima, zato \u0161to tu i u jesen i zimi mogu prona\u0107i odgovaraju\u0107u hranu. U slu\u010daju lo\u0161ih vremenskih uslova, ili ako se prirodni izvori hrane potro\u0161e, ptice bez problema odlete na neko drugo podru\u010dje gde su u datom trenutku uslovi povoljniji.<\/p>\n<p style=\"text-align: justify;\">Na osnovu prethodno navedenog, ptice nije neophodno hraniti zimi, ali ako \u017eelimo da ih posmatramo, kao i da im pomognemo da lak\u0161e do\u0111u do hrane, slobodno ih mo\u017eemo hraniti. Posmatranje \u017eivahnih ptica peva\u010dica na hranilici mo\u017ee nam ulep\u0161ati zimske dane, pogotovo kada ih posmatramo sa prozora tople sobe. Ova aktivnost mo\u017ee biti i zanimljiv na\u010din opu\u0161tanja za sve uzraste, pogotovo nakon u\u017eurbanih i napornih radnih dana, a ujedno nas i podsti\u010de na za\u0161titu prirode i \u017eivotne sredine.<\/p>\n<div id=\"attachment_1245\" style=\"width: 275px\" class=\"wp-caption alignleft\"><a href=\"https:\/\/arcus.org.rs\/srb\/wp-content\/uploads\/2023\/11\/coccothraustes.coccothraustes.Photo_.Sihelnik.J..jpg\"><img aria-describedby=\"caption-attachment-1245\" loading=\"lazy\" class=\"wp-image-1245\" title=\"Batokljun (Photo: Sihelnik J\u00f3zsef)\" src=\"https:\/\/arcus.org.rs\/srb\/wp-content\/uploads\/2023\/11\/coccothraustes.coccothraustes.Photo_.Sihelnik.J.-300x200.jpg\" alt=\"Batokljun (Photo: Sihelnik J\u00f3zsef)\" width=\"265\" height=\"177\" srcset=\"https:\/\/arcus.org.rs\/srb\/wp-content\/uploads\/2023\/11\/coccothraustes.coccothraustes.Photo_.Sihelnik.J.-300x200.jpg 300w, https:\/\/arcus.org.rs\/srb\/wp-content\/uploads\/2023\/11\/coccothraustes.coccothraustes.Photo_.Sihelnik.J.-768x512.jpg 768w, https:\/\/arcus.org.rs\/srb\/wp-content\/uploads\/2023\/11\/coccothraustes.coccothraustes.Photo_.Sihelnik.J..jpg 840w\" sizes=\"(max-width: 265px) 100vw, 265px\" \/><\/a><p id=\"caption-attachment-1245\" class=\"wp-caption-text\">Batokljun (Photo: Sihelnik J\u00f3zsef)<\/p><\/div>\n<p style=\"text-align: justify;\">Ko se odlu\u010di za zimsko hranjenje ptica, veoma je va\u017eno da zapamti da ova aktivnost obuhvata period od prvih stalnih mrazeva, do njihovog prestanka, odnosno, da traje od po\u010detka decembra do druge polovine marta. Ptice se hrane zrnevljem koje je bogato mastima i uljima, prvenstveno presnim suncokretom sa crnom ljuskom, ali se mogu ponuditi i proso, ili orasi i le\u0161nici. Pored zrnaste hrane, na hranili\u0161te se mo\u017ee postaviti i vo\u0107e, jabuke, ili bobice, kao \u0161to su divlja loza, br\u0161ljan ili vatreni trn. Tako\u0111e, pticama mo\u017eemo ponuditi i \u017eivotinjsku mast, poput \u010distog, nesoljenog svinjskog sala, koje je naj\u010de\u0161\u0107e poslastica velikoj i plavoj senici. Va\u017eno je znati da se pticama ne smeju davati ostaci hrane, pogotovo mrvice hleba i ostaci raznog peciva.<\/p>\n<p style=\"text-align: justify;\">Pored hranilice mo\u017eemo postaviti i pojilicu, jer za pojedine vrste ptica mnogo zna\u010di postojanje stalnog izvora vode. Pojilica zahteva stalnu pa\u017enju, jer je neophodno da voda u njoj bude u te\u010dnom stanju. Pojilica je posebno va\u017ena u ledenim danima bez snega, kada ptice te\u017ee dolaze do vode za pi\u0107e. Jedno od najva\u017enijih pravila zimskog hranjenja ptica jeste da se ono obavezno zavr\u0161i pre sezone gne\u017e\u0111enja, po\u0161to tek izlegli pti\u0107i nisu u stanju da svare zrnastu hranu, zbog \u010dega dolazi do njihovog uginu\u0107a usled izgladnelosti. Neophodno je da budemo na\u010disto sa time da vreva koju oko hranilice \u010dine ptice peva\u010dice, privla\u010di pa\u017enju ptica grabljivica, tako da se vrlo \u010desto de\u0161ava da se u blizini hranilice pojavi i kobac u potrazi za plenom. To je sasvim prirodno i nema potrebe za uznemireno\u0161\u0107u zbog kop\u010devog prisustva. Doma\u0107e ma\u010dke mogu uzrokovati ozbiljne probleme, tako da je hranilicu za ptice neophodno postaviti na bezbednom, dobro vidljivom mestu, u blizini gustog \u017ebunja, gde se ptice mogu skloniti u slu\u010daju opasnosti.<\/p>\n<div id=\"attachment_828\" style=\"width: 275px\" class=\"wp-caption alignright\"><a href=\"https:\/\/arcus.org.rs\/srb\/wp-content\/uploads\/2018\/09\/kert.4.Photo_.Flego_.P..jpg\"><img aria-describedby=\"caption-attachment-828\" loading=\"lazy\" class=\"wp-image-828\" title=\"Zelentarka (Photo: Fl\u00e9g\u00f3 P\u00e9ter)\" src=\"https:\/\/arcus.org.rs\/srb\/wp-content\/uploads\/2018\/09\/kert.4.Photo_.Flego_.P.-300x200.jpg\" alt=\"Zelentarka (Photo: Fl\u00e9g\u00f3 P\u00e9ter)\" width=\"265\" height=\"177\" srcset=\"https:\/\/arcus.org.rs\/srb\/wp-content\/uploads\/2018\/09\/kert.4.Photo_.Flego_.P.-300x200.jpg 300w, https:\/\/arcus.org.rs\/srb\/wp-content\/uploads\/2018\/09\/kert.4.Photo_.Flego_.P.-768x512.jpg 768w, https:\/\/arcus.org.rs\/srb\/wp-content\/uploads\/2018\/09\/kert.4.Photo_.Flego_.P..jpg 780w\" sizes=\"(max-width: 265px) 100vw, 265px\" \/><\/a><p id=\"caption-attachment-828\" class=\"wp-caption-text\">Zelentarka (Photo: Fl\u00e9g\u00f3 P\u00e9ter)<\/p><\/div>\n<p style=\"text-align: justify;\">Kontinuitet u hranjenju ptica je va\u017ean, ali ne\u0107e dovesti do velikih problema po ptice ako se prestane ostavljati hrana u hranilici. \u010cim ptice primete da se izvor hrane smanjuje, one \u0107e oti\u0107i dalje u potrazi za hranom. Mogu se koristiti razli\u010diti tipovi hranilica, pri \u010demu je najva\u017enija funkcionalnost hranilice i bezbednost ptica. Dobro uhodano zimsko hranjenje ptica, na hranilici koja se redovno koristi tokom vi\u0161e godina, zahteva znatnu koli\u010dinu suncokreta. U zavisnosti od vremenskih prilika tokom zime, mesta na kojem je hranilica postavljena, kao i brojnosti ptica koje pose\u0107uju hranilicu, tokom jedne zime mo\u017ee se potro\u0161iti 100-200 kilograma zrnevlja. Ovolika koli\u010dina hrane se mo\u017ee potro\u0161iti tokom jedne zimske sezone, \u010dak i po obodima naselja, ili u ba\u0161tama sa dosta drve\u0107a i \u017ebunja.<\/p>\n<p style=\"text-align: justify;\">Hranilicu je najbolje postaviti u ba\u0161ti u kojoj je na nekom od ve\u0107eg drve\u0107a postavljena i ve\u0161ta\u010dka duplja (ku\u0107ica) za gne\u017e\u0111enje, koja pticama predstavlja bezbedno mesto, zimi za no\u0107enje, a na prole\u0107e za gne\u017e\u0111enje. Na ovaj na\u010din, ptice koje se hrane insektima pomo\u0107i \u0107e nam u biolo\u0161koj borbi protiv insekata \u0161teto\u010dina.<\/p>\n<p style=\"text-align: justify;\">Pozivamo sve da se hrabro upuste u zimsko hranjenje ptica peva\u010dica i bi\u0107e nagra\u0111eni lepim do\u017eivljajima, zanimljivim iskustvima i pomo\u0107i \u0107e pticama. Naravno, va\u017eno je zapamtiti da ptice vodenih stani\u0161ta nipo\u0161to ne hranimo.<\/p>\n<div class=\"fcbkbttn_buttons_block\" id=\"fcbkbttn_left\"><div class=\"fcbkbttn_like \"><fb:like href=\"https:\/\/arcus.org.rs\/srb\/zimsko-hranjenje-ptica\/\" action=\"like\" colorscheme=\"light\" layout=\"standard\" show-faces='false' width=\"450px\" size=\"small\"><\/fb:like><\/div><\/div>","protected":false},"excerpt":{"rendered":"<p>U okviru za\u0161tite ptica, jedna od aktivnosti sa najdu\u017eom tradicijom je zimsko hranjenje divljih ptica peva\u010dica. Radi se o relativno lako izvodljivom procesu, koji se mo\u017ee sprovesti u ba\u0161tama, vo\u0107njacima, ili \u010dak u prozorima vi\u0161espratnica. Me\u0111utim, veoma je va\u017eno obratiti&hellip; <\/p>\n","protected":false},"author":5,"featured_media":0,"parent":0,"menu_order":0,"comment_status":"closed","ping_status":"open","template":"","meta":{"spay_email":""},"jetpack_shortlink":"https:\/\/wp.me\/P6qRcp-k3","jetpack_sharing_enabled":true,"jetpack_likes_enabled":false,"_links":{"self":[{"href":"https:\/\/arcus.org.rs\/srb\/wp-json\/wp\/v2\/pages\/1243"}],"collection":[{"href":"https:\/\/arcus.org.rs\/srb\/wp-json\/wp\/v2\/pages"}],"about":[{"href":"https:\/\/arcus.org.rs\/srb\/wp-json\/wp\/v2\/types\/page"}],"author":[{"embeddable":true,"href":"https:\/\/arcus.org.rs\/srb\/wp-json\/wp\/v2\/users\/5"}],"replies":[{"embeddable":true,"href":"https:\/\/arcus.org.rs\/srb\/wp-json\/wp\/v2\/comments?post=1243"}],"version-history":[{"count":2,"href":"https:\/\/arcus.org.rs\/srb\/wp-json\/wp\/v2\/pages\/1243\/revisions"}],"predecessor-version":[{"id":1252,"href":"https:\/\/arcus.org.rs\/srb\/wp-json\/wp\/v2\/pages\/1243\/revisions\/1252"}],"wp:attachment":[{"href":"https:\/\/arcus.org.rs\/srb\/wp-json\/wp\/v2\/media?parent=1243"}],"curies":[{"name":"wp","href":"https:\/\/api.w.org\/{rel}","templated":true}]}}