{"id":1338,"date":"2024-10-29T16:55:05","date_gmt":"2024-10-29T15:55:05","guid":{"rendered":"https:\/\/arcus.org.rs\/srb\/?page_id=1338"},"modified":"2024-11-06T00:41:25","modified_gmt":"2024-11-05T23:41:25","slug":"iv-jesenji-kamp-zastite-prirode-onlajn-prijavni-list","status":"publish","type":"page","link":"https:\/\/arcus.org.rs\/srb\/iv-jesenji-kamp-zastite-prirode-onlajn-prijavni-list\/","title":{"rendered":"IV Jesenji kamp za\u0161tite prirode &#8211; Onlajn prijavni list"},"content":{"rendered":"<p style=\"text-align: justify;\">Posredstvom ove stranice, popunjavanjem i slanjem dole prilo\u017eenog onlajn prijavnog lista, mo\u017eete se prijaviti za u\u010de\u0161\u0107e u Jesenjem kampu za\u0161tite prirode, koji organizuje Ekolo\u0161ko dru\u0161tvo \u201dArkus\u201d.<\/p>\n<p style=\"text-align: justify;\">Vreme odr\u017eavanja kampa: <strong>14-17. novembar 2024.<\/strong><\/p>\n<p style=\"text-align: justify;\">Mesto odr\u017eavanja kampa: <strong>Ba\u010dka Topola; \u0160kolska 2, sedi\u0161te Ekolo\u0161kog dru\u0161tva \u201dArkus\u201d.<\/strong><\/p>\n<p style=\"text-align: justify;\">Rok za prijavu: <strong>13. novembar 2024.<\/strong><\/p>\n<p style=\"text-align: justify;\"><strong><em>Onlajn prijavni list:<\/em><\/strong><\/p>\n<div id='contact-form-1338'>\n<form action='https:\/\/arcus.org.rs\/srb\/iv-jesenji-kamp-zastite-prirode-onlajn-prijavni-list\/#contact-form-1338' method='post' class='contact-form commentsblock'>\n\n<div class='grunion-field-wrap grunion-field-text-wrap'  >\n<label\n\t\t\t\tfor='g1338-imeroditeljailistarateljaprezimeiime'\n\t\t\t\tclass='grunion-field-label text'\n\t\t\t\t>Ime roditelja ili staratelja (prezime i ime)<span>(obavezno)<\/span><\/label>\n<input\n\t\t\t\t\ttype='text'\n\t\t\t\t\tname='g1338-imeroditeljailistarateljaprezimeiime'\n\t\t\t\t\tid='g1338-imeroditeljailistarateljaprezimeiime'\n\t\t\t\t\tvalue=''\n\t\t\t\t\tclass='text' \n\t\t\t\t\trequired aria-required='true'\n\t\t\t\t\/>\n\t<\/div>\n\n<div class='grunion-field-wrap grunion-field-name-wrap'  >\n<label\n\t\t\t\tfor='g1338-imeuesnikakampaprezimeiime'\n\t\t\t\tclass='grunion-field-label name'\n\t\t\t\t>Ime u\u010desnika kampa (prezime i ime)<span>(obavezno)<\/span><\/label>\n<input\n\t\t\t\t\ttype='text'\n\t\t\t\t\tname='g1338-imeuesnikakampaprezimeiime'\n\t\t\t\t\tid='g1338-imeuesnikakampaprezimeiime'\n\t\t\t\t\tvalue=''\n\t\t\t\t\tclass='name' \n\t\t\t\t\trequired aria-required='true'\n\t\t\t\t\/>\n\t<\/div>\n\n<div class='grunion-field-wrap grunion-field-text-wrap'  >\n<label\n\t\t\t\tfor='g1338-datumroenja'\n\t\t\t\tclass='grunion-field-label text'\n\t\t\t\t>Datum ro\u0111enja<span>(obavezno)<\/span><\/label>\n<input\n\t\t\t\t\ttype='text'\n\t\t\t\t\tname='g1338-datumroenja'\n\t\t\t\t\tid='g1338-datumroenja'\n\t\t\t\t\tvalue=''\n\t\t\t\t\tclass='text' \n\t\t\t\t\trequired aria-required='true'\n\t\t\t\t\/>\n\t<\/div>\n\n<div class='grunion-field-wrap grunion-field-text-wrap'  >\n<label\n\t\t\t\tfor='g1338-adresastanovanjapotanskibrojmestoulicaibroj'\n\t\t\t\tclass='grunion-field-label text'\n\t\t\t\t>Adresa stanovanja (po\u0161tanski broj, mesto, ulica i broj)<span>(obavezno)<\/span><\/label>\n<input\n\t\t\t\t\ttype='text'\n\t\t\t\t\tname='g1338-adresastanovanjapotanskibrojmestoulicaibroj'\n\t\t\t\t\tid='g1338-adresastanovanjapotanskibrojmestoulicaibroj'\n\t\t\t\t\tvalue=''\n\t\t\t\t\tclass='text' \n\t\t\t\t\trequired aria-required='true'\n\t\t\t\t\/>\n\t<\/div>\n\n<div class='grunion-field-wrap grunion-field-text-wrap'  >\n<label\n\t\t\t\tfor='g1338-telefonfiksniilimobilnil'\n\t\t\t\tclass='grunion-field-label text'\n\t\t\t\t>Telefon (fiksni ili mobilnil)<span>(obavezno)<\/span><\/label>\n<input\n\t\t\t\t\ttype='text'\n\t\t\t\t\tname='g1338-telefonfiksniilimobilnil'\n\t\t\t\t\tid='g1338-telefonfiksniilimobilnil'\n\t\t\t\t\tvalue=''\n\t\t\t\t\tclass='text' \n\t\t\t\t\trequired aria-required='true'\n\t\t\t\t\/>\n\t<\/div>\n\n<div class='grunion-field-wrap grunion-field-email-wrap'  >\n<label\n\t\t\t\tfor='g1338-emailadresa'\n\t\t\t\tclass='grunion-field-label email'\n\t\t\t\t>E-mail adresa<\/label>\n<input\n\t\t\t\t\ttype='email'\n\t\t\t\t\tname='g1338-emailadresa'\n\t\t\t\t\tid='g1338-emailadresa'\n\t\t\t\t\tvalue=''\n\t\t\t\t\tclass='email' \n\t\t\t\t\t\n\t\t\t\t\/>\n\t<\/div>\n\n<div class='grunion-field-wrap grunion-field-text-wrap'  >\n<label\n\t\t\t\tfor='g1338-daliuesnikkampapatiilibolujeodneegazatabismotrebalidaznamopovredealergijaisl'\n\t\t\t\tclass='grunion-field-label text'\n\t\t\t\t>Da li u\u010desnik kampa pati ili boluje od ne\u010dega, za \u0161ta bismo trebali da znamo? (Povrede, alergija i sl.)<span>(obavezno)<\/span><\/label>\n<input\n\t\t\t\t\ttype='text'\n\t\t\t\t\tname='g1338-daliuesnikkampapatiilibolujeodneegazatabismotrebalidaznamopovredealergijaisl'\n\t\t\t\t\tid='g1338-daliuesnikkampapatiilibolujeodneegazatabismotrebalidaznamopovredealergijaisl'\n\t\t\t\t\tvalue=''\n\t\t\t\t\tclass='text' \n\t\t\t\t\trequired aria-required='true'\n\t\t\t\t\/>\n\t<\/div>\n\t<p class='contact-submit'>\n\t\t<button type='submit' class='pushbutton-wide'>Po\u0161alji<\/button>\t\t<input type='hidden' name='contact-form-id' value='1338' \/>\n\t\t<input type='hidden' name='action' value='grunion-contact-form' \/>\n\t\t<input type='hidden' name='contact-form-hash' value='42c81a8e5a4091f18cffc2ac0572cfb54467216b' \/>\n\t<\/p>\n<\/form>\n<\/div>\n<div class=\"fcbkbttn_buttons_block\" id=\"fcbkbttn_left\"><div class=\"fcbkbttn_like \"><fb:like href=\"https:\/\/arcus.org.rs\/srb\/iv-jesenji-kamp-zastite-prirode-onlajn-prijavni-list\/\" action=\"like\" colorscheme=\"light\" layout=\"standard\" show-faces='false' width=\"450px\" size=\"small\"><\/fb:like><\/div><\/div>","protected":false},"excerpt":{"rendered":"<p>Posredstvom ove stranice, popunjavanjem i slanjem dole prilo\u017eenog onlajn prijavnog lista, mo\u017eete se prijaviti za u\u010de\u0161\u0107e u Jesenjem kampu za\u0161tite prirode, koji organizuje Ekolo\u0161ko dru\u0161tvo \u201dArkus\u201d. Vreme odr\u017eavanja kampa: 14-17. novembar 2024. Mesto odr\u017eavanja kampa: Ba\u010dka Topola; \u0160kolska 2, sedi\u0161te&hellip; <\/p>\n","protected":false},"author":5,"featured_media":0,"parent":0,"menu_order":0,"comment_status":"closed","ping_status":"open","template":"","meta":{"spay_email":""},"jetpack_shortlink":"https:\/\/wp.me\/P6qRcp-lA","jetpack_sharing_enabled":true,"jetpack_likes_enabled":false,"_links":{"self":[{"href":"https:\/\/arcus.org.rs\/srb\/wp-json\/wp\/v2\/pages\/1338"}],"collection":[{"href":"https:\/\/arcus.org.rs\/srb\/wp-json\/wp\/v2\/pages"}],"about":[{"href":"https:\/\/arcus.org.rs\/srb\/wp-json\/wp\/v2\/types\/page"}],"author":[{"embeddable":true,"href":"https:\/\/arcus.org.rs\/srb\/wp-json\/wp\/v2\/users\/5"}],"replies":[{"embeddable":true,"href":"https:\/\/arcus.org.rs\/srb\/wp-json\/wp\/v2\/comments?post=1338"}],"version-history":[{"count":1,"href":"https:\/\/arcus.org.rs\/srb\/wp-json\/wp\/v2\/pages\/1338\/revisions"}],"predecessor-version":[{"id":1339,"href":"https:\/\/arcus.org.rs\/srb\/wp-json\/wp\/v2\/pages\/1338\/revisions\/1339"}],"wp:attachment":[{"href":"https:\/\/arcus.org.rs\/srb\/wp-json\/wp\/v2\/media?parent=1338"}],"curies":[{"name":"wp","href":"https:\/\/api.w.org\/{rel}","templated":true}]}}