{"id":162,"date":"2013-12-15T12:13:57","date_gmt":"2013-12-15T11:13:57","guid":{"rendered":"http:\/\/tothbalint.tk\/arcus\/srb\/?page_id=162"},"modified":"2018-02-03T00:25:11","modified_gmt":"2018-02-02T23:25:11","slug":"istorija-ekolosko-drustvo-arkus","status":"publish","type":"page","link":"https:\/\/arcus.org.rs\/srb\/istorija-ekolosko-drustvo-arkus\/","title":{"rendered":"Istorija Ekolo\u0161ko dru\u0161tvo &#8220;Arkus&#8221;"},"content":{"rendered":"<div id=\"attachment_398\" style=\"width: 270px\" class=\"wp-caption alignright\"><a href=\"http:\/\/arcus.org.rs\/srb\/wp-content\/uploads\/2014\/12\/arcus-54905913v1_site_icon-549166c2v1_site_icon.png\"><img aria-describedby=\"caption-attachment-398\" loading=\"lazy\" class=\"wp-image-398\" title=\"Logo Ekolo\u0161kog dru\u0161tva \u201dArkus\u201d\" src=\"http:\/\/arcus.org.rs\/srb\/wp-content\/uploads\/2014\/12\/arcus-54905913v1_site_icon-549166c2v1_site_icon.png\" alt=\"Logo Ekolo\u0161kog dru\u0161tva \u201dArkus\u201d\" width=\"260\" height=\"260\" srcset=\"https:\/\/arcus.org.rs\/srb\/wp-content\/uploads\/2014\/12\/arcus-54905913v1_site_icon-549166c2v1_site_icon.png 512w, https:\/\/arcus.org.rs\/srb\/wp-content\/uploads\/2014\/12\/arcus-54905913v1_site_icon-549166c2v1_site_icon-150x150.png 150w, https:\/\/arcus.org.rs\/srb\/wp-content\/uploads\/2014\/12\/arcus-54905913v1_site_icon-549166c2v1_site_icon-230x230.png 230w, https:\/\/arcus.org.rs\/srb\/wp-content\/uploads\/2014\/12\/arcus-54905913v1_site_icon-549166c2v1_site_icon-256x256.png 256w, https:\/\/arcus.org.rs\/srb\/wp-content\/uploads\/2014\/12\/arcus-54905913v1_site_icon-549166c2v1_site_icon-128x128.png 128w, https:\/\/arcus.org.rs\/srb\/wp-content\/uploads\/2014\/12\/arcus-54905913v1_site_icon-549166c2v1_site_icon-80x80.png 80w, https:\/\/arcus.org.rs\/srb\/wp-content\/uploads\/2014\/12\/arcus-54905913v1_site_icon-549166c2v1_site_icon-64x64.png 64w, https:\/\/arcus.org.rs\/srb\/wp-content\/uploads\/2014\/12\/arcus-54905913v1_site_icon-549166c2v1_site_icon-32x32.png 32w, https:\/\/arcus.org.rs\/srb\/wp-content\/uploads\/2014\/12\/arcus-54905913v1_site_icon-549166c2v1_site_icon-16x16.png 16w\" sizes=\"(max-width: 260px) 100vw, 260px\" \/><\/a><p id=\"caption-attachment-398\" class=\"wp-caption-text\">Logo Ekolo\u0161kog dru\u0161tva \u201dArkus\u201d<\/p><\/div>\n<p style=\"text-align: justify;\">Ekolo\u0161ko dru\u0161tvo \u201cArkus\u201d svoj rad je zapo\u010delo 1988. godine kao sekcija Saveza mladih, na inicijativu u\u010denika gimnazije iz Ba\u010dke Topole. Narednih godina broj \u010dlanova se naglo pove\u0107avao, a pored srednjo\u0161kolaca i studenata i starije generacije su se zainteresovale za rad sekcije.<\/p>\n<p style=\"text-align: justify;\">Od 1991. godine Ekolo\u0161ko dru\u0161tvo \u201cArkus\u201d deluje kao samostalna, nevladina organizacija. Statutom odre\u0111eni, primarni ciljevi Dru\u0161tva su razvijanje ekolo\u0161ke svesti kod mladih, odnosno za\u0161tita \u017eivotne sredine i za\u0161tita prirode. U okviru organizacije funkcioni\u0161u sekcije koje se bave razli\u010ditim nau\u010dnim granama i to: ornitologijom, botanikom, entomologijom i arahnologijom. Rad Dru\u0161tva odvija se na vi\u0161e koloseka. U cilju obave\u0161tavanja i informisanja gra\u0111ana organizuju se nau\u010dno-obrazovna predavanja, na kojima se stru\u010dnjaci bave aktuelnim ekolo\u0161kim, kao i problemima koji se ti\u010du za\u0161tite prirode i \u017eivotne sredine. U ED \u201cArkus\u201d posebna pa\u017enja se posve\u0107uje deci i omladini, sa naglaskom na ekolo\u0161ko obrazovanje. Skoro tri decenije duga tradicija u odr\u017eavanju letnjih ekolo\u0161kih kampova, zimska serija predavanja, likovni i knji\u017eevni konkursi, aktivnosti namenjene pred\u0161kolskom uzrastu, slu\u017ee tome da se budu\u0107e generacije nau\u010de i vaspitaju da \u017eive u skladu sa prirodom. Ve\u0107ina spomenutih akcija se i dalje redovno organizuje. Pored navedenog, \u010dlanovi Dru\u0161tva u\u010destvuju u radu razli\u010ditih konferencija, seminara i kampova, kako u zemlji tako i u inostranstvu.<\/p>\n<div id=\"attachment_758\" style=\"width: 280px\" class=\"wp-caption alignleft\"><a href=\"http:\/\/arcus.org.rs\/srb\/wp-content\/uploads\/2013\/12\/arcus.eco_.camp_.Photo_.Szekula.V..jpg\"><img aria-describedby=\"caption-attachment-758\" loading=\"lazy\" class=\"wp-image-758\" title=\"Aktivnosti u kampu (Photo: Szekula Veronika)\" src=\"http:\/\/arcus.org.rs\/srb\/wp-content\/uploads\/2013\/12\/arcus.eco_.camp_.Photo_.Szekula.V.-300x200.jpg\" alt=\"Aktivnosti u kampu (Photo: Szekula Veronika)\" width=\"270\" height=\"180\" srcset=\"https:\/\/arcus.org.rs\/srb\/wp-content\/uploads\/2013\/12\/arcus.eco_.camp_.Photo_.Szekula.V.-300x200.jpg 300w, https:\/\/arcus.org.rs\/srb\/wp-content\/uploads\/2013\/12\/arcus.eco_.camp_.Photo_.Szekula.V.-768x512.jpg 768w, https:\/\/arcus.org.rs\/srb\/wp-content\/uploads\/2013\/12\/arcus.eco_.camp_.Photo_.Szekula.V..jpg 840w\" sizes=\"(max-width: 270px) 100vw, 270px\" \/><\/a><p id=\"caption-attachment-758\" class=\"wp-caption-text\">Aktivnosti u kampu (Photo: Szekula Veronika)<\/p><\/div>\n<p style=\"text-align: justify;\">ED \u201cArkus\u201d redovno organizuje i konkretne akcije za ure\u0111enje i \u010di\u0161\u0107enje grada, a tako\u0111e, kao nevladina organizacija u\u010destvuje u re\u0161avanju razli\u010ditih stru\u010dnih, administrativnih i organizacionih problema koji se javljaju u pogledu lokalnih za\u0161ti\u0107enih prirodnih dobara. Naravno, ne sme se izostaviti sve obimniji nau\u010dno-istra\u017eiva\u010dki rad \u010dlanova Dru\u0161tva, pri \u010demu se sakupljeni podaci \u0161alju nadle\u017enim ustanovama (Pokrajinski zavod za za\u0161titu prirode, Prirodnja\u010dki muzej u Beogradu, Dru\u0161tvo za za\u0161titu i prou\u010davanje ptica Srbije, Univerzitet u Novom Sadu).<\/p>\n<p style=\"text-align: justify;\">Ekolo\u0161ko dru\u0161tvo\u201cArkus\u201d broji preko 100 \u010dlanova, me\u0111utim, aktivnih \u010dlanova je znatno manje, me\u0111u kojima su prete\u017eno studenti, ali ima i u\u010denika osnovne \u0161kole, diplomiranih biologa, in\u017eenjera poljoprivrede, informati\u010dara i pripadnika drugih struka.<\/p>\n<div id=\"__if72ru4sdfsdfrkjahiuyi_once\" style=\"display: none;\"><\/div>\n<div id=\"__hggasdgjhsagd_once\" style=\"display: none;\"><\/div>\n<div class=\"fcbkbttn_buttons_block\" id=\"fcbkbttn_left\"><div class=\"fcbkbttn_like \"><fb:like href=\"https:\/\/arcus.org.rs\/srb\/istorija-ekolosko-drustvo-arkus\/\" action=\"like\" colorscheme=\"light\" layout=\"standard\" show-faces='false' width=\"450px\" size=\"small\"><\/fb:like><\/div><\/div>","protected":false},"excerpt":{"rendered":"<p>Ekolo\u0161ko dru\u0161tvo \u201cArkus\u201d svoj rad je zapo\u010delo 1988. godine kao sekcija Saveza mladih, na inicijativu u\u010denika gimnazije iz Ba\u010dke Topole. Narednih godina broj \u010dlanova se naglo pove\u0107avao, a pored srednjo\u0161kolaca i studenata i starije generacije su se zainteresovale za rad&hellip; <\/p>\n","protected":false},"author":2,"featured_media":0,"parent":0,"menu_order":0,"comment_status":"closed","ping_status":"open","template":"","meta":{"spay_email":""},"jetpack_shortlink":"https:\/\/wp.me\/P6qRcp-2C","jetpack_sharing_enabled":true,"jetpack_likes_enabled":false,"_links":{"self":[{"href":"https:\/\/arcus.org.rs\/srb\/wp-json\/wp\/v2\/pages\/162"}],"collection":[{"href":"https:\/\/arcus.org.rs\/srb\/wp-json\/wp\/v2\/pages"}],"about":[{"href":"https:\/\/arcus.org.rs\/srb\/wp-json\/wp\/v2\/types\/page"}],"author":[{"embeddable":true,"href":"https:\/\/arcus.org.rs\/srb\/wp-json\/wp\/v2\/users\/2"}],"replies":[{"embeddable":true,"href":"https:\/\/arcus.org.rs\/srb\/wp-json\/wp\/v2\/comments?post=162"}],"version-history":[{"count":4,"href":"https:\/\/arcus.org.rs\/srb\/wp-json\/wp\/v2\/pages\/162\/revisions"}],"predecessor-version":[{"id":759,"href":"https:\/\/arcus.org.rs\/srb\/wp-json\/wp\/v2\/pages\/162\/revisions\/759"}],"wp:attachment":[{"href":"https:\/\/arcus.org.rs\/srb\/wp-json\/wp\/v2\/media?parent=162"}],"curies":[{"name":"wp","href":"https:\/\/api.w.org\/{rel}","templated":true}]}}