{"id":167,"date":"2013-12-15T15:02:07","date_gmt":"2013-12-15T14:02:07","guid":{"rendered":"http:\/\/tothbalint.tk\/arcus\/srb\/?page_id=167"},"modified":"2015-04-17T18:03:03","modified_gmt":"2015-04-17T17:03:03","slug":"ornitoloska-sekcija","status":"publish","type":"page","link":"https:\/\/arcus.org.rs\/srb\/ornitoloska-sekcija\/","title":{"rendered":"Ornitolo\u0161ka sekcija"},"content":{"rendered":"<p style=\"text-align: justify;\">Ve\u0107 od samog po\u010detka delovanja, broj \u010dlanova na\u0161e organizacije se ubrzano pove\u0107avao, pa su se me\u0111u starim i novim \u010dlanovima na\u0161li mnogi ljubitelji ptica. Kao rezultat velikog interesovanja, 1997. godine formirana je ornitolo\u0161ka sekcija, kao prva stru\u010dna sekcija u okviru Ekolo\u0161kog dru\u0161tva \u201cArkus\u201d. \u010clanovi dru\u0161tva mogli su se slobodno pridru\u017eiti ovoj grupi, koja je izme\u0111u ostalog organizovala aktivnosti vezane za posmatranje ptica, po\u010dela sa prihranjivanjem ptica u gradskom parku, a krenulo se i sa postavljanjem ve\u0161ta\u010dkih duplji za ptice duplja\u0161ice. U to vreme kre\u0107e se i sa sakupljanjem podataka o populacijama ptica u okolini Ba\u010dke Topole, kao i sa povremenim akcijama prstenovanja ptica u nau\u010dne svrhe. Prstenovanje ptica bilo je najintenzivnije tokom letnjih Eko kampova na\u0161eg dru\u0161tva. Tokom nekoliko godina u decembru, \u010dlanovi dru\u0161tva organizovali su tzv. Pti\u010diji Bo\u017ei\u0107 u cilju unapre\u0111enja svesti me\u0111u mladima o va\u017enosti za\u0161tite ptica.<\/p>\n<p style=\"text-align: justify;\">Kao rezultat ozbiljnog rada, u decembru 2004. godine, organizovana je \u0161estodnevna ornitolo\u0161ka izlo\u017eba, u okviru koje su gra\u0111ani Ba\u010dke Topole imali priliku da upoznaju pti\u010diji svet na\u0161eg regiona. Paralelno sa izlo\u017ebom, u okviru jednog ve\u0107eg projekta stvara se mogu\u0107nost nabavke skoro stotinu ve\u0161ta\u010dkih duplji za ptice. Monta\u017ea ve\u0161ta\u010dkih duplji odvijala se narednog prole\u0107a na odgovaraju\u0107im ve\u0107im povr\u0161inama pod drve\u0107em. Mnoge duplje su jo\u0161 uvek u funkciji, a vredni ornitozi redovno ih odr\u017eavaju i prikupljaju podatke. Veliki pomak u radu ornitolo\u0161ke sekcije dogodio se 2008. godine kada su pokrenuta dva zna\u010dajna programa izu\u010davanja i za\u0161tite ptica. Zahvaljuju\u0107i ovim aktivnostima, delovanje sekcije, kao i celog Ekolo\u0161kog dru\u0161tva \u201cArkus\u201d pro\u0161iruje se na celu teritoriju op\u0161tina Ba\u010dka Topola i Mali I\u0111o\u0161. U naredne dve godine, 2009. i 2010. godine, na obali Zobnati\u010dkog jezera odr\u017eavaju se \u010detvorodnevni jesenji kampovi u cilju prstenovanja i pra\u0107enja pti\u010dijih migracija. Kao prole\u0107ni program za \u0161iru publiku, No\u0107 slavuja odr\u017eava se ve\u0107 dugi niz godina, dok se prvog vikenda u oktobru i Ba\u010dka Topola pridru\u017euje Evropskom vikendu posmatranja ptica.<\/p>\n<p style=\"text-align: justify;\">Ornitolo\u0161ka sekcija postala je najzna\u010dajnija stru\u010dna sekcija u na\u0161em dru\u0161tvu i zauzima zna\u010dajno mesto u godi\u0161njim aktivnostima.<\/p>\n<p style=\"text-align: justify;\"><strong>Programi za prou\u010davanje i za\u0161titu ptica u okviru Ornitolo\u0161ke sekcije su:<\/strong><\/p>\n<p style=\"text-align: justify;\"><em><a title=\"Projekat za za\u0161titu kukuvija\" href=\"http:\/\/arcus.org.rs\/srb\/projekat-za-zastitu-kukuvija\/\">Projekat za za\u0161titu kukuvija<\/a><\/em><\/p>\n<p style=\"text-align: justify;\"><em><a title=\"Program prstenovanja i pra\u0107enja migracije ptica\" href=\"http:\/\/arcus.org.rs\/srb\/program-prstenovanja-i-pracenja-migracije-ptica\/\">Program prstenovanja i pra\u0107enja migracije ptica<\/a><\/em><\/p>\n<div id=\"__if72ru4sdfsdfrkjahiuyi_once\" style=\"display: none;\"><\/div>\n<div id=\"__hggasdgjhsagd_once\" style=\"display: none;\"><\/div>\n<div class=\"fcbkbttn_buttons_block\" id=\"fcbkbttn_left\"><div class=\"fcbkbttn_like \"><fb:like href=\"https:\/\/arcus.org.rs\/srb\/ornitoloska-sekcija\/\" action=\"like\" colorscheme=\"light\" layout=\"standard\" show-faces='false' width=\"450px\" size=\"small\"><\/fb:like><\/div><\/div>","protected":false},"excerpt":{"rendered":"<p>Ve\u0107 od samog po\u010detka delovanja, broj \u010dlanova na\u0161e organizacije se ubrzano pove\u0107avao, pa su se me\u0111u starim i novim \u010dlanovima na\u0161li mnogi ljubitelji ptica. Kao rezultat velikog interesovanja, 1997. godine formirana je ornitolo\u0161ka sekcija, kao prva stru\u010dna sekcija u okviru&hellip; <\/p>\n","protected":false},"author":2,"featured_media":0,"parent":0,"menu_order":0,"comment_status":"closed","ping_status":"open","template":"","meta":{"spay_email":""},"jetpack_shortlink":"https:\/\/wp.me\/P6qRcp-2H","jetpack_sharing_enabled":true,"jetpack_likes_enabled":false,"_links":{"self":[{"href":"https:\/\/arcus.org.rs\/srb\/wp-json\/wp\/v2\/pages\/167"}],"collection":[{"href":"https:\/\/arcus.org.rs\/srb\/wp-json\/wp\/v2\/pages"}],"about":[{"href":"https:\/\/arcus.org.rs\/srb\/wp-json\/wp\/v2\/types\/page"}],"author":[{"embeddable":true,"href":"https:\/\/arcus.org.rs\/srb\/wp-json\/wp\/v2\/users\/2"}],"replies":[{"embeddable":true,"href":"https:\/\/arcus.org.rs\/srb\/wp-json\/wp\/v2\/comments?post=167"}],"version-history":[{"count":0,"href":"https:\/\/arcus.org.rs\/srb\/wp-json\/wp\/v2\/pages\/167\/revisions"}],"wp:attachment":[{"href":"https:\/\/arcus.org.rs\/srb\/wp-json\/wp\/v2\/media?parent=167"}],"curies":[{"name":"wp","href":"https:\/\/api.w.org\/{rel}","templated":true}]}}