{"id":176,"date":"2013-12-15T18:08:35","date_gmt":"2013-12-15T17:08:35","guid":{"rendered":"http:\/\/tothbalint.tk\/arcus\/srb\/?page_id=176"},"modified":"2014-01-29T17:25:22","modified_gmt":"2014-01-29T16:25:22","slug":"ekoloski-kalendar","status":"publish","type":"page","link":"https:\/\/arcus.org.rs\/srb\/ekoloski-kalendar\/","title":{"rendered":"Ekolo\u0161ki kalendar"},"content":{"rendered":"<p>2. februar &#8211; Me\u0111unarodni dan vla\u017enih stani\u0161ta<\/p>\n<p>6. mart &#8211; Svetski dan energetske efikasnosti<\/p>\n<p>22. mart &#8211; Svetski dan voda<\/p>\n<p>23. mart &#8211; Svetski dan meteorologije<\/p>\n<p>18. april &#8211; Svetski dan kulturne ba\u0161tine<\/p>\n<p>22. april &#8211; Dan planete Zemlje<\/p>\n<p>10. maj &#8211; Dan ptica i drve\u0107a<\/p>\n<p>15. maj &#8211; Me\u0111unarodni dan akcije za klimu<\/p>\n<p>22. maj &#8211; Dan biodiverziteta<\/p>\n<p>24. maj &#8211; Evropski dan nacionalnih parkova<\/p>\n<p>5. jun &#8211; Dan za\u0161tite \u017eivotne sredine<\/p>\n<p>8. jun &#8211; Svetski dan okeana<\/p>\n<p>1. jul &#8211; Svetski dan arhitekture<\/p>\n<p>16. septembar &#8211; Svetski dan o\u010duvanja ozonskog omota\u010da<\/p>\n<p>22. septembar &#8211; Svetski dan bez automobila<\/p>\n<p>Tre\u0107a subota u septembru &#8211; Svetska akcija &#8220;O\u010distimo svet&#8221;<\/p>\n<p>26. septembar &#8211; Dan \u010distih planina<\/p>\n<p>1. oktobar &#8211; Svetski dan \u017eivotnog prostora (&#8220;habitat&#8221;-a)<\/p>\n<p>4. oktobar &#8211; Svetski dan \u017eivotinja<\/p>\n<p>21. oktobar &#8211; Svetski dan &#8220;Za na\u0161u Zemlju&#8221;<\/p>\n<p>29. novembar &#8211; Dan &#8220;Ne kupi ni\u0161ta&#8221;<\/p>\n<p>29. decembar &#8211; Svetski dan za\u0161tite biodiverziteta<\/p>\n<div class=\"fcbkbttn_buttons_block\" id=\"fcbkbttn_left\"><div class=\"fcbkbttn_like \"><fb:like href=\"https:\/\/arcus.org.rs\/srb\/ekoloski-kalendar\/\" action=\"like\" colorscheme=\"light\" layout=\"standard\" show-faces='false' width=\"450px\" size=\"small\"><\/fb:like><\/div><\/div>","protected":false},"excerpt":{"rendered":"<p>2. februar &#8211; Me\u0111unarodni dan vla\u017enih stani\u0161ta 6. mart &#8211; Svetski dan energetske efikasnosti 22. mart &#8211; Svetski dan voda 23. mart &#8211; Svetski dan meteorologije 18. april &#8211; Svetski dan kulturne ba\u0161tine 22. april &#8211; Dan planete Zemlje 10.&hellip; <\/p>\n","protected":false},"author":2,"featured_media":0,"parent":0,"menu_order":0,"comment_status":"closed","ping_status":"open","template":"","meta":{"spay_email":""},"jetpack_shortlink":"https:\/\/wp.me\/P6qRcp-2Q","jetpack_sharing_enabled":true,"jetpack_likes_enabled":false,"_links":{"self":[{"href":"https:\/\/arcus.org.rs\/srb\/wp-json\/wp\/v2\/pages\/176"}],"collection":[{"href":"https:\/\/arcus.org.rs\/srb\/wp-json\/wp\/v2\/pages"}],"about":[{"href":"https:\/\/arcus.org.rs\/srb\/wp-json\/wp\/v2\/types\/page"}],"author":[{"embeddable":true,"href":"https:\/\/arcus.org.rs\/srb\/wp-json\/wp\/v2\/users\/2"}],"replies":[{"embeddable":true,"href":"https:\/\/arcus.org.rs\/srb\/wp-json\/wp\/v2\/comments?post=176"}],"version-history":[{"count":0,"href":"https:\/\/arcus.org.rs\/srb\/wp-json\/wp\/v2\/pages\/176\/revisions"}],"wp:attachment":[{"href":"https:\/\/arcus.org.rs\/srb\/wp-json\/wp\/v2\/media?parent=176"}],"curies":[{"name":"wp","href":"https:\/\/api.w.org\/{rel}","templated":true}]}}