{"id":187,"date":"2013-12-15T12:29:18","date_gmt":"2013-12-15T11:29:18","guid":{"rendered":"http:\/\/tothbalint.tk\/arcus\/srb\/?page_id=187"},"modified":"2016-04-07T14:40:41","modified_gmt":"2016-04-07T13:40:41","slug":"iz-pera-nasih-clanova","status":"publish","type":"page","link":"https:\/\/arcus.org.rs\/srb\/iz-pera-nasih-clanova\/","title":{"rendered":"Iz pera na\u0161ih \u010dlanova"},"content":{"rendered":"<p style=\"text-align: justify;\">Na ovoj stranici se mogu pro\u010ditati tekstovi na\u0161ih \u010dlanova koji obuhvataju razne teme i opisuju lokalne probleme. Tekstovi su, naravno, vezani za ekologiju i za\u0161titu \u017eivotne sredine, biologiju, druge stru\u010dne teme, kao i nekim temama koje se ti\u010du lova.<\/p>\n<p style=\"text-align: justify;\">Na ovoj stranici pored pisanja \u010dlanaka postoji i mogu\u0107nost vo\u0111enja posebnih naslova koji se redovno dopunjavaju sa sve\u017eim informacijama koje odgovaraju temi.<\/p>\n<p style=\"text-align: justify;\"><strong>Sadr\u017eaj:<\/strong><\/p>\n<p style=\"text-align: justify; padding-left: 30px;\"><em><strong><a href=\"http:\/\/arcus.org.rs\/srb\/i-oni-zive-pored-nas\/\">I oni \u017eive pored nas<\/a><\/strong><\/em><\/p>\n<p style=\"text-align: justify;\">\u010clanovi ED \u201cArkus\u201d, 12. marta 2016. godine, imali su susret sa jednom zanimljivom \u017eivotinjicom&#8230;<\/p>\n<div class=\"fcbkbttn_buttons_block\" id=\"fcbkbttn_left\"><div class=\"fcbkbttn_like \"><fb:like href=\"https:\/\/arcus.org.rs\/srb\/iz-pera-nasih-clanova\/\" action=\"like\" colorscheme=\"light\" layout=\"standard\" show-faces='false' width=\"450px\" size=\"small\"><\/fb:like><\/div><\/div>","protected":false},"excerpt":{"rendered":"<p>Na ovoj stranici se mogu pro\u010ditati tekstovi na\u0161ih \u010dlanova koji obuhvataju razne teme i opisuju lokalne probleme. Tekstovi su, naravno, vezani za ekologiju i za\u0161titu \u017eivotne sredine, biologiju, druge stru\u010dne teme, kao i nekim temama koje se ti\u010du lova. Na&hellip; <\/p>\n","protected":false},"author":2,"featured_media":0,"parent":0,"menu_order":0,"comment_status":"closed","ping_status":"open","template":"","meta":{"spay_email":""},"jetpack_shortlink":"https:\/\/wp.me\/P6qRcp-31","jetpack_sharing_enabled":true,"jetpack_likes_enabled":false,"_links":{"self":[{"href":"https:\/\/arcus.org.rs\/srb\/wp-json\/wp\/v2\/pages\/187"}],"collection":[{"href":"https:\/\/arcus.org.rs\/srb\/wp-json\/wp\/v2\/pages"}],"about":[{"href":"https:\/\/arcus.org.rs\/srb\/wp-json\/wp\/v2\/types\/page"}],"author":[{"embeddable":true,"href":"https:\/\/arcus.org.rs\/srb\/wp-json\/wp\/v2\/users\/2"}],"replies":[{"embeddable":true,"href":"https:\/\/arcus.org.rs\/srb\/wp-json\/wp\/v2\/comments?post=187"}],"version-history":[{"count":3,"href":"https:\/\/arcus.org.rs\/srb\/wp-json\/wp\/v2\/pages\/187\/revisions"}],"predecessor-version":[{"id":562,"href":"https:\/\/arcus.org.rs\/srb\/wp-json\/wp\/v2\/pages\/187\/revisions\/562"}],"wp:attachment":[{"href":"https:\/\/arcus.org.rs\/srb\/wp-json\/wp\/v2\/media?parent=187"}],"curies":[{"name":"wp","href":"https:\/\/api.w.org\/{rel}","templated":true}]}}